{"id":8787,"date":"2019-10-02T15:43:10","date_gmt":"2019-10-02T12:43:10","guid":{"rendered":"https:\/\/www.a-laiturit.fi\/for-professionals\/"},"modified":"2019-10-03T14:41:34","modified_gmt":"2019-10-03T11:41:34","slug":"for-proffs","status":"publish","type":"page","link":"https:\/\/www.a-laiturit.fi\/sv\/for-proffs\/","title":{"rendered":"F\u00f6r proffs"},"content":{"rendered":"\r\n<p><img decoding=\"async\" title=\"A-laiturit myym\u00e4l\u00e4 sis\u00e4lt\u00e4, myym\u00e4l\u00e4p\u00e4\u00e4likk\u00f6 Olli Kinos\" src=\"https:\/\/www.a-laiturit.fi\/wp-content\/uploads\/2018\/10\/alaiturit_myymala.jpg\" alt=\"A-laiturit myym\u00e4l\u00e4 sis\u00e4lt\u00e4, myym\u00e4l\u00e4p\u00e4\u00e4likk\u00f6 Olli Kinos\" width=\"1920\" height=\"500\" \/><\/p>\r\n<h1>Proffsens egen A-Laiturit Pro -webbtj\u00e4nst<\/h1>\r\n\r\n<p><img decoding=\"async\" src=\"https:\/\/www.a-laiturit.fi\/wp-content\/uploads\/2019\/02\/a-laituritpro-betoni-laatta.jpg\" alt=\"A-Laiturit Pro\" width=\"700\" height=\"393\" \/><\/p>\r\n<p>Vi p\u00e5 A-Laiturit kan f\u00f6rutom bryggor \u00e4ven b\u00e5thamnsanl\u00e4ggningar. Vi har samlat v\u00e5r kompetens om b\u00e5thamnar till en unik A-Laiturit Pro webbtj\u00e4nst, som assisterar proffs vid planeringen, anl\u00e4ggningen och underh\u00e5llet av hamnar.<\/p>\r\n<p>M\u00e5let med A-Laiturit Pro \u00e4r att f\u00f6rl\u00e4nga b\u00e5thamnarnas brukstid och minimera med dem f\u00f6rknippade strukturella risker. M\u00e5let uppn\u00e5s med hj\u00e4lp av tre steg:<\/p>\r\n<ol>\r\n<li>Sakkunnig planering<\/li>\r\n<li>H\u00f6gkvalitativ anl\u00e4ggning<\/li>\r\n<li>Kunnig service<\/li>\r\n<\/ol>\r\n<p>Webbtj\u00e4nsten \u00e4r indelad i tre huvudavsnitt, enligt dessa tre steg, vilket inneb\u00e4r att hj\u00e4lp och st\u00f6d \u00e4r tillg\u00e4ngligt f\u00f6r s\u00e5v\u00e4l hamnplanering, -anl\u00e4ggning och -service.<\/p>\r\n<p>Webbtj\u00e4nsten presenterar ocks\u00e5 en m\u00e4ngd olika hamnreferenser, inklusive b\u00e5t- och kommunikationshamnar, badanl\u00e4ggningar, flytande byggnader, br\u00e4nsle- och avfallsbryggor, broar och ramper samt konstruktioner av vinylspont. Referenserna bekr\u00e4ftar kunnandet och f\u00e4rdigheterna hos A-Laiturit, men erbjuder framf\u00f6r allt goda id\u00e9er f\u00f6r egna hamnprojekt.<\/p>\r\n<p>Den finskspr\u00e5kiga A-Laiturit Pro -tj\u00e4nsten finns p\u00e5 adressen\u00a0<a href=\"http:\/\/www.a-laituritpro.fi\/\" target=\"_blank\" rel=\"noopener noreferrer\">www.a-laituritpro.fi<\/a>\u00a0och \u00e4r fr\u00e4mst avsedd f\u00f6r planerarna av b\u00e5thamnar inom stads- och kommunsektorn samt arkitektbyr\u00e5er. Anv\u00e4ndningen av tj\u00e4nsten \u00e4r kostnadsfri, men f\u00f6ruts\u00e4tter registrering.<\/p>\r\n<p>&nbsp;<\/p>\r\n<p><\/p>\r\n","protected":false},"excerpt":{"rendered":"<p>Proffsens egen A-Laiturit Pro -webbtj\u00e4nst Vi p\u00e5 A-Laiturit kan f\u00f6rutom bryggor \u00e4ven b\u00e5thamnsanl\u00e4ggningar. Vi har samlat v\u00e5r kompetens om b\u00e5thamnar till en unik A-Laiturit Pro webbtj\u00e4nst, som assisterar proffs vid planeringen, anl\u00e4ggningen och underh\u00e5llet av hamnar. M\u00e5let med A-Laiturit Pro \u00e4r att f\u00f6rl\u00e4nga b\u00e5thamnarnas brukstid och minimera med dem f\u00f6rknippade strukturella risker. M\u00e5let uppn\u00e5s med [&hellip;]<\/p>\n","protected":false},"author":1,"featured_media":0,"parent":0,"menu_order":0,"comment_status":"closed","ping_status":"closed","template":"","meta":{"_acf_changed":false,"footnotes":""},"class_list":["post-8787","page","type-page","status-publish","hentry"],"acf":[],"yoast_head":"<title>F\u00f6r proffs - A-Laiturit<\/title>\n<meta name=\"description\" content=\"Vi har samlat v\u00e5r kompetens om b\u00e5thamnar till en unik webbtj\u00e4nst, som assisterar proffs vid planeringen, anl\u00e4ggningen och underh\u00e5llet av hamnar.\" \/>\n<meta name=\"robots\" content=\"index, follow, max-snippet:-1, max-image-preview:large, max-video-preview:-1\" \/>\n<link rel=\"canonical\" href=\"https:\/\/www.a-laiturit.fi\/sv\/for-proffs\/\" \/>\n<meta property=\"og:locale\" content=\"sv_SE\" \/>\n<meta property=\"og:type\" content=\"article\" \/>\n<meta property=\"og:title\" content=\"F\u00f6r proffs - A-Laiturit\" \/>\n<meta property=\"og:description\" content=\"Vi har samlat v\u00e5r kompetens om b\u00e5thamnar till en unik webbtj\u00e4nst, som assisterar proffs vid planeringen, anl\u00e4ggningen och underh\u00e5llet av hamnar.\" \/>\n<meta property=\"og:url\" content=\"https:\/\/www.a-laiturit.fi\/sv\/for-proffs\/\" \/>\n<meta property=\"og:site_name\" content=\"A-Laiturit\" \/>\n<meta property=\"article:publisher\" content=\"https:\/\/www.facebook.com\/alaiturit\/\" \/>\n<meta property=\"article:modified_time\" content=\"2019-10-03T11:41:34+00:00\" \/>\n<meta property=\"og:image\" content=\"https:\/\/www.a-laiturit.fi\/wp-content\/uploads\/2018\/10\/alaiturit_myymala.jpg\" \/>\n<meta name=\"twitter:label1\" content=\"Ber\u00e4knad l\u00e4stid\" \/>\n\t<meta name=\"twitter:data1\" content=\"1 minut\" \/>\n<script type=\"application\/ld+json\" class=\"yoast-schema-graph\">{\"@context\":\"https:\\\/\\\/schema.org\",\"@graph\":[{\"@type\":\"WebPage\",\"@id\":\"https:\\\/\\\/www.a-laiturit.fi\\\/sv\\\/for-proffs\\\/\",\"url\":\"https:\\\/\\\/www.a-laiturit.fi\\\/sv\\\/for-proffs\\\/\",\"name\":\"F\u00f6r proffs - A-Laiturit\",\"isPartOf\":{\"@id\":\"https:\\\/\\\/www.a-laiturit.fi\\\/sv\\\/#website\"},\"primaryImageOfPage\":{\"@id\":\"https:\\\/\\\/www.a-laiturit.fi\\\/sv\\\/for-proffs\\\/#primaryimage\"},\"image\":{\"@id\":\"https:\\\/\\\/www.a-laiturit.fi\\\/sv\\\/for-proffs\\\/#primaryimage\"},\"thumbnailUrl\":\"https:\\\/\\\/www.a-laiturit.fi\\\/wp-content\\\/uploads\\\/2018\\\/10\\\/alaiturit_myymala.jpg\",\"datePublished\":\"2019-10-02T12:43:10+00:00\",\"dateModified\":\"2019-10-03T11:41:34+00:00\",\"description\":\"Vi har samlat v\u00e5r kompetens om b\u00e5thamnar till en unik webbtj\u00e4nst, som assisterar proffs vid planeringen, anl\u00e4ggningen och underh\u00e5llet av hamnar.\",\"breadcrumb\":{\"@id\":\"https:\\\/\\\/www.a-laiturit.fi\\\/sv\\\/for-proffs\\\/#breadcrumb\"},\"inLanguage\":\"sv-SE\",\"potentialAction\":[{\"@type\":\"ReadAction\",\"target\":[\"https:\\\/\\\/www.a-laiturit.fi\\\/sv\\\/for-proffs\\\/\"]}]},{\"@type\":\"ImageObject\",\"inLanguage\":\"sv-SE\",\"@id\":\"https:\\\/\\\/www.a-laiturit.fi\\\/sv\\\/for-proffs\\\/#primaryimage\",\"url\":\"https:\\\/\\\/www.a-laiturit.fi\\\/wp-content\\\/uploads\\\/2018\\\/10\\\/alaiturit_myymala.jpg\",\"contentUrl\":\"https:\\\/\\\/www.a-laiturit.fi\\\/wp-content\\\/uploads\\\/2018\\\/10\\\/alaiturit_myymala.jpg\"},{\"@type\":\"BreadcrumbList\",\"@id\":\"https:\\\/\\\/www.a-laiturit.fi\\\/sv\\\/for-proffs\\\/#breadcrumb\",\"itemListElement\":[{\"@type\":\"ListItem\",\"position\":1,\"name\":\"Home\",\"item\":\"https:\\\/\\\/www.a-laiturit.fi\\\/sv\\\/\"},{\"@type\":\"ListItem\",\"position\":2,\"name\":\"F\u00f6r proffs\"}]},{\"@type\":\"WebSite\",\"@id\":\"https:\\\/\\\/www.a-laiturit.fi\\\/sv\\\/#website\",\"url\":\"https:\\\/\\\/www.a-laiturit.fi\\\/sv\\\/\",\"name\":\"A-Laiturit\",\"description\":\"Me A-Laitureissa suunnittelemme ja toteutamme juuri Sinun tarpeisiisi ja rantaasi sopivan laiturin, joka kest\u00e4\u00e4. Vuosikymmenten kokemuksella voimme sanoa: &quot;Me osaamme laiturit!&quot;\",\"publisher\":{\"@id\":\"https:\\\/\\\/www.a-laiturit.fi\\\/sv\\\/#organization\"},\"potentialAction\":[{\"@type\":\"SearchAction\",\"target\":{\"@type\":\"EntryPoint\",\"urlTemplate\":\"https:\\\/\\\/www.a-laiturit.fi\\\/sv\\\/?s={search_term_string}\"},\"query-input\":{\"@type\":\"PropertyValueSpecification\",\"valueRequired\":true,\"valueName\":\"search_term_string\"}}],\"inLanguage\":\"sv-SE\"},{\"@type\":\"Organization\",\"@id\":\"https:\\\/\\\/www.a-laiturit.fi\\\/sv\\\/#organization\",\"name\":\"A-laiturit Oy\",\"url\":\"https:\\\/\\\/www.a-laiturit.fi\\\/sv\\\/\",\"logo\":{\"@type\":\"ImageObject\",\"inLanguage\":\"sv-SE\",\"@id\":\"https:\\\/\\\/www.a-laiturit.fi\\\/sv\\\/#\\\/schema\\\/logo\\\/image\\\/\",\"url\":\"https:\\\/\\\/www.a-laiturit.fi\\\/wp-content\\\/uploads\\\/2018\\\/10\\\/alaiturit_vari_favicon.png\",\"contentUrl\":\"https:\\\/\\\/www.a-laiturit.fi\\\/wp-content\\\/uploads\\\/2018\\\/10\\\/alaiturit_vari_favicon.png\",\"width\":512,\"height\":512,\"caption\":\"A-laiturit Oy\"},\"image\":{\"@id\":\"https:\\\/\\\/www.a-laiturit.fi\\\/sv\\\/#\\\/schema\\\/logo\\\/image\\\/\"},\"sameAs\":[\"https:\\\/\\\/www.facebook.com\\\/alaiturit\\\/\",\"https:\\\/\\\/www.youtube.com\\\/channel\\\/UCPCnVbx3R7RICl-bGS91dEA\"]}]}<\/script>","yoast_head_json":{"title":"F\u00f6r proffs - A-Laiturit","description":"Vi har samlat v\u00e5r kompetens om b\u00e5thamnar till en unik webbtj\u00e4nst, som assisterar proffs vid planeringen, anl\u00e4ggningen och underh\u00e5llet av hamnar.","robots":{"index":"index","follow":"follow","max-snippet":"max-snippet:-1","max-image-preview":"max-image-preview:large","max-video-preview":"max-video-preview:-1"},"canonical":"https:\/\/www.a-laiturit.fi\/sv\/for-proffs\/","og_locale":"sv_SE","og_type":"article","og_title":"F\u00f6r proffs - A-Laiturit","og_description":"Vi har samlat v\u00e5r kompetens om b\u00e5thamnar till en unik webbtj\u00e4nst, som assisterar proffs vid planeringen, anl\u00e4ggningen och underh\u00e5llet av hamnar.","og_url":"https:\/\/www.a-laiturit.fi\/sv\/for-proffs\/","og_site_name":"A-Laiturit","article_publisher":"https:\/\/www.facebook.com\/alaiturit\/","article_modified_time":"2019-10-03T11:41:34+00:00","og_image":[{"url":"https:\/\/www.a-laiturit.fi\/wp-content\/uploads\/2018\/10\/alaiturit_myymala.jpg","type":"","width":"","height":""}],"twitter_misc":{"Ber\u00e4knad l\u00e4stid":"1 minut"},"schema":{"@context":"https:\/\/schema.org","@graph":[{"@type":"WebPage","@id":"https:\/\/www.a-laiturit.fi\/sv\/for-proffs\/","url":"https:\/\/www.a-laiturit.fi\/sv\/for-proffs\/","name":"F\u00f6r proffs - A-Laiturit","isPartOf":{"@id":"https:\/\/www.a-laiturit.fi\/sv\/#website"},"primaryImageOfPage":{"@id":"https:\/\/www.a-laiturit.fi\/sv\/for-proffs\/#primaryimage"},"image":{"@id":"https:\/\/www.a-laiturit.fi\/sv\/for-proffs\/#primaryimage"},"thumbnailUrl":"https:\/\/www.a-laiturit.fi\/wp-content\/uploads\/2018\/10\/alaiturit_myymala.jpg","datePublished":"2019-10-02T12:43:10+00:00","dateModified":"2019-10-03T11:41:34+00:00","description":"Vi har samlat v\u00e5r kompetens om b\u00e5thamnar till en unik webbtj\u00e4nst, som assisterar proffs vid planeringen, anl\u00e4ggningen och underh\u00e5llet av hamnar.","breadcrumb":{"@id":"https:\/\/www.a-laiturit.fi\/sv\/for-proffs\/#breadcrumb"},"inLanguage":"sv-SE","potentialAction":[{"@type":"ReadAction","target":["https:\/\/www.a-laiturit.fi\/sv\/for-proffs\/"]}]},{"@type":"ImageObject","inLanguage":"sv-SE","@id":"https:\/\/www.a-laiturit.fi\/sv\/for-proffs\/#primaryimage","url":"https:\/\/www.a-laiturit.fi\/wp-content\/uploads\/2018\/10\/alaiturit_myymala.jpg","contentUrl":"https:\/\/www.a-laiturit.fi\/wp-content\/uploads\/2018\/10\/alaiturit_myymala.jpg"},{"@type":"BreadcrumbList","@id":"https:\/\/www.a-laiturit.fi\/sv\/for-proffs\/#breadcrumb","itemListElement":[{"@type":"ListItem","position":1,"name":"Home","item":"https:\/\/www.a-laiturit.fi\/sv\/"},{"@type":"ListItem","position":2,"name":"F\u00f6r proffs"}]},{"@type":"WebSite","@id":"https:\/\/www.a-laiturit.fi\/sv\/#website","url":"https:\/\/www.a-laiturit.fi\/sv\/","name":"A-Laiturit","description":"Me A-Laitureissa suunnittelemme ja toteutamme juuri Sinun tarpeisiisi ja rantaasi sopivan laiturin, joka kest\u00e4\u00e4. Vuosikymmenten kokemuksella voimme sanoa: &quot;Me osaamme laiturit!&quot;","publisher":{"@id":"https:\/\/www.a-laiturit.fi\/sv\/#organization"},"potentialAction":[{"@type":"SearchAction","target":{"@type":"EntryPoint","urlTemplate":"https:\/\/www.a-laiturit.fi\/sv\/?s={search_term_string}"},"query-input":{"@type":"PropertyValueSpecification","valueRequired":true,"valueName":"search_term_string"}}],"inLanguage":"sv-SE"},{"@type":"Organization","@id":"https:\/\/www.a-laiturit.fi\/sv\/#organization","name":"A-laiturit Oy","url":"https:\/\/www.a-laiturit.fi\/sv\/","logo":{"@type":"ImageObject","inLanguage":"sv-SE","@id":"https:\/\/www.a-laiturit.fi\/sv\/#\/schema\/logo\/image\/","url":"https:\/\/www.a-laiturit.fi\/wp-content\/uploads\/2018\/10\/alaiturit_vari_favicon.png","contentUrl":"https:\/\/www.a-laiturit.fi\/wp-content\/uploads\/2018\/10\/alaiturit_vari_favicon.png","width":512,"height":512,"caption":"A-laiturit Oy"},"image":{"@id":"https:\/\/www.a-laiturit.fi\/sv\/#\/schema\/logo\/image\/"},"sameAs":["https:\/\/www.facebook.com\/alaiturit\/","https:\/\/www.youtube.com\/channel\/UCPCnVbx3R7RICl-bGS91dEA"]}]}},"_links":{"self":[{"href":"https:\/\/www.a-laiturit.fi\/sv\/wp-json\/wp\/v2\/pages\/8787","targetHints":{"allow":["GET"]}}],"collection":[{"href":"https:\/\/www.a-laiturit.fi\/sv\/wp-json\/wp\/v2\/pages"}],"about":[{"href":"https:\/\/www.a-laiturit.fi\/sv\/wp-json\/wp\/v2\/types\/page"}],"author":[{"embeddable":true,"href":"https:\/\/www.a-laiturit.fi\/sv\/wp-json\/wp\/v2\/users\/1"}],"replies":[{"embeddable":true,"href":"https:\/\/www.a-laiturit.fi\/sv\/wp-json\/wp\/v2\/comments?post=8787"}],"version-history":[{"count":5,"href":"https:\/\/www.a-laiturit.fi\/sv\/wp-json\/wp\/v2\/pages\/8787\/revisions"}],"predecessor-version":[{"id":8798,"href":"https:\/\/www.a-laiturit.fi\/sv\/wp-json\/wp\/v2\/pages\/8787\/revisions\/8798"}],"wp:attachment":[{"href":"https:\/\/www.a-laiturit.fi\/sv\/wp-json\/wp\/v2\/media?parent=8787"}],"curies":[{"name":"wp","href":"https:\/\/api.w.org\/{rel}","templated":true}]}}