{"id":5702,"date":"2018-12-02T11:16:52","date_gmt":"2018-12-02T09:16:52","guid":{"rendered":"https:\/\/www.a-laiturit.fi\/poiju\/"},"modified":"2020-07-28T16:00:29","modified_gmt":"2020-07-28T13:00:29","slug":"boj","status":"publish","type":"page","link":"https:\/\/www.a-laiturit.fi\/sv\/gor-det-sjalv\/boj\/","title":{"rendered":"Boj"},"content":{"rendered":"\r\n<p><img decoding=\"async\" title=\"Tee-se-itse laituri A-laiturit\" src=\"https:\/\/www.a-laiturit.fi\/wp-content\/uploads\/2018\/10\/tee_se_itse_laituri.jpg\" alt=\"Tee-se-itse laituri A-laiturit\" width=\"1920\" height=\"500\" \/><\/p>\r\n<h1>\u00a0<\/h1>\r\n<div class=\"menu-paavalikko-sv-container\"><ul id=\"alaiturit-sivulinkit\" class=\"sivupalkinlinkit\"><li id=\"menu-item-5760\" class=\"menu-item menu-item-type-post_type menu-item-object-page menu-item-5760\"><a href=\"https:\/\/www.a-laiturit.fi\/sv\/gor-det-sjalv\/bergkonsolbryggor\/\">Bergkonsolbryggor<\/a><\/li>\n<li id=\"menu-item-5759\" class=\"menu-item menu-item-type-post_type menu-item-object-page menu-item-5759\"><a href=\"https:\/\/www.a-laiturit.fi\/sv\/gor-det-sjalv\/betongpontonbrygga\/\">Betongpontonbrygga<\/a><\/li>\n<li id=\"menu-item-5753\" class=\"menu-item menu-item-type-post_type menu-item-object-page menu-item-5753\"><a href=\"https:\/\/www.a-laiturit.fi\/sv\/gor-det-sjalv\/boj\/\">Boj<\/a><\/li>\n<li id=\"menu-item-5750\" class=\"menu-item menu-item-type-post_type menu-item-object-page menu-item-5750\"><a href=\"https:\/\/www.a-laiturit.fi\/sv\/gor-det-sjalv\/batslip\/\">B\u00e5tslip<\/a><\/li>\n<li id=\"menu-item-5751\" class=\"menu-item menu-item-type-post_type menu-item-object-page menu-item-5751\"><a href=\"https:\/\/www.a-laiturit.fi\/sv\/gor-det-sjalv\/batslip-for-sjosattning\/\">B\u00e5tslip f\u00f6r sj\u00f6s\u00e4ttning<\/a><\/li>\n<li id=\"menu-item-5757\" class=\"menu-item menu-item-type-post_type menu-item-object-page menu-item-5757\"><a href=\"https:\/\/www.a-laiturit.fi\/sv\/gor-det-sjalv\/fjaderbyte\/\">Fj\u00e4derbyte<\/a><\/li>\n<li id=\"menu-item-5756\" class=\"menu-item menu-item-type-post_type menu-item-object-page menu-item-5756\"><a href=\"https:\/\/www.a-laiturit.fi\/sv\/gor-det-sjalv\/lippalaituris-markstod\/\">Lippalaituris markst\u00f6d<\/a><\/li>\n<li id=\"menu-item-5758\" class=\"menu-item menu-item-type-post_type menu-item-object-page menu-item-5758\"><a href=\"https:\/\/www.a-laiturit.fi\/sv\/gor-det-sjalv\/reparation-av-betongstrukturer\/\">Reparation av betongstrukturer<\/a><\/li>\n<li id=\"menu-item-5754\" class=\"menu-item menu-item-type-post_type menu-item-object-page menu-item-5754\"><a href=\"https:\/\/www.a-laiturit.fi\/sv\/gor-det-sjalv\/skruvpalsbryggan\/\">Skruvp\u00e5lsbryggan<\/a><\/li>\n<li id=\"menu-item-5755\" class=\"menu-item menu-item-type-post_type menu-item-object-page menu-item-5755\"><a href=\"https:\/\/www.a-laiturit.fi\/sv\/gor-det-sjalv\/vinylspont\/\">Vinylspont<\/a><\/li>\n<\/ul><\/div>\r\n<p>Installering p\u00e5 egen hand av en boj sker med hj\u00e4lp av en b\u00e5t under sommaren eller vintertid fr\u00e5n isen. Det \u00e4r enklare att f\u00e5 bojen p\u00e5 plats fr\u00e5n isen, s\u00e5 l\u00e4nge man kunnat f\u00f6rs\u00e4kra sig om isens h\u00e5llbarhet.<\/p>\r\n<p>Betongvikter kan fasts\u00e4ttas i k\u00e4ttingen p\u00e5 en g\u00e5ng eller s\u00e4nkas till botten l\u00e4ngs k\u00e4ttingen. S\u00e4tt fast k\u00e4ttingen i vikterna med tv\u00e5 schacklar och s\u00e4kra schackeln med s\u00e4kringstr\u00e5d.<\/p>\r\n<p>Innan f\u00f6rskaffning av boj och f\u00f6rankringstillbeh\u00f6r \u00e4r det viktigt att ta reda p\u00e5 vattendjupet och kvaliteten p\u00e5 botten. Bojens, ankarets och k\u00e4ttingens storlek f\u00e5r du reda p\u00e5 i tabellen till v\u00e4nster.<\/p>\r\n<p>K\u00e4ttingens r\u00e4tta l\u00e4ngd \u00e4r under normala f\u00f6rh\u00e5llanden tv\u00e5 g\u00e5nger vattendjupet. Dessutom beh\u00f6ver tillr\u00e4ckligt med k\u00e4tting r\u00e4knas med f\u00f6r att kunna knyta fast ankarvikterna.<\/p>\r\n<p>Bojankaret kan best\u00e5 av betongvikter eller ett st\u00e5lankare. St\u00e5lankaret \u00e4r \u00e4mnat f\u00f6r tillf\u00e4llig f\u00f6rt\u00f6jning av sm\u00e5 b\u00e5tar. En boj som \u00e4r t\u00e4nkt f\u00f6r st\u00f6rre b\u00e5tar b\u00f6r alltid vara f\u00f6rankrad med ankarvikter.<\/p>\r\n<p>Med hj\u00e4lp av A-Laituris 25kg betongankare g\u00e5r det alltid att m\u00e4ta ut en tillr\u00e4ckligt stor ankarvikt. Till exempel f\u00f6r en b\u00e5t som v\u00e4ger 500 kg rekommenderar vi en ankarvikt p\u00e5 minst 440 kg.<\/p>\r\n<p>Innan bojen s\u00e4tts p\u00e5 plats l\u00f6nar det sig att ta reda p\u00e5 formen p\u00e5 botten vid den aktuella monteringsplatsen. Till exempel vid en brant bergsstrand kan ankarvikten glida iv\u00e4g l\u00e4ngs botten med p\u00e5f\u00f6ljden att bojen f\u00f6rsvinner i djupet.<\/p>\r\n<p>Se v\u00e5r video om installering av bojen. Vi ber\u00e4ttar om bojens r\u00e4tta m\u00e5tt och vad som b\u00f6r tas i beaktande innan inf\u00f6rskaffandet av en boj. Med hj\u00e4lp av dessa instruktioner g\u00e5r \u00e4ven bojar t\u00e4nkta f\u00f6r st\u00f6rre b\u00e5tar att installera p\u00e5 egen hand.<\/p>\r\n<h4>Det \u00e4r enklare att f\u00e5 bojen p\u00e5 plats fr\u00e5n isen<\/h4>\r\n<p><iframe src=\"https:\/\/www.youtube.com\/embed\/8LsOsY1d5p0\" width=\"640\" height=\"360\" frameborder=\"0\" allowfullscreen=\"allowfullscreen\"><\/iframe><\/p>\r\n<h4>Boj ankar<\/h4>\r\n<p><iframe src=\"https:\/\/www.youtube.com\/embed\/-qSCOBx5OFY\" width=\"640\" height=\"360\" frameborder=\"0\" allowfullscreen=\"allowfullscreen\"><\/iframe><\/p>\r\n<h4>Installering av bojen<\/h4>\r\n<p><iframe src=\"https:\/\/www.youtube.com\/embed\/PTWeco4Lg4o\" width=\"640\" height=\"360\" frameborder=\"0\" allowfullscreen=\"allowfullscreen\"><\/iframe><\/p>\r\n<h4>Boj ankar<\/h4>\r\n<p><iframe src=\"https:\/\/www.youtube.com\/embed\/wap-STvxAoA\" width=\"640\" height=\"360\" frameborder=\"0\" allowfullscreen=\"allowfullscreen\"><\/iframe><\/p>\r\n<h4>Boj konstruktion<\/h4>\r\n<p><iframe src=\"https:\/\/www.youtube.com\/embed\/adaD0qfc66I\" width=\"640\" height=\"360\" frameborder=\"0\" allowfullscreen=\"allowfullscreen\"><\/iframe> <a href=\"\/sv\/bryggtilbehor\/\">Best\u00e4ll det material du beh\u00f6ver<\/a> <a href=\"\/sv\/foretagsinfo\/brochyrer-och-videor\/#bryggskolan\">Titta p\u00e5 samtliga videor i Bryggskolan<\/a><\/p>\r\n<h2>Beh\u00f6ver du yrkeskunnig hj\u00e4lp? Ta kontakt!<\/h2>\r\n<p><div class=\"myyjalaatikko\"><div class=\"myyjalaatikko-kuva\"><img decoding=\"async\" src=\"https:\/\/www.a-laiturit.fi\/wp-content\/uploads\/2023\/10\/raimo-koskinen.jpg\" alt=\"Raimo Koskinen\"><\/div>\r\n<div class=\"myyjalaatikko-teksti\"><h4>Raimo Koskinen<\/h4>\r\n<p>F\u00f6rs\u00e4ljning<\/p>\r\n<br>\r\n<p><a href=\"tel:+358 45 6703 601\">+358 45 6703 601<\/a><br>\r\n<a href=\"mailto:raimo.koskinen@a-laiturit.fi\">raimo.koskinen@a-laiturit.fi<\/a><\/p>\r\n<\/div><\/div><div class=\"myyjalaatikko\"><div class=\"myyjalaatikko-kuva\"><img decoding=\"async\" src=\"https:\/\/www.a-laiturit.fi\/wp-content\/uploads\/2023\/10\/mika-murto.jpg\" alt=\"Mika Murto\"><\/div>\r\n<div class=\"myyjalaatikko-teksti\"><h4>Mika Murto<\/h4>\r\n<p>F\u00f6rs\u00e4ljning<\/p>\r\n<br>\r\n<p><a href=\"tel:+358 45 6703 602\">+358 45 6703 602<\/a><br>\r\n<a href=\"mailto:mika.murto@a-laiturit.fi\">mika.murto@a-laiturit.fi<\/a><\/p>\r\n<\/div><\/div><\/p>\r\n","protected":false},"excerpt":{"rendered":"<p>\u00a0 Installering p\u00e5 egen hand av en boj sker med hj\u00e4lp av en b\u00e5t under sommaren eller vintertid fr\u00e5n isen. Det \u00e4r enklare att f\u00e5 bojen p\u00e5 plats fr\u00e5n isen, s\u00e5 l\u00e4nge man kunnat f\u00f6rs\u00e4kra sig om isens h\u00e5llbarhet. Betongvikter kan fasts\u00e4ttas i k\u00e4ttingen p\u00e5 en g\u00e5ng eller s\u00e4nkas till botten l\u00e4ngs k\u00e4ttingen. S\u00e4tt fast [&hellip;]<\/p>\n","protected":false},"author":1,"featured_media":0,"parent":5528,"menu_order":0,"comment_status":"closed","ping_status":"closed","template":"","meta":{"_acf_changed":false,"footnotes":""},"class_list":["post-5702","page","type-page","status-publish","hentry"],"acf":[],"yoast_head":"<title>G\u00f6r-det-sj\u00e4lv: boj - A-Laiturit<\/title>\n<meta name=\"description\" content=\"A-Laiturit erbjuder den sakkunniga ett s\u00e5 f\u00e4rdigt paket som m\u00f6jligt eller alla l\u00f6sa delar enligt dina egna planer. Expertr\u00e5d tillkommer p\u00e5 k\u00f6pet!\" \/>\n<meta name=\"robots\" content=\"index, follow, max-snippet:-1, max-image-preview:large, max-video-preview:-1\" \/>\n<link rel=\"canonical\" href=\"https:\/\/www.a-laiturit.fi\/sv\/gor-det-sjalv\/boj\/\" \/>\n<meta property=\"og:locale\" content=\"sv_SE\" \/>\n<meta property=\"og:type\" content=\"article\" \/>\n<meta property=\"og:title\" content=\"G\u00f6r-det-sj\u00e4lv: boj - A-Laiturit\" \/>\n<meta property=\"og:description\" content=\"A-Laiturit erbjuder den sakkunniga ett s\u00e5 f\u00e4rdigt paket som m\u00f6jligt eller alla l\u00f6sa delar enligt dina egna planer. Expertr\u00e5d tillkommer p\u00e5 k\u00f6pet!\" \/>\n<meta property=\"og:url\" content=\"https:\/\/www.a-laiturit.fi\/sv\/gor-det-sjalv\/boj\/\" \/>\n<meta property=\"og:site_name\" content=\"A-Laiturit\" \/>\n<meta property=\"article:publisher\" content=\"https:\/\/www.facebook.com\/alaiturit\/\" \/>\n<meta property=\"article:modified_time\" content=\"2020-07-28T13:00:29+00:00\" \/>\n<meta property=\"og:image\" content=\"https:\/\/www.a-laiturit.fi\/wp-content\/uploads\/2018\/10\/tee_se_itse_laituri.jpg\" \/>\n<meta name=\"twitter:label1\" content=\"Ber\u00e4knad l\u00e4stid\" \/>\n\t<meta name=\"twitter:data1\" content=\"2 minuter\" \/>\n<script type=\"application\/ld+json\" class=\"yoast-schema-graph\">{\"@context\":\"https:\\\/\\\/schema.org\",\"@graph\":[{\"@type\":\"WebPage\",\"@id\":\"https:\\\/\\\/www.a-laiturit.fi\\\/sv\\\/gor-det-sjalv\\\/boj\\\/\",\"url\":\"https:\\\/\\\/www.a-laiturit.fi\\\/sv\\\/gor-det-sjalv\\\/boj\\\/\",\"name\":\"G\u00f6r-det-sj\u00e4lv: boj - A-Laiturit\",\"isPartOf\":{\"@id\":\"https:\\\/\\\/www.a-laiturit.fi\\\/sv\\\/#website\"},\"primaryImageOfPage\":{\"@id\":\"https:\\\/\\\/www.a-laiturit.fi\\\/sv\\\/gor-det-sjalv\\\/boj\\\/#primaryimage\"},\"image\":{\"@id\":\"https:\\\/\\\/www.a-laiturit.fi\\\/sv\\\/gor-det-sjalv\\\/boj\\\/#primaryimage\"},\"thumbnailUrl\":\"https:\\\/\\\/www.a-laiturit.fi\\\/wp-content\\\/uploads\\\/2018\\\/10\\\/tee_se_itse_laituri.jpg\",\"datePublished\":\"2018-12-02T09:16:52+00:00\",\"dateModified\":\"2020-07-28T13:00:29+00:00\",\"description\":\"A-Laiturit erbjuder den sakkunniga ett s\u00e5 f\u00e4rdigt paket som m\u00f6jligt eller alla l\u00f6sa delar enligt dina egna planer. Expertr\u00e5d tillkommer p\u00e5 k\u00f6pet!\",\"breadcrumb\":{\"@id\":\"https:\\\/\\\/www.a-laiturit.fi\\\/sv\\\/gor-det-sjalv\\\/boj\\\/#breadcrumb\"},\"inLanguage\":\"sv-SE\",\"potentialAction\":[{\"@type\":\"ReadAction\",\"target\":[\"https:\\\/\\\/www.a-laiturit.fi\\\/sv\\\/gor-det-sjalv\\\/boj\\\/\"]}]},{\"@type\":\"ImageObject\",\"inLanguage\":\"sv-SE\",\"@id\":\"https:\\\/\\\/www.a-laiturit.fi\\\/sv\\\/gor-det-sjalv\\\/boj\\\/#primaryimage\",\"url\":\"https:\\\/\\\/www.a-laiturit.fi\\\/wp-content\\\/uploads\\\/2018\\\/10\\\/tee_se_itse_laituri.jpg\",\"contentUrl\":\"https:\\\/\\\/www.a-laiturit.fi\\\/wp-content\\\/uploads\\\/2018\\\/10\\\/tee_se_itse_laituri.jpg\"},{\"@type\":\"BreadcrumbList\",\"@id\":\"https:\\\/\\\/www.a-laiturit.fi\\\/sv\\\/gor-det-sjalv\\\/boj\\\/#breadcrumb\",\"itemListElement\":[{\"@type\":\"ListItem\",\"position\":1,\"name\":\"Home\",\"item\":\"https:\\\/\\\/www.a-laiturit.fi\\\/sv\\\/\"},{\"@type\":\"ListItem\",\"position\":2,\"name\":\"G\u00f6r-det-sj\u00e4lv\",\"item\":\"https:\\\/\\\/www.a-laiturit.fi\\\/sv\\\/gor-det-sjalv\\\/\"},{\"@type\":\"ListItem\",\"position\":3,\"name\":\"Boj\"}]},{\"@type\":\"WebSite\",\"@id\":\"https:\\\/\\\/www.a-laiturit.fi\\\/sv\\\/#website\",\"url\":\"https:\\\/\\\/www.a-laiturit.fi\\\/sv\\\/\",\"name\":\"A-Laiturit\",\"description\":\"Me A-Laitureissa suunnittelemme ja toteutamme juuri Sinun tarpeisiisi ja rantaasi sopivan laiturin, joka kest\u00e4\u00e4. Vuosikymmenten kokemuksella voimme sanoa: &quot;Me osaamme laiturit!&quot;\",\"publisher\":{\"@id\":\"https:\\\/\\\/www.a-laiturit.fi\\\/sv\\\/#organization\"},\"potentialAction\":[{\"@type\":\"SearchAction\",\"target\":{\"@type\":\"EntryPoint\",\"urlTemplate\":\"https:\\\/\\\/www.a-laiturit.fi\\\/sv\\\/?s={search_term_string}\"},\"query-input\":{\"@type\":\"PropertyValueSpecification\",\"valueRequired\":true,\"valueName\":\"search_term_string\"}}],\"inLanguage\":\"sv-SE\"},{\"@type\":\"Organization\",\"@id\":\"https:\\\/\\\/www.a-laiturit.fi\\\/sv\\\/#organization\",\"name\":\"A-laiturit Oy\",\"url\":\"https:\\\/\\\/www.a-laiturit.fi\\\/sv\\\/\",\"logo\":{\"@type\":\"ImageObject\",\"inLanguage\":\"sv-SE\",\"@id\":\"https:\\\/\\\/www.a-laiturit.fi\\\/sv\\\/#\\\/schema\\\/logo\\\/image\\\/\",\"url\":\"https:\\\/\\\/www.a-laiturit.fi\\\/wp-content\\\/uploads\\\/2018\\\/10\\\/alaiturit_vari_favicon.png\",\"contentUrl\":\"https:\\\/\\\/www.a-laiturit.fi\\\/wp-content\\\/uploads\\\/2018\\\/10\\\/alaiturit_vari_favicon.png\",\"width\":512,\"height\":512,\"caption\":\"A-laiturit Oy\"},\"image\":{\"@id\":\"https:\\\/\\\/www.a-laiturit.fi\\\/sv\\\/#\\\/schema\\\/logo\\\/image\\\/\"},\"sameAs\":[\"https:\\\/\\\/www.facebook.com\\\/alaiturit\\\/\",\"https:\\\/\\\/www.youtube.com\\\/channel\\\/UCPCnVbx3R7RICl-bGS91dEA\"]}]}<\/script>","yoast_head_json":{"title":"G\u00f6r-det-sj\u00e4lv: boj - A-Laiturit","description":"A-Laiturit erbjuder den sakkunniga ett s\u00e5 f\u00e4rdigt paket som m\u00f6jligt eller alla l\u00f6sa delar enligt dina egna planer. Expertr\u00e5d tillkommer p\u00e5 k\u00f6pet!","robots":{"index":"index","follow":"follow","max-snippet":"max-snippet:-1","max-image-preview":"max-image-preview:large","max-video-preview":"max-video-preview:-1"},"canonical":"https:\/\/www.a-laiturit.fi\/sv\/gor-det-sjalv\/boj\/","og_locale":"sv_SE","og_type":"article","og_title":"G\u00f6r-det-sj\u00e4lv: boj - A-Laiturit","og_description":"A-Laiturit erbjuder den sakkunniga ett s\u00e5 f\u00e4rdigt paket som m\u00f6jligt eller alla l\u00f6sa delar enligt dina egna planer. Expertr\u00e5d tillkommer p\u00e5 k\u00f6pet!","og_url":"https:\/\/www.a-laiturit.fi\/sv\/gor-det-sjalv\/boj\/","og_site_name":"A-Laiturit","article_publisher":"https:\/\/www.facebook.com\/alaiturit\/","article_modified_time":"2020-07-28T13:00:29+00:00","og_image":[{"url":"https:\/\/www.a-laiturit.fi\/wp-content\/uploads\/2018\/10\/tee_se_itse_laituri.jpg","type":"","width":"","height":""}],"twitter_misc":{"Ber\u00e4knad l\u00e4stid":"2 minuter"},"schema":{"@context":"https:\/\/schema.org","@graph":[{"@type":"WebPage","@id":"https:\/\/www.a-laiturit.fi\/sv\/gor-det-sjalv\/boj\/","url":"https:\/\/www.a-laiturit.fi\/sv\/gor-det-sjalv\/boj\/","name":"G\u00f6r-det-sj\u00e4lv: boj - A-Laiturit","isPartOf":{"@id":"https:\/\/www.a-laiturit.fi\/sv\/#website"},"primaryImageOfPage":{"@id":"https:\/\/www.a-laiturit.fi\/sv\/gor-det-sjalv\/boj\/#primaryimage"},"image":{"@id":"https:\/\/www.a-laiturit.fi\/sv\/gor-det-sjalv\/boj\/#primaryimage"},"thumbnailUrl":"https:\/\/www.a-laiturit.fi\/wp-content\/uploads\/2018\/10\/tee_se_itse_laituri.jpg","datePublished":"2018-12-02T09:16:52+00:00","dateModified":"2020-07-28T13:00:29+00:00","description":"A-Laiturit erbjuder den sakkunniga ett s\u00e5 f\u00e4rdigt paket som m\u00f6jligt eller alla l\u00f6sa delar enligt dina egna planer. Expertr\u00e5d tillkommer p\u00e5 k\u00f6pet!","breadcrumb":{"@id":"https:\/\/www.a-laiturit.fi\/sv\/gor-det-sjalv\/boj\/#breadcrumb"},"inLanguage":"sv-SE","potentialAction":[{"@type":"ReadAction","target":["https:\/\/www.a-laiturit.fi\/sv\/gor-det-sjalv\/boj\/"]}]},{"@type":"ImageObject","inLanguage":"sv-SE","@id":"https:\/\/www.a-laiturit.fi\/sv\/gor-det-sjalv\/boj\/#primaryimage","url":"https:\/\/www.a-laiturit.fi\/wp-content\/uploads\/2018\/10\/tee_se_itse_laituri.jpg","contentUrl":"https:\/\/www.a-laiturit.fi\/wp-content\/uploads\/2018\/10\/tee_se_itse_laituri.jpg"},{"@type":"BreadcrumbList","@id":"https:\/\/www.a-laiturit.fi\/sv\/gor-det-sjalv\/boj\/#breadcrumb","itemListElement":[{"@type":"ListItem","position":1,"name":"Home","item":"https:\/\/www.a-laiturit.fi\/sv\/"},{"@type":"ListItem","position":2,"name":"G\u00f6r-det-sj\u00e4lv","item":"https:\/\/www.a-laiturit.fi\/sv\/gor-det-sjalv\/"},{"@type":"ListItem","position":3,"name":"Boj"}]},{"@type":"WebSite","@id":"https:\/\/www.a-laiturit.fi\/sv\/#website","url":"https:\/\/www.a-laiturit.fi\/sv\/","name":"A-Laiturit","description":"Me A-Laitureissa suunnittelemme ja toteutamme juuri Sinun tarpeisiisi ja rantaasi sopivan laiturin, joka kest\u00e4\u00e4. Vuosikymmenten kokemuksella voimme sanoa: &quot;Me osaamme laiturit!&quot;","publisher":{"@id":"https:\/\/www.a-laiturit.fi\/sv\/#organization"},"potentialAction":[{"@type":"SearchAction","target":{"@type":"EntryPoint","urlTemplate":"https:\/\/www.a-laiturit.fi\/sv\/?s={search_term_string}"},"query-input":{"@type":"PropertyValueSpecification","valueRequired":true,"valueName":"search_term_string"}}],"inLanguage":"sv-SE"},{"@type":"Organization","@id":"https:\/\/www.a-laiturit.fi\/sv\/#organization","name":"A-laiturit Oy","url":"https:\/\/www.a-laiturit.fi\/sv\/","logo":{"@type":"ImageObject","inLanguage":"sv-SE","@id":"https:\/\/www.a-laiturit.fi\/sv\/#\/schema\/logo\/image\/","url":"https:\/\/www.a-laiturit.fi\/wp-content\/uploads\/2018\/10\/alaiturit_vari_favicon.png","contentUrl":"https:\/\/www.a-laiturit.fi\/wp-content\/uploads\/2018\/10\/alaiturit_vari_favicon.png","width":512,"height":512,"caption":"A-laiturit Oy"},"image":{"@id":"https:\/\/www.a-laiturit.fi\/sv\/#\/schema\/logo\/image\/"},"sameAs":["https:\/\/www.facebook.com\/alaiturit\/","https:\/\/www.youtube.com\/channel\/UCPCnVbx3R7RICl-bGS91dEA"]}]}},"_links":{"self":[{"href":"https:\/\/www.a-laiturit.fi\/sv\/wp-json\/wp\/v2\/pages\/5702","targetHints":{"allow":["GET"]}}],"collection":[{"href":"https:\/\/www.a-laiturit.fi\/sv\/wp-json\/wp\/v2\/pages"}],"about":[{"href":"https:\/\/www.a-laiturit.fi\/sv\/wp-json\/wp\/v2\/types\/page"}],"author":[{"embeddable":true,"href":"https:\/\/www.a-laiturit.fi\/sv\/wp-json\/wp\/v2\/users\/1"}],"replies":[{"embeddable":true,"href":"https:\/\/www.a-laiturit.fi\/sv\/wp-json\/wp\/v2\/comments?post=5702"}],"version-history":[{"count":9,"href":"https:\/\/www.a-laiturit.fi\/sv\/wp-json\/wp\/v2\/pages\/5702\/revisions"}],"predecessor-version":[{"id":9939,"href":"https:\/\/www.a-laiturit.fi\/sv\/wp-json\/wp\/v2\/pages\/5702\/revisions\/9939"}],"up":[{"embeddable":true,"href":"https:\/\/www.a-laiturit.fi\/sv\/wp-json\/wp\/v2\/pages\/5528"}],"wp:attachment":[{"href":"https:\/\/www.a-laiturit.fi\/sv\/wp-json\/wp\/v2\/media?parent=5702"}],"curies":[{"name":"wp","href":"https:\/\/api.w.org\/{rel}","templated":true}]}}