{"id":5693,"date":"2018-12-02T11:12:14","date_gmt":"2018-12-02T09:12:14","guid":{"rendered":"https:\/\/www.a-laiturit.fi\/joustimen-vaihto\/"},"modified":"2020-07-28T16:01:09","modified_gmt":"2020-07-28T13:01:09","slug":"fjaderbyte","status":"publish","type":"page","link":"https:\/\/www.a-laiturit.fi\/sv\/gor-det-sjalv\/fjaderbyte\/","title":{"rendered":"Fj\u00e4derbyte"},"content":{"rendered":"\r\n<p><img decoding=\"async\" title=\"Tee-se-itse laituri A-laiturit\" src=\"https:\/\/www.a-laiturit.fi\/wp-content\/uploads\/2018\/10\/tee_se_itse_laituri.jpg\" alt=\"Tee-se-itse laituri A-laiturit\" width=\"1920\" height=\"500\" \/><\/p>\r\n<h1>\u00a0<\/h1>\r\n<div class=\"menu-paavalikko-sv-container\"><ul id=\"alaiturit-sivulinkit\" class=\"sivupalkinlinkit\"><li id=\"menu-item-5760\" class=\"menu-item menu-item-type-post_type menu-item-object-page menu-item-5760\"><a href=\"https:\/\/www.a-laiturit.fi\/sv\/gor-det-sjalv\/bergkonsolbryggor\/\">Bergkonsolbryggor<\/a><\/li>\n<li id=\"menu-item-5759\" class=\"menu-item menu-item-type-post_type menu-item-object-page menu-item-5759\"><a href=\"https:\/\/www.a-laiturit.fi\/sv\/gor-det-sjalv\/betongpontonbrygga\/\">Betongpontonbrygga<\/a><\/li>\n<li id=\"menu-item-5753\" class=\"menu-item menu-item-type-post_type menu-item-object-page menu-item-5753\"><a href=\"https:\/\/www.a-laiturit.fi\/sv\/gor-det-sjalv\/boj\/\">Boj<\/a><\/li>\n<li id=\"menu-item-5750\" class=\"menu-item menu-item-type-post_type menu-item-object-page menu-item-5750\"><a href=\"https:\/\/www.a-laiturit.fi\/sv\/gor-det-sjalv\/batslip\/\">B\u00e5tslip<\/a><\/li>\n<li id=\"menu-item-5751\" class=\"menu-item menu-item-type-post_type menu-item-object-page menu-item-5751\"><a href=\"https:\/\/www.a-laiturit.fi\/sv\/gor-det-sjalv\/batslip-for-sjosattning\/\">B\u00e5tslip f\u00f6r sj\u00f6s\u00e4ttning<\/a><\/li>\n<li id=\"menu-item-5757\" class=\"menu-item menu-item-type-post_type menu-item-object-page menu-item-5757\"><a href=\"https:\/\/www.a-laiturit.fi\/sv\/gor-det-sjalv\/fjaderbyte\/\">Fj\u00e4derbyte<\/a><\/li>\n<li id=\"menu-item-5756\" class=\"menu-item menu-item-type-post_type menu-item-object-page menu-item-5756\"><a href=\"https:\/\/www.a-laiturit.fi\/sv\/gor-det-sjalv\/lippalaituris-markstod\/\">Lippalaituris markst\u00f6d<\/a><\/li>\n<li id=\"menu-item-5758\" class=\"menu-item menu-item-type-post_type menu-item-object-page menu-item-5758\"><a href=\"https:\/\/www.a-laiturit.fi\/sv\/gor-det-sjalv\/reparation-av-betongstrukturer\/\">Reparation av betongstrukturer<\/a><\/li>\n<li id=\"menu-item-5754\" class=\"menu-item menu-item-type-post_type menu-item-object-page menu-item-5754\"><a href=\"https:\/\/www.a-laiturit.fi\/sv\/gor-det-sjalv\/skruvpalsbryggan\/\">Skruvp\u00e5lsbryggan<\/a><\/li>\n<li id=\"menu-item-5755\" class=\"menu-item menu-item-type-post_type menu-item-object-page menu-item-5755\"><a href=\"https:\/\/www.a-laiturit.fi\/sv\/gor-det-sjalv\/vinylspont\/\">Vinylspont<\/a><\/li>\n<\/ul><\/div>\r\n<p>K\u00e4ttingarna p\u00e5 strandsidan av en betongpontonbrygga har st\u00e5lfj\u00e4drar som skyddar bryggans strukturer och k\u00e4ttingar. Fj\u00e4derns uppgift \u00e4r att d\u00e4mpa st\u00f6tar mot bryggan som intr\u00e4ffar under stormar eller d\u00e5 isen trycker mot bryggan. Fj\u00e4drarna borde bytas ut vart tionde \u00e5r eller d\u00e5 fj\u00e4dern g\u00e5r s\u00f6nder. Det \u00e4r m\u00f6jligt att sk\u00f6ta fj\u00e4derbytet p\u00e5 egen hand, du beh\u00f6ver bara rep, sp\u00e4nnrem, en ny fj\u00e4der samt schacklar.<\/p>\r\n<p>Fj\u00e4derbytet p\u00e5b\u00f6rjas genom att lyfta k\u00e4ttingen ur vattnet med hj\u00e4lp av ett rep. L\u00e4gg repet genom k\u00e4ttingen strax bredvid fj\u00e4dern, och knyt fast repet i bryggans landg\u00e5ng.<\/p>\r\n<p>S\u00e4tt fast sp\u00e4nnremmen i k\u00e4ttingen som g\u00e5r mot stranden, och f\u00e4st den andra \u00e4ndan i brygg\u00e4ndan av k\u00e4ttingen. Sp\u00e4nn remmen tills k\u00e4ttingen blir l\u00f6s och fj\u00e4dern h\u00e4nger i repet. Avl\u00e4gsna nu den gamla fj\u00e4dern. F\u00f6r att f\u00e5 loss fj\u00e4dern kan du beh\u00f6va en j\u00e4rns\u00e5g. Om fj\u00e4dern har g\u00e5tt av och inte g\u00e5r att f\u00e5 loss \u00e4r det m\u00f6jligt att l\u00e4mna den gamla fj\u00e4dern att h\u00e4nga i k\u00e4ttingen.<\/p>\r\n<p>S\u00e4tt efter det fast den nya fj\u00e4dern i k\u00e4ttingen s\u00e5 att 7 st l\u00f6sa k\u00e4tting\u00f6glor blir kvar. Anv\u00e4nd tillr\u00e4ckligt stora schacklar f\u00f6r fasts\u00e4ttning och s\u00e4kra schacklarna med s\u00e4kringstr\u00e5dar. D\u00e5 monteringen \u00e4r f\u00e4rdig kan du ta loss repet och l\u00f6sa sp\u00e4nnremmen. Den nya fj\u00e4dern \u00e4r nu p\u00e5 plats.<\/p>\r\n<h2>Beh\u00f6ver du yrkeskunnig hj\u00e4lp? Ta kontakt!<\/h2>\r\n<p><div class=\"myyjalaatikko\"><div class=\"myyjalaatikko-kuva\"><img decoding=\"async\" src=\"https:\/\/www.a-laiturit.fi\/wp-content\/uploads\/2023\/10\/raimo-koskinen.jpg\" alt=\"Raimo Koskinen\"><\/div>\r\n<div class=\"myyjalaatikko-teksti\"><h4>Raimo Koskinen<\/h4>\r\n<p>F\u00f6rs\u00e4ljning<\/p>\r\n<br>\r\n<p><a href=\"tel:+358 45 6703 601\">+358 45 6703 601<\/a><br>\r\n<a href=\"mailto:raimo.koskinen@a-laiturit.fi\">raimo.koskinen@a-laiturit.fi<\/a><\/p>\r\n<\/div><\/div><div class=\"myyjalaatikko\"><div class=\"myyjalaatikko-kuva\"><img decoding=\"async\" src=\"https:\/\/www.a-laiturit.fi\/wp-content\/uploads\/2023\/10\/mika-murto.jpg\" alt=\"Mika Murto\"><\/div>\r\n<div class=\"myyjalaatikko-teksti\"><h4>Mika Murto<\/h4>\r\n<p>F\u00f6rs\u00e4ljning<\/p>\r\n<br>\r\n<p><a href=\"tel:+358 45 6703 602\">+358 45 6703 602<\/a><br>\r\n<a href=\"mailto:mika.murto@a-laiturit.fi\">mika.murto@a-laiturit.fi<\/a><\/p>\r\n<\/div><\/div><\/p>\r\n","protected":false},"excerpt":{"rendered":"<p>\u00a0 K\u00e4ttingarna p\u00e5 strandsidan av en betongpontonbrygga har st\u00e5lfj\u00e4drar som skyddar bryggans strukturer och k\u00e4ttingar. Fj\u00e4derns uppgift \u00e4r att d\u00e4mpa st\u00f6tar mot bryggan som intr\u00e4ffar under stormar eller d\u00e5 isen trycker mot bryggan. Fj\u00e4drarna borde bytas ut vart tionde \u00e5r eller d\u00e5 fj\u00e4dern g\u00e5r s\u00f6nder. Det \u00e4r m\u00f6jligt att sk\u00f6ta fj\u00e4derbytet p\u00e5 egen hand, du [&hellip;]<\/p>\n","protected":false},"author":1,"featured_media":0,"parent":5528,"menu_order":0,"comment_status":"closed","ping_status":"closed","template":"","meta":{"_acf_changed":false,"footnotes":""},"class_list":["post-5693","page","type-page","status-publish","hentry"],"acf":[],"yoast_head":"<title>G\u00f6r-Det-Sj\u00e4lv: Fj\u00e4derbyte - A-Laiturit<\/title>\n<meta name=\"description\" content=\"A-Laiturit erbjuder den sakkunniga ett s\u00e5 f\u00e4rdigt paket som m\u00f6jligt eller alla l\u00f6sa delar enligt dina egna planer. Expertr\u00e5d tillkommer p\u00e5 k\u00f6pet!\" \/>\n<meta name=\"robots\" content=\"index, follow, max-snippet:-1, max-image-preview:large, max-video-preview:-1\" \/>\n<link rel=\"canonical\" href=\"https:\/\/www.a-laiturit.fi\/sv\/gor-det-sjalv\/fjaderbyte\/\" \/>\n<meta property=\"og:locale\" content=\"sv_SE\" \/>\n<meta property=\"og:type\" content=\"article\" \/>\n<meta property=\"og:title\" content=\"G\u00f6r-Det-Sj\u00e4lv: Fj\u00e4derbyte - A-Laiturit\" \/>\n<meta property=\"og:description\" content=\"A-Laiturit erbjuder den sakkunniga ett s\u00e5 f\u00e4rdigt paket som m\u00f6jligt eller alla l\u00f6sa delar enligt dina egna planer. Expertr\u00e5d tillkommer p\u00e5 k\u00f6pet!\" \/>\n<meta property=\"og:url\" content=\"https:\/\/www.a-laiturit.fi\/sv\/gor-det-sjalv\/fjaderbyte\/\" \/>\n<meta property=\"og:site_name\" content=\"A-Laiturit\" \/>\n<meta property=\"article:publisher\" content=\"https:\/\/www.facebook.com\/alaiturit\/\" \/>\n<meta property=\"article:modified_time\" content=\"2020-07-28T13:01:09+00:00\" \/>\n<meta property=\"og:image\" content=\"https:\/\/www.a-laiturit.fi\/wp-content\/uploads\/2018\/10\/tee_se_itse_laituri.jpg\" \/>\n<meta name=\"twitter:label1\" content=\"Ber\u00e4knad l\u00e4stid\" \/>\n\t<meta name=\"twitter:data1\" content=\"1 minut\" \/>\n<script type=\"application\/ld+json\" class=\"yoast-schema-graph\">{\"@context\":\"https:\\\/\\\/schema.org\",\"@graph\":[{\"@type\":\"WebPage\",\"@id\":\"https:\\\/\\\/www.a-laiturit.fi\\\/sv\\\/gor-det-sjalv\\\/fjaderbyte\\\/\",\"url\":\"https:\\\/\\\/www.a-laiturit.fi\\\/sv\\\/gor-det-sjalv\\\/fjaderbyte\\\/\",\"name\":\"G\u00f6r-Det-Sj\u00e4lv: Fj\u00e4derbyte - A-Laiturit\",\"isPartOf\":{\"@id\":\"https:\\\/\\\/www.a-laiturit.fi\\\/sv\\\/#website\"},\"primaryImageOfPage\":{\"@id\":\"https:\\\/\\\/www.a-laiturit.fi\\\/sv\\\/gor-det-sjalv\\\/fjaderbyte\\\/#primaryimage\"},\"image\":{\"@id\":\"https:\\\/\\\/www.a-laiturit.fi\\\/sv\\\/gor-det-sjalv\\\/fjaderbyte\\\/#primaryimage\"},\"thumbnailUrl\":\"https:\\\/\\\/www.a-laiturit.fi\\\/wp-content\\\/uploads\\\/2018\\\/10\\\/tee_se_itse_laituri.jpg\",\"datePublished\":\"2018-12-02T09:12:14+00:00\",\"dateModified\":\"2020-07-28T13:01:09+00:00\",\"description\":\"A-Laiturit erbjuder den sakkunniga ett s\u00e5 f\u00e4rdigt paket som m\u00f6jligt eller alla l\u00f6sa delar enligt dina egna planer. Expertr\u00e5d tillkommer p\u00e5 k\u00f6pet!\",\"breadcrumb\":{\"@id\":\"https:\\\/\\\/www.a-laiturit.fi\\\/sv\\\/gor-det-sjalv\\\/fjaderbyte\\\/#breadcrumb\"},\"inLanguage\":\"sv-SE\",\"potentialAction\":[{\"@type\":\"ReadAction\",\"target\":[\"https:\\\/\\\/www.a-laiturit.fi\\\/sv\\\/gor-det-sjalv\\\/fjaderbyte\\\/\"]}]},{\"@type\":\"ImageObject\",\"inLanguage\":\"sv-SE\",\"@id\":\"https:\\\/\\\/www.a-laiturit.fi\\\/sv\\\/gor-det-sjalv\\\/fjaderbyte\\\/#primaryimage\",\"url\":\"https:\\\/\\\/www.a-laiturit.fi\\\/wp-content\\\/uploads\\\/2018\\\/10\\\/tee_se_itse_laituri.jpg\",\"contentUrl\":\"https:\\\/\\\/www.a-laiturit.fi\\\/wp-content\\\/uploads\\\/2018\\\/10\\\/tee_se_itse_laituri.jpg\"},{\"@type\":\"BreadcrumbList\",\"@id\":\"https:\\\/\\\/www.a-laiturit.fi\\\/sv\\\/gor-det-sjalv\\\/fjaderbyte\\\/#breadcrumb\",\"itemListElement\":[{\"@type\":\"ListItem\",\"position\":1,\"name\":\"Home\",\"item\":\"https:\\\/\\\/www.a-laiturit.fi\\\/sv\\\/\"},{\"@type\":\"ListItem\",\"position\":2,\"name\":\"G\u00f6r-det-sj\u00e4lv\",\"item\":\"https:\\\/\\\/www.a-laiturit.fi\\\/sv\\\/gor-det-sjalv\\\/\"},{\"@type\":\"ListItem\",\"position\":3,\"name\":\"Fj\u00e4derbyte\"}]},{\"@type\":\"WebSite\",\"@id\":\"https:\\\/\\\/www.a-laiturit.fi\\\/sv\\\/#website\",\"url\":\"https:\\\/\\\/www.a-laiturit.fi\\\/sv\\\/\",\"name\":\"A-Laiturit\",\"description\":\"Me A-Laitureissa suunnittelemme ja toteutamme juuri Sinun tarpeisiisi ja rantaasi sopivan laiturin, joka kest\u00e4\u00e4. Vuosikymmenten kokemuksella voimme sanoa: &quot;Me osaamme laiturit!&quot;\",\"publisher\":{\"@id\":\"https:\\\/\\\/www.a-laiturit.fi\\\/sv\\\/#organization\"},\"potentialAction\":[{\"@type\":\"SearchAction\",\"target\":{\"@type\":\"EntryPoint\",\"urlTemplate\":\"https:\\\/\\\/www.a-laiturit.fi\\\/sv\\\/?s={search_term_string}\"},\"query-input\":{\"@type\":\"PropertyValueSpecification\",\"valueRequired\":true,\"valueName\":\"search_term_string\"}}],\"inLanguage\":\"sv-SE\"},{\"@type\":\"Organization\",\"@id\":\"https:\\\/\\\/www.a-laiturit.fi\\\/sv\\\/#organization\",\"name\":\"A-laiturit Oy\",\"url\":\"https:\\\/\\\/www.a-laiturit.fi\\\/sv\\\/\",\"logo\":{\"@type\":\"ImageObject\",\"inLanguage\":\"sv-SE\",\"@id\":\"https:\\\/\\\/www.a-laiturit.fi\\\/sv\\\/#\\\/schema\\\/logo\\\/image\\\/\",\"url\":\"https:\\\/\\\/www.a-laiturit.fi\\\/wp-content\\\/uploads\\\/2018\\\/10\\\/alaiturit_vari_favicon.png\",\"contentUrl\":\"https:\\\/\\\/www.a-laiturit.fi\\\/wp-content\\\/uploads\\\/2018\\\/10\\\/alaiturit_vari_favicon.png\",\"width\":512,\"height\":512,\"caption\":\"A-laiturit Oy\"},\"image\":{\"@id\":\"https:\\\/\\\/www.a-laiturit.fi\\\/sv\\\/#\\\/schema\\\/logo\\\/image\\\/\"},\"sameAs\":[\"https:\\\/\\\/www.facebook.com\\\/alaiturit\\\/\",\"https:\\\/\\\/www.youtube.com\\\/channel\\\/UCPCnVbx3R7RICl-bGS91dEA\"]}]}<\/script>","yoast_head_json":{"title":"G\u00f6r-Det-Sj\u00e4lv: Fj\u00e4derbyte - A-Laiturit","description":"A-Laiturit erbjuder den sakkunniga ett s\u00e5 f\u00e4rdigt paket som m\u00f6jligt eller alla l\u00f6sa delar enligt dina egna planer. Expertr\u00e5d tillkommer p\u00e5 k\u00f6pet!","robots":{"index":"index","follow":"follow","max-snippet":"max-snippet:-1","max-image-preview":"max-image-preview:large","max-video-preview":"max-video-preview:-1"},"canonical":"https:\/\/www.a-laiturit.fi\/sv\/gor-det-sjalv\/fjaderbyte\/","og_locale":"sv_SE","og_type":"article","og_title":"G\u00f6r-Det-Sj\u00e4lv: Fj\u00e4derbyte - A-Laiturit","og_description":"A-Laiturit erbjuder den sakkunniga ett s\u00e5 f\u00e4rdigt paket som m\u00f6jligt eller alla l\u00f6sa delar enligt dina egna planer. Expertr\u00e5d tillkommer p\u00e5 k\u00f6pet!","og_url":"https:\/\/www.a-laiturit.fi\/sv\/gor-det-sjalv\/fjaderbyte\/","og_site_name":"A-Laiturit","article_publisher":"https:\/\/www.facebook.com\/alaiturit\/","article_modified_time":"2020-07-28T13:01:09+00:00","og_image":[{"url":"https:\/\/www.a-laiturit.fi\/wp-content\/uploads\/2018\/10\/tee_se_itse_laituri.jpg","type":"","width":"","height":""}],"twitter_misc":{"Ber\u00e4knad l\u00e4stid":"1 minut"},"schema":{"@context":"https:\/\/schema.org","@graph":[{"@type":"WebPage","@id":"https:\/\/www.a-laiturit.fi\/sv\/gor-det-sjalv\/fjaderbyte\/","url":"https:\/\/www.a-laiturit.fi\/sv\/gor-det-sjalv\/fjaderbyte\/","name":"G\u00f6r-Det-Sj\u00e4lv: Fj\u00e4derbyte - A-Laiturit","isPartOf":{"@id":"https:\/\/www.a-laiturit.fi\/sv\/#website"},"primaryImageOfPage":{"@id":"https:\/\/www.a-laiturit.fi\/sv\/gor-det-sjalv\/fjaderbyte\/#primaryimage"},"image":{"@id":"https:\/\/www.a-laiturit.fi\/sv\/gor-det-sjalv\/fjaderbyte\/#primaryimage"},"thumbnailUrl":"https:\/\/www.a-laiturit.fi\/wp-content\/uploads\/2018\/10\/tee_se_itse_laituri.jpg","datePublished":"2018-12-02T09:12:14+00:00","dateModified":"2020-07-28T13:01:09+00:00","description":"A-Laiturit erbjuder den sakkunniga ett s\u00e5 f\u00e4rdigt paket som m\u00f6jligt eller alla l\u00f6sa delar enligt dina egna planer. Expertr\u00e5d tillkommer p\u00e5 k\u00f6pet!","breadcrumb":{"@id":"https:\/\/www.a-laiturit.fi\/sv\/gor-det-sjalv\/fjaderbyte\/#breadcrumb"},"inLanguage":"sv-SE","potentialAction":[{"@type":"ReadAction","target":["https:\/\/www.a-laiturit.fi\/sv\/gor-det-sjalv\/fjaderbyte\/"]}]},{"@type":"ImageObject","inLanguage":"sv-SE","@id":"https:\/\/www.a-laiturit.fi\/sv\/gor-det-sjalv\/fjaderbyte\/#primaryimage","url":"https:\/\/www.a-laiturit.fi\/wp-content\/uploads\/2018\/10\/tee_se_itse_laituri.jpg","contentUrl":"https:\/\/www.a-laiturit.fi\/wp-content\/uploads\/2018\/10\/tee_se_itse_laituri.jpg"},{"@type":"BreadcrumbList","@id":"https:\/\/www.a-laiturit.fi\/sv\/gor-det-sjalv\/fjaderbyte\/#breadcrumb","itemListElement":[{"@type":"ListItem","position":1,"name":"Home","item":"https:\/\/www.a-laiturit.fi\/sv\/"},{"@type":"ListItem","position":2,"name":"G\u00f6r-det-sj\u00e4lv","item":"https:\/\/www.a-laiturit.fi\/sv\/gor-det-sjalv\/"},{"@type":"ListItem","position":3,"name":"Fj\u00e4derbyte"}]},{"@type":"WebSite","@id":"https:\/\/www.a-laiturit.fi\/sv\/#website","url":"https:\/\/www.a-laiturit.fi\/sv\/","name":"A-Laiturit","description":"Me A-Laitureissa suunnittelemme ja toteutamme juuri Sinun tarpeisiisi ja rantaasi sopivan laiturin, joka kest\u00e4\u00e4. Vuosikymmenten kokemuksella voimme sanoa: &quot;Me osaamme laiturit!&quot;","publisher":{"@id":"https:\/\/www.a-laiturit.fi\/sv\/#organization"},"potentialAction":[{"@type":"SearchAction","target":{"@type":"EntryPoint","urlTemplate":"https:\/\/www.a-laiturit.fi\/sv\/?s={search_term_string}"},"query-input":{"@type":"PropertyValueSpecification","valueRequired":true,"valueName":"search_term_string"}}],"inLanguage":"sv-SE"},{"@type":"Organization","@id":"https:\/\/www.a-laiturit.fi\/sv\/#organization","name":"A-laiturit Oy","url":"https:\/\/www.a-laiturit.fi\/sv\/","logo":{"@type":"ImageObject","inLanguage":"sv-SE","@id":"https:\/\/www.a-laiturit.fi\/sv\/#\/schema\/logo\/image\/","url":"https:\/\/www.a-laiturit.fi\/wp-content\/uploads\/2018\/10\/alaiturit_vari_favicon.png","contentUrl":"https:\/\/www.a-laiturit.fi\/wp-content\/uploads\/2018\/10\/alaiturit_vari_favicon.png","width":512,"height":512,"caption":"A-laiturit Oy"},"image":{"@id":"https:\/\/www.a-laiturit.fi\/sv\/#\/schema\/logo\/image\/"},"sameAs":["https:\/\/www.facebook.com\/alaiturit\/","https:\/\/www.youtube.com\/channel\/UCPCnVbx3R7RICl-bGS91dEA"]}]}},"_links":{"self":[{"href":"https:\/\/www.a-laiturit.fi\/sv\/wp-json\/wp\/v2\/pages\/5693","targetHints":{"allow":["GET"]}}],"collection":[{"href":"https:\/\/www.a-laiturit.fi\/sv\/wp-json\/wp\/v2\/pages"}],"about":[{"href":"https:\/\/www.a-laiturit.fi\/sv\/wp-json\/wp\/v2\/types\/page"}],"author":[{"embeddable":true,"href":"https:\/\/www.a-laiturit.fi\/sv\/wp-json\/wp\/v2\/users\/1"}],"replies":[{"embeddable":true,"href":"https:\/\/www.a-laiturit.fi\/sv\/wp-json\/wp\/v2\/comments?post=5693"}],"version-history":[{"count":7,"href":"https:\/\/www.a-laiturit.fi\/sv\/wp-json\/wp\/v2\/pages\/5693\/revisions"}],"predecessor-version":[{"id":9940,"href":"https:\/\/www.a-laiturit.fi\/sv\/wp-json\/wp\/v2\/pages\/5693\/revisions\/9940"}],"up":[{"embeddable":true,"href":"https:\/\/www.a-laiturit.fi\/sv\/wp-json\/wp\/v2\/pages\/5528"}],"wp:attachment":[{"href":"https:\/\/www.a-laiturit.fi\/sv\/wp-json\/wp\/v2\/media?parent=5693"}],"curies":[{"name":"wp","href":"https:\/\/api.w.org\/{rel}","templated":true}]}}