{"id":5691,"date":"2018-12-02T11:11:28","date_gmt":"2018-12-02T09:11:28","guid":{"rendered":"https:\/\/www.a-laiturit.fi\/betonirakenteiden-korjaus\/"},"modified":"2020-07-28T16:03:10","modified_gmt":"2020-07-28T13:03:10","slug":"reparation-av-betongstrukturer","status":"publish","type":"page","link":"https:\/\/www.a-laiturit.fi\/sv\/gor-det-sjalv\/reparation-av-betongstrukturer\/","title":{"rendered":"Reparation av betongstrukturer"},"content":{"rendered":"\r\n<p><img decoding=\"async\" title=\"Tee-se-itse laituri A-laiturit\" src=\"https:\/\/www.a-laiturit.fi\/wp-content\/uploads\/2018\/10\/tee_se_itse_laituri.jpg\" alt=\"Tee-se-itse laituri A-laiturit\" width=\"1920\" height=\"500\" \/><\/p>\r\n<h1>\u00a0<\/h1>\r\n<div class=\"menu-paavalikko-sv-container\"><ul id=\"alaiturit-sivulinkit\" class=\"sivupalkinlinkit\"><li id=\"menu-item-5760\" class=\"menu-item menu-item-type-post_type menu-item-object-page menu-item-5760\"><a href=\"https:\/\/www.a-laiturit.fi\/sv\/gor-det-sjalv\/bergkonsolbryggor\/\">Bergkonsolbryggor<\/a><\/li>\n<li id=\"menu-item-5759\" class=\"menu-item menu-item-type-post_type menu-item-object-page menu-item-5759\"><a href=\"https:\/\/www.a-laiturit.fi\/sv\/gor-det-sjalv\/betongpontonbrygga\/\">Betongpontonbrygga<\/a><\/li>\n<li id=\"menu-item-5753\" class=\"menu-item menu-item-type-post_type menu-item-object-page menu-item-5753\"><a href=\"https:\/\/www.a-laiturit.fi\/sv\/gor-det-sjalv\/boj\/\">Boj<\/a><\/li>\n<li id=\"menu-item-5750\" class=\"menu-item menu-item-type-post_type menu-item-object-page menu-item-5750\"><a href=\"https:\/\/www.a-laiturit.fi\/sv\/gor-det-sjalv\/batslip\/\">B\u00e5tslip<\/a><\/li>\n<li id=\"menu-item-5751\" class=\"menu-item menu-item-type-post_type menu-item-object-page menu-item-5751\"><a href=\"https:\/\/www.a-laiturit.fi\/sv\/gor-det-sjalv\/batslip-for-sjosattning\/\">B\u00e5tslip f\u00f6r sj\u00f6s\u00e4ttning<\/a><\/li>\n<li id=\"menu-item-5757\" class=\"menu-item menu-item-type-post_type menu-item-object-page menu-item-5757\"><a href=\"https:\/\/www.a-laiturit.fi\/sv\/gor-det-sjalv\/fjaderbyte\/\">Fj\u00e4derbyte<\/a><\/li>\n<li id=\"menu-item-5756\" class=\"menu-item menu-item-type-post_type menu-item-object-page menu-item-5756\"><a href=\"https:\/\/www.a-laiturit.fi\/sv\/gor-det-sjalv\/lippalaituris-markstod\/\">Lippalaituris markst\u00f6d<\/a><\/li>\n<li id=\"menu-item-5758\" class=\"menu-item menu-item-type-post_type menu-item-object-page menu-item-5758\"><a href=\"https:\/\/www.a-laiturit.fi\/sv\/gor-det-sjalv\/reparation-av-betongstrukturer\/\">Reparation av betongstrukturer<\/a><\/li>\n<li id=\"menu-item-5754\" class=\"menu-item menu-item-type-post_type menu-item-object-page menu-item-5754\"><a href=\"https:\/\/www.a-laiturit.fi\/sv\/gor-det-sjalv\/skruvpalsbryggan\/\">Skruvp\u00e5lsbryggan<\/a><\/li>\n<li id=\"menu-item-5755\" class=\"menu-item menu-item-type-post_type menu-item-object-page menu-item-5755\"><a href=\"https:\/\/www.a-laiturit.fi\/sv\/gor-det-sjalv\/vinylspont\/\">Vinylspont<\/a><\/li>\n<\/ul><\/div>\r\n<p>A-Laituris Uppo-Mix-produktpaket inneh\u00e5ller Uppo-Mix-pulver och v\u00e4tska. Anv\u00e4nd f\u00f6rpackningens bruksanvisning och ta i beaktande ifr\u00e5gavarande plats. En f\u00f6rpackning r\u00e4cker f\u00f6r en cements\u00e4ck p\u00e5 25 kg.<\/p>\r\n<p>Uppo-Mix-tillsats\u00e4mnena blandas ihop med normal S100-cement enligt bruksanvisningarna. Genom att justera m\u00e4ngderna i blandningen g\u00e5r det att f\u00e5 fram olika sammans\u00e4ttningar som anv\u00e4nds f\u00f6r olika platser. Vid blandningen anv\u00e4nds inte en betongblandare utan effektiv manuell blandare.<\/p>\r\n<p>Du kan l\u00e4gga till stenar och armeringsj\u00e4rn enligt behov. F\u00f6r gjutningsarbetet beh\u00f6ver du inga specialvertyg, det r\u00e4cker med en vanlig spatel f\u00f6r att j\u00e4mna ut betongen. Uppo-Mix-betongens torkningstid \u00e4r 2-3 dygn.<\/p>\r\n<p>Uppo-Mix-betong passar utm\u00e4rkt till exempel f\u00f6r att reparera gamla brunnsringar vid vattenlinjen. Reng\u00f6r brunnsringens ytor s\u00e5 bra som m\u00f6jligt. H\u00e4ll betongen i brunnsringen. Uppo-Mix -tillsats\u00e4mnena f\u00f6rhindrar vattnet fr\u00e5n att absorberas i massan. Betongen bryts inte ner i vattnet utan du kan forts\u00e4tta gjutningen p\u00e5 normalt s\u00e4tt.<\/p>\r\n<p>Uppo-Mix l\u00e4mpar sig ocks\u00e5 f\u00f6r att reparera sprickor. Massan l\u00e4mnas d\u00e5 v\u00e4ldigt torr och l\u00e4tt formbar. Massan j\u00e4mnas ut f\u00f6r hand p\u00e5 det aktuella omr\u00e5det. Massera inte massan f\u00f6r mycket utan f\u00f6rs\u00f6k f\u00e5 den in i sprickan med bara n\u00e5gra tryck. J\u00e4mna som avslutning l\u00e4tt ut ytan.<\/p>\r\n<h2>Beh\u00f6ver du yrkeskunnig hj\u00e4lp? Ta kontakt!<\/h2>\r\n<p><div class=\"myyjalaatikko\"><div class=\"myyjalaatikko-kuva\"><img decoding=\"async\" src=\"https:\/\/www.a-laiturit.fi\/wp-content\/uploads\/2023\/10\/raimo-koskinen.jpg\" alt=\"Raimo Koskinen\"><\/div>\r\n<div class=\"myyjalaatikko-teksti\"><h4>Raimo Koskinen<\/h4>\r\n<p>F\u00f6rs\u00e4ljning<\/p>\r\n<br>\r\n<p><a href=\"tel:+358 45 6703 601\">+358 45 6703 601<\/a><br>\r\n<a href=\"mailto:raimo.koskinen@a-laiturit.fi\">raimo.koskinen@a-laiturit.fi<\/a><\/p>\r\n<\/div><\/div><div class=\"myyjalaatikko\"><div class=\"myyjalaatikko-kuva\"><img decoding=\"async\" src=\"https:\/\/www.a-laiturit.fi\/wp-content\/uploads\/2023\/10\/mika-murto.jpg\" alt=\"Mika Murto\"><\/div>\r\n<div class=\"myyjalaatikko-teksti\"><h4>Mika Murto<\/h4>\r\n<p>F\u00f6rs\u00e4ljning<\/p>\r\n<br>\r\n<p><a href=\"tel:+358 45 6703 602\">+358 45 6703 602<\/a><br>\r\n<a href=\"mailto:mika.murto@a-laiturit.fi\">mika.murto@a-laiturit.fi<\/a><\/p>\r\n<\/div><\/div><\/p>\r\n","protected":false},"excerpt":{"rendered":"<p>\u00a0 A-Laituris Uppo-Mix-produktpaket inneh\u00e5ller Uppo-Mix-pulver och v\u00e4tska. Anv\u00e4nd f\u00f6rpackningens bruksanvisning och ta i beaktande ifr\u00e5gavarande plats. En f\u00f6rpackning r\u00e4cker f\u00f6r en cements\u00e4ck p\u00e5 25 kg. Uppo-Mix-tillsats\u00e4mnena blandas ihop med normal S100-cement enligt bruksanvisningarna. Genom att justera m\u00e4ngderna i blandningen g\u00e5r det att f\u00e5 fram olika sammans\u00e4ttningar som anv\u00e4nds f\u00f6r olika platser. Vid blandningen anv\u00e4nds inte [&hellip;]<\/p>\n","protected":false},"author":1,"featured_media":0,"parent":5528,"menu_order":0,"comment_status":"closed","ping_status":"closed","template":"","meta":{"_acf_changed":false,"footnotes":""},"class_list":["post-5691","page","type-page","status-publish","hentry"],"acf":[],"yoast_head":"<title>G\u00f6r-det-sj\u00e4lv: reparation av betongstrukturer - A-Laiturit<\/title>\n<meta name=\"description\" content=\"A-Laiturit erbjuder den sakkunniga ett s\u00e5 f\u00e4rdigt paket som m\u00f6jligt eller alla l\u00f6sa delar enligt dina egna planer. Expertr\u00e5d tillkommer p\u00e5 k\u00f6pet!\" \/>\n<meta name=\"robots\" content=\"index, follow, max-snippet:-1, max-image-preview:large, max-video-preview:-1\" \/>\n<link rel=\"canonical\" href=\"https:\/\/www.a-laiturit.fi\/sv\/gor-det-sjalv\/reparation-av-betongstrukturer\/\" \/>\n<meta property=\"og:locale\" content=\"sv_SE\" \/>\n<meta property=\"og:type\" content=\"article\" \/>\n<meta property=\"og:title\" content=\"G\u00f6r-det-sj\u00e4lv: reparation av betongstrukturer - A-Laiturit\" \/>\n<meta property=\"og:description\" content=\"A-Laiturit erbjuder den sakkunniga ett s\u00e5 f\u00e4rdigt paket som m\u00f6jligt eller alla l\u00f6sa delar enligt dina egna planer. Expertr\u00e5d tillkommer p\u00e5 k\u00f6pet!\" \/>\n<meta property=\"og:url\" content=\"https:\/\/www.a-laiturit.fi\/sv\/gor-det-sjalv\/reparation-av-betongstrukturer\/\" \/>\n<meta property=\"og:site_name\" content=\"A-Laiturit\" \/>\n<meta property=\"article:publisher\" content=\"https:\/\/www.facebook.com\/alaiturit\/\" \/>\n<meta property=\"article:modified_time\" content=\"2020-07-28T13:03:10+00:00\" \/>\n<meta property=\"og:image\" content=\"https:\/\/www.a-laiturit.fi\/wp-content\/uploads\/2018\/10\/tee_se_itse_laituri.jpg\" \/>\n<meta name=\"twitter:label1\" content=\"Ber\u00e4knad l\u00e4stid\" \/>\n\t<meta name=\"twitter:data1\" content=\"1 minut\" \/>\n<script type=\"application\/ld+json\" class=\"yoast-schema-graph\">{\"@context\":\"https:\\\/\\\/schema.org\",\"@graph\":[{\"@type\":\"WebPage\",\"@id\":\"https:\\\/\\\/www.a-laiturit.fi\\\/sv\\\/gor-det-sjalv\\\/reparation-av-betongstrukturer\\\/\",\"url\":\"https:\\\/\\\/www.a-laiturit.fi\\\/sv\\\/gor-det-sjalv\\\/reparation-av-betongstrukturer\\\/\",\"name\":\"G\u00f6r-det-sj\u00e4lv: reparation av betongstrukturer - A-Laiturit\",\"isPartOf\":{\"@id\":\"https:\\\/\\\/www.a-laiturit.fi\\\/sv\\\/#website\"},\"primaryImageOfPage\":{\"@id\":\"https:\\\/\\\/www.a-laiturit.fi\\\/sv\\\/gor-det-sjalv\\\/reparation-av-betongstrukturer\\\/#primaryimage\"},\"image\":{\"@id\":\"https:\\\/\\\/www.a-laiturit.fi\\\/sv\\\/gor-det-sjalv\\\/reparation-av-betongstrukturer\\\/#primaryimage\"},\"thumbnailUrl\":\"https:\\\/\\\/www.a-laiturit.fi\\\/wp-content\\\/uploads\\\/2018\\\/10\\\/tee_se_itse_laituri.jpg\",\"datePublished\":\"2018-12-02T09:11:28+00:00\",\"dateModified\":\"2020-07-28T13:03:10+00:00\",\"description\":\"A-Laiturit erbjuder den sakkunniga ett s\u00e5 f\u00e4rdigt paket som m\u00f6jligt eller alla l\u00f6sa delar enligt dina egna planer. Expertr\u00e5d tillkommer p\u00e5 k\u00f6pet!\",\"breadcrumb\":{\"@id\":\"https:\\\/\\\/www.a-laiturit.fi\\\/sv\\\/gor-det-sjalv\\\/reparation-av-betongstrukturer\\\/#breadcrumb\"},\"inLanguage\":\"sv-SE\",\"potentialAction\":[{\"@type\":\"ReadAction\",\"target\":[\"https:\\\/\\\/www.a-laiturit.fi\\\/sv\\\/gor-det-sjalv\\\/reparation-av-betongstrukturer\\\/\"]}]},{\"@type\":\"ImageObject\",\"inLanguage\":\"sv-SE\",\"@id\":\"https:\\\/\\\/www.a-laiturit.fi\\\/sv\\\/gor-det-sjalv\\\/reparation-av-betongstrukturer\\\/#primaryimage\",\"url\":\"https:\\\/\\\/www.a-laiturit.fi\\\/wp-content\\\/uploads\\\/2018\\\/10\\\/tee_se_itse_laituri.jpg\",\"contentUrl\":\"https:\\\/\\\/www.a-laiturit.fi\\\/wp-content\\\/uploads\\\/2018\\\/10\\\/tee_se_itse_laituri.jpg\"},{\"@type\":\"BreadcrumbList\",\"@id\":\"https:\\\/\\\/www.a-laiturit.fi\\\/sv\\\/gor-det-sjalv\\\/reparation-av-betongstrukturer\\\/#breadcrumb\",\"itemListElement\":[{\"@type\":\"ListItem\",\"position\":1,\"name\":\"Home\",\"item\":\"https:\\\/\\\/www.a-laiturit.fi\\\/sv\\\/\"},{\"@type\":\"ListItem\",\"position\":2,\"name\":\"G\u00f6r-det-sj\u00e4lv\",\"item\":\"https:\\\/\\\/www.a-laiturit.fi\\\/sv\\\/gor-det-sjalv\\\/\"},{\"@type\":\"ListItem\",\"position\":3,\"name\":\"Reparation av betongstrukturer\"}]},{\"@type\":\"WebSite\",\"@id\":\"https:\\\/\\\/www.a-laiturit.fi\\\/sv\\\/#website\",\"url\":\"https:\\\/\\\/www.a-laiturit.fi\\\/sv\\\/\",\"name\":\"A-Laiturit\",\"description\":\"Me A-Laitureissa suunnittelemme ja toteutamme juuri Sinun tarpeisiisi ja rantaasi sopivan laiturin, joka kest\u00e4\u00e4. Vuosikymmenten kokemuksella voimme sanoa: &quot;Me osaamme laiturit!&quot;\",\"publisher\":{\"@id\":\"https:\\\/\\\/www.a-laiturit.fi\\\/sv\\\/#organization\"},\"potentialAction\":[{\"@type\":\"SearchAction\",\"target\":{\"@type\":\"EntryPoint\",\"urlTemplate\":\"https:\\\/\\\/www.a-laiturit.fi\\\/sv\\\/?s={search_term_string}\"},\"query-input\":{\"@type\":\"PropertyValueSpecification\",\"valueRequired\":true,\"valueName\":\"search_term_string\"}}],\"inLanguage\":\"sv-SE\"},{\"@type\":\"Organization\",\"@id\":\"https:\\\/\\\/www.a-laiturit.fi\\\/sv\\\/#organization\",\"name\":\"A-laiturit Oy\",\"url\":\"https:\\\/\\\/www.a-laiturit.fi\\\/sv\\\/\",\"logo\":{\"@type\":\"ImageObject\",\"inLanguage\":\"sv-SE\",\"@id\":\"https:\\\/\\\/www.a-laiturit.fi\\\/sv\\\/#\\\/schema\\\/logo\\\/image\\\/\",\"url\":\"https:\\\/\\\/www.a-laiturit.fi\\\/wp-content\\\/uploads\\\/2018\\\/10\\\/alaiturit_vari_favicon.png\",\"contentUrl\":\"https:\\\/\\\/www.a-laiturit.fi\\\/wp-content\\\/uploads\\\/2018\\\/10\\\/alaiturit_vari_favicon.png\",\"width\":512,\"height\":512,\"caption\":\"A-laiturit Oy\"},\"image\":{\"@id\":\"https:\\\/\\\/www.a-laiturit.fi\\\/sv\\\/#\\\/schema\\\/logo\\\/image\\\/\"},\"sameAs\":[\"https:\\\/\\\/www.facebook.com\\\/alaiturit\\\/\",\"https:\\\/\\\/www.youtube.com\\\/channel\\\/UCPCnVbx3R7RICl-bGS91dEA\"]}]}<\/script>","yoast_head_json":{"title":"G\u00f6r-det-sj\u00e4lv: reparation av betongstrukturer - A-Laiturit","description":"A-Laiturit erbjuder den sakkunniga ett s\u00e5 f\u00e4rdigt paket som m\u00f6jligt eller alla l\u00f6sa delar enligt dina egna planer. Expertr\u00e5d tillkommer p\u00e5 k\u00f6pet!","robots":{"index":"index","follow":"follow","max-snippet":"max-snippet:-1","max-image-preview":"max-image-preview:large","max-video-preview":"max-video-preview:-1"},"canonical":"https:\/\/www.a-laiturit.fi\/sv\/gor-det-sjalv\/reparation-av-betongstrukturer\/","og_locale":"sv_SE","og_type":"article","og_title":"G\u00f6r-det-sj\u00e4lv: reparation av betongstrukturer - A-Laiturit","og_description":"A-Laiturit erbjuder den sakkunniga ett s\u00e5 f\u00e4rdigt paket som m\u00f6jligt eller alla l\u00f6sa delar enligt dina egna planer. Expertr\u00e5d tillkommer p\u00e5 k\u00f6pet!","og_url":"https:\/\/www.a-laiturit.fi\/sv\/gor-det-sjalv\/reparation-av-betongstrukturer\/","og_site_name":"A-Laiturit","article_publisher":"https:\/\/www.facebook.com\/alaiturit\/","article_modified_time":"2020-07-28T13:03:10+00:00","og_image":[{"url":"https:\/\/www.a-laiturit.fi\/wp-content\/uploads\/2018\/10\/tee_se_itse_laituri.jpg","type":"","width":"","height":""}],"twitter_misc":{"Ber\u00e4knad l\u00e4stid":"1 minut"},"schema":{"@context":"https:\/\/schema.org","@graph":[{"@type":"WebPage","@id":"https:\/\/www.a-laiturit.fi\/sv\/gor-det-sjalv\/reparation-av-betongstrukturer\/","url":"https:\/\/www.a-laiturit.fi\/sv\/gor-det-sjalv\/reparation-av-betongstrukturer\/","name":"G\u00f6r-det-sj\u00e4lv: reparation av betongstrukturer - A-Laiturit","isPartOf":{"@id":"https:\/\/www.a-laiturit.fi\/sv\/#website"},"primaryImageOfPage":{"@id":"https:\/\/www.a-laiturit.fi\/sv\/gor-det-sjalv\/reparation-av-betongstrukturer\/#primaryimage"},"image":{"@id":"https:\/\/www.a-laiturit.fi\/sv\/gor-det-sjalv\/reparation-av-betongstrukturer\/#primaryimage"},"thumbnailUrl":"https:\/\/www.a-laiturit.fi\/wp-content\/uploads\/2018\/10\/tee_se_itse_laituri.jpg","datePublished":"2018-12-02T09:11:28+00:00","dateModified":"2020-07-28T13:03:10+00:00","description":"A-Laiturit erbjuder den sakkunniga ett s\u00e5 f\u00e4rdigt paket som m\u00f6jligt eller alla l\u00f6sa delar enligt dina egna planer. Expertr\u00e5d tillkommer p\u00e5 k\u00f6pet!","breadcrumb":{"@id":"https:\/\/www.a-laiturit.fi\/sv\/gor-det-sjalv\/reparation-av-betongstrukturer\/#breadcrumb"},"inLanguage":"sv-SE","potentialAction":[{"@type":"ReadAction","target":["https:\/\/www.a-laiturit.fi\/sv\/gor-det-sjalv\/reparation-av-betongstrukturer\/"]}]},{"@type":"ImageObject","inLanguage":"sv-SE","@id":"https:\/\/www.a-laiturit.fi\/sv\/gor-det-sjalv\/reparation-av-betongstrukturer\/#primaryimage","url":"https:\/\/www.a-laiturit.fi\/wp-content\/uploads\/2018\/10\/tee_se_itse_laituri.jpg","contentUrl":"https:\/\/www.a-laiturit.fi\/wp-content\/uploads\/2018\/10\/tee_se_itse_laituri.jpg"},{"@type":"BreadcrumbList","@id":"https:\/\/www.a-laiturit.fi\/sv\/gor-det-sjalv\/reparation-av-betongstrukturer\/#breadcrumb","itemListElement":[{"@type":"ListItem","position":1,"name":"Home","item":"https:\/\/www.a-laiturit.fi\/sv\/"},{"@type":"ListItem","position":2,"name":"G\u00f6r-det-sj\u00e4lv","item":"https:\/\/www.a-laiturit.fi\/sv\/gor-det-sjalv\/"},{"@type":"ListItem","position":3,"name":"Reparation av betongstrukturer"}]},{"@type":"WebSite","@id":"https:\/\/www.a-laiturit.fi\/sv\/#website","url":"https:\/\/www.a-laiturit.fi\/sv\/","name":"A-Laiturit","description":"Me A-Laitureissa suunnittelemme ja toteutamme juuri Sinun tarpeisiisi ja rantaasi sopivan laiturin, joka kest\u00e4\u00e4. Vuosikymmenten kokemuksella voimme sanoa: &quot;Me osaamme laiturit!&quot;","publisher":{"@id":"https:\/\/www.a-laiturit.fi\/sv\/#organization"},"potentialAction":[{"@type":"SearchAction","target":{"@type":"EntryPoint","urlTemplate":"https:\/\/www.a-laiturit.fi\/sv\/?s={search_term_string}"},"query-input":{"@type":"PropertyValueSpecification","valueRequired":true,"valueName":"search_term_string"}}],"inLanguage":"sv-SE"},{"@type":"Organization","@id":"https:\/\/www.a-laiturit.fi\/sv\/#organization","name":"A-laiturit Oy","url":"https:\/\/www.a-laiturit.fi\/sv\/","logo":{"@type":"ImageObject","inLanguage":"sv-SE","@id":"https:\/\/www.a-laiturit.fi\/sv\/#\/schema\/logo\/image\/","url":"https:\/\/www.a-laiturit.fi\/wp-content\/uploads\/2018\/10\/alaiturit_vari_favicon.png","contentUrl":"https:\/\/www.a-laiturit.fi\/wp-content\/uploads\/2018\/10\/alaiturit_vari_favicon.png","width":512,"height":512,"caption":"A-laiturit Oy"},"image":{"@id":"https:\/\/www.a-laiturit.fi\/sv\/#\/schema\/logo\/image\/"},"sameAs":["https:\/\/www.facebook.com\/alaiturit\/","https:\/\/www.youtube.com\/channel\/UCPCnVbx3R7RICl-bGS91dEA"]}]}},"_links":{"self":[{"href":"https:\/\/www.a-laiturit.fi\/sv\/wp-json\/wp\/v2\/pages\/5691","targetHints":{"allow":["GET"]}}],"collection":[{"href":"https:\/\/www.a-laiturit.fi\/sv\/wp-json\/wp\/v2\/pages"}],"about":[{"href":"https:\/\/www.a-laiturit.fi\/sv\/wp-json\/wp\/v2\/types\/page"}],"author":[{"embeddable":true,"href":"https:\/\/www.a-laiturit.fi\/sv\/wp-json\/wp\/v2\/users\/1"}],"replies":[{"embeddable":true,"href":"https:\/\/www.a-laiturit.fi\/sv\/wp-json\/wp\/v2\/comments?post=5691"}],"version-history":[{"count":9,"href":"https:\/\/www.a-laiturit.fi\/sv\/wp-json\/wp\/v2\/pages\/5691\/revisions"}],"predecessor-version":[{"id":9943,"href":"https:\/\/www.a-laiturit.fi\/sv\/wp-json\/wp\/v2\/pages\/5691\/revisions\/9943"}],"up":[{"embeddable":true,"href":"https:\/\/www.a-laiturit.fi\/sv\/wp-json\/wp\/v2\/pages\/5528"}],"wp:attachment":[{"href":"https:\/\/www.a-laiturit.fi\/sv\/wp-json\/wp\/v2\/media?parent=5691"}],"curies":[{"name":"wp","href":"https:\/\/api.w.org\/{rel}","templated":true}]}}