{"id":5554,"date":"2018-11-29T12:49:32","date_gmt":"2018-11-29T10:49:32","guid":{"rendered":"https:\/\/www.a-laiturit.fi\/kontakt\/"},"modified":"2026-02-24T11:32:07","modified_gmt":"2026-02-24T09:32:07","slug":"kontakt","status":"publish","type":"page","link":"https:\/\/www.a-laiturit.fi\/sv\/kontakt\/","title":{"rendered":"Kontakt"},"content":{"rendered":"\n<figure itemscope itemtype=\"https:\/\/schema.org\/ImageObject\">\n\t\t\t\t<img decoding=\"async\" src=\"https:\/\/www.a-laiturit.fi\/wp-content\/uploads\/2018\/10\/kuluttajasivujen-kuva-scaled.jpg\" alt=\"Kuluttajasivujen kuva\" height=\"1440\" width=\"2560\" title=\"Kuluttajasivujen kuva\" onerror=\"this.style.display='none'\" loading=\"lazy\" \/>\n\t<\/figure>\n<h1>\n\t\t\tV\u00e5ra experter p\u00e5 bryggor\t<\/h1>\n\t<div class=\"menu-paavalikko-sv-container\"><ul id=\"alaiturit-sivulinkit\" class=\"sivupalkinlinkit\"><li id=\"menu-item-5764\" class=\"menu-item menu-item-type-post_type menu-item-object-page menu-item-5764\"><a href=\"https:\/\/www.a-laiturit.fi\/sv\/kontakt\/aterforsaljare\/\">\u00c5terf\u00f6rs\u00e4ljare<\/a><\/li>\n<li id=\"menu-item-6002\" class=\"menu-item menu-item-type-post_type menu-item-object-page menu-item-6002\"><a href=\"https:\/\/www.a-laiturit.fi\/sv\/kontakt\/kontaktformular\/\">Kontaktformul\u00e4r<\/a><\/li>\n<\/ul><\/div>\n\t<ul>\n<li><img decoding=\"async\" src=\"https:\/\/www.a-laiturit.fi\/wp-content\/uploads\/2023\/10\/hannu-ylarinne-200x300.jpg\" alt=\"\" width=\"200\" height=\"300\" \/><\/li>\n<li>Hannu Yl\u00e4rinne<\/li>\n<li>Verkst\u00e4llande direkt\u00f6r<\/li>\n<li><a href=\"tel:+358\u00a0400 435 638\">+358\u00a0400 435 638<\/a><br \/>\nhannu.ylarinne@a-laiturit.fi<\/li>\n<\/ul>\n\t<ul>\n<li><img decoding=\"async\" src=\"https:\/\/www.a-laiturit.fi\/wp-content\/uploads\/2023\/10\/anna-rintala-200x300.jpg\" alt=\"\" width=\"200\" height=\"300\" \/><\/li>\n<li>Anna Rintala<\/li>\n<li>Ekonomichef<\/li>\n<li><a href=\"tel:+358\u00a050 560 1079\">+358\u00a050 560 1079<\/a><br \/>\nanna.rintala@a-laiturit.fi<\/li>\n<\/ul>\n\t<ul>\n<li><img decoding=\"async\" src=\"https:\/\/www.a-laiturit.fi\/wp-content\/uploads\/2024\/01\/4k7a4576_1-200x300.jpg\" alt=\"\" width=\"200\" height=\"300\" \/><\/li>\n<li>Jutta Komeri<\/li>\n<li>Executiv assistent<\/li>\n<li><a href=\"tel:+358\u00a041 730 4068\">+358\u00a041 730 4068<\/a><br \/>\njutta.komeri@a-laiturit.fi<\/li>\n<\/ul>\n\t<ul>\n<li><img decoding=\"async\" src=\"https:\/\/www.a-laiturit.fi\/wp-content\/uploads\/2023\/10\/raimo-koskinen-200x300.jpg\" alt=\"\" width=\"200\" height=\"300\" \/><\/li>\n<li>Raimo Koskinen<\/li>\n<li>F\u00f6rs\u00e4ljning<\/li>\n<li><a href=\"tel:+358 45 6703 601\">+358 45 6703 601<\/a><br \/>\nraimo.koskinen@a-laiturit.fi<\/li>\n<\/ul>\n\t<ul>\n<li><img decoding=\"async\" src=\"https:\/\/www.a-laiturit.fi\/wp-content\/uploads\/2023\/10\/mika-murto-200x300.jpg\" alt=\"\" width=\"200\" height=\"300\" \/><\/li>\n<li>Mika Murto<\/li>\n<li>F\u00f6rs\u00e4ljning<\/li>\n<li><a href=\"tel: +358 45 6703 602\">+358 45 6703 602<\/a><br \/>\nmika.murto@a-laiturit.fi<\/li>\n<\/ul>\n\t<ul>\n<li><img decoding=\"async\" src=\"https:\/\/www.a-laiturit.fi\/wp-content\/uploads\/2023\/10\/ville-vuorio-200x300.jpg\" alt=\"\" width=\"200\" height=\"300\" \/><\/li>\n<li>Ville Vuorio<\/li>\n<li>F\u00f6rs\u00e4ljning<\/li>\n<li><a href=\"tel: +358 44 7553 315\">+358 44 7553 315<\/a><br \/>\nville.vuorio@a-laiturit.fi<\/li>\n<\/ul>\n\t<ul>\n<li><img decoding=\"async\" src=\"https:\/\/www.a-laiturit.fi\/wp-content\/uploads\/2023\/10\/iiro-lehtinen-200x300.jpg\" alt=\"\" width=\"200\" height=\"300\" \/><\/li>\n<li>Iiro Lehtinen<\/li>\n<li>F\u00f6rs\u00e4ljning<\/li>\n<li><a href=\"tel: +358 45 670 3604\">+358 45 670 3604<\/a><br \/>\niiro.lehtinen@a-laiturit.fi<\/li>\n<\/ul>\n\t<ul>\n<li><img decoding=\"async\" src=\"https:\/\/www.a-laiturit.fi\/wp-content\/uploads\/2023\/10\/maarit-haapamaki-200x300.jpg\" alt=\"\" width=\"200\" height=\"300\" \/><\/li>\n<li>Maarit Haapam\u00e4ki<\/li>\n<li>F\u00f6rs\u00e4ljningsassistent<\/li>\n<li><a href=\"tel:+358 44 988 5887\">+358 44 988 5887<\/a><br \/>\nmaarit.haapamaki@a-laiturit.fi<\/li>\n<\/ul>\n\t<ul>\n<li><img decoding=\"async\" src=\"https:\/\/www.a-laiturit.fi\/wp-content\/uploads\/2025\/12\/miro-lappi-custom-202x300.jpg\" alt=\"Miro Lappi\" width=\"202\" height=\"300\" \/><\/li>\n<li>Miro Lappi<\/li>\n<li>Projektkoordinator<\/li>\n<li><a href=\"http:\/\/+358 44 493 5978\">+358 44 493 5978<\/a><br \/>\nmiro.lappi@a-laiturit.fi<\/li>\n<\/ul>\n\t<ul>\n<li><img decoding=\"async\" src=\"https:\/\/www.a-laiturit.fi\/wp-content\/uploads\/2023\/10\/tuomas-ruohonen-200x300.jpg\" alt=\"\" width=\"200\" height=\"300\" \/><\/li>\n<li>Tuomas Ruohonen<\/li>\n<li>Produktionschef<\/li>\n<li><a href=\"tel:+358 44 9885 866\">+358 44 9885 866<\/a><br \/>\ntuomas.ruohonen@a-laiturit.fi<\/li>\n<\/ul>\n\t<ul>\n<li><img decoding=\"async\" src=\"https:\/\/www.a-laiturit.fi\/wp-content\/uploads\/2025\/12\/miro-lappi-custom-202x300.jpg\" alt=\"Miro Lappi\" width=\"202\" height=\"300\" \/><\/li>\n<li>A-Laiturit Huolto Oy<\/li>\n<li>Miro Lappi<\/li>\n<li>Projektkoordinator<\/li>\n<li><a href=\"tel:+358 44 493 5978\">+358 44 493 5978<\/a><br \/>\nmiro.lappi@a-laiturit.fi<\/li>\n<\/ul>\n\t<h3>A-LAITURIT OY<\/h3>\nVoudinkatu 39, 21200 Raisio, Finland<br \/>\ntel:\u00a0<a href=\"tel:+358207433100\">020 7433 100<\/a><br \/>\ne-post: <a href=\"mailto:info@a-laiturit.fi\">info@a-laiturit.fi<\/a>\n<h3>BUTIK \u00d6PPEN<\/h3>\n<p>m\u00e5n-fre 8-16<\/p>\n<p>Upph\u00e4mtningen av varan kan ocks\u00e5 ordnas vid andra tillf\u00e4llen<\/p>\n\n","protected":false},"excerpt":{"rendered":"<p>V\u00e5ra experter p\u00e5 bryggor Hannu Yl\u00e4rinne Verkst\u00e4llande direkt\u00f6r +358\u00a0400 435 638 hannu.ylarinne@a-laiturit.fi Anna Rintala Ekonomichef +358\u00a050 560 1079 anna.rintala@a-laiturit.fi Jutta Komeri Executiv assistent +358\u00a041 730 4068 jutta.komeri@a-laiturit.fi Raimo Koskinen F\u00f6rs\u00e4ljning +358 45 6703 601 raimo.koskinen@a-laiturit.fi Mika Murto F\u00f6rs\u00e4ljning +358 45 6703 602 mika.murto@a-laiturit.fi Ville Vuorio F\u00f6rs\u00e4ljning +358 44 7553 315 ville.vuorio@a-laiturit.fi Iiro Lehtinen F\u00f6rs\u00e4ljning +358 [&hellip;]<\/p>\n","protected":false},"author":1,"featured_media":0,"parent":0,"menu_order":0,"comment_status":"closed","ping_status":"closed","template":"","meta":{"_acf_changed":false,"footnotes":""},"class_list":["post-5554","page","type-page","status-publish","hentry"],"acf":[],"yoast_head":"<title>Kontakta v\u00e5ra experter p\u00e5 bryggor - A-Laiturit<\/title>\n<meta name=\"description\" content=\"Kontakta oss s\u00e5 hj\u00e4lper vi till med planeringen av den r\u00e4tta bryggan f\u00f6r just Dig!\" \/>\n<meta name=\"robots\" content=\"index, follow, max-snippet:-1, max-image-preview:large, max-video-preview:-1\" \/>\n<link rel=\"canonical\" href=\"https:\/\/www.a-laiturit.fi\/sv\/kontakt\/\" \/>\n<meta property=\"og:locale\" content=\"sv_SE\" \/>\n<meta property=\"og:type\" content=\"article\" \/>\n<meta property=\"og:title\" content=\"Kontakta v\u00e5ra experter p\u00e5 bryggor - A-Laiturit\" \/>\n<meta property=\"og:description\" content=\"Kontakta oss s\u00e5 hj\u00e4lper vi till med planeringen av den r\u00e4tta bryggan f\u00f6r just Dig!\" \/>\n<meta property=\"og:url\" content=\"https:\/\/www.a-laiturit.fi\/sv\/kontakt\/\" \/>\n<meta property=\"og:site_name\" content=\"A-Laiturit\" \/>\n<meta property=\"article:publisher\" content=\"https:\/\/www.facebook.com\/alaiturit\/\" \/>\n<meta property=\"article:modified_time\" content=\"2026-02-24T09:32:07+00:00\" \/>\n<meta property=\"og:image\" content=\"https:\/\/www.a-laiturit.fi\/wp-content\/uploads\/2018\/10\/kuluttajasivujen-kuva-scaled.jpg\" \/>\n<meta name=\"twitter:label1\" content=\"Ber\u00e4knad l\u00e4stid\" \/>\n\t<meta name=\"twitter:data1\" content=\"1 minut\" \/>\n<script type=\"application\/ld+json\" class=\"yoast-schema-graph\">{\"@context\":\"https:\\\/\\\/schema.org\",\"@graph\":[{\"@type\":\"WebPage\",\"@id\":\"https:\\\/\\\/www.a-laiturit.fi\\\/sv\\\/kontakt\\\/\",\"url\":\"https:\\\/\\\/www.a-laiturit.fi\\\/sv\\\/kontakt\\\/\",\"name\":\"Kontakta v\u00e5ra experter p\u00e5 bryggor - A-Laiturit\",\"isPartOf\":{\"@id\":\"https:\\\/\\\/www.a-laiturit.fi\\\/sv\\\/#website\"},\"primaryImageOfPage\":{\"@id\":\"https:\\\/\\\/www.a-laiturit.fi\\\/sv\\\/kontakt\\\/#primaryimage\"},\"image\":{\"@id\":\"https:\\\/\\\/www.a-laiturit.fi\\\/sv\\\/kontakt\\\/#primaryimage\"},\"thumbnailUrl\":\"https:\\\/\\\/www.a-laiturit.fi\\\/wp-content\\\/uploads\\\/2018\\\/10\\\/kuluttajasivujen-kuva-scaled.jpg\",\"datePublished\":\"2018-11-29T10:49:32+00:00\",\"dateModified\":\"2026-02-24T09:32:07+00:00\",\"description\":\"Kontakta oss s\u00e5 hj\u00e4lper vi till med planeringen av den r\u00e4tta bryggan f\u00f6r just Dig!\",\"breadcrumb\":{\"@id\":\"https:\\\/\\\/www.a-laiturit.fi\\\/sv\\\/kontakt\\\/#breadcrumb\"},\"inLanguage\":\"sv-SE\",\"potentialAction\":[{\"@type\":\"ReadAction\",\"target\":[\"https:\\\/\\\/www.a-laiturit.fi\\\/sv\\\/kontakt\\\/\"]}]},{\"@type\":\"ImageObject\",\"inLanguage\":\"sv-SE\",\"@id\":\"https:\\\/\\\/www.a-laiturit.fi\\\/sv\\\/kontakt\\\/#primaryimage\",\"url\":\"https:\\\/\\\/www.a-laiturit.fi\\\/wp-content\\\/uploads\\\/2018\\\/10\\\/kuluttajasivujen-kuva-scaled.jpg\",\"contentUrl\":\"https:\\\/\\\/www.a-laiturit.fi\\\/wp-content\\\/uploads\\\/2018\\\/10\\\/kuluttajasivujen-kuva-scaled.jpg\"},{\"@type\":\"BreadcrumbList\",\"@id\":\"https:\\\/\\\/www.a-laiturit.fi\\\/sv\\\/kontakt\\\/#breadcrumb\",\"itemListElement\":[{\"@type\":\"ListItem\",\"position\":1,\"name\":\"Home\",\"item\":\"https:\\\/\\\/www.a-laiturit.fi\\\/sv\\\/\"},{\"@type\":\"ListItem\",\"position\":2,\"name\":\"Kontakt\"}]},{\"@type\":\"WebSite\",\"@id\":\"https:\\\/\\\/www.a-laiturit.fi\\\/sv\\\/#website\",\"url\":\"https:\\\/\\\/www.a-laiturit.fi\\\/sv\\\/\",\"name\":\"A-Laiturit\",\"description\":\"Me A-Laitureissa suunnittelemme ja toteutamme juuri Sinun tarpeisiisi ja rantaasi sopivan laiturin, joka kest\u00e4\u00e4. Vuosikymmenten kokemuksella voimme sanoa: &quot;Me osaamme laiturit!&quot;\",\"publisher\":{\"@id\":\"https:\\\/\\\/www.a-laiturit.fi\\\/sv\\\/#organization\"},\"potentialAction\":[{\"@type\":\"SearchAction\",\"target\":{\"@type\":\"EntryPoint\",\"urlTemplate\":\"https:\\\/\\\/www.a-laiturit.fi\\\/sv\\\/?s={search_term_string}\"},\"query-input\":{\"@type\":\"PropertyValueSpecification\",\"valueRequired\":true,\"valueName\":\"search_term_string\"}}],\"inLanguage\":\"sv-SE\"},{\"@type\":\"Organization\",\"@id\":\"https:\\\/\\\/www.a-laiturit.fi\\\/sv\\\/#organization\",\"name\":\"A-laiturit Oy\",\"url\":\"https:\\\/\\\/www.a-laiturit.fi\\\/sv\\\/\",\"logo\":{\"@type\":\"ImageObject\",\"inLanguage\":\"sv-SE\",\"@id\":\"https:\\\/\\\/www.a-laiturit.fi\\\/sv\\\/#\\\/schema\\\/logo\\\/image\\\/\",\"url\":\"https:\\\/\\\/www.a-laiturit.fi\\\/wp-content\\\/uploads\\\/2018\\\/10\\\/alaiturit_vari_favicon.png\",\"contentUrl\":\"https:\\\/\\\/www.a-laiturit.fi\\\/wp-content\\\/uploads\\\/2018\\\/10\\\/alaiturit_vari_favicon.png\",\"width\":512,\"height\":512,\"caption\":\"A-laiturit Oy\"},\"image\":{\"@id\":\"https:\\\/\\\/www.a-laiturit.fi\\\/sv\\\/#\\\/schema\\\/logo\\\/image\\\/\"},\"sameAs\":[\"https:\\\/\\\/www.facebook.com\\\/alaiturit\\\/\",\"https:\\\/\\\/www.youtube.com\\\/channel\\\/UCPCnVbx3R7RICl-bGS91dEA\"]}]}<\/script>","yoast_head_json":{"title":"Kontakta v\u00e5ra experter p\u00e5 bryggor - A-Laiturit","description":"Kontakta oss s\u00e5 hj\u00e4lper vi till med planeringen av den r\u00e4tta bryggan f\u00f6r just Dig!","robots":{"index":"index","follow":"follow","max-snippet":"max-snippet:-1","max-image-preview":"max-image-preview:large","max-video-preview":"max-video-preview:-1"},"canonical":"https:\/\/www.a-laiturit.fi\/sv\/kontakt\/","og_locale":"sv_SE","og_type":"article","og_title":"Kontakta v\u00e5ra experter p\u00e5 bryggor - A-Laiturit","og_description":"Kontakta oss s\u00e5 hj\u00e4lper vi till med planeringen av den r\u00e4tta bryggan f\u00f6r just Dig!","og_url":"https:\/\/www.a-laiturit.fi\/sv\/kontakt\/","og_site_name":"A-Laiturit","article_publisher":"https:\/\/www.facebook.com\/alaiturit\/","article_modified_time":"2026-02-24T09:32:07+00:00","og_image":[{"url":"https:\/\/www.a-laiturit.fi\/wp-content\/uploads\/2018\/10\/kuluttajasivujen-kuva-scaled.jpg","type":"","width":"","height":""}],"twitter_misc":{"Ber\u00e4knad l\u00e4stid":"1 minut"},"schema":{"@context":"https:\/\/schema.org","@graph":[{"@type":"WebPage","@id":"https:\/\/www.a-laiturit.fi\/sv\/kontakt\/","url":"https:\/\/www.a-laiturit.fi\/sv\/kontakt\/","name":"Kontakta v\u00e5ra experter p\u00e5 bryggor - A-Laiturit","isPartOf":{"@id":"https:\/\/www.a-laiturit.fi\/sv\/#website"},"primaryImageOfPage":{"@id":"https:\/\/www.a-laiturit.fi\/sv\/kontakt\/#primaryimage"},"image":{"@id":"https:\/\/www.a-laiturit.fi\/sv\/kontakt\/#primaryimage"},"thumbnailUrl":"https:\/\/www.a-laiturit.fi\/wp-content\/uploads\/2018\/10\/kuluttajasivujen-kuva-scaled.jpg","datePublished":"2018-11-29T10:49:32+00:00","dateModified":"2026-02-24T09:32:07+00:00","description":"Kontakta oss s\u00e5 hj\u00e4lper vi till med planeringen av den r\u00e4tta bryggan f\u00f6r just Dig!","breadcrumb":{"@id":"https:\/\/www.a-laiturit.fi\/sv\/kontakt\/#breadcrumb"},"inLanguage":"sv-SE","potentialAction":[{"@type":"ReadAction","target":["https:\/\/www.a-laiturit.fi\/sv\/kontakt\/"]}]},{"@type":"ImageObject","inLanguage":"sv-SE","@id":"https:\/\/www.a-laiturit.fi\/sv\/kontakt\/#primaryimage","url":"https:\/\/www.a-laiturit.fi\/wp-content\/uploads\/2018\/10\/kuluttajasivujen-kuva-scaled.jpg","contentUrl":"https:\/\/www.a-laiturit.fi\/wp-content\/uploads\/2018\/10\/kuluttajasivujen-kuva-scaled.jpg"},{"@type":"BreadcrumbList","@id":"https:\/\/www.a-laiturit.fi\/sv\/kontakt\/#breadcrumb","itemListElement":[{"@type":"ListItem","position":1,"name":"Home","item":"https:\/\/www.a-laiturit.fi\/sv\/"},{"@type":"ListItem","position":2,"name":"Kontakt"}]},{"@type":"WebSite","@id":"https:\/\/www.a-laiturit.fi\/sv\/#website","url":"https:\/\/www.a-laiturit.fi\/sv\/","name":"A-Laiturit","description":"Me A-Laitureissa suunnittelemme ja toteutamme juuri Sinun tarpeisiisi ja rantaasi sopivan laiturin, joka kest\u00e4\u00e4. Vuosikymmenten kokemuksella voimme sanoa: &quot;Me osaamme laiturit!&quot;","publisher":{"@id":"https:\/\/www.a-laiturit.fi\/sv\/#organization"},"potentialAction":[{"@type":"SearchAction","target":{"@type":"EntryPoint","urlTemplate":"https:\/\/www.a-laiturit.fi\/sv\/?s={search_term_string}"},"query-input":{"@type":"PropertyValueSpecification","valueRequired":true,"valueName":"search_term_string"}}],"inLanguage":"sv-SE"},{"@type":"Organization","@id":"https:\/\/www.a-laiturit.fi\/sv\/#organization","name":"A-laiturit Oy","url":"https:\/\/www.a-laiturit.fi\/sv\/","logo":{"@type":"ImageObject","inLanguage":"sv-SE","@id":"https:\/\/www.a-laiturit.fi\/sv\/#\/schema\/logo\/image\/","url":"https:\/\/www.a-laiturit.fi\/wp-content\/uploads\/2018\/10\/alaiturit_vari_favicon.png","contentUrl":"https:\/\/www.a-laiturit.fi\/wp-content\/uploads\/2018\/10\/alaiturit_vari_favicon.png","width":512,"height":512,"caption":"A-laiturit Oy"},"image":{"@id":"https:\/\/www.a-laiturit.fi\/sv\/#\/schema\/logo\/image\/"},"sameAs":["https:\/\/www.facebook.com\/alaiturit\/","https:\/\/www.youtube.com\/channel\/UCPCnVbx3R7RICl-bGS91dEA"]}]}},"_links":{"self":[{"href":"https:\/\/www.a-laiturit.fi\/sv\/wp-json\/wp\/v2\/pages\/5554","targetHints":{"allow":["GET"]}}],"collection":[{"href":"https:\/\/www.a-laiturit.fi\/sv\/wp-json\/wp\/v2\/pages"}],"about":[{"href":"https:\/\/www.a-laiturit.fi\/sv\/wp-json\/wp\/v2\/types\/page"}],"author":[{"embeddable":true,"href":"https:\/\/www.a-laiturit.fi\/sv\/wp-json\/wp\/v2\/users\/1"}],"replies":[{"embeddable":true,"href":"https:\/\/www.a-laiturit.fi\/sv\/wp-json\/wp\/v2\/comments?post=5554"}],"version-history":[{"count":11,"href":"https:\/\/www.a-laiturit.fi\/sv\/wp-json\/wp\/v2\/pages\/5554\/revisions"}],"predecessor-version":[{"id":13391,"href":"https:\/\/www.a-laiturit.fi\/sv\/wp-json\/wp\/v2\/pages\/5554\/revisions\/13391"}],"wp:attachment":[{"href":"https:\/\/www.a-laiturit.fi\/sv\/wp-json\/wp\/v2\/media?parent=5554"}],"curies":[{"name":"wp","href":"https:\/\/api.w.org\/{rel}","templated":true}]}}