{"id":5531,"date":"2018-11-29T12:39:58","date_gmt":"2018-11-29T10:39:58","guid":{"rendered":"https:\/\/www.a-laiturit.fi\/brochyrer-och-videor\/"},"modified":"2023-10-19T14:59:43","modified_gmt":"2023-10-19T11:59:43","slug":"brochyrer-och-videor","status":"publish","type":"page","link":"https:\/\/www.a-laiturit.fi\/sv\/foretagsinfo\/brochyrer-och-videor\/","title":{"rendered":"Brochyrer och videor"},"content":{"rendered":"\n\n\t\t\t\t<img decoding=\"async\" src=\"https:\/\/www.a-laiturit.fi\/wp-content\/uploads\/2018\/10\/alaiturit_myymala_ulkoaylhaalta.jpg\" alt=\"A-laiturit myym\u00e4l\u00e4 ulkokuva\" itemprop=\"image\" height=\"500\" width=\"1920\" title=\"A-laiturit myym\u00e4l\u00e4 ulkokuva\" onerror=\"this.style.display='none'\"  \/>\n<h1>\n\t\tEsitteet\n\t<\/h1>\n\t<div class=\"menu-paavalikko-sv-container\"><ul id=\"alaiturit-sivulinkit\" class=\"sivupalkinlinkit\"><li id=\"menu-item-5763\" class=\"menu-item menu-item-type-post_type menu-item-object-page menu-item-5763\"><a href=\"https:\/\/www.a-laiturit.fi\/sv\/foretagsinfo\/brochyrer-och-videor\/\">Brochyrer och videor<\/a><\/li>\n<\/ul><\/div>\n\t<h2>Brochyrer<\/h2>\n<h4>\n\t\tA-Laituri brochyr (p\u00e5 finska)\n\t<\/h4>\n\t\t\t\t<a href=\"https:\/\/indd.adobe.com\/view\/3ad34774-21d8-4e71-9556-5f4c4454d00f\" target=\"_blank\" rel=\"noopener\" itemprop=\"url\">\n\t\t\t\t<img decoding=\"async\" src=\"https:\/\/www.a-laiturit.fi\/wp-content\/uploads\/2022\/01\/esite-2022-kansi-custom.jpg\" alt=\"Esite 2022 kansi \" itemprop=\"image\" height=\"391\" width=\"566\" title=\"Esite 2022 kansi (Custom)\" onerror=\"this.style.display='none'\"  \/>\n\t\t\t\t<\/a>\n<h4>\n\t\tReferensbroschyr (p\u00e5 finska)\n\t<\/h4>\n\t\t\t\t<a href=\"http:\/\/www.e-julkaisu.fi\/a-laiturit\/referenssit_huvila-laiturit\/\" target=\"_blank\" rel=\"noopener\" itemprop=\"url\">\n\t\t\t\t<img decoding=\"async\" src=\"https:\/\/www.a-laiturit.fi\/wp-content\/uploads\/2018\/11\/A-laiturit-huvilalaiturit-referenssit.png\" alt=\"A-Laitureiden referenssit huvilaiturit\" itemprop=\"image\" height=\"391\" width=\"578\" title=\"A-laiturit-huvilalaiturit-referenssit\" onerror=\"this.style.display='none'\"  \/>\n\t\t\t\t<\/a>\n<h4>\n\t\tTips f\u00f6r stranden och bryggan (p\u00e5 finska)\n\t<\/h4>\n\t\t\t\t<a href=\"https:\/\/files.acrobat.com\/a\/preview\/299bc76d-1527-4ba2-b4f3-0dd64942fd73\" target=\"_blank\" rel=\"noopener\" itemprop=\"url\">\n\t\t\t\t<img decoding=\"async\" src=\"https:\/\/www.a-laiturit.fi\/wp-content\/uploads\/2018\/11\/rannan-omistajan-abc.png\" alt=\"Rannan omistajan abc -opas\" itemprop=\"image\" height=\"391\" width=\"578\" title=\"rannan-omistajan-abc\" onerror=\"this.style.display='none'\"  \/>\n\t\t\t\t<\/a>\n<h4>\n\t\tKomplett tillbeh\u00f6rs katalog (p\u00e5 engelska)\n\t<\/h4>\n\t\t\t\t<a href=\"http:\/\/www.e-julkaisu.fi\/a-marinas\/dock_accessories_2016-2017\/\" target=\"_blank\" rel=\"noopener\" itemprop=\"url\">\n\t\t\t\t<img decoding=\"async\" src=\"https:\/\/www.a-laiturit.fi\/wp-content\/uploads\/2018\/11\/dock-accessories.png\" alt=\"A-Laiturit Dock Accessories\" itemprop=\"image\" height=\"391\" width=\"578\" title=\"dock-accessories\" onerror=\"this.style.display='none'\"  \/>\n\t\t\t\t<\/a>\n\t\n\t<h2>Videor (p\u00e5 finska)<\/h2>\n<h3>\n\t\tPresentations videor\n\t<\/h3>\n<h4>\n\t\tPlanering och installation av bryggan\n\t<\/h4>\n\t<iframe width=\"854\" height=\"480\" src=\"https:\/\/www.youtube.com\/embed\/5fuBZDSh5Fo\" frameborder=\"0\" allow=\"autoplay; encrypted-media\" allowfullscreen><\/iframe>\n<h4>\n\t\tM-serien\n\t<\/h4>\n\t<iframe width=\"854\" height=\"480\" src=\"https:\/\/www.youtube.com\/embed\/Z7hWR8HVy88\" frameborder=\"0\" allow=\"autoplay; encrypted-media\" allowfullscreen><\/iframe>\n<h4>\n\t\tService p\u00e5 brygga\n\t<\/h4>\n\t<iframe width=\"854\" height=\"480\" src=\"https:\/\/www.youtube.com\/embed\/J0Ut0X1IL4g\" frameborder=\"0\" allow=\"autoplay; encrypted-media\" allowfullscreen><\/iframe>\n<h4>\n\t\tMX-serien\n\t<\/h4>\n\t<iframe width=\"854\" height=\"480\" src=\"https:\/\/www.youtube.com\/embed\/KSVL3R5Cq8w\" frameborder=\"0\" allow=\"autoplay; encrypted-media\" allowfullscreen><\/iframe>\n<h4>\n\t\tA-serien\n\t<\/h4>\n\t<iframe width=\"854\" height=\"480\" src=\"https:\/\/www.youtube.com\/embed\/9EE2Cz2PEpA\" frameborder=\"0\" allow=\"autoplay; encrypted-media\" allowfullscreen><\/iframe>\n<h3>\n\t\tBryggskola\n\t<\/h3>\n<h4>\n\t\tBetong vattenlinjen\n\t<\/h4>\n\t<iframe width=\"854\" height=\"480\" src=\"https:\/\/www.youtube.com\/embed\/_1OZym409K4\" frameborder=\"0\" allow=\"autoplay; encrypted-media\" allowfullscreen><\/iframe>\n<h4>\n\t\tBryggor\n\t<\/h4>\n\t<iframe width=\"854\" height=\"480\" src=\"https:\/\/www.youtube.com\/embed\/t79DYJ2jygY\" frameborder=\"0\" allow=\"autoplay; encrypted-media\" allowfullscreen><\/iframe>\n<h4>\n\t\tBryggor\n\t<\/h4>\n\t<iframe width=\"854\" height=\"480\" src=\"https:\/\/www.youtube.com\/embed\/3-E3xxzBPNE\" frameborder=\"0\" allow=\"autoplay; encrypted-media\" allowfullscreen><\/iframe>\n<h4>\n\t\tB\u00e5tslip\n\t<\/h4>\n\t<iframe width=\"854\" height=\"480\" src=\"https:\/\/www.youtube.com\/embed\/42Zq9qDpAQk\" frameborder=\"0\" allow=\"autoplay; encrypted-media\" allowfullscreen><\/iframe>\n<h4>\n\t\tK\u00e4ttingzink\n\t<\/h4>\n\t<iframe width=\"854\" height=\"480\" src=\"https:\/\/www.youtube.com\/embed\/h5a-62noEzs\" frameborder=\"0\" allow=\"autoplay; encrypted-media\" allowfullscreen><\/iframe>\n<h4>\n\t\tTj\u00e4nsten\n\t<\/h4>\n\t<iframe width=\"854\" height=\"480\" src=\"https:\/\/www.youtube.com\/embed\/PLlQQzwrfjI\" frameborder=\"0\" allow=\"autoplay; encrypted-media\" allowfullscreen><\/iframe>\n<h4>\n\t\tB\u00f6jar\n\t<\/h4>\n\t<iframe width=\"854\" height=\"480\" src=\"https:\/\/www.youtube.com\/embed\/PTWeco4Lg4o\" frameborder=\"0\" allow=\"autoplay; encrypted-media\" allowfullscreen><\/iframe>\n<h4>\n\t\tLippalaituris markst\u00f6d\n\t<\/h4>\n\t<iframe width=\"854\" height=\"480\" src=\"https:\/\/www.youtube.com\/embed\/8doJOnG9zk0\" frameborder=\"0\" allow=\"autoplay; encrypted-media\" allowfullscreen><\/iframe>\n<h4>\n\t\tVinylsponten\n\t<\/h4>\n\t<iframe width=\"854\" height=\"480\" src=\"https:\/\/www.youtube.com\/embed\/5JAtj7v9Fks\" frameborder=\"0\" allow=\"autoplay; encrypted-media\" allowfullscreen><\/iframe>\n<h4>\n\t\tSkruvp\u00e5le\n\t<\/h4>\n\t<iframe width=\"854\" height=\"480\" src=\"https:\/\/www.youtube.com\/embed\/KapnUOINwiY\" frameborder=\"0\" allow=\"autoplay; encrypted-media\" allowfullscreen><\/iframe>\n<h4>\n\t\tKonsolbalk\n\t<\/h4>\n\t<iframe width=\"854\" height=\"480\" src=\"https:\/\/www.youtube.com\/embed\/bS8Zid11DD0\" frameborder=\"0\" allow=\"autoplay; encrypted-media\" allowfullscreen><\/iframe>\n<h3>\n\t\tInstallation videor\n\t<\/h3>\n<h4>\n\t\tBojar\n\t<\/h4>\n\t<iframe width=\"854\" height=\"480\" src=\"https:\/\/www.youtube.com\/embed\/YrugcjsstH4\" frameborder=\"0\" allow=\"autoplay; encrypted-media\" allowfullscreen><\/iframe>\n<h4>\n\t\tBadstege (1\/2)\n\t<\/h4>\n\t<iframe width=\"854\" height=\"480\" src=\"https:\/\/www.youtube.com\/embed\/BMmCRURRG84\" frameborder=\"0\" allow=\"autoplay; encrypted-media\" allowfullscreen><\/iframe>\n<h4>\n\t\tGabion\n\t<\/h4>\n\t<iframe width=\"854\" height=\"480\" src=\"https:\/\/www.youtube.com\/embed\/wL97LvYI7Uw\" frameborder=\"0\" allow=\"autoplay; encrypted-media\" allowfullscreen><\/iframe>\n<h4>\n\t\tBoj installation\n\t<\/h4>\n\t<iframe width=\"854\" height=\"480\" src=\"https:\/\/www.youtube.com\/embed\/-qSCOBx5OFY\" frameborder=\"0\" allow=\"autoplay; encrypted-media\" allowfullscreen><\/iframe>\n<h4>\n\t\tJordankare\n\t<\/h4>\n\t<iframe width=\"854\" height=\"480\" src=\"https:\/\/www.youtube.com\/embed\/YOYL-8Q5vk8\" frameborder=\"0\" allow=\"autoplay; encrypted-media\" allowfullscreen><\/iframe>\n<h4>\n\t\tPollare\n\t<\/h4>\n\t<iframe width=\"854\" height=\"480\" src=\"https:\/\/www.youtube.com\/embed\/V45m0_Z0t54\" frameborder=\"0\" allow=\"autoplay; encrypted-media\" allowfullscreen><\/iframe>\n<h4>\n\t\tBadstege (2\/2)\n\t<\/h4>\n\t<iframe width=\"854\" height=\"480\" src=\"https:\/\/www.youtube.com\/embed\/UgsAAIrE6wg\" frameborder=\"0\" allow=\"autoplay; encrypted-media\" allowfullscreen><\/iframe>\n<h4>\n\t\tVinylspont\n\t<\/h4>\n\t<iframe width=\"854\" height=\"480\" src=\"https:\/\/www.youtube.com\/embed\/fX3wwYN6QBE\" frameborder=\"0\" allow=\"autoplay; encrypted-media\" allowfullscreen><\/iframe>\n<h4>\n\t\tBoj installation\n\t<\/h4>\n\t<iframe width=\"854\" height=\"480\" src=\"https:\/\/www.youtube.com\/embed\/wap-STvxAoA\" frameborder=\"0\" allow=\"autoplay; encrypted-media\" allowfullscreen><\/iframe>\n<h3>\n\t\tBoj videor\n\t<\/h3>\n<h4>\n\t\tBoj installation\n\t<\/h4>\n\t<iframe width=\"854\" height=\"480\" src=\"https:\/\/www.youtube.com\/embed\/-qSCOBx5OFY\" frameborder=\"0\" allow=\"autoplay; encrypted-media\" allowfullscreen><\/iframe>\n<h4>\n\t\tBoj omd\u00f6me\n\t<\/h4>\n\t<iframe width=\"854\" height=\"480\" src=\"https:\/\/www.youtube.com\/embed\/_jfY2b6Hq4c\" frameborder=\"0\" allow=\"autoplay; encrypted-media\" allowfullscreen><\/iframe>\n<h4>\n\t\tBoj ankare\n\t<\/h4>\n\t<iframe width=\"854\" height=\"480\" src=\"https:\/\/www.youtube.com\/embed\/hQsHhW-JRT4\" frameborder=\"0\" allow=\"autoplay; encrypted-media\" allowfullscreen><\/iframe>\n<h4>\n\t\tBoj installation\n\t<\/h4>\n\t<iframe width=\"854\" height=\"480\" src=\"https:\/\/www.youtube.com\/embed\/PTWeco4Lg4o\" frameborder=\"0\" allow=\"autoplay; encrypted-media\" allowfullscreen><\/iframe>\n<h4>\n\t\tBoj installation\n\t<\/h4>\n\t<iframe width=\"854\" height=\"480\" src=\"https:\/\/www.youtube.com\/embed\/8LsOsY1d5p0\" frameborder=\"0\" allow=\"autoplay; encrypted-media\" allowfullscreen><\/iframe>\n<h4>\n\t\tBoj underh\u00e5ll\n\t<\/h4>\n\t<iframe width=\"854\" height=\"480\" src=\"https:\/\/www.youtube.com\/embed\/j4KlXNyHmcE\" frameborder=\"0\" allow=\"autoplay; encrypted-media\" allowfullscreen><\/iframe>\n<h4>\n\t\tMontering bojen\n\t<\/h4>\n\t<iframe width=\"854\" height=\"480\" src=\"https:\/\/www.youtube.com\/embed\/o8P1wrMk7rE\" frameborder=\"0\" allow=\"autoplay; encrypted-media\" allowfullscreen><\/iframe>\n<h4>\n\t\tBoj installation\n\t<\/h4>\n\t<iframe width=\"854\" height=\"480\" src=\"https:\/\/www.youtube.com\/embed\/wap-STvxAoA\" frameborder=\"0\" allow=\"autoplay; encrypted-media\" allowfullscreen><\/iframe>\n\n","protected":false},"excerpt":{"rendered":"<p>Esitteet Brochyrer A-Laituri brochyr (p\u00e5 finska) Referensbroschyr (p\u00e5 finska) Tips f\u00f6r stranden och bryggan (p\u00e5 finska) Komplett tillbeh\u00f6rs katalog (p\u00e5 engelska) Videor (p\u00e5 finska) Presentations videor Planering och installation av bryggan M-serien Service p\u00e5 brygga MX-serien A-serien Bryggskola Betong vattenlinjen Bryggor Bryggor B\u00e5tslip K\u00e4ttingzink Tj\u00e4nsten B\u00f6jar Lippalaituris markst\u00f6d Vinylsponten Skruvp\u00e5le Konsolbalk Installation videor Bojar Badstege [&hellip;]<\/p>\n","protected":false},"author":1,"featured_media":0,"parent":5539,"menu_order":0,"comment_status":"closed","ping_status":"closed","template":"","meta":{"_acf_changed":false,"footnotes":""},"class_list":["post-5531","page","type-page","status-publish","hentry"],"acf":[],"yoast_head":"<title>Brochyrer och videor - A-Laiturit<\/title>\n<meta name=\"description\" content=\"A-Laiturit \u00e4r ett \u00e5r 1987 grundat familjef\u00f6retag och ett av Finlands fr\u00e4msta tillverkare av bryggor. Vi \u00e4r k\u00e4nda f\u00f6r v\u00e5r p\u00e5litlighet, kvalitet och goda service.\" \/>\n<meta name=\"robots\" content=\"index, follow, max-snippet:-1, max-image-preview:large, max-video-preview:-1\" \/>\n<link rel=\"canonical\" href=\"https:\/\/www.a-laiturit.fi\/sv\/foretagsinfo\/brochyrer-och-videor\/\" \/>\n<meta property=\"og:locale\" content=\"sv_SE\" \/>\n<meta property=\"og:type\" content=\"article\" \/>\n<meta property=\"og:title\" content=\"Brochyrer och videor - A-Laiturit\" \/>\n<meta property=\"og:description\" content=\"A-Laiturit \u00e4r ett \u00e5r 1987 grundat familjef\u00f6retag och ett av Finlands fr\u00e4msta tillverkare av bryggor. Vi \u00e4r k\u00e4nda f\u00f6r v\u00e5r p\u00e5litlighet, kvalitet och goda service.\" \/>\n<meta property=\"og:url\" content=\"https:\/\/www.a-laiturit.fi\/sv\/foretagsinfo\/brochyrer-och-videor\/\" \/>\n<meta property=\"og:site_name\" content=\"A-Laiturit\" \/>\n<meta property=\"article:publisher\" content=\"https:\/\/www.facebook.com\/alaiturit\/\" \/>\n<meta property=\"article:modified_time\" content=\"2023-10-19T11:59:43+00:00\" \/>\n<meta property=\"og:image\" content=\"https:\/\/www.a-laiturit.fi\/wp-content\/uploads\/2018\/10\/alaiturit_myymala_ulkoaylhaalta.jpg\" \/>\n<meta name=\"twitter:label1\" content=\"Ber\u00e4knad l\u00e4stid\" \/>\n\t<meta name=\"twitter:data1\" content=\"1 minut\" \/>\n<script type=\"application\/ld+json\" class=\"yoast-schema-graph\">{\"@context\":\"https:\\\/\\\/schema.org\",\"@graph\":[{\"@type\":\"WebPage\",\"@id\":\"https:\\\/\\\/www.a-laiturit.fi\\\/sv\\\/foretagsinfo\\\/brochyrer-och-videor\\\/\",\"url\":\"https:\\\/\\\/www.a-laiturit.fi\\\/sv\\\/foretagsinfo\\\/brochyrer-och-videor\\\/\",\"name\":\"Brochyrer och videor - A-Laiturit\",\"isPartOf\":{\"@id\":\"https:\\\/\\\/www.a-laiturit.fi\\\/sv\\\/#website\"},\"primaryImageOfPage\":{\"@id\":\"https:\\\/\\\/www.a-laiturit.fi\\\/sv\\\/foretagsinfo\\\/brochyrer-och-videor\\\/#primaryimage\"},\"image\":{\"@id\":\"https:\\\/\\\/www.a-laiturit.fi\\\/sv\\\/foretagsinfo\\\/brochyrer-och-videor\\\/#primaryimage\"},\"thumbnailUrl\":\"https:\\\/\\\/www.a-laiturit.fi\\\/wp-content\\\/uploads\\\/2018\\\/10\\\/alaiturit_myymala_ulkoaylhaalta.jpg\",\"datePublished\":\"2018-11-29T10:39:58+00:00\",\"dateModified\":\"2023-10-19T11:59:43+00:00\",\"description\":\"A-Laiturit \u00e4r ett \u00e5r 1987 grundat familjef\u00f6retag och ett av Finlands fr\u00e4msta tillverkare av bryggor. Vi \u00e4r k\u00e4nda f\u00f6r v\u00e5r p\u00e5litlighet, kvalitet och goda service.\",\"breadcrumb\":{\"@id\":\"https:\\\/\\\/www.a-laiturit.fi\\\/sv\\\/foretagsinfo\\\/brochyrer-och-videor\\\/#breadcrumb\"},\"inLanguage\":\"sv-SE\",\"potentialAction\":[{\"@type\":\"ReadAction\",\"target\":[\"https:\\\/\\\/www.a-laiturit.fi\\\/sv\\\/foretagsinfo\\\/brochyrer-och-videor\\\/\"]}]},{\"@type\":\"ImageObject\",\"inLanguage\":\"sv-SE\",\"@id\":\"https:\\\/\\\/www.a-laiturit.fi\\\/sv\\\/foretagsinfo\\\/brochyrer-och-videor\\\/#primaryimage\",\"url\":\"https:\\\/\\\/www.a-laiturit.fi\\\/wp-content\\\/uploads\\\/2018\\\/10\\\/alaiturit_myymala_ulkoaylhaalta.jpg\",\"contentUrl\":\"https:\\\/\\\/www.a-laiturit.fi\\\/wp-content\\\/uploads\\\/2018\\\/10\\\/alaiturit_myymala_ulkoaylhaalta.jpg\"},{\"@type\":\"BreadcrumbList\",\"@id\":\"https:\\\/\\\/www.a-laiturit.fi\\\/sv\\\/foretagsinfo\\\/brochyrer-och-videor\\\/#breadcrumb\",\"itemListElement\":[{\"@type\":\"ListItem\",\"position\":1,\"name\":\"Home\",\"item\":\"https:\\\/\\\/www.a-laiturit.fi\\\/sv\\\/\"},{\"@type\":\"ListItem\",\"position\":2,\"name\":\"F\u00f6retagsinfo\",\"item\":\"https:\\\/\\\/www.a-laiturit.fi\\\/sv\\\/foretagsinfo\\\/\"},{\"@type\":\"ListItem\",\"position\":3,\"name\":\"Brochyrer och videor\"}]},{\"@type\":\"WebSite\",\"@id\":\"https:\\\/\\\/www.a-laiturit.fi\\\/sv\\\/#website\",\"url\":\"https:\\\/\\\/www.a-laiturit.fi\\\/sv\\\/\",\"name\":\"A-Laiturit\",\"description\":\"Me A-Laitureissa suunnittelemme ja toteutamme juuri Sinun tarpeisiisi ja rantaasi sopivan laiturin, joka kest\u00e4\u00e4. Vuosikymmenten kokemuksella voimme sanoa: &quot;Me osaamme laiturit!&quot;\",\"publisher\":{\"@id\":\"https:\\\/\\\/www.a-laiturit.fi\\\/sv\\\/#organization\"},\"potentialAction\":[{\"@type\":\"SearchAction\",\"target\":{\"@type\":\"EntryPoint\",\"urlTemplate\":\"https:\\\/\\\/www.a-laiturit.fi\\\/sv\\\/?s={search_term_string}\"},\"query-input\":{\"@type\":\"PropertyValueSpecification\",\"valueRequired\":true,\"valueName\":\"search_term_string\"}}],\"inLanguage\":\"sv-SE\"},{\"@type\":\"Organization\",\"@id\":\"https:\\\/\\\/www.a-laiturit.fi\\\/sv\\\/#organization\",\"name\":\"A-laiturit Oy\",\"url\":\"https:\\\/\\\/www.a-laiturit.fi\\\/sv\\\/\",\"logo\":{\"@type\":\"ImageObject\",\"inLanguage\":\"sv-SE\",\"@id\":\"https:\\\/\\\/www.a-laiturit.fi\\\/sv\\\/#\\\/schema\\\/logo\\\/image\\\/\",\"url\":\"https:\\\/\\\/www.a-laiturit.fi\\\/wp-content\\\/uploads\\\/2018\\\/10\\\/alaiturit_vari_favicon.png\",\"contentUrl\":\"https:\\\/\\\/www.a-laiturit.fi\\\/wp-content\\\/uploads\\\/2018\\\/10\\\/alaiturit_vari_favicon.png\",\"width\":512,\"height\":512,\"caption\":\"A-laiturit Oy\"},\"image\":{\"@id\":\"https:\\\/\\\/www.a-laiturit.fi\\\/sv\\\/#\\\/schema\\\/logo\\\/image\\\/\"},\"sameAs\":[\"https:\\\/\\\/www.facebook.com\\\/alaiturit\\\/\",\"https:\\\/\\\/www.youtube.com\\\/channel\\\/UCPCnVbx3R7RICl-bGS91dEA\"]}]}<\/script>","yoast_head_json":{"title":"Brochyrer och videor - A-Laiturit","description":"A-Laiturit \u00e4r ett \u00e5r 1987 grundat familjef\u00f6retag och ett av Finlands fr\u00e4msta tillverkare av bryggor. Vi \u00e4r k\u00e4nda f\u00f6r v\u00e5r p\u00e5litlighet, kvalitet och goda service.","robots":{"index":"index","follow":"follow","max-snippet":"max-snippet:-1","max-image-preview":"max-image-preview:large","max-video-preview":"max-video-preview:-1"},"canonical":"https:\/\/www.a-laiturit.fi\/sv\/foretagsinfo\/brochyrer-och-videor\/","og_locale":"sv_SE","og_type":"article","og_title":"Brochyrer och videor - A-Laiturit","og_description":"A-Laiturit \u00e4r ett \u00e5r 1987 grundat familjef\u00f6retag och ett av Finlands fr\u00e4msta tillverkare av bryggor. Vi \u00e4r k\u00e4nda f\u00f6r v\u00e5r p\u00e5litlighet, kvalitet och goda service.","og_url":"https:\/\/www.a-laiturit.fi\/sv\/foretagsinfo\/brochyrer-och-videor\/","og_site_name":"A-Laiturit","article_publisher":"https:\/\/www.facebook.com\/alaiturit\/","article_modified_time":"2023-10-19T11:59:43+00:00","og_image":[{"url":"https:\/\/www.a-laiturit.fi\/wp-content\/uploads\/2018\/10\/alaiturit_myymala_ulkoaylhaalta.jpg","type":"","width":"","height":""}],"twitter_misc":{"Ber\u00e4knad l\u00e4stid":"1 minut"},"schema":{"@context":"https:\/\/schema.org","@graph":[{"@type":"WebPage","@id":"https:\/\/www.a-laiturit.fi\/sv\/foretagsinfo\/brochyrer-och-videor\/","url":"https:\/\/www.a-laiturit.fi\/sv\/foretagsinfo\/brochyrer-och-videor\/","name":"Brochyrer och videor - A-Laiturit","isPartOf":{"@id":"https:\/\/www.a-laiturit.fi\/sv\/#website"},"primaryImageOfPage":{"@id":"https:\/\/www.a-laiturit.fi\/sv\/foretagsinfo\/brochyrer-och-videor\/#primaryimage"},"image":{"@id":"https:\/\/www.a-laiturit.fi\/sv\/foretagsinfo\/brochyrer-och-videor\/#primaryimage"},"thumbnailUrl":"https:\/\/www.a-laiturit.fi\/wp-content\/uploads\/2018\/10\/alaiturit_myymala_ulkoaylhaalta.jpg","datePublished":"2018-11-29T10:39:58+00:00","dateModified":"2023-10-19T11:59:43+00:00","description":"A-Laiturit \u00e4r ett \u00e5r 1987 grundat familjef\u00f6retag och ett av Finlands fr\u00e4msta tillverkare av bryggor. Vi \u00e4r k\u00e4nda f\u00f6r v\u00e5r p\u00e5litlighet, kvalitet och goda service.","breadcrumb":{"@id":"https:\/\/www.a-laiturit.fi\/sv\/foretagsinfo\/brochyrer-och-videor\/#breadcrumb"},"inLanguage":"sv-SE","potentialAction":[{"@type":"ReadAction","target":["https:\/\/www.a-laiturit.fi\/sv\/foretagsinfo\/brochyrer-och-videor\/"]}]},{"@type":"ImageObject","inLanguage":"sv-SE","@id":"https:\/\/www.a-laiturit.fi\/sv\/foretagsinfo\/brochyrer-och-videor\/#primaryimage","url":"https:\/\/www.a-laiturit.fi\/wp-content\/uploads\/2018\/10\/alaiturit_myymala_ulkoaylhaalta.jpg","contentUrl":"https:\/\/www.a-laiturit.fi\/wp-content\/uploads\/2018\/10\/alaiturit_myymala_ulkoaylhaalta.jpg"},{"@type":"BreadcrumbList","@id":"https:\/\/www.a-laiturit.fi\/sv\/foretagsinfo\/brochyrer-och-videor\/#breadcrumb","itemListElement":[{"@type":"ListItem","position":1,"name":"Home","item":"https:\/\/www.a-laiturit.fi\/sv\/"},{"@type":"ListItem","position":2,"name":"F\u00f6retagsinfo","item":"https:\/\/www.a-laiturit.fi\/sv\/foretagsinfo\/"},{"@type":"ListItem","position":3,"name":"Brochyrer och videor"}]},{"@type":"WebSite","@id":"https:\/\/www.a-laiturit.fi\/sv\/#website","url":"https:\/\/www.a-laiturit.fi\/sv\/","name":"A-Laiturit","description":"Me A-Laitureissa suunnittelemme ja toteutamme juuri Sinun tarpeisiisi ja rantaasi sopivan laiturin, joka kest\u00e4\u00e4. Vuosikymmenten kokemuksella voimme sanoa: &quot;Me osaamme laiturit!&quot;","publisher":{"@id":"https:\/\/www.a-laiturit.fi\/sv\/#organization"},"potentialAction":[{"@type":"SearchAction","target":{"@type":"EntryPoint","urlTemplate":"https:\/\/www.a-laiturit.fi\/sv\/?s={search_term_string}"},"query-input":{"@type":"PropertyValueSpecification","valueRequired":true,"valueName":"search_term_string"}}],"inLanguage":"sv-SE"},{"@type":"Organization","@id":"https:\/\/www.a-laiturit.fi\/sv\/#organization","name":"A-laiturit Oy","url":"https:\/\/www.a-laiturit.fi\/sv\/","logo":{"@type":"ImageObject","inLanguage":"sv-SE","@id":"https:\/\/www.a-laiturit.fi\/sv\/#\/schema\/logo\/image\/","url":"https:\/\/www.a-laiturit.fi\/wp-content\/uploads\/2018\/10\/alaiturit_vari_favicon.png","contentUrl":"https:\/\/www.a-laiturit.fi\/wp-content\/uploads\/2018\/10\/alaiturit_vari_favicon.png","width":512,"height":512,"caption":"A-laiturit Oy"},"image":{"@id":"https:\/\/www.a-laiturit.fi\/sv\/#\/schema\/logo\/image\/"},"sameAs":["https:\/\/www.facebook.com\/alaiturit\/","https:\/\/www.youtube.com\/channel\/UCPCnVbx3R7RICl-bGS91dEA"]}]}},"_links":{"self":[{"href":"https:\/\/www.a-laiturit.fi\/sv\/wp-json\/wp\/v2\/pages\/5531","targetHints":{"allow":["GET"]}}],"collection":[{"href":"https:\/\/www.a-laiturit.fi\/sv\/wp-json\/wp\/v2\/pages"}],"about":[{"href":"https:\/\/www.a-laiturit.fi\/sv\/wp-json\/wp\/v2\/types\/page"}],"author":[{"embeddable":true,"href":"https:\/\/www.a-laiturit.fi\/sv\/wp-json\/wp\/v2\/users\/1"}],"replies":[{"embeddable":true,"href":"https:\/\/www.a-laiturit.fi\/sv\/wp-json\/wp\/v2\/comments?post=5531"}],"version-history":[{"count":12,"href":"https:\/\/www.a-laiturit.fi\/sv\/wp-json\/wp\/v2\/pages\/5531\/revisions"}],"predecessor-version":[{"id":11166,"href":"https:\/\/www.a-laiturit.fi\/sv\/wp-json\/wp\/v2\/pages\/5531\/revisions\/11166"}],"up":[{"embeddable":true,"href":"https:\/\/www.a-laiturit.fi\/sv\/wp-json\/wp\/v2\/pages\/5539"}],"wp:attachment":[{"href":"https:\/\/www.a-laiturit.fi\/sv\/wp-json\/wp\/v2\/media?parent=5531"}],"curies":[{"name":"wp","href":"https:\/\/api.w.org\/{rel}","templated":true}]}}