{"id":5529,"date":"2018-11-29T12:35:48","date_gmt":"2018-11-29T10:35:48","guid":{"rendered":"https:\/\/www.a-laiturit.fi\/aterforsaljare\/"},"modified":"2026-01-21T12:23:06","modified_gmt":"2026-01-21T10:23:06","slug":"aterforsaljare","status":"publish","type":"page","link":"https:\/\/www.a-laiturit.fi\/sv\/kontakt\/aterforsaljare\/","title":{"rendered":"\u00c5terf\u00f6rs\u00e4ljare"},"content":{"rendered":"\n<figure itemscope itemtype=\"https:\/\/schema.org\/ImageObject\">\n\t\t\t\t<img decoding=\"async\" src=\"https:\/\/www.a-laiturit.fi\/wp-content\/uploads\/2018\/10\/kuluttajasivujen-kuva-scaled.jpg\" alt=\"Kuluttajasivujen kuva\" height=\"1440\" width=\"2560\" title=\"Kuluttajasivujen kuva\" onerror=\"this.style.display='none'\" loading=\"lazy\" \/>\n\t<\/figure>\n<h1>\n\t\t\t\u00c5terf\u00f6rs\u00e4ljare\t<\/h1>\n\t<div class=\"menu-paavalikko-sv-container\"><ul id=\"alaiturit-sivulinkit\" class=\"sivupalkinlinkit\"><li id=\"menu-item-5764\" class=\"menu-item menu-item-type-post_type menu-item-object-page menu-item-5764\"><a href=\"https:\/\/www.a-laiturit.fi\/sv\/kontakt\/aterforsaljare\/\">\u00c5terf\u00f6rs\u00e4ljare<\/a><\/li>\n<li id=\"menu-item-6002\" class=\"menu-item menu-item-type-post_type menu-item-object-page menu-item-6002\"><a href=\"https:\/\/www.a-laiturit.fi\/sv\/kontakt\/kontaktformular\/\">Kontaktformul\u00e4r<\/a><\/li>\n<\/ul><\/div>\n<h3>AHVENANMAA\u00a0(bryggor och montering)<\/h3>\nJustFixIt, Bostr\u00f6msgr\u00e4nd 8, 22410 Godby, \u00c5land<br \/>\npuh. 0457-344 3444<br \/>\n<a href=\"http:\/\/justfixit.ax\/\" target=\"_blank\" rel=\"noopener\">www.justfixit.ax<\/a>\n<h3>FORSSA (tillbeh\u00f6r)<\/h3>\nRautia K-Maatalous Forssa, Lepist\u00f6nkatu 1, Forssa<br \/>\npuh. 03 424 0500<br \/>\n<a href=\"http:\/\/www.rautia.fi\/kaupat\/forssa\" target=\"_blank\" rel=\"noopener\">www.rautia.fi\/kaupat\/forssa<\/a>\n<h3>HANKO (bryggor och montering)<\/h3>\nFiskarsin laituri<br \/>\npuh. 0400 304 924, 040 125 3141\n<h3>HELSINKI, UUSIMAA (bryggor, montering och tillbeh\u00f6r)<\/h3>\nA-Laiturit Oy, Veneentekij\u00e4ntie 7, Helsinki<br \/>\npuh. 041 730 4036\n<h3>H\u00c4MEENLINNA (bryggor)<\/h3>\nH\u00e4rk\u00e4l\u00e4n Konekauppa Oy, H\u00e4meensaarentie 4, 13100 H\u00e4meenlinna<br \/>\npuh. 010 201 2910<br \/>\n<a href=\"http:\/\/www.harkala.fi\/\" target=\"_blank\" rel=\"noopener\">www.harkala.fi<\/a>\n<h3>IMATRA (tillbeh\u00f6r)<\/h3>\nVene-Hietsu, Veneveist\u00e4j\u00e4nkuja 6, 55420 Imatra<br \/>\npuh. 0207 433 050<br \/>\n<a href=\"http:\/\/www.vene-hietsu.fi\/\" target=\"_blank\" rel=\"noopener\">www.vene-hietsu.fi<\/a>\n<h3>KEMI\u00d6 (bryggor och tillbeh\u00f6r)<\/h3>\nKemi\u00f6nsaaren Venekeskus Oy,<br \/>\nMestarintie 27,<br \/>\nKemi\u00f6<br \/>\npuh. 02 423 242<br \/>\n<a href=\"http:\/\/www.kemionsaarenvenekeskus.fi\/\" target=\"_blank\" rel=\"noopener\">www.kemionsaarenvenekeskus.fi<\/a>\n<h3>KARJAA (bryggor och montering)<\/h3>\nFiskarsin laituri<br \/>\npuh. 0400 304 924, 040 125 3141<br \/>\n<a href=\"http:\/\/fiskarsinlaituri.fi\/\" target=\"_blank\" rel=\"noopener\">www.fiskarsinlaituri.fi<\/a>\n<h3>KARJAA (tillbeh\u00f6r)<\/h3>\nAD-Center<br \/>\nUikkukuja 2, 10320 Karjaa<br \/>\n019 212 7400<br \/>\n<a href=\"http:\/\/www.adcenter.fi\/\" target=\"_blank\" rel=\"noopener\">www.adcenter.fi<\/a>\n<h3>KEITELE (tillbeh\u00f6r)<\/h3>\nK-Rauta Keitele<br \/>\nAsematie 1, 72600 Keitele<br \/>\n040 3000 840<br \/>\n<a href=\"https:\/\/www.k-rauta.fi\/kaupat\/keitele\/\" target=\"_blank\" rel=\"noopener\">www.k-rauta.fi\/kaupat\/keitele\/<\/a>\n<h3>KEURUU (tillbeh\u00f6r)<\/h3>\nRautia K-maatalous Keuruu<br \/>\nTeollisuustie 3, 42700 Keuruu<br \/>\npuh. 0207 893 600<br \/>\n<a href=\"http:\/\/www.rautia.fi\/kaupat\/keuruu\/\" target=\"_blank\" rel=\"noopener\">www.rautia.fi\/kaupat\/keuruu\/<\/a>\n<h3>KITEE (bryggor och montering)<\/h3>\nJohannes Laukkanen<br \/>\npuh. 040 550 3978<br \/>\nkuokkajakivi@suomi24.fi\n<h3>KOKKOLA (bryggor och montering)<\/h3>\nOcean Dealers Oy, Kuusitie 6, Bosund<br \/>\npuh. 050 591 7261<br \/>\n<a href=\"http:\/\/www.oceandealers.fi\/\" target=\"_blank\" rel=\"noopener\">www.oceandealers.fi<\/a>\n<h3>KORPPOO (tillbeh\u00f6r)<\/h3>\nBMA MIlj\u00f6 Ob, Kauppiaantie 6, 21710 Korppoo<br \/>\npuh. 02 463 1033<br \/>\n<a href=\"http:\/\/bmamiljo.fi\/Suomi\/Tervetuloa.html\" target=\"_blank\" rel=\"noopener\">http:\/\/bmamiljo.fi\/Suomi\/Tervetuloa.html<br \/>\n<\/a>\n<h3>KOTKA-LOVIISA (bryggor och montering)<\/h3>\nJM Laiturit Ay<br \/>\nJarmo Lindholm<br \/>\npuh. 0400 754 290\n<h3>KRISTIINANKAUPUNKI\u00a0(bryggor och tillbeh\u00f6r)<\/h3>\nK-Rauta Rosenback Lappfj\u00e4rd<br \/>\nHallitie 1, 64300 Lapv\u00e4\u00e4rtti<br \/>\npuh. 040 711 2060<br \/>\n<a href=\"https:\/\/www.k-rauta.fi\/kaupat\/lappfjard\/\" target=\"_blank\" rel=\"noopener\">www.k-rauta.fi\/kaupat\/lappfjard\/<\/a>\n<h3>KUOPIO (bryggor och montering)<\/h3>\nSukellus Wihuri Oy<br \/>\nKarmo Wihuri<br \/>\npuh. 0440 668 377<br \/>\nkarmo.wihuri@sukelluswihuri.fi<br \/>\n<a href=\"http:\/\/www.sukelluswihuri.fi\/\" target=\"_blank\" rel=\"noopener\">www.sukelluswihuri.fi<\/a>\n<h3>LAPPEENRANTA (bryggor, montering och tillbeh\u00f6r)<\/h3>\nMarina Saimaan Portti Oy<br \/>\nJyrki Maaranen<br \/>\nTelakantie 8, 53300 Lappeenranta<br \/>\npuh. 040 704 6976<br \/>\n<a href=\"http:\/\/www.marinasaimaanportti.fi\/\" target=\"_blank\" rel=\"noopener\">www.marinasaimaanportti.fi<br \/>\n<\/a>\n<h3>MAARIANHAMINA (tillbeh\u00f6r)<\/h3>\nDax-agenturer, L\u00f6vdalsv\u00e4gen 6, 22150 Jomala<br \/>\npuh. 040 503 2265<br \/>\n<a href=\"http:\/\/www.dax.ax\/\" target=\"_blank\" rel=\"noopener\">www.dax.ax<\/a>\n<h3>MAARIANHAMINA (tillbeh\u00f6r)<\/h3>\nKea-Center,\u00a0Varvsv\u00e4gen 2, 22100 Mariehamn<br \/>\npuh. 018 224 24<br \/>\n<a href=\"http:\/\/www.kea.fi\/sv.htm\" target=\"_blank\" rel=\"noopener\">www.kea-center.com<\/a><a href=\"http:\/\/www.dax.ax\/\" target=\"_blank\" rel=\"noopener\"><br \/>\n<\/a>\n<h3>MERIKARVIA (bryggor, montering och tillbeh\u00f6r)<\/h3>\nTepe Paino Oy, V\u00e4litie 4, 29900 Merikarvia<br \/>\npuh. 050 569 7453<br \/>\n<a href=\"mailto:teuvo.uusimaki@tepepaino.fi\">teuvo.uusimaki@tepepaino.fi<\/a><br \/>\n<a href=\"https:\/\/www.tepepaino.fi\/\" target=\"_blank\" rel=\"noopener\">https:\/\/www.tepepaino.fi<\/a>\n<h3>MIKKELI (bryggor, montering och tillbeh\u00f6r)<\/h3>\nJohannes Laukkanen<br \/>\npuh. 040 550 3978<br \/>\nkuokkajakivi@suomi24.fi\n<h3>NAUVO (bryggor och tillbeh\u00f6r)<\/h3>\nMicks tr\u00e4 &amp; j\u00e4rn, Vikomv\u00e4gen 128, 21650 Lillandet<br \/>\npuh. 020 7199 270<br \/>\n<a href=\"http:\/\/www.micksshop.fi\/\" target=\"_blank\" rel=\"noopener\">www.micksshop.fi<br \/>\n<\/a>\n<h3>OUTOKUMPU (bryggor och montering)<\/h3>\nPuukeidas Outokumpu, Kuopiontie 97 B, 83500 Outokumpu<br \/>\npuh. 010 820 1340<br \/>\n<a href=\"http:\/\/puukeidasoutokumpu.fi\/\" target=\"_blank\" rel=\"noopener\">http:\/\/puukeidasoutokumpu.fi\/<\/a>\n<h3>PARAINEN (tillbeh\u00f6r)<\/h3>\nOy Pract Ab, Runeberginkatu 1, Parainen<br \/>\npuh. 02 4589 366<br \/>\n<a href=\"https:\/\/www.rautanet.fi\/myymalat\/oy-pract-ab\" target=\"_blank\" rel=\"noopener\">www.rautanet.fi\/myymalat\/oy-pract-ab<\/a>\n<h3>PIETARSAARI (bryggor och montering)<\/h3>\nOcean Dealers Oy, Kuusitie 6, Bosund<br \/>\npuh. 050 591 7261<br \/>\n<a href=\"http:\/\/www.oceandealers.fi\/\" target=\"_blank\" rel=\"noopener\">www.oceandealers.fi<\/a>\n<h3>PIELAVESI (tillbeh\u00f6r)<\/h3>\nK-Rauta Pielavesi, Puustellintie 26, 72400 Pielavesi<br \/>\npuh. 040 3000 830<br \/>\n<a href=\"https:\/\/www.k-rauta.fi\/kaupat\/pielavesi\/\" target=\"_blank\" rel=\"noopener\">www.k-rauta.fi\/kaupat\/pielavesi\/<\/a>\n<h3>PORVOO (bryggor, montering och tillbeh\u00f6r)<\/h3>\nSund\u00f6 Service Ab<br \/>\nSund\u00f6npolku, 07370 PELLINKI<br \/>\npuh. 0400 710 833<br \/>\n<a href=\"http:\/\/www.sundoservice.fi\/\" target=\"_blank\" rel=\"noopener\">www.sundoservice.fi<\/a>\n<h3>PORVOO (tillbeh\u00f6r)<\/h3>\nE3 Marin<br \/>\nRatsumestarinkatu 6, 06100 Porvoo<br \/>\npuh. 019 633 206<br \/>\n<a href=\"http:\/\/www.e3-marin.fi\/\" target=\"_blank\" rel=\"noopener\">www.e3-marin.fi<\/a>\n<h3>TAALINTEHDAS, KEMI\u00d6 (bryggor och montering)<\/h3>\nKajs bogser och sj\u00f6trans<br \/>\npuh. 0400 611 951<br \/>\nkaj.brunstrom@hotmail.com\n<h3>TAMMISAARI ja HANKO (bryggor och montering)<\/h3>\nFiskarsin laituri<br \/>\npuh. 0400 304 924, 040 125 3141<br \/>\n<a href=\"http:\/\/fiskarsinlaituri.fi\/\" target=\"_blank\" rel=\"noopener\">http:\/\/fiskarsinlaituri.fi\/<\/a>\n<h3>TAMMISAARI (tillbeh\u00f6r)<\/h3>\nAD-Center<br \/>\nTeknikontie 11, 10600 Tammisaari<br \/>\npuh. 019 212 7500<br \/>\n<a href=\"http:\/\/www.adcenter.fi\/\" target=\"_blank\" rel=\"noopener\">www.adcenter.fi<\/a>\n<h3>TURKU, TURUN SAARISTO, MUU SUOMI (bryggor, montering och tillbeh\u00f6r)<\/h3>\nA-Laiturit Oy, Voudinkatu 39, Raisio<br \/>\npuh. 020 7433 100\n<h3>UUSIKAUPUNKI (tillbeh\u00f6r)<\/h3>\nK-Rauta Uusikaupunki, Ketunkalliontie 6, 23500 Uusikaupunki<br \/>\npuh. 02 842 7100<br \/>\n<a href=\"http:\/\/www.rautia.fi\/kaupat\/uusikaupunki\" target=\"_blank\" rel=\"noopener\">www.rautia.fi\/kaupat\/uusikaupunki<\/a>\n<h3>UUSIKAUPUNKI (tillbeh\u00f6r)<\/h3>\nVenetelakka Salmeri<br \/>\nVeneranta 10, 23500 Uusikaupunki<br \/>\npuh. 02 842 3353<br \/>\n<a href=\"http:\/\/www.salmeri.fi\/\" target=\"_blank\" rel=\"noopener\">www.salmeri.fi<\/a>\n<h3>UUSIKAUPUNKI (bryggor och montering)<\/h3>\nLevoton Satama<br \/>\npuh. 0500 223 570\n<h3>VAASA (tillbeh\u00f6r)<\/h3>\nFantoy Oy, Opistokatu 11 65100 Vaasa<br \/>\npuh. 06 362 0888<br \/>\n<a href=\"http:\/\/www.fantoy.fi\/\" target=\"_blank\" rel=\"noopener\">www.fantoy.fi<\/a>\n<h3>VAASA (bryggor och montering)<\/h3>\nSukellusty\u00f6 Takala<br \/>\nTeollisuuskatu 10, 65170 Vaasa<br \/>\npuh. 050 36 88 539<br \/>\nmarcus@sukellustakala.fi\n<h3>VIITASAARI (tillbeh\u00f6r)<\/h3>\nK-Rauta Viitasaari, Kauppakaari 3, 44500 Viitasaari<br \/>\npuh. 040 3000 850<br \/>\n<a href=\"https:\/\/www.k-rauta.fi\/kaupat\/viitasaari\/\" target=\"_blank\" rel=\"noopener\">https:\/\/www.k-rauta.fi\/kaupat\/viitasaari\/<\/a>\n<h3>\u00c4HT\u00c4RI (tillbeh\u00f6r)<\/h3>\nK-Rauta \u00c4ht\u00e4ri, Jokelankuja 4, 63700 \u00c4ht\u00e4ri<br \/>\npuh. 042 410 501<br \/>\n<a href=\"http:\/\/www.rautia.fi\/kaupat\/ahtari\" target=\"_blank\" rel=\"noopener\">www.rautia.fi\/kaupat\/ahtari<\/a>\n<p>&nbsp;<\/p>\n\n","protected":false},"excerpt":{"rendered":"<p>\u00c5terf\u00f6rs\u00e4ljare AHVENANMAA\u00a0(bryggor och montering) JustFixIt, Bostr\u00f6msgr\u00e4nd 8, 22410 Godby, \u00c5land puh. 0457-344 3444 www.justfixit.ax FORSSA (tillbeh\u00f6r) Rautia K-Maatalous Forssa, Lepist\u00f6nkatu 1, Forssa puh. 03 424 0500 www.rautia.fi\/kaupat\/forssa HANKO (bryggor och montering) Fiskarsin laituri puh. 0400 304 924, 040 125 3141 HELSINKI, UUSIMAA (bryggor, montering och tillbeh\u00f6r) A-Laiturit Oy, Veneentekij\u00e4ntie 7, Helsinki puh. 041 730 4036 [&hellip;]<\/p>\n","protected":false},"author":1,"featured_media":0,"parent":5554,"menu_order":0,"comment_status":"closed","ping_status":"closed","template":"","meta":{"_acf_changed":false,"footnotes":""},"class_list":["post-5529","page","type-page","status-publish","hentry"],"acf":[],"yoast_head":"<title>\u00c5terf\u00f6rs\u00e4ljare - A-Laiturit<\/title>\n<meta name=\"description\" content=\"Lokala f\u00f6rs\u00e4ljare k\u00e4nner till omst\u00e4ndigheterna i ett specifikt omr\u00e5de och kan rekommendera den r\u00e4tta sortens brygga f\u00f6r r\u00e4tt plats.\" \/>\n<meta name=\"robots\" content=\"index, follow, max-snippet:-1, max-image-preview:large, max-video-preview:-1\" \/>\n<link rel=\"canonical\" href=\"https:\/\/www.a-laiturit.fi\/sv\/kontakt\/aterforsaljare\/\" \/>\n<meta property=\"og:locale\" content=\"sv_SE\" \/>\n<meta property=\"og:type\" content=\"article\" \/>\n<meta property=\"og:title\" content=\"\u00c5terf\u00f6rs\u00e4ljare - A-Laiturit\" \/>\n<meta property=\"og:description\" content=\"Lokala f\u00f6rs\u00e4ljare k\u00e4nner till omst\u00e4ndigheterna i ett specifikt omr\u00e5de och kan rekommendera den r\u00e4tta sortens brygga f\u00f6r r\u00e4tt plats.\" \/>\n<meta property=\"og:url\" content=\"https:\/\/www.a-laiturit.fi\/sv\/kontakt\/aterforsaljare\/\" \/>\n<meta property=\"og:site_name\" content=\"A-Laiturit\" \/>\n<meta property=\"article:publisher\" content=\"https:\/\/www.facebook.com\/alaiturit\/\" \/>\n<meta property=\"article:modified_time\" content=\"2026-01-21T10:23:06+00:00\" \/>\n<meta property=\"og:image\" content=\"https:\/\/www.a-laiturit.fi\/wp-content\/uploads\/2018\/10\/kuluttajasivujen-kuva-scaled.jpg\" \/>\n<meta name=\"twitter:label1\" content=\"Ber\u00e4knad l\u00e4stid\" \/>\n\t<meta name=\"twitter:data1\" content=\"4 minuter\" \/>\n<script type=\"application\/ld+json\" class=\"yoast-schema-graph\">{\"@context\":\"https:\\\/\\\/schema.org\",\"@graph\":[{\"@type\":\"WebPage\",\"@id\":\"https:\\\/\\\/www.a-laiturit.fi\\\/sv\\\/kontakt\\\/aterforsaljare\\\/\",\"url\":\"https:\\\/\\\/www.a-laiturit.fi\\\/sv\\\/kontakt\\\/aterforsaljare\\\/\",\"name\":\"\u00c5terf\u00f6rs\u00e4ljare - A-Laiturit\",\"isPartOf\":{\"@id\":\"https:\\\/\\\/www.a-laiturit.fi\\\/sv\\\/#website\"},\"primaryImageOfPage\":{\"@id\":\"https:\\\/\\\/www.a-laiturit.fi\\\/sv\\\/kontakt\\\/aterforsaljare\\\/#primaryimage\"},\"image\":{\"@id\":\"https:\\\/\\\/www.a-laiturit.fi\\\/sv\\\/kontakt\\\/aterforsaljare\\\/#primaryimage\"},\"thumbnailUrl\":\"https:\\\/\\\/www.a-laiturit.fi\\\/wp-content\\\/uploads\\\/2018\\\/10\\\/kuluttajasivujen-kuva-scaled.jpg\",\"datePublished\":\"2018-11-29T10:35:48+00:00\",\"dateModified\":\"2026-01-21T10:23:06+00:00\",\"description\":\"Lokala f\u00f6rs\u00e4ljare k\u00e4nner till omst\u00e4ndigheterna i ett specifikt omr\u00e5de och kan rekommendera den r\u00e4tta sortens brygga f\u00f6r r\u00e4tt plats.\",\"breadcrumb\":{\"@id\":\"https:\\\/\\\/www.a-laiturit.fi\\\/sv\\\/kontakt\\\/aterforsaljare\\\/#breadcrumb\"},\"inLanguage\":\"sv-SE\",\"potentialAction\":[{\"@type\":\"ReadAction\",\"target\":[\"https:\\\/\\\/www.a-laiturit.fi\\\/sv\\\/kontakt\\\/aterforsaljare\\\/\"]}]},{\"@type\":\"ImageObject\",\"inLanguage\":\"sv-SE\",\"@id\":\"https:\\\/\\\/www.a-laiturit.fi\\\/sv\\\/kontakt\\\/aterforsaljare\\\/#primaryimage\",\"url\":\"https:\\\/\\\/www.a-laiturit.fi\\\/wp-content\\\/uploads\\\/2018\\\/10\\\/kuluttajasivujen-kuva-scaled.jpg\",\"contentUrl\":\"https:\\\/\\\/www.a-laiturit.fi\\\/wp-content\\\/uploads\\\/2018\\\/10\\\/kuluttajasivujen-kuva-scaled.jpg\"},{\"@type\":\"BreadcrumbList\",\"@id\":\"https:\\\/\\\/www.a-laiturit.fi\\\/sv\\\/kontakt\\\/aterforsaljare\\\/#breadcrumb\",\"itemListElement\":[{\"@type\":\"ListItem\",\"position\":1,\"name\":\"Home\",\"item\":\"https:\\\/\\\/www.a-laiturit.fi\\\/sv\\\/\"},{\"@type\":\"ListItem\",\"position\":2,\"name\":\"Kontakt\",\"item\":\"https:\\\/\\\/www.a-laiturit.fi\\\/sv\\\/kontakt\\\/\"},{\"@type\":\"ListItem\",\"position\":3,\"name\":\"\u00c5terf\u00f6rs\u00e4ljare\"}]},{\"@type\":\"WebSite\",\"@id\":\"https:\\\/\\\/www.a-laiturit.fi\\\/sv\\\/#website\",\"url\":\"https:\\\/\\\/www.a-laiturit.fi\\\/sv\\\/\",\"name\":\"A-Laiturit\",\"description\":\"Me A-Laitureissa suunnittelemme ja toteutamme juuri Sinun tarpeisiisi ja rantaasi sopivan laiturin, joka kest\u00e4\u00e4. Vuosikymmenten kokemuksella voimme sanoa: &quot;Me osaamme laiturit!&quot;\",\"publisher\":{\"@id\":\"https:\\\/\\\/www.a-laiturit.fi\\\/sv\\\/#organization\"},\"potentialAction\":[{\"@type\":\"SearchAction\",\"target\":{\"@type\":\"EntryPoint\",\"urlTemplate\":\"https:\\\/\\\/www.a-laiturit.fi\\\/sv\\\/?s={search_term_string}\"},\"query-input\":{\"@type\":\"PropertyValueSpecification\",\"valueRequired\":true,\"valueName\":\"search_term_string\"}}],\"inLanguage\":\"sv-SE\"},{\"@type\":\"Organization\",\"@id\":\"https:\\\/\\\/www.a-laiturit.fi\\\/sv\\\/#organization\",\"name\":\"A-laiturit Oy\",\"url\":\"https:\\\/\\\/www.a-laiturit.fi\\\/sv\\\/\",\"logo\":{\"@type\":\"ImageObject\",\"inLanguage\":\"sv-SE\",\"@id\":\"https:\\\/\\\/www.a-laiturit.fi\\\/sv\\\/#\\\/schema\\\/logo\\\/image\\\/\",\"url\":\"https:\\\/\\\/www.a-laiturit.fi\\\/wp-content\\\/uploads\\\/2018\\\/10\\\/alaiturit_vari_favicon.png\",\"contentUrl\":\"https:\\\/\\\/www.a-laiturit.fi\\\/wp-content\\\/uploads\\\/2018\\\/10\\\/alaiturit_vari_favicon.png\",\"width\":512,\"height\":512,\"caption\":\"A-laiturit Oy\"},\"image\":{\"@id\":\"https:\\\/\\\/www.a-laiturit.fi\\\/sv\\\/#\\\/schema\\\/logo\\\/image\\\/\"},\"sameAs\":[\"https:\\\/\\\/www.facebook.com\\\/alaiturit\\\/\",\"https:\\\/\\\/www.youtube.com\\\/channel\\\/UCPCnVbx3R7RICl-bGS91dEA\"]}]}<\/script>","yoast_head_json":{"title":"\u00c5terf\u00f6rs\u00e4ljare - A-Laiturit","description":"Lokala f\u00f6rs\u00e4ljare k\u00e4nner till omst\u00e4ndigheterna i ett specifikt omr\u00e5de och kan rekommendera den r\u00e4tta sortens brygga f\u00f6r r\u00e4tt plats.","robots":{"index":"index","follow":"follow","max-snippet":"max-snippet:-1","max-image-preview":"max-image-preview:large","max-video-preview":"max-video-preview:-1"},"canonical":"https:\/\/www.a-laiturit.fi\/sv\/kontakt\/aterforsaljare\/","og_locale":"sv_SE","og_type":"article","og_title":"\u00c5terf\u00f6rs\u00e4ljare - A-Laiturit","og_description":"Lokala f\u00f6rs\u00e4ljare k\u00e4nner till omst\u00e4ndigheterna i ett specifikt omr\u00e5de och kan rekommendera den r\u00e4tta sortens brygga f\u00f6r r\u00e4tt plats.","og_url":"https:\/\/www.a-laiturit.fi\/sv\/kontakt\/aterforsaljare\/","og_site_name":"A-Laiturit","article_publisher":"https:\/\/www.facebook.com\/alaiturit\/","article_modified_time":"2026-01-21T10:23:06+00:00","og_image":[{"url":"https:\/\/www.a-laiturit.fi\/wp-content\/uploads\/2018\/10\/kuluttajasivujen-kuva-scaled.jpg","type":"","width":"","height":""}],"twitter_misc":{"Ber\u00e4knad l\u00e4stid":"4 minuter"},"schema":{"@context":"https:\/\/schema.org","@graph":[{"@type":"WebPage","@id":"https:\/\/www.a-laiturit.fi\/sv\/kontakt\/aterforsaljare\/","url":"https:\/\/www.a-laiturit.fi\/sv\/kontakt\/aterforsaljare\/","name":"\u00c5terf\u00f6rs\u00e4ljare - A-Laiturit","isPartOf":{"@id":"https:\/\/www.a-laiturit.fi\/sv\/#website"},"primaryImageOfPage":{"@id":"https:\/\/www.a-laiturit.fi\/sv\/kontakt\/aterforsaljare\/#primaryimage"},"image":{"@id":"https:\/\/www.a-laiturit.fi\/sv\/kontakt\/aterforsaljare\/#primaryimage"},"thumbnailUrl":"https:\/\/www.a-laiturit.fi\/wp-content\/uploads\/2018\/10\/kuluttajasivujen-kuva-scaled.jpg","datePublished":"2018-11-29T10:35:48+00:00","dateModified":"2026-01-21T10:23:06+00:00","description":"Lokala f\u00f6rs\u00e4ljare k\u00e4nner till omst\u00e4ndigheterna i ett specifikt omr\u00e5de och kan rekommendera den r\u00e4tta sortens brygga f\u00f6r r\u00e4tt plats.","breadcrumb":{"@id":"https:\/\/www.a-laiturit.fi\/sv\/kontakt\/aterforsaljare\/#breadcrumb"},"inLanguage":"sv-SE","potentialAction":[{"@type":"ReadAction","target":["https:\/\/www.a-laiturit.fi\/sv\/kontakt\/aterforsaljare\/"]}]},{"@type":"ImageObject","inLanguage":"sv-SE","@id":"https:\/\/www.a-laiturit.fi\/sv\/kontakt\/aterforsaljare\/#primaryimage","url":"https:\/\/www.a-laiturit.fi\/wp-content\/uploads\/2018\/10\/kuluttajasivujen-kuva-scaled.jpg","contentUrl":"https:\/\/www.a-laiturit.fi\/wp-content\/uploads\/2018\/10\/kuluttajasivujen-kuva-scaled.jpg"},{"@type":"BreadcrumbList","@id":"https:\/\/www.a-laiturit.fi\/sv\/kontakt\/aterforsaljare\/#breadcrumb","itemListElement":[{"@type":"ListItem","position":1,"name":"Home","item":"https:\/\/www.a-laiturit.fi\/sv\/"},{"@type":"ListItem","position":2,"name":"Kontakt","item":"https:\/\/www.a-laiturit.fi\/sv\/kontakt\/"},{"@type":"ListItem","position":3,"name":"\u00c5terf\u00f6rs\u00e4ljare"}]},{"@type":"WebSite","@id":"https:\/\/www.a-laiturit.fi\/sv\/#website","url":"https:\/\/www.a-laiturit.fi\/sv\/","name":"A-Laiturit","description":"Me A-Laitureissa suunnittelemme ja toteutamme juuri Sinun tarpeisiisi ja rantaasi sopivan laiturin, joka kest\u00e4\u00e4. Vuosikymmenten kokemuksella voimme sanoa: &quot;Me osaamme laiturit!&quot;","publisher":{"@id":"https:\/\/www.a-laiturit.fi\/sv\/#organization"},"potentialAction":[{"@type":"SearchAction","target":{"@type":"EntryPoint","urlTemplate":"https:\/\/www.a-laiturit.fi\/sv\/?s={search_term_string}"},"query-input":{"@type":"PropertyValueSpecification","valueRequired":true,"valueName":"search_term_string"}}],"inLanguage":"sv-SE"},{"@type":"Organization","@id":"https:\/\/www.a-laiturit.fi\/sv\/#organization","name":"A-laiturit Oy","url":"https:\/\/www.a-laiturit.fi\/sv\/","logo":{"@type":"ImageObject","inLanguage":"sv-SE","@id":"https:\/\/www.a-laiturit.fi\/sv\/#\/schema\/logo\/image\/","url":"https:\/\/www.a-laiturit.fi\/wp-content\/uploads\/2018\/10\/alaiturit_vari_favicon.png","contentUrl":"https:\/\/www.a-laiturit.fi\/wp-content\/uploads\/2018\/10\/alaiturit_vari_favicon.png","width":512,"height":512,"caption":"A-laiturit Oy"},"image":{"@id":"https:\/\/www.a-laiturit.fi\/sv\/#\/schema\/logo\/image\/"},"sameAs":["https:\/\/www.facebook.com\/alaiturit\/","https:\/\/www.youtube.com\/channel\/UCPCnVbx3R7RICl-bGS91dEA"]}]}},"_links":{"self":[{"href":"https:\/\/www.a-laiturit.fi\/sv\/wp-json\/wp\/v2\/pages\/5529","targetHints":{"allow":["GET"]}}],"collection":[{"href":"https:\/\/www.a-laiturit.fi\/sv\/wp-json\/wp\/v2\/pages"}],"about":[{"href":"https:\/\/www.a-laiturit.fi\/sv\/wp-json\/wp\/v2\/types\/page"}],"author":[{"embeddable":true,"href":"https:\/\/www.a-laiturit.fi\/sv\/wp-json\/wp\/v2\/users\/1"}],"replies":[{"embeddable":true,"href":"https:\/\/www.a-laiturit.fi\/sv\/wp-json\/wp\/v2\/comments?post=5529"}],"version-history":[{"count":11,"href":"https:\/\/www.a-laiturit.fi\/sv\/wp-json\/wp\/v2\/pages\/5529\/revisions"}],"predecessor-version":[{"id":13368,"href":"https:\/\/www.a-laiturit.fi\/sv\/wp-json\/wp\/v2\/pages\/5529\/revisions\/13368"}],"up":[{"embeddable":true,"href":"https:\/\/www.a-laiturit.fi\/sv\/wp-json\/wp\/v2\/pages\/5554"}],"wp:attachment":[{"href":"https:\/\/www.a-laiturit.fi\/sv\/wp-json\/wp\/v2\/media?parent=5529"}],"curies":[{"name":"wp","href":"https:\/\/api.w.org\/{rel}","templated":true}]}}