{"id":5517,"date":"2018-11-29T12:09:57","date_gmt":"2018-11-29T10:09:57","guid":{"rendered":"https:\/\/www.a-laiturit.fi\/kalliokylkilaituri\/"},"modified":"2020-07-28T15:59:06","modified_gmt":"2020-07-28T12:59:06","slug":"bergkonsolbryggor","status":"publish","type":"page","link":"https:\/\/www.a-laiturit.fi\/sv\/gor-det-sjalv\/bergkonsolbryggor\/","title":{"rendered":"Bergkonsolbryggor"},"content":{"rendered":"\r\n<p><img decoding=\"async\" title=\"Tee-se-itse laituri A-laiturit\" src=\"https:\/\/www.a-laiturit.fi\/wp-content\/uploads\/2018\/10\/tee_se_itse_laituri.jpg\" alt=\"Tee-se-itse laituri A-laiturit\" width=\"1920\" height=\"500\" \/><\/p>\r\n<h1>\u00a0<\/h1>\r\n<div class=\"menu-paavalikko-sv-container\"><ul id=\"alaiturit-sivulinkit\" class=\"sivupalkinlinkit\"><li id=\"menu-item-5760\" class=\"menu-item menu-item-type-post_type menu-item-object-page menu-item-5760\"><a href=\"https:\/\/www.a-laiturit.fi\/sv\/gor-det-sjalv\/bergkonsolbryggor\/\">Bergkonsolbryggor<\/a><\/li>\n<li id=\"menu-item-5759\" class=\"menu-item menu-item-type-post_type menu-item-object-page menu-item-5759\"><a href=\"https:\/\/www.a-laiturit.fi\/sv\/gor-det-sjalv\/betongpontonbrygga\/\">Betongpontonbrygga<\/a><\/li>\n<li id=\"menu-item-5753\" class=\"menu-item menu-item-type-post_type menu-item-object-page menu-item-5753\"><a href=\"https:\/\/www.a-laiturit.fi\/sv\/gor-det-sjalv\/boj\/\">Boj<\/a><\/li>\n<li id=\"menu-item-5750\" class=\"menu-item menu-item-type-post_type menu-item-object-page menu-item-5750\"><a href=\"https:\/\/www.a-laiturit.fi\/sv\/gor-det-sjalv\/batslip\/\">B\u00e5tslip<\/a><\/li>\n<li id=\"menu-item-5751\" class=\"menu-item menu-item-type-post_type menu-item-object-page menu-item-5751\"><a href=\"https:\/\/www.a-laiturit.fi\/sv\/gor-det-sjalv\/batslip-for-sjosattning\/\">B\u00e5tslip f\u00f6r sj\u00f6s\u00e4ttning<\/a><\/li>\n<li id=\"menu-item-5757\" class=\"menu-item menu-item-type-post_type menu-item-object-page menu-item-5757\"><a href=\"https:\/\/www.a-laiturit.fi\/sv\/gor-det-sjalv\/fjaderbyte\/\">Fj\u00e4derbyte<\/a><\/li>\n<li id=\"menu-item-5756\" class=\"menu-item menu-item-type-post_type menu-item-object-page menu-item-5756\"><a href=\"https:\/\/www.a-laiturit.fi\/sv\/gor-det-sjalv\/lippalaituris-markstod\/\">Lippalaituris markst\u00f6d<\/a><\/li>\n<li id=\"menu-item-5758\" class=\"menu-item menu-item-type-post_type menu-item-object-page menu-item-5758\"><a href=\"https:\/\/www.a-laiturit.fi\/sv\/gor-det-sjalv\/reparation-av-betongstrukturer\/\">Reparation av betongstrukturer<\/a><\/li>\n<li id=\"menu-item-5754\" class=\"menu-item menu-item-type-post_type menu-item-object-page menu-item-5754\"><a href=\"https:\/\/www.a-laiturit.fi\/sv\/gor-det-sjalv\/skruvpalsbryggan\/\">Skruvp\u00e5lsbryggan<\/a><\/li>\n<li id=\"menu-item-5755\" class=\"menu-item menu-item-type-post_type menu-item-object-page menu-item-5755\"><a href=\"https:\/\/www.a-laiturit.fi\/sv\/gor-det-sjalv\/vinylspont\/\">Vinylspont<\/a><\/li>\n<\/ul><\/div>\r\n<p>Bryggan som byggs direkt i flanken p\u00e5 klippan \u00e4r en utm\u00e4rkt l\u00f6sning f\u00f6r branta str\u00e4nder med skarpa konturer. Med konsolbalkarna kan du \u00e4ven bygga till exempel en terass vid sidan av klippan. Tack vare sin justerbara konstruktion g\u00e5r balken att installera p\u00e5 n\u00e4stan vilken modell av klippa som helst. F\u00f6r att s\u00e4tta konsolbalkbryggan p\u00e5 plats kr\u00e4vs stenborr.<\/p>\r\n<p>Tips: Installera bergskonsolbryggans rambalkar fr\u00e5n isen under vintertid.<\/p>\r\n<p>Den f\u00e4rdiga bryggans bredd fr\u00e5n klippan ut\u00e5t kan vara 1,5 &#8211; 2 meter. D\u00e4cksh\u00f6jden b\u00f6r vara minst 1,2 meter ovanf\u00f6r vattnet. A-Laituris rambalkar f\u00f6r bergkonsolbrygga levereras med allt skruvmaterial.<\/p>\r\n<p>Bergskonsolbryggans rambalk \u00e4r justerbar och g\u00e5r att s\u00e4tta fast p\u00e5 n\u00e4stan vilken strand som helst. Rambalken \u00e4r helt och h\u00e5llet varmf\u00f6rzinkad. Balkf\u00e4stena f\u00f6r fasts\u00e4ttning av d\u00e4cket \u00e4r alltid inkluderade.<\/p>\r\n<h4>Bergskonsolbryggan<\/h4>\r\n<p><iframe src=\"https:\/\/www.youtube.com\/embed\/bS8Zid11DD0\" width=\"640\" height=\"360\" frameborder=\"0\" allowfullscreen=\"allowfullscreen\"><\/iframe> <a href=\"\/sv\/foretagsinfo\/brochyrer-och-videor\/#bryggskolan\">Titta p\u00e5 samtliga videor i Bryggskolan<\/a><\/p>\r\n<h4>Konsolbank<\/h4>\r\n<p><iframe src=\"https:\/\/www.youtube.com\/embed\/W5bVl-J_u8s\" width=\"640\" height=\"360\" frameborder=\"0\" allowfullscreen=\"allowfullscreen\"><\/iframe> <a href=\"\/sv\/bryggtilbehor\/\">Best\u00e4ll det material du beh\u00f6ver<\/a><\/p>\r\n<h2>Beh\u00f6ver du yrkeskunnig hj\u00e4lp? Ta kontakt!<\/h2>\r\n<p><div class=\"myyjalaatikko\"><div class=\"myyjalaatikko-kuva\"><img decoding=\"async\" src=\"https:\/\/www.a-laiturit.fi\/wp-content\/uploads\/2023\/10\/raimo-koskinen.jpg\" alt=\"Raimo Koskinen\"><\/div>\r\n<div class=\"myyjalaatikko-teksti\"><h4>Raimo Koskinen<\/h4>\r\n<p>F\u00f6rs\u00e4ljning<\/p>\r\n<br>\r\n<p><a href=\"tel:+358 45 6703 601\">+358 45 6703 601<\/a><br>\r\n<a href=\"mailto:raimo.koskinen@a-laiturit.fi\">raimo.koskinen@a-laiturit.fi<\/a><\/p>\r\n<\/div><\/div><div class=\"myyjalaatikko\"><div class=\"myyjalaatikko-kuva\"><img decoding=\"async\" src=\"https:\/\/www.a-laiturit.fi\/wp-content\/uploads\/2023\/10\/mika-murto.jpg\" alt=\"Mika Murto\"><\/div>\r\n<div class=\"myyjalaatikko-teksti\"><h4>Mika Murto<\/h4>\r\n<p>F\u00f6rs\u00e4ljning<\/p>\r\n<br>\r\n<p><a href=\"tel:+358 45 6703 602\">+358 45 6703 602<\/a><br>\r\n<a href=\"mailto:mika.murto@a-laiturit.fi\">mika.murto@a-laiturit.fi<\/a><\/p>\r\n<\/div><\/div><\/p>\r\n","protected":false},"excerpt":{"rendered":"<p>\u00a0 Bryggan som byggs direkt i flanken p\u00e5 klippan \u00e4r en utm\u00e4rkt l\u00f6sning f\u00f6r branta str\u00e4nder med skarpa konturer. Med konsolbalkarna kan du \u00e4ven bygga till exempel en terass vid sidan av klippan. Tack vare sin justerbara konstruktion g\u00e5r balken att installera p\u00e5 n\u00e4stan vilken modell av klippa som helst. F\u00f6r att s\u00e4tta konsolbalkbryggan p\u00e5 [&hellip;]<\/p>\n","protected":false},"author":1,"featured_media":0,"parent":5528,"menu_order":0,"comment_status":"closed","ping_status":"closed","template":"","meta":{"_acf_changed":false,"footnotes":""},"class_list":["post-5517","page","type-page","status-publish","hentry"],"acf":[],"yoast_head":"<title>G\u00f6r-det-sj\u00e4lv: bergkonsolbryggor - A-Laiturit<\/title>\n<meta name=\"description\" content=\"A-Laiturit erbjuder den sakkunniga ett s\u00e5 f\u00e4rdigt paket som m\u00f6jligt eller alla l\u00f6sa delar enligt dina egna planer. Expertr\u00e5d tillkommer p\u00e5 k\u00f6pet!\" \/>\n<meta name=\"robots\" content=\"index, follow, max-snippet:-1, max-image-preview:large, max-video-preview:-1\" \/>\n<link rel=\"canonical\" href=\"https:\/\/www.a-laiturit.fi\/sv\/gor-det-sjalv\/bergkonsolbryggor\/\" \/>\n<meta property=\"og:locale\" content=\"sv_SE\" \/>\n<meta property=\"og:type\" content=\"article\" \/>\n<meta property=\"og:title\" content=\"G\u00f6r-det-sj\u00e4lv: bergkonsolbryggor - A-Laiturit\" \/>\n<meta property=\"og:description\" content=\"A-Laiturit erbjuder den sakkunniga ett s\u00e5 f\u00e4rdigt paket som m\u00f6jligt eller alla l\u00f6sa delar enligt dina egna planer. Expertr\u00e5d tillkommer p\u00e5 k\u00f6pet!\" \/>\n<meta property=\"og:url\" content=\"https:\/\/www.a-laiturit.fi\/sv\/gor-det-sjalv\/bergkonsolbryggor\/\" \/>\n<meta property=\"og:site_name\" content=\"A-Laiturit\" \/>\n<meta property=\"article:publisher\" content=\"https:\/\/www.facebook.com\/alaiturit\/\" \/>\n<meta property=\"article:modified_time\" content=\"2020-07-28T12:59:06+00:00\" \/>\n<meta property=\"og:image\" content=\"https:\/\/www.a-laiturit.fi\/wp-content\/uploads\/2018\/10\/tee_se_itse_laituri.jpg\" \/>\n<meta name=\"twitter:label1\" content=\"Ber\u00e4knad l\u00e4stid\" \/>\n\t<meta name=\"twitter:data1\" content=\"1 minut\" \/>\n<script type=\"application\/ld+json\" class=\"yoast-schema-graph\">{\"@context\":\"https:\\\/\\\/schema.org\",\"@graph\":[{\"@type\":\"WebPage\",\"@id\":\"https:\\\/\\\/www.a-laiturit.fi\\\/sv\\\/gor-det-sjalv\\\/bergkonsolbryggor\\\/\",\"url\":\"https:\\\/\\\/www.a-laiturit.fi\\\/sv\\\/gor-det-sjalv\\\/bergkonsolbryggor\\\/\",\"name\":\"G\u00f6r-det-sj\u00e4lv: bergkonsolbryggor - A-Laiturit\",\"isPartOf\":{\"@id\":\"https:\\\/\\\/www.a-laiturit.fi\\\/sv\\\/#website\"},\"primaryImageOfPage\":{\"@id\":\"https:\\\/\\\/www.a-laiturit.fi\\\/sv\\\/gor-det-sjalv\\\/bergkonsolbryggor\\\/#primaryimage\"},\"image\":{\"@id\":\"https:\\\/\\\/www.a-laiturit.fi\\\/sv\\\/gor-det-sjalv\\\/bergkonsolbryggor\\\/#primaryimage\"},\"thumbnailUrl\":\"https:\\\/\\\/www.a-laiturit.fi\\\/wp-content\\\/uploads\\\/2018\\\/10\\\/tee_se_itse_laituri.jpg\",\"datePublished\":\"2018-11-29T10:09:57+00:00\",\"dateModified\":\"2020-07-28T12:59:06+00:00\",\"description\":\"A-Laiturit erbjuder den sakkunniga ett s\u00e5 f\u00e4rdigt paket som m\u00f6jligt eller alla l\u00f6sa delar enligt dina egna planer. Expertr\u00e5d tillkommer p\u00e5 k\u00f6pet!\",\"breadcrumb\":{\"@id\":\"https:\\\/\\\/www.a-laiturit.fi\\\/sv\\\/gor-det-sjalv\\\/bergkonsolbryggor\\\/#breadcrumb\"},\"inLanguage\":\"sv-SE\",\"potentialAction\":[{\"@type\":\"ReadAction\",\"target\":[\"https:\\\/\\\/www.a-laiturit.fi\\\/sv\\\/gor-det-sjalv\\\/bergkonsolbryggor\\\/\"]}]},{\"@type\":\"ImageObject\",\"inLanguage\":\"sv-SE\",\"@id\":\"https:\\\/\\\/www.a-laiturit.fi\\\/sv\\\/gor-det-sjalv\\\/bergkonsolbryggor\\\/#primaryimage\",\"url\":\"https:\\\/\\\/www.a-laiturit.fi\\\/wp-content\\\/uploads\\\/2018\\\/10\\\/tee_se_itse_laituri.jpg\",\"contentUrl\":\"https:\\\/\\\/www.a-laiturit.fi\\\/wp-content\\\/uploads\\\/2018\\\/10\\\/tee_se_itse_laituri.jpg\"},{\"@type\":\"BreadcrumbList\",\"@id\":\"https:\\\/\\\/www.a-laiturit.fi\\\/sv\\\/gor-det-sjalv\\\/bergkonsolbryggor\\\/#breadcrumb\",\"itemListElement\":[{\"@type\":\"ListItem\",\"position\":1,\"name\":\"Home\",\"item\":\"https:\\\/\\\/www.a-laiturit.fi\\\/sv\\\/\"},{\"@type\":\"ListItem\",\"position\":2,\"name\":\"G\u00f6r-det-sj\u00e4lv\",\"item\":\"https:\\\/\\\/www.a-laiturit.fi\\\/sv\\\/gor-det-sjalv\\\/\"},{\"@type\":\"ListItem\",\"position\":3,\"name\":\"Bergkonsolbryggor\"}]},{\"@type\":\"WebSite\",\"@id\":\"https:\\\/\\\/www.a-laiturit.fi\\\/sv\\\/#website\",\"url\":\"https:\\\/\\\/www.a-laiturit.fi\\\/sv\\\/\",\"name\":\"A-Laiturit\",\"description\":\"Me A-Laitureissa suunnittelemme ja toteutamme juuri Sinun tarpeisiisi ja rantaasi sopivan laiturin, joka kest\u00e4\u00e4. Vuosikymmenten kokemuksella voimme sanoa: &quot;Me osaamme laiturit!&quot;\",\"publisher\":{\"@id\":\"https:\\\/\\\/www.a-laiturit.fi\\\/sv\\\/#organization\"},\"potentialAction\":[{\"@type\":\"SearchAction\",\"target\":{\"@type\":\"EntryPoint\",\"urlTemplate\":\"https:\\\/\\\/www.a-laiturit.fi\\\/sv\\\/?s={search_term_string}\"},\"query-input\":{\"@type\":\"PropertyValueSpecification\",\"valueRequired\":true,\"valueName\":\"search_term_string\"}}],\"inLanguage\":\"sv-SE\"},{\"@type\":\"Organization\",\"@id\":\"https:\\\/\\\/www.a-laiturit.fi\\\/sv\\\/#organization\",\"name\":\"A-laiturit Oy\",\"url\":\"https:\\\/\\\/www.a-laiturit.fi\\\/sv\\\/\",\"logo\":{\"@type\":\"ImageObject\",\"inLanguage\":\"sv-SE\",\"@id\":\"https:\\\/\\\/www.a-laiturit.fi\\\/sv\\\/#\\\/schema\\\/logo\\\/image\\\/\",\"url\":\"https:\\\/\\\/www.a-laiturit.fi\\\/wp-content\\\/uploads\\\/2018\\\/10\\\/alaiturit_vari_favicon.png\",\"contentUrl\":\"https:\\\/\\\/www.a-laiturit.fi\\\/wp-content\\\/uploads\\\/2018\\\/10\\\/alaiturit_vari_favicon.png\",\"width\":512,\"height\":512,\"caption\":\"A-laiturit Oy\"},\"image\":{\"@id\":\"https:\\\/\\\/www.a-laiturit.fi\\\/sv\\\/#\\\/schema\\\/logo\\\/image\\\/\"},\"sameAs\":[\"https:\\\/\\\/www.facebook.com\\\/alaiturit\\\/\",\"https:\\\/\\\/www.youtube.com\\\/channel\\\/UCPCnVbx3R7RICl-bGS91dEA\"]}]}<\/script>","yoast_head_json":{"title":"G\u00f6r-det-sj\u00e4lv: bergkonsolbryggor - A-Laiturit","description":"A-Laiturit erbjuder den sakkunniga ett s\u00e5 f\u00e4rdigt paket som m\u00f6jligt eller alla l\u00f6sa delar enligt dina egna planer. Expertr\u00e5d tillkommer p\u00e5 k\u00f6pet!","robots":{"index":"index","follow":"follow","max-snippet":"max-snippet:-1","max-image-preview":"max-image-preview:large","max-video-preview":"max-video-preview:-1"},"canonical":"https:\/\/www.a-laiturit.fi\/sv\/gor-det-sjalv\/bergkonsolbryggor\/","og_locale":"sv_SE","og_type":"article","og_title":"G\u00f6r-det-sj\u00e4lv: bergkonsolbryggor - A-Laiturit","og_description":"A-Laiturit erbjuder den sakkunniga ett s\u00e5 f\u00e4rdigt paket som m\u00f6jligt eller alla l\u00f6sa delar enligt dina egna planer. Expertr\u00e5d tillkommer p\u00e5 k\u00f6pet!","og_url":"https:\/\/www.a-laiturit.fi\/sv\/gor-det-sjalv\/bergkonsolbryggor\/","og_site_name":"A-Laiturit","article_publisher":"https:\/\/www.facebook.com\/alaiturit\/","article_modified_time":"2020-07-28T12:59:06+00:00","og_image":[{"url":"https:\/\/www.a-laiturit.fi\/wp-content\/uploads\/2018\/10\/tee_se_itse_laituri.jpg","type":"","width":"","height":""}],"twitter_misc":{"Ber\u00e4knad l\u00e4stid":"1 minut"},"schema":{"@context":"https:\/\/schema.org","@graph":[{"@type":"WebPage","@id":"https:\/\/www.a-laiturit.fi\/sv\/gor-det-sjalv\/bergkonsolbryggor\/","url":"https:\/\/www.a-laiturit.fi\/sv\/gor-det-sjalv\/bergkonsolbryggor\/","name":"G\u00f6r-det-sj\u00e4lv: bergkonsolbryggor - A-Laiturit","isPartOf":{"@id":"https:\/\/www.a-laiturit.fi\/sv\/#website"},"primaryImageOfPage":{"@id":"https:\/\/www.a-laiturit.fi\/sv\/gor-det-sjalv\/bergkonsolbryggor\/#primaryimage"},"image":{"@id":"https:\/\/www.a-laiturit.fi\/sv\/gor-det-sjalv\/bergkonsolbryggor\/#primaryimage"},"thumbnailUrl":"https:\/\/www.a-laiturit.fi\/wp-content\/uploads\/2018\/10\/tee_se_itse_laituri.jpg","datePublished":"2018-11-29T10:09:57+00:00","dateModified":"2020-07-28T12:59:06+00:00","description":"A-Laiturit erbjuder den sakkunniga ett s\u00e5 f\u00e4rdigt paket som m\u00f6jligt eller alla l\u00f6sa delar enligt dina egna planer. Expertr\u00e5d tillkommer p\u00e5 k\u00f6pet!","breadcrumb":{"@id":"https:\/\/www.a-laiturit.fi\/sv\/gor-det-sjalv\/bergkonsolbryggor\/#breadcrumb"},"inLanguage":"sv-SE","potentialAction":[{"@type":"ReadAction","target":["https:\/\/www.a-laiturit.fi\/sv\/gor-det-sjalv\/bergkonsolbryggor\/"]}]},{"@type":"ImageObject","inLanguage":"sv-SE","@id":"https:\/\/www.a-laiturit.fi\/sv\/gor-det-sjalv\/bergkonsolbryggor\/#primaryimage","url":"https:\/\/www.a-laiturit.fi\/wp-content\/uploads\/2018\/10\/tee_se_itse_laituri.jpg","contentUrl":"https:\/\/www.a-laiturit.fi\/wp-content\/uploads\/2018\/10\/tee_se_itse_laituri.jpg"},{"@type":"BreadcrumbList","@id":"https:\/\/www.a-laiturit.fi\/sv\/gor-det-sjalv\/bergkonsolbryggor\/#breadcrumb","itemListElement":[{"@type":"ListItem","position":1,"name":"Home","item":"https:\/\/www.a-laiturit.fi\/sv\/"},{"@type":"ListItem","position":2,"name":"G\u00f6r-det-sj\u00e4lv","item":"https:\/\/www.a-laiturit.fi\/sv\/gor-det-sjalv\/"},{"@type":"ListItem","position":3,"name":"Bergkonsolbryggor"}]},{"@type":"WebSite","@id":"https:\/\/www.a-laiturit.fi\/sv\/#website","url":"https:\/\/www.a-laiturit.fi\/sv\/","name":"A-Laiturit","description":"Me A-Laitureissa suunnittelemme ja toteutamme juuri Sinun tarpeisiisi ja rantaasi sopivan laiturin, joka kest\u00e4\u00e4. Vuosikymmenten kokemuksella voimme sanoa: &quot;Me osaamme laiturit!&quot;","publisher":{"@id":"https:\/\/www.a-laiturit.fi\/sv\/#organization"},"potentialAction":[{"@type":"SearchAction","target":{"@type":"EntryPoint","urlTemplate":"https:\/\/www.a-laiturit.fi\/sv\/?s={search_term_string}"},"query-input":{"@type":"PropertyValueSpecification","valueRequired":true,"valueName":"search_term_string"}}],"inLanguage":"sv-SE"},{"@type":"Organization","@id":"https:\/\/www.a-laiturit.fi\/sv\/#organization","name":"A-laiturit Oy","url":"https:\/\/www.a-laiturit.fi\/sv\/","logo":{"@type":"ImageObject","inLanguage":"sv-SE","@id":"https:\/\/www.a-laiturit.fi\/sv\/#\/schema\/logo\/image\/","url":"https:\/\/www.a-laiturit.fi\/wp-content\/uploads\/2018\/10\/alaiturit_vari_favicon.png","contentUrl":"https:\/\/www.a-laiturit.fi\/wp-content\/uploads\/2018\/10\/alaiturit_vari_favicon.png","width":512,"height":512,"caption":"A-laiturit Oy"},"image":{"@id":"https:\/\/www.a-laiturit.fi\/sv\/#\/schema\/logo\/image\/"},"sameAs":["https:\/\/www.facebook.com\/alaiturit\/","https:\/\/www.youtube.com\/channel\/UCPCnVbx3R7RICl-bGS91dEA"]}]}},"_links":{"self":[{"href":"https:\/\/www.a-laiturit.fi\/sv\/wp-json\/wp\/v2\/pages\/5517","targetHints":{"allow":["GET"]}}],"collection":[{"href":"https:\/\/www.a-laiturit.fi\/sv\/wp-json\/wp\/v2\/pages"}],"about":[{"href":"https:\/\/www.a-laiturit.fi\/sv\/wp-json\/wp\/v2\/types\/page"}],"author":[{"embeddable":true,"href":"https:\/\/www.a-laiturit.fi\/sv\/wp-json\/wp\/v2\/users\/1"}],"replies":[{"embeddable":true,"href":"https:\/\/www.a-laiturit.fi\/sv\/wp-json\/wp\/v2\/comments?post=5517"}],"version-history":[{"count":9,"href":"https:\/\/www.a-laiturit.fi\/sv\/wp-json\/wp\/v2\/pages\/5517\/revisions"}],"predecessor-version":[{"id":9937,"href":"https:\/\/www.a-laiturit.fi\/sv\/wp-json\/wp\/v2\/pages\/5517\/revisions\/9937"}],"up":[{"embeddable":true,"href":"https:\/\/www.a-laiturit.fi\/sv\/wp-json\/wp\/v2\/pages\/5528"}],"wp:attachment":[{"href":"https:\/\/www.a-laiturit.fi\/sv\/wp-json\/wp\/v2\/media?parent=5517"}],"curies":[{"name":"wp","href":"https:\/\/api.w.org\/{rel}","templated":true}]}}