{"id":5415,"date":"2018-10-16T09:11:45","date_gmt":"2018-10-16T06:11:45","guid":{"rendered":"https:\/\/www.a-laiturit.fi\/laituritarvikkeet\/"},"modified":"2023-01-03T13:48:34","modified_gmt":"2023-01-03T11:48:34","slug":"bryggtilbehor","status":"publish","type":"page","link":"https:\/\/www.a-laiturit.fi\/sv\/bryggtilbehor\/","title":{"rendered":"Bryggtilbeh\u00f6r"},"content":{"rendered":"\n\n\t\t\t\t<img decoding=\"async\" src=\"https:\/\/www.a-laiturit.fi\/wp-content\/uploads\/2018\/10\/laiturit-etusivu-ylakuva.jpg\" alt=\"Laiturit etusivu ylakuva\" itemprop=\"image\" height=\"500\" width=\"1920\" title=\"Laiturit etusivu ylakuva\" onerror=\"this.style.display='none'\"  \/>\n<h1>\n\t\tSatamarakentaminen\n\t<\/h1>\n\t<div class=\"menu-paavalikko-sv-container\"><ul id=\"alaiturit-sivulinkit\" class=\"sivupalkinlinkit\"><li id=\"menu-item-7624\" class=\"menu-item menu-item-type-taxonomy menu-item-object-product_cat menu-item-7624\"><a href=\"https:\/\/www.a-laiturit.fi\/sv\/bryggtilbehor\/ankartilbehor\/\">Ankartilbeh\u00f6r<\/a><\/li>\n<li id=\"menu-item-7625\" class=\"menu-item menu-item-type-taxonomy menu-item-object-product_cat menu-item-7625\"><a href=\"https:\/\/www.a-laiturit.fi\/sv\/bryggtilbehor\/tillsatsamnen-for-betong\/\">Tillsats\u00e4mner f\u00f6r betong<\/a><\/li>\n<li id=\"menu-item-7626\" class=\"menu-item menu-item-type-taxonomy menu-item-object-product_cat menu-item-7626\"><a href=\"https:\/\/www.a-laiturit.fi\/sv\/bryggtilbehor\/landgangar\/\">Landg\u00e5ngar<\/a><\/li>\n<li id=\"menu-item-7627\" class=\"menu-item menu-item-type-taxonomy menu-item-object-product_cat menu-item-7627\"><a href=\"https:\/\/www.a-laiturit.fi\/sv\/bryggtilbehor\/kattingar-och-schacklar\/\">K\u00e4ttingar och schacklar<\/a><\/li>\n<li id=\"menu-item-7628\" class=\"menu-item menu-item-type-taxonomy menu-item-object-product_cat menu-item-7628\"><a href=\"https:\/\/www.a-laiturit.fi\/sv\/bryggtilbehor\/fasta-bryggor\/\">Tillbeh\u00f6r f\u00f6r fasta bryggor<\/a><\/li>\n<li id=\"menu-item-7629\" class=\"menu-item menu-item-type-taxonomy menu-item-object-product_cat menu-item-7629\"><a href=\"https:\/\/www.a-laiturit.fi\/sv\/bryggtilbehor\/dekoration\/\">Dekoration<\/a><\/li>\n<li id=\"menu-item-7630\" class=\"menu-item menu-item-type-taxonomy menu-item-object-product_cat menu-item-7630\"><a href=\"https:\/\/www.a-laiturit.fi\/sv\/bryggtilbehor\/racken\/\">R\u00e4cken<\/a><\/li>\n<li id=\"menu-item-7631\" class=\"menu-item menu-item-type-taxonomy menu-item-object-product_cat menu-item-7631\"><a href=\"https:\/\/www.a-laiturit.fi\/sv\/bryggtilbehor\/bryggbank\/\">Bryggb\u00e4nk<\/a><\/li>\n<li id=\"menu-item-7632\" class=\"menu-item menu-item-type-taxonomy menu-item-object-product_cat menu-item-7632\"><a href=\"https:\/\/www.a-laiturit.fi\/sv\/bryggtilbehor\/bryggport\/\">Bryggport<\/a><\/li>\n<li id=\"menu-item-7633\" class=\"menu-item menu-item-type-taxonomy menu-item-object-product_cat menu-item-7633\"><a href=\"https:\/\/www.a-laiturit.fi\/sv\/bryggtilbehor\/landfaste-och-beslag\/\">Landfaste och beslag<\/a><\/li>\n<li id=\"menu-item-7635\" class=\"menu-item menu-item-type-taxonomy menu-item-object-product_cat menu-item-7635\"><a href=\"https:\/\/www.a-laiturit.fi\/sv\/bryggtilbehor\/raddningsutrustning\/\">R\u00e4ddningsutrustning<\/a><\/li>\n<li id=\"menu-item-7636\" class=\"menu-item menu-item-type-taxonomy menu-item-object-product_cat menu-item-7636\"><a href=\"https:\/\/www.a-laiturit.fi\/sv\/bryggtilbehor\/bojar-och-bojpaket\/\">Bojar och bojpaket<\/a><\/li>\n<li id=\"menu-item-7637\" class=\"menu-item menu-item-type-taxonomy menu-item-object-product_cat menu-item-7637\"><a href=\"https:\/\/www.a-laiturit.fi\/sv\/bryggtilbehor\/flytkroppar\/\">Flytkroppar<\/a><\/li>\n<li id=\"menu-item-7638\" class=\"menu-item menu-item-type-taxonomy menu-item-object-product_cat menu-item-7638\"><a href=\"https:\/\/www.a-laiturit.fi\/sv\/bryggtilbehor\/skruvpalar\/\">Skruvp\u00e5lar<\/a><\/li>\n<li id=\"menu-item-9482\" class=\"menu-item menu-item-type-taxonomy menu-item-object-product_cat menu-item-9482\"><a href=\"https:\/\/www.a-laiturit.fi\/sv\/bryggtilbehor\/stranddekor\/\">Stranddekor<\/a><\/li>\n<li id=\"menu-item-7639\" class=\"menu-item menu-item-type-taxonomy menu-item-object-product_cat menu-item-7639\"><a href=\"https:\/\/www.a-laiturit.fi\/sv\/bryggtilbehor\/eltolpar-och-belysning\/\">Eltolpar och belysning<\/a><\/li>\n<li id=\"menu-item-7640\" class=\"menu-item menu-item-type-taxonomy menu-item-object-product_cat menu-item-7640\"><a href=\"https:\/\/www.a-laiturit.fi\/sv\/bryggtilbehor\/badstegar\/\">Badstegar<\/a><\/li>\n<li id=\"menu-item-7641\" class=\"menu-item menu-item-type-taxonomy menu-item-object-product_cat menu-item-7641\"><a href=\"https:\/\/www.a-laiturit.fi\/sv\/bryggtilbehor\/fortojning\/\">F\u00f6rt\u00f6jning<\/a><\/li>\n<li id=\"menu-item-7642\" class=\"menu-item menu-item-type-taxonomy menu-item-object-product_cat menu-item-7642\"><a href=\"https:\/\/www.a-laiturit.fi\/sv\/bryggtilbehor\/batslip\/\">B\u00e5tslip<\/a><\/li>\n<\/ul><\/div>\n\t<p>V\u00e5rt m\u00e5l \u00e4r en s\u00e4ker och trivsambrygga som \u00e4r utrustad f\u00f6r just dina behov. V\u00e5rt omfattande sortiment av h\u00f6gkvalitativa tillbeh\u00f6r erbjuder dig allt du beh\u00f6ver s\u00e5v\u00e4l f\u00f6r att bygga och underh\u00e5lla dinbrygga som f\u00f6r simning och f\u00f6rt\u00f6jning av b\u00e5t.<\/p>\n<p>Vi ordnar antingen hemleverans av tillbeh\u00f6ren eller ocks\u00e5 kan du bes\u00f6ka v\u00e5r butik i Reso f\u00f6r att bekanta dig med v\u00e5rt utbud.<\/p>\n<h2>Komfort och s\u00e4kerhet p\u00e5 bryggan med hj\u00e4lp av badstege<\/h2>\n<p>En stabil och tillr\u00e4ckligtbred badstege\u00e4r trygg och beh\u00e4ndig- s\u00e5v\u00e4l f\u00f6r barn som f\u00f6r f\u00f6r\u00e4ldrar.V\u00e5ra badstegar \u00e4r antingen 4- eller 7-stegade och de \u00e4r vikbara, dvs trapporna \u00e4r inte hala och beh\u00f6ver varken tv\u00e4ttas eller impregneras. Bekanta digocks\u00e5 med v\u00e5r snabbkopplingssats och lyftarm f\u00f6r badstegar!<\/p>\n<p><a href=\"https:\/\/www.a-laiturit.fi\/sv\/bryggtilbehor\/badstegar\/\">Bekanta dig med badstegar<\/a><\/p>\n<h2>Bojar och bojpaket enligt dina behov<\/h2>\n<p>En h\u00f6gkvalitativ boj\u00e4r ofta det s\u00e4kraste s\u00e4ttet att f\u00f6rt\u00f6ja en b\u00e5t och v\u00e5ra experterhj\u00e4lper dig med valet av r\u00e4tt storlekav boj.<\/p>\n<p>V\u00e5ra f\u00e4rdiga bojpaket f\u00f6r \u00e4r l\u00e4tta att installera sj\u00e4lv, menvid behov f\u00e5rdu ocks\u00e5 hj\u00e4lp med installationen.<\/p>\n<p><a href=\"https:\/\/www.a-laiturit.fi\/sv\/bryggtilbehor\/bojar-och-bojpaket\/\">Bekanta dig med bojar och bojpaket<\/a><\/p>\n<h2>S\u00e4ker f\u00f6rt\u00f6jning av b\u00e5t<\/h2>\n<p>Eleganta p\u00e5llareoch b\u00e5tringar garanterar tillf\u00f6rlitlig f\u00f6rt\u00f6jning av b\u00e5tar. I v\u00e5rt sortiment hittar du ocks\u00e5 olika typer av b\u00e5tbommar och st\u00f6tlister.<\/p>\n<p><a href=\"https:\/\/www.a-laiturit.fi\/sv\/bryggtilbehor\/fortojning\/\">Bekanta dig med utrustning f\u00f6r f\u00f6rt\u00f6jning av b\u00e5t<\/a><\/p>\n<h2>Livboj, kastlina och annan r\u00e4ddningsutrustning<\/h2>\n<p>En trygg bryggasfullst\u00e4ndiga r\u00e4ddningsutrustning omfattar en livboj, kastlina, flytande krok och flytande stege. Det \u00e4r ocks\u00e5 v\u00e4rt att med barn &#8211; och varf\u00f6r inte ocks\u00e5 vuxna &#8211; tr\u00e4naanv\u00e4ndningen av r\u00e4ddningsutrustningen.<\/p>\n<p><a href=\"https:\/\/www.a-laiturit.fi\/sv\/bryggtilbehor\/raddningsutrustning\/\">Bekanta dig med r\u00e4ddningsutrustning<\/a><\/p>\n<h2>H\u00e5llbara k\u00e4ttingar och schacklar<\/h2>\n<p>F\u00f6r byggeoch underh\u00e5ll av bryggor omfattar v\u00e5rt sortiment slitstark varmf\u00f6rzinkad k\u00e4tting avDIN 763 (5685C)-standard.<\/p>\n<p>F\u00f6r bojarnaanv\u00e4nder vi oss alltidavslitstark k\u00e4tting av GRADE 40-klass. F\u00f6r koppling av k\u00e4ttingtillhandah\u00e5ller vi EUR Large D-schacklar.<\/p>\n<p>Bekanta dig ocks\u00e5 med v\u00e5r patenterade k\u00e4ttingzink, som f\u00f6rl\u00e4nger k\u00e4ttingenslivstid!<\/p>\n<p><a href=\"https:\/\/www.a-laiturit.fi\/sv\/bryggtilbehor\/kattingar-och-schacklar\/\">Bekanta dig med k\u00e4ttingar och schacklar<\/a><\/p>\n\n","protected":false},"excerpt":{"rendered":"<p>Satamarakentaminen V\u00e5rt m\u00e5l \u00e4r en s\u00e4ker och trivsambrygga som \u00e4r utrustad f\u00f6r just dina behov. V\u00e5rt omfattande sortiment av h\u00f6gkvalitativa tillbeh\u00f6r erbjuder dig allt du beh\u00f6ver s\u00e5v\u00e4l f\u00f6r att bygga och underh\u00e5lla dinbrygga som f\u00f6r simning och f\u00f6rt\u00f6jning av b\u00e5t. Vi ordnar antingen hemleverans av tillbeh\u00f6ren eller ocks\u00e5 kan du bes\u00f6ka v\u00e5r butik i Reso [&hellip;]<\/p>\n","protected":false},"author":3,"featured_media":0,"parent":0,"menu_order":0,"comment_status":"closed","ping_status":"closed","template":"","meta":{"_acf_changed":false,"footnotes":""},"class_list":["post-5415","page","type-page","status-publish","hentry"],"acf":[],"yoast_head":"<title>H\u00f6gkvalitativa bryggtilbeh\u00f6r - A-Laiturit<\/title>\n<meta name=\"description\" content=\"V\u00e5rt omfattande sortiment av tillbeh\u00f6r erbjuder dig allt du beh\u00f6ver s\u00e5v\u00e4l f\u00f6r att bygga och underh\u00e5lla dinbrygga som f\u00f6r simning och f\u00f6rt\u00f6jning av b\u00e5t.\" \/>\n<meta name=\"robots\" content=\"index, follow, max-snippet:-1, max-image-preview:large, max-video-preview:-1\" \/>\n<link rel=\"canonical\" href=\"https:\/\/www.a-laiturit.fi\/sv\/bryggtilbehor\/\" \/>\n<meta property=\"og:locale\" content=\"sv_SE\" \/>\n<meta property=\"og:type\" content=\"article\" \/>\n<meta property=\"og:title\" content=\"H\u00f6gkvalitativa bryggtilbeh\u00f6r - A-Laiturit\" \/>\n<meta property=\"og:description\" content=\"V\u00e5rt omfattande sortiment av tillbeh\u00f6r erbjuder dig allt du beh\u00f6ver s\u00e5v\u00e4l f\u00f6r att bygga och underh\u00e5lla dinbrygga som f\u00f6r simning och f\u00f6rt\u00f6jning av b\u00e5t.\" \/>\n<meta property=\"og:url\" content=\"https:\/\/www.a-laiturit.fi\/sv\/bryggtilbehor\/\" \/>\n<meta property=\"og:site_name\" content=\"A-Laiturit\" \/>\n<meta property=\"article:publisher\" content=\"https:\/\/www.facebook.com\/alaiturit\/\" \/>\n<meta property=\"article:modified_time\" content=\"2023-01-03T11:48:34+00:00\" \/>\n<meta property=\"og:image\" content=\"https:\/\/www.a-laiturit.fi\/wp-content\/uploads\/2018\/10\/laiturit-etusivu-ylakuva.jpg\" \/>\n<meta name=\"twitter:label1\" content=\"Ber\u00e4knad l\u00e4stid\" \/>\n\t<meta name=\"twitter:data1\" content=\"2 minuter\" \/>\n<script type=\"application\/ld+json\" class=\"yoast-schema-graph\">{\"@context\":\"https:\\\/\\\/schema.org\",\"@graph\":[{\"@type\":\"WebPage\",\"@id\":\"https:\\\/\\\/www.a-laiturit.fi\\\/sv\\\/bryggtilbehor\\\/\",\"url\":\"https:\\\/\\\/www.a-laiturit.fi\\\/sv\\\/bryggtilbehor\\\/\",\"name\":\"H\u00f6gkvalitativa bryggtilbeh\u00f6r - A-Laiturit\",\"isPartOf\":{\"@id\":\"https:\\\/\\\/www.a-laiturit.fi\\\/sv\\\/#website\"},\"primaryImageOfPage\":{\"@id\":\"https:\\\/\\\/www.a-laiturit.fi\\\/sv\\\/bryggtilbehor\\\/#primaryimage\"},\"image\":{\"@id\":\"https:\\\/\\\/www.a-laiturit.fi\\\/sv\\\/bryggtilbehor\\\/#primaryimage\"},\"thumbnailUrl\":\"https:\\\/\\\/www.a-laiturit.fi\\\/wp-content\\\/uploads\\\/2018\\\/10\\\/laiturit-etusivu-ylakuva.jpg\",\"datePublished\":\"2018-10-16T06:11:45+00:00\",\"dateModified\":\"2023-01-03T11:48:34+00:00\",\"description\":\"V\u00e5rt omfattande sortiment av tillbeh\u00f6r erbjuder dig allt du beh\u00f6ver s\u00e5v\u00e4l f\u00f6r att bygga och underh\u00e5lla dinbrygga som f\u00f6r simning och f\u00f6rt\u00f6jning av b\u00e5t.\",\"breadcrumb\":{\"@id\":\"https:\\\/\\\/www.a-laiturit.fi\\\/sv\\\/bryggtilbehor\\\/#breadcrumb\"},\"inLanguage\":\"sv-SE\",\"potentialAction\":[{\"@type\":\"ReadAction\",\"target\":[\"https:\\\/\\\/www.a-laiturit.fi\\\/sv\\\/bryggtilbehor\\\/\"]}]},{\"@type\":\"ImageObject\",\"inLanguage\":\"sv-SE\",\"@id\":\"https:\\\/\\\/www.a-laiturit.fi\\\/sv\\\/bryggtilbehor\\\/#primaryimage\",\"url\":\"https:\\\/\\\/www.a-laiturit.fi\\\/wp-content\\\/uploads\\\/2018\\\/10\\\/laiturit-etusivu-ylakuva.jpg\",\"contentUrl\":\"https:\\\/\\\/www.a-laiturit.fi\\\/wp-content\\\/uploads\\\/2018\\\/10\\\/laiturit-etusivu-ylakuva.jpg\"},{\"@type\":\"BreadcrumbList\",\"@id\":\"https:\\\/\\\/www.a-laiturit.fi\\\/sv\\\/bryggtilbehor\\\/#breadcrumb\",\"itemListElement\":[{\"@type\":\"ListItem\",\"position\":1,\"name\":\"Home\",\"item\":\"https:\\\/\\\/www.a-laiturit.fi\\\/sv\\\/\"},{\"@type\":\"ListItem\",\"position\":2,\"name\":\"Bryggtilbeh\u00f6r\"}]},{\"@type\":\"WebSite\",\"@id\":\"https:\\\/\\\/www.a-laiturit.fi\\\/sv\\\/#website\",\"url\":\"https:\\\/\\\/www.a-laiturit.fi\\\/sv\\\/\",\"name\":\"A-Laiturit\",\"description\":\"Me A-Laitureissa suunnittelemme ja toteutamme juuri Sinun tarpeisiisi ja rantaasi sopivan laiturin, joka kest\u00e4\u00e4. Vuosikymmenten kokemuksella voimme sanoa: &quot;Me osaamme laiturit!&quot;\",\"publisher\":{\"@id\":\"https:\\\/\\\/www.a-laiturit.fi\\\/sv\\\/#organization\"},\"potentialAction\":[{\"@type\":\"SearchAction\",\"target\":{\"@type\":\"EntryPoint\",\"urlTemplate\":\"https:\\\/\\\/www.a-laiturit.fi\\\/sv\\\/?s={search_term_string}\"},\"query-input\":{\"@type\":\"PropertyValueSpecification\",\"valueRequired\":true,\"valueName\":\"search_term_string\"}}],\"inLanguage\":\"sv-SE\"},{\"@type\":\"Organization\",\"@id\":\"https:\\\/\\\/www.a-laiturit.fi\\\/sv\\\/#organization\",\"name\":\"A-laiturit Oy\",\"url\":\"https:\\\/\\\/www.a-laiturit.fi\\\/sv\\\/\",\"logo\":{\"@type\":\"ImageObject\",\"inLanguage\":\"sv-SE\",\"@id\":\"https:\\\/\\\/www.a-laiturit.fi\\\/sv\\\/#\\\/schema\\\/logo\\\/image\\\/\",\"url\":\"https:\\\/\\\/www.a-laiturit.fi\\\/wp-content\\\/uploads\\\/2018\\\/10\\\/alaiturit_vari_favicon.png\",\"contentUrl\":\"https:\\\/\\\/www.a-laiturit.fi\\\/wp-content\\\/uploads\\\/2018\\\/10\\\/alaiturit_vari_favicon.png\",\"width\":512,\"height\":512,\"caption\":\"A-laiturit Oy\"},\"image\":{\"@id\":\"https:\\\/\\\/www.a-laiturit.fi\\\/sv\\\/#\\\/schema\\\/logo\\\/image\\\/\"},\"sameAs\":[\"https:\\\/\\\/www.facebook.com\\\/alaiturit\\\/\",\"https:\\\/\\\/www.youtube.com\\\/channel\\\/UCPCnVbx3R7RICl-bGS91dEA\"]}]}<\/script>","yoast_head_json":{"title":"H\u00f6gkvalitativa bryggtilbeh\u00f6r - A-Laiturit","description":"V\u00e5rt omfattande sortiment av tillbeh\u00f6r erbjuder dig allt du beh\u00f6ver s\u00e5v\u00e4l f\u00f6r att bygga och underh\u00e5lla dinbrygga som f\u00f6r simning och f\u00f6rt\u00f6jning av b\u00e5t.","robots":{"index":"index","follow":"follow","max-snippet":"max-snippet:-1","max-image-preview":"max-image-preview:large","max-video-preview":"max-video-preview:-1"},"canonical":"https:\/\/www.a-laiturit.fi\/sv\/bryggtilbehor\/","og_locale":"sv_SE","og_type":"article","og_title":"H\u00f6gkvalitativa bryggtilbeh\u00f6r - A-Laiturit","og_description":"V\u00e5rt omfattande sortiment av tillbeh\u00f6r erbjuder dig allt du beh\u00f6ver s\u00e5v\u00e4l f\u00f6r att bygga och underh\u00e5lla dinbrygga som f\u00f6r simning och f\u00f6rt\u00f6jning av b\u00e5t.","og_url":"https:\/\/www.a-laiturit.fi\/sv\/bryggtilbehor\/","og_site_name":"A-Laiturit","article_publisher":"https:\/\/www.facebook.com\/alaiturit\/","article_modified_time":"2023-01-03T11:48:34+00:00","og_image":[{"url":"https:\/\/www.a-laiturit.fi\/wp-content\/uploads\/2018\/10\/laiturit-etusivu-ylakuva.jpg","type":"","width":"","height":""}],"twitter_misc":{"Ber\u00e4knad l\u00e4stid":"2 minuter"},"schema":{"@context":"https:\/\/schema.org","@graph":[{"@type":"WebPage","@id":"https:\/\/www.a-laiturit.fi\/sv\/bryggtilbehor\/","url":"https:\/\/www.a-laiturit.fi\/sv\/bryggtilbehor\/","name":"H\u00f6gkvalitativa bryggtilbeh\u00f6r - A-Laiturit","isPartOf":{"@id":"https:\/\/www.a-laiturit.fi\/sv\/#website"},"primaryImageOfPage":{"@id":"https:\/\/www.a-laiturit.fi\/sv\/bryggtilbehor\/#primaryimage"},"image":{"@id":"https:\/\/www.a-laiturit.fi\/sv\/bryggtilbehor\/#primaryimage"},"thumbnailUrl":"https:\/\/www.a-laiturit.fi\/wp-content\/uploads\/2018\/10\/laiturit-etusivu-ylakuva.jpg","datePublished":"2018-10-16T06:11:45+00:00","dateModified":"2023-01-03T11:48:34+00:00","description":"V\u00e5rt omfattande sortiment av tillbeh\u00f6r erbjuder dig allt du beh\u00f6ver s\u00e5v\u00e4l f\u00f6r att bygga och underh\u00e5lla dinbrygga som f\u00f6r simning och f\u00f6rt\u00f6jning av b\u00e5t.","breadcrumb":{"@id":"https:\/\/www.a-laiturit.fi\/sv\/bryggtilbehor\/#breadcrumb"},"inLanguage":"sv-SE","potentialAction":[{"@type":"ReadAction","target":["https:\/\/www.a-laiturit.fi\/sv\/bryggtilbehor\/"]}]},{"@type":"ImageObject","inLanguage":"sv-SE","@id":"https:\/\/www.a-laiturit.fi\/sv\/bryggtilbehor\/#primaryimage","url":"https:\/\/www.a-laiturit.fi\/wp-content\/uploads\/2018\/10\/laiturit-etusivu-ylakuva.jpg","contentUrl":"https:\/\/www.a-laiturit.fi\/wp-content\/uploads\/2018\/10\/laiturit-etusivu-ylakuva.jpg"},{"@type":"BreadcrumbList","@id":"https:\/\/www.a-laiturit.fi\/sv\/bryggtilbehor\/#breadcrumb","itemListElement":[{"@type":"ListItem","position":1,"name":"Home","item":"https:\/\/www.a-laiturit.fi\/sv\/"},{"@type":"ListItem","position":2,"name":"Bryggtilbeh\u00f6r"}]},{"@type":"WebSite","@id":"https:\/\/www.a-laiturit.fi\/sv\/#website","url":"https:\/\/www.a-laiturit.fi\/sv\/","name":"A-Laiturit","description":"Me A-Laitureissa suunnittelemme ja toteutamme juuri Sinun tarpeisiisi ja rantaasi sopivan laiturin, joka kest\u00e4\u00e4. Vuosikymmenten kokemuksella voimme sanoa: &quot;Me osaamme laiturit!&quot;","publisher":{"@id":"https:\/\/www.a-laiturit.fi\/sv\/#organization"},"potentialAction":[{"@type":"SearchAction","target":{"@type":"EntryPoint","urlTemplate":"https:\/\/www.a-laiturit.fi\/sv\/?s={search_term_string}"},"query-input":{"@type":"PropertyValueSpecification","valueRequired":true,"valueName":"search_term_string"}}],"inLanguage":"sv-SE"},{"@type":"Organization","@id":"https:\/\/www.a-laiturit.fi\/sv\/#organization","name":"A-laiturit Oy","url":"https:\/\/www.a-laiturit.fi\/sv\/","logo":{"@type":"ImageObject","inLanguage":"sv-SE","@id":"https:\/\/www.a-laiturit.fi\/sv\/#\/schema\/logo\/image\/","url":"https:\/\/www.a-laiturit.fi\/wp-content\/uploads\/2018\/10\/alaiturit_vari_favicon.png","contentUrl":"https:\/\/www.a-laiturit.fi\/wp-content\/uploads\/2018\/10\/alaiturit_vari_favicon.png","width":512,"height":512,"caption":"A-laiturit Oy"},"image":{"@id":"https:\/\/www.a-laiturit.fi\/sv\/#\/schema\/logo\/image\/"},"sameAs":["https:\/\/www.facebook.com\/alaiturit\/","https:\/\/www.youtube.com\/channel\/UCPCnVbx3R7RICl-bGS91dEA"]}]}},"_links":{"self":[{"href":"https:\/\/www.a-laiturit.fi\/sv\/wp-json\/wp\/v2\/pages\/5415","targetHints":{"allow":["GET"]}}],"collection":[{"href":"https:\/\/www.a-laiturit.fi\/sv\/wp-json\/wp\/v2\/pages"}],"about":[{"href":"https:\/\/www.a-laiturit.fi\/sv\/wp-json\/wp\/v2\/types\/page"}],"author":[{"embeddable":true,"href":"https:\/\/www.a-laiturit.fi\/sv\/wp-json\/wp\/v2\/users\/3"}],"replies":[{"embeddable":true,"href":"https:\/\/www.a-laiturit.fi\/sv\/wp-json\/wp\/v2\/comments?post=5415"}],"version-history":[{"count":4,"href":"https:\/\/www.a-laiturit.fi\/sv\/wp-json\/wp\/v2\/pages\/5415\/revisions"}],"predecessor-version":[{"id":10802,"href":"https:\/\/www.a-laiturit.fi\/sv\/wp-json\/wp\/v2\/pages\/5415\/revisions\/10802"}],"wp:attachment":[{"href":"https:\/\/www.a-laiturit.fi\/sv\/wp-json\/wp\/v2\/media?parent=5415"}],"curies":[{"name":"wp","href":"https:\/\/api.w.org\/{rel}","templated":true}]}}