{"id":5348,"date":"2018-11-26T11:32:43","date_gmt":"2018-11-26T09:32:43","guid":{"rendered":"https:\/\/www.a-laiturit.fi\/laiturit\/"},"modified":"2023-01-03T13:44:04","modified_gmt":"2023-01-03T11:44:04","slug":"bryggor","status":"publish","type":"page","link":"https:\/\/www.a-laiturit.fi\/sv\/bryggor\/","title":{"rendered":"Bryggor"},"content":{"rendered":"\n\n\t\t\t\t<img decoding=\"async\" src=\"https:\/\/www.a-laiturit.fi\/wp-content\/uploads\/2018\/10\/veneet_laiturissa.jpg\" alt=\"Veneet laiturissa A-laiturit\" itemprop=\"image\" height=\"500\" width=\"1920\" title=\"Veneet laiturissa A-laiturit\" onerror=\"this.style.display='none'\"  \/>\n<h1>\n\t\tSatamarakentaminen\n\t<\/h1>\n\t<div class=\"menu-paavalikko-sv-container\"><ul id=\"alaiturit-sivulinkit\" class=\"sivupalkinlinkit\"><li id=\"menu-item-5379\" class=\"menu-item menu-item-type-post_type menu-item-object-page menu-item-5379\"><a href=\"https:\/\/www.a-laiturit.fi\/sv\/bryggor\/betongpontoner\/\">Betongpontoner<\/a><\/li>\n<li id=\"menu-item-5748\" class=\"menu-item menu-item-type-post_type menu-item-object-page menu-item-5748\"><a href=\"https:\/\/www.a-laiturit.fi\/sv\/bryggor\/plastpontonbryggor\/\">Plastpontoner<\/a><\/li>\n<li id=\"menu-item-8746\" class=\"menu-item menu-item-type-post_type menu-item-object-page menu-item-8746\"><a href=\"https:\/\/www.a-laiturit.fi\/sv\/bryggor\/service-pa-brygga\/\">Service p\u00e5 brygga<\/a><\/li>\n<\/ul><\/div>\n\t<p>V\u00e5ra bryggexperter planerar och bygger dig din dr\u00f6mbrygga.<\/p>\n<p>Vid planeringen utreds till f\u00f6rst bryggans anv\u00e4ndningssyfte: b\u00e5tbrygga, badbrygga eller brygga f\u00f6r samvaro? D\u00e4refter unders\u00f6ks f\u00f6rh\u00e5llanden som strandens plats och vind- och v\u00e5gf\u00f6rh\u00e5llanden, vattendjup och isf\u00f6rh\u00e5llanden.<\/p>\n<p>P\u00e5 basen av dessa avg\u00f6rs bryggansstorlek, form och stabilitet samt beh\u00f6vlig utrustning. M\u00e5let \u00e4r alltid en h\u00e5llbar och l\u00e5nglivad brygga, som \u00f6vervintrar v\u00e4l och \u00e4r m\u00f6jligast underh\u00e5llsfri.<\/p>\n\t\t\t\t<img decoding=\"async\" src=\"https:\/\/www.a-laiturit.fi\/wp-content\/uploads\/2018\/10\/laiturijavene.jpg\" alt=\"laiturijavene\" itemprop=\"image\" height=\"430\" width=\"770\" title=\"laiturijavene\" onerror=\"this.style.display='none'\"  \/>\n\t<h2>Pontonbryggor<\/h2>\n<p>V\u00e5rt sortimentet av bryggor inkluderar <a href=\"https:\/\/www.a-laiturit.fi\/sv\/bryggor\/betonpontonbryggor\/\">betongpontoner<\/a> och <a href=\"https:\/\/www.a-laiturit.fi\/sv\/bryggor\/plastpontonbryggor\/\">plastpontoner<\/a>, och de finns i m\u00e5nga olika storlekar.<\/p>\n<p>Betongkonstruerade helbetongpontoner \u00e4r l\u00e4mpliga f\u00f6r kr\u00e4vande f\u00f6rh\u00e5llanden och kan ligga ivatten \u00e5ret runt.De \u00e4r v\u00e4ldigt stabila och tillf\u00f6rlitliga bryggor som l\u00e4mpar sig v\u00e4l s\u00e5v\u00e4l f\u00f6r f\u00f6rt\u00f6jning av b\u00e5tar, solbad, badutflykter som fester p\u00e5 bryggan.<\/p>\n<p>Betongpontonbryggornas konstruktion och d\u00e4ck \u00e4r tillverkadeav betong eller tryckimpregnerat virke. De \u00e4r stabila och terrassliknande samvaro- och badbryggor som l\u00e4mpar sig v\u00e4l f\u00f6r f\u00f6rt\u00f6jning och lastning av b\u00e5tar. Bryggorna kan ligga i vatten \u00e5ret runt.<\/p>\n<p>Plastpontonbryggor samt plastr\u00f6rspontoner\u00e4r l\u00e4mpliga f\u00f6r grunda str\u00e4nder och skyddade f\u00f6rh\u00e5llanden. De \u00e4r utm\u00e4rkta bryggor f\u00f6r bad och samvaro och f\u00f6r f\u00f6rt\u00f6jning av mindre eller medelstora b\u00e5tar. Plastpontonernas d\u00e4ckh\u00f6jd \u00e4r l\u00e4mplig f\u00f6r sm\u00e5b\u00e5tar och sm\u00e5 simmare. Under skyddade f\u00f6rh\u00e5llanden kan plastpontonbryggor ligga i vatten \u00e5ret runt.<\/p>\n<p>Alla v\u00e5ra flytande bryggmodeller kan kopplas ihop i f\u00f6ljd, parallellt, samti L och T-form. Detta s\u00e4kerst\u00e4ller att b\u00e4sta m\u00f6jliga l\u00f6sning kan uppn\u00e5s f\u00f6r varje typ av strand och anv\u00e4ndningssyfte.<\/p>\n<p>V\u00e5ra bryggmodeller inkluderar ocks\u00e5 f\u00e4rdiga g\u00f6r-det-sj\u00e4lv bryggpaket.<\/p>\n\t\t\t\t<img decoding=\"async\" src=\"https:\/\/www.a-laiturit.fi\/wp-content\/uploads\/2018\/10\/laituri.jpg\" alt=\"laituri\" itemprop=\"image\" height=\"385\" width=\"770\" title=\"laituri\" onerror=\"this.style.display='none'\"  \/>\n\t<h2>Fasta bryggor<\/h2>\n<p>Om stranden inte \u00e4r l\u00e4mplig f\u00f6r en flytande brygga, kan detta \u00e5tg\u00e4rdas genom att strandlinjen modifieras eller genom att flytta landmassa.Landg\u00e5ngar konstruerasmed hj\u00e4lp av vinylspont. Tack varesin baskonstruktion avstarka rambj\u00e4lkar \u00e4r bergkonsolbalkar stabila och trygga. Hos oss hittar duen l\u00f6sning f\u00f6r allatyper av str\u00e4nder!<\/p>\n<h2>P\u00e5litlig leverans och enkel montering<\/h2>\n<p>F\u00f6rutom v\u00e5ra h\u00e5llbara och enkelt monterade produkter \u00e4r v\u00e5ra punktliga och f\u00e4rdigbearbetade leveranser styrkor v\u00e5ra kunder uppskattar.<\/p>\n<p>V\u00e5r transporttj\u00e4nst tar hand om transporten av bryggan fr\u00e5n fabrikentill stranden. Om stranden inte kan n\u00e5s med bil, fraktas bryggan l\u00e4ngs vattnet. F\u00f6r transporten av en g\u00f6r-det-sj\u00e4lv-brygga erbjuder vi l\u00e5n av ett sl\u00e4p utan kostnad.<\/p>\n<p>Monteringen av din A-Laituri sk\u00f6ts av kvalificerade experter fr\u00e5n v\u00e5rt omfattande n\u00e4tverk av samarbetspartners.<\/p>\n\n","protected":false},"excerpt":{"rendered":"<p>Satamarakentaminen V\u00e5ra bryggexperter planerar och bygger dig din dr\u00f6mbrygga. Vid planeringen utreds till f\u00f6rst bryggans anv\u00e4ndningssyfte: b\u00e5tbrygga, badbrygga eller brygga f\u00f6r samvaro? D\u00e4refter unders\u00f6ks f\u00f6rh\u00e5llanden som strandens plats och vind- och v\u00e5gf\u00f6rh\u00e5llanden, vattendjup och isf\u00f6rh\u00e5llanden. P\u00e5 basen av dessa avg\u00f6rs bryggansstorlek, form och stabilitet samt beh\u00f6vlig utrustning. M\u00e5let \u00e4r alltid en h\u00e5llbar och l\u00e5nglivad brygga, [&hellip;]<\/p>\n","protected":false},"author":1,"featured_media":0,"parent":0,"menu_order":0,"comment_status":"closed","ping_status":"closed","template":"","meta":{"_acf_changed":false,"footnotes":""},"class_list":["post-5348","page","type-page","status-publish","hentry"],"acf":[],"yoast_head":"<title>En h\u00e5llbar och l\u00e5nglivad brygga - A-Laiturit<\/title>\n<meta name=\"description\" content=\"V\u00e5ra bryggexperter planerar och bygger dig din dr\u00f6mbrygga: en h\u00e5llbar och l\u00e5nglivad brygga, som \u00f6vervintrar v\u00e4l och \u00e4r m\u00f6jligast underh\u00e5llsfri.\" \/>\n<meta name=\"robots\" content=\"index, follow, max-snippet:-1, max-image-preview:large, max-video-preview:-1\" \/>\n<link rel=\"canonical\" href=\"https:\/\/www.a-laiturit.fi\/sv\/bryggor\/\" \/>\n<meta property=\"og:locale\" content=\"sv_SE\" \/>\n<meta property=\"og:type\" content=\"article\" \/>\n<meta property=\"og:title\" content=\"En h\u00e5llbar och l\u00e5nglivad brygga - A-Laiturit\" \/>\n<meta property=\"og:description\" content=\"V\u00e5ra bryggexperter planerar och bygger dig din dr\u00f6mbrygga: en h\u00e5llbar och l\u00e5nglivad brygga, som \u00f6vervintrar v\u00e4l och \u00e4r m\u00f6jligast underh\u00e5llsfri.\" \/>\n<meta property=\"og:url\" content=\"https:\/\/www.a-laiturit.fi\/sv\/bryggor\/\" \/>\n<meta property=\"og:site_name\" content=\"A-Laiturit\" \/>\n<meta property=\"article:publisher\" content=\"https:\/\/www.facebook.com\/alaiturit\/\" \/>\n<meta property=\"article:modified_time\" content=\"2023-01-03T11:44:04+00:00\" \/>\n<meta property=\"og:image\" content=\"https:\/\/www.a-laiturit.fi\/wp-content\/uploads\/2018\/10\/veneet_laiturissa.jpg\" \/>\n<meta name=\"twitter:label1\" content=\"Ber\u00e4knad l\u00e4stid\" \/>\n\t<meta name=\"twitter:data1\" content=\"2 minuter\" \/>\n<script type=\"application\/ld+json\" class=\"yoast-schema-graph\">{\"@context\":\"https:\\\/\\\/schema.org\",\"@graph\":[{\"@type\":\"WebPage\",\"@id\":\"https:\\\/\\\/www.a-laiturit.fi\\\/sv\\\/bryggor\\\/\",\"url\":\"https:\\\/\\\/www.a-laiturit.fi\\\/sv\\\/bryggor\\\/\",\"name\":\"En h\u00e5llbar och l\u00e5nglivad brygga - A-Laiturit\",\"isPartOf\":{\"@id\":\"https:\\\/\\\/www.a-laiturit.fi\\\/sv\\\/#website\"},\"primaryImageOfPage\":{\"@id\":\"https:\\\/\\\/www.a-laiturit.fi\\\/sv\\\/bryggor\\\/#primaryimage\"},\"image\":{\"@id\":\"https:\\\/\\\/www.a-laiturit.fi\\\/sv\\\/bryggor\\\/#primaryimage\"},\"thumbnailUrl\":\"https:\\\/\\\/www.a-laiturit.fi\\\/wp-content\\\/uploads\\\/2018\\\/10\\\/veneet_laiturissa.jpg\",\"datePublished\":\"2018-11-26T09:32:43+00:00\",\"dateModified\":\"2023-01-03T11:44:04+00:00\",\"description\":\"V\u00e5ra bryggexperter planerar och bygger dig din dr\u00f6mbrygga: en h\u00e5llbar och l\u00e5nglivad brygga, som \u00f6vervintrar v\u00e4l och \u00e4r m\u00f6jligast underh\u00e5llsfri.\",\"breadcrumb\":{\"@id\":\"https:\\\/\\\/www.a-laiturit.fi\\\/sv\\\/bryggor\\\/#breadcrumb\"},\"inLanguage\":\"sv-SE\",\"potentialAction\":[{\"@type\":\"ReadAction\",\"target\":[\"https:\\\/\\\/www.a-laiturit.fi\\\/sv\\\/bryggor\\\/\"]}]},{\"@type\":\"ImageObject\",\"inLanguage\":\"sv-SE\",\"@id\":\"https:\\\/\\\/www.a-laiturit.fi\\\/sv\\\/bryggor\\\/#primaryimage\",\"url\":\"https:\\\/\\\/www.a-laiturit.fi\\\/wp-content\\\/uploads\\\/2018\\\/10\\\/veneet_laiturissa.jpg\",\"contentUrl\":\"https:\\\/\\\/www.a-laiturit.fi\\\/wp-content\\\/uploads\\\/2018\\\/10\\\/veneet_laiturissa.jpg\"},{\"@type\":\"BreadcrumbList\",\"@id\":\"https:\\\/\\\/www.a-laiturit.fi\\\/sv\\\/bryggor\\\/#breadcrumb\",\"itemListElement\":[{\"@type\":\"ListItem\",\"position\":1,\"name\":\"Home\",\"item\":\"https:\\\/\\\/www.a-laiturit.fi\\\/sv\\\/\"},{\"@type\":\"ListItem\",\"position\":2,\"name\":\"Bryggor\"}]},{\"@type\":\"WebSite\",\"@id\":\"https:\\\/\\\/www.a-laiturit.fi\\\/sv\\\/#website\",\"url\":\"https:\\\/\\\/www.a-laiturit.fi\\\/sv\\\/\",\"name\":\"A-Laiturit\",\"description\":\"Me A-Laitureissa suunnittelemme ja toteutamme juuri Sinun tarpeisiisi ja rantaasi sopivan laiturin, joka kest\u00e4\u00e4. Vuosikymmenten kokemuksella voimme sanoa: &quot;Me osaamme laiturit!&quot;\",\"publisher\":{\"@id\":\"https:\\\/\\\/www.a-laiturit.fi\\\/sv\\\/#organization\"},\"potentialAction\":[{\"@type\":\"SearchAction\",\"target\":{\"@type\":\"EntryPoint\",\"urlTemplate\":\"https:\\\/\\\/www.a-laiturit.fi\\\/sv\\\/?s={search_term_string}\"},\"query-input\":{\"@type\":\"PropertyValueSpecification\",\"valueRequired\":true,\"valueName\":\"search_term_string\"}}],\"inLanguage\":\"sv-SE\"},{\"@type\":\"Organization\",\"@id\":\"https:\\\/\\\/www.a-laiturit.fi\\\/sv\\\/#organization\",\"name\":\"A-laiturit Oy\",\"url\":\"https:\\\/\\\/www.a-laiturit.fi\\\/sv\\\/\",\"logo\":{\"@type\":\"ImageObject\",\"inLanguage\":\"sv-SE\",\"@id\":\"https:\\\/\\\/www.a-laiturit.fi\\\/sv\\\/#\\\/schema\\\/logo\\\/image\\\/\",\"url\":\"https:\\\/\\\/www.a-laiturit.fi\\\/wp-content\\\/uploads\\\/2018\\\/10\\\/alaiturit_vari_favicon.png\",\"contentUrl\":\"https:\\\/\\\/www.a-laiturit.fi\\\/wp-content\\\/uploads\\\/2018\\\/10\\\/alaiturit_vari_favicon.png\",\"width\":512,\"height\":512,\"caption\":\"A-laiturit Oy\"},\"image\":{\"@id\":\"https:\\\/\\\/www.a-laiturit.fi\\\/sv\\\/#\\\/schema\\\/logo\\\/image\\\/\"},\"sameAs\":[\"https:\\\/\\\/www.facebook.com\\\/alaiturit\\\/\",\"https:\\\/\\\/www.youtube.com\\\/channel\\\/UCPCnVbx3R7RICl-bGS91dEA\"]}]}<\/script>","yoast_head_json":{"title":"En h\u00e5llbar och l\u00e5nglivad brygga - A-Laiturit","description":"V\u00e5ra bryggexperter planerar och bygger dig din dr\u00f6mbrygga: en h\u00e5llbar och l\u00e5nglivad brygga, som \u00f6vervintrar v\u00e4l och \u00e4r m\u00f6jligast underh\u00e5llsfri.","robots":{"index":"index","follow":"follow","max-snippet":"max-snippet:-1","max-image-preview":"max-image-preview:large","max-video-preview":"max-video-preview:-1"},"canonical":"https:\/\/www.a-laiturit.fi\/sv\/bryggor\/","og_locale":"sv_SE","og_type":"article","og_title":"En h\u00e5llbar och l\u00e5nglivad brygga - A-Laiturit","og_description":"V\u00e5ra bryggexperter planerar och bygger dig din dr\u00f6mbrygga: en h\u00e5llbar och l\u00e5nglivad brygga, som \u00f6vervintrar v\u00e4l och \u00e4r m\u00f6jligast underh\u00e5llsfri.","og_url":"https:\/\/www.a-laiturit.fi\/sv\/bryggor\/","og_site_name":"A-Laiturit","article_publisher":"https:\/\/www.facebook.com\/alaiturit\/","article_modified_time":"2023-01-03T11:44:04+00:00","og_image":[{"url":"https:\/\/www.a-laiturit.fi\/wp-content\/uploads\/2018\/10\/veneet_laiturissa.jpg","type":"","width":"","height":""}],"twitter_misc":{"Ber\u00e4knad l\u00e4stid":"2 minuter"},"schema":{"@context":"https:\/\/schema.org","@graph":[{"@type":"WebPage","@id":"https:\/\/www.a-laiturit.fi\/sv\/bryggor\/","url":"https:\/\/www.a-laiturit.fi\/sv\/bryggor\/","name":"En h\u00e5llbar och l\u00e5nglivad brygga - A-Laiturit","isPartOf":{"@id":"https:\/\/www.a-laiturit.fi\/sv\/#website"},"primaryImageOfPage":{"@id":"https:\/\/www.a-laiturit.fi\/sv\/bryggor\/#primaryimage"},"image":{"@id":"https:\/\/www.a-laiturit.fi\/sv\/bryggor\/#primaryimage"},"thumbnailUrl":"https:\/\/www.a-laiturit.fi\/wp-content\/uploads\/2018\/10\/veneet_laiturissa.jpg","datePublished":"2018-11-26T09:32:43+00:00","dateModified":"2023-01-03T11:44:04+00:00","description":"V\u00e5ra bryggexperter planerar och bygger dig din dr\u00f6mbrygga: en h\u00e5llbar och l\u00e5nglivad brygga, som \u00f6vervintrar v\u00e4l och \u00e4r m\u00f6jligast underh\u00e5llsfri.","breadcrumb":{"@id":"https:\/\/www.a-laiturit.fi\/sv\/bryggor\/#breadcrumb"},"inLanguage":"sv-SE","potentialAction":[{"@type":"ReadAction","target":["https:\/\/www.a-laiturit.fi\/sv\/bryggor\/"]}]},{"@type":"ImageObject","inLanguage":"sv-SE","@id":"https:\/\/www.a-laiturit.fi\/sv\/bryggor\/#primaryimage","url":"https:\/\/www.a-laiturit.fi\/wp-content\/uploads\/2018\/10\/veneet_laiturissa.jpg","contentUrl":"https:\/\/www.a-laiturit.fi\/wp-content\/uploads\/2018\/10\/veneet_laiturissa.jpg"},{"@type":"BreadcrumbList","@id":"https:\/\/www.a-laiturit.fi\/sv\/bryggor\/#breadcrumb","itemListElement":[{"@type":"ListItem","position":1,"name":"Home","item":"https:\/\/www.a-laiturit.fi\/sv\/"},{"@type":"ListItem","position":2,"name":"Bryggor"}]},{"@type":"WebSite","@id":"https:\/\/www.a-laiturit.fi\/sv\/#website","url":"https:\/\/www.a-laiturit.fi\/sv\/","name":"A-Laiturit","description":"Me A-Laitureissa suunnittelemme ja toteutamme juuri Sinun tarpeisiisi ja rantaasi sopivan laiturin, joka kest\u00e4\u00e4. Vuosikymmenten kokemuksella voimme sanoa: &quot;Me osaamme laiturit!&quot;","publisher":{"@id":"https:\/\/www.a-laiturit.fi\/sv\/#organization"},"potentialAction":[{"@type":"SearchAction","target":{"@type":"EntryPoint","urlTemplate":"https:\/\/www.a-laiturit.fi\/sv\/?s={search_term_string}"},"query-input":{"@type":"PropertyValueSpecification","valueRequired":true,"valueName":"search_term_string"}}],"inLanguage":"sv-SE"},{"@type":"Organization","@id":"https:\/\/www.a-laiturit.fi\/sv\/#organization","name":"A-laiturit Oy","url":"https:\/\/www.a-laiturit.fi\/sv\/","logo":{"@type":"ImageObject","inLanguage":"sv-SE","@id":"https:\/\/www.a-laiturit.fi\/sv\/#\/schema\/logo\/image\/","url":"https:\/\/www.a-laiturit.fi\/wp-content\/uploads\/2018\/10\/alaiturit_vari_favicon.png","contentUrl":"https:\/\/www.a-laiturit.fi\/wp-content\/uploads\/2018\/10\/alaiturit_vari_favicon.png","width":512,"height":512,"caption":"A-laiturit Oy"},"image":{"@id":"https:\/\/www.a-laiturit.fi\/sv\/#\/schema\/logo\/image\/"},"sameAs":["https:\/\/www.facebook.com\/alaiturit\/","https:\/\/www.youtube.com\/channel\/UCPCnVbx3R7RICl-bGS91dEA"]}]}},"_links":{"self":[{"href":"https:\/\/www.a-laiturit.fi\/sv\/wp-json\/wp\/v2\/pages\/5348","targetHints":{"allow":["GET"]}}],"collection":[{"href":"https:\/\/www.a-laiturit.fi\/sv\/wp-json\/wp\/v2\/pages"}],"about":[{"href":"https:\/\/www.a-laiturit.fi\/sv\/wp-json\/wp\/v2\/types\/page"}],"author":[{"embeddable":true,"href":"https:\/\/www.a-laiturit.fi\/sv\/wp-json\/wp\/v2\/users\/1"}],"replies":[{"embeddable":true,"href":"https:\/\/www.a-laiturit.fi\/sv\/wp-json\/wp\/v2\/comments?post=5348"}],"version-history":[{"count":11,"href":"https:\/\/www.a-laiturit.fi\/sv\/wp-json\/wp\/v2\/pages\/5348\/revisions"}],"predecessor-version":[{"id":10798,"href":"https:\/\/www.a-laiturit.fi\/sv\/wp-json\/wp\/v2\/pages\/5348\/revisions\/10798"}],"wp:attachment":[{"href":"https:\/\/www.a-laiturit.fi\/sv\/wp-json\/wp\/v2\/media?parent=5348"}],"curies":[{"name":"wp","href":"https:\/\/api.w.org\/{rel}","templated":true}]}}