{"id":5243,"date":"2017-01-01T09:42:36","date_gmt":"2017-01-01T07:42:36","guid":{"rendered":"https:\/\/www.a-laiturit.fi\/etusivu\/"},"modified":"2019-09-18T15:49:49","modified_gmt":"2019-09-18T12:49:49","slug":"etusivu","status":"publish","type":"page","link":"https:\/\/www.a-laiturit.fi\/sv\/","title":{"rendered":"Framsida"},"content":{"rendered":"\n\t\t\t\t<img decoding=\"async\" src=\"https:\/\/www.a-laiturit.fi\/wp-content\/uploads\/2018\/10\/mokkirannan_laituri.jpg\" alt=\"M\u00f6kkirannan laituri, A-laiturit\" itemprop=\"image\" height=\"500\" width=\"1920\" title=\"M\u00f6kkirannan laituri, A-laiturit\" onerror=\"this.style.display='none'\"  \/>\n\t<h1>Bryggan \u00e4r den b\u00e4sta platsen p\u00e5 sommaren<\/h1>\n<p><a href=\"\/sv\/kontakt\/kontaktformular\/\">Kontakt<\/a><\/p>\n<h2>\n\t\tVi s\u00e4tter en heder i att alltid st\u00e5 f\u00f6r p\u00e5litlighet, kvalitet och god kundbetj\u00e4ning, och det h\u00e4r \u00e4r n\u00e5got vi \u00e4r k\u00e4nda f\u00f6r!\n\t<\/h2>\n\t<p>Vi p\u00e5 A-Laiturit planerar och f\u00f6rverkligar en h\u00e5llbar brygga som passar just Dina behov och just Din strand. Med tiotals \u00e5rs erfarenhet kan vi s\u00e4ga: \u201dVi kan det h\u00e4r med bryggor!\u201d<\/p>\n\t<a href=\"\/sv\/bryggor\/\">Bekanta dig med bryggmodellerna<\/a>\n\t<a href=\"\/sv\/bryggtilbehor\/\">Bekanta dig med bryggtillbeh\u00f6ren<\/a>\n\t<a href=\"bryggor\/service-pa-brygga\/\">Service p\u00e5 brygga<\/a>\n<h2>\n\t\tBekanta dig med v\u00e5r broschyr! Vilken brygga l\u00e4mpar sig b\u00e4st f\u00f6r just er strand? (P\u00e5 finska)\n\t<\/h2>\n\t\t\t\t<a href=\"http:\/\/www.e-julkaisu.fi\/a-laiturit\/esite-2019\/mobile.html#pid=1\" target=\"_blank\" rel=\"noopener noreferrer\"  itemprop=\"url\">\n\t\t\t\t<img decoding=\"async\" src=\"https:\/\/www.a-laiturit.fi\/wp-content\/uploads\/2019\/02\/esitteen-kansi-2019-kuluttajasivut.png\" alt=\"A-Laiturit esite\" itemprop=\"image\" height=\"391\" width=\"578\" title=\"esitteen-kansi-2019-kuluttajasivut\" onerror=\"this.style.display='none'\"  \/>\n\t\t\t\t<\/a>\n\t<p><a href=\"\/sv\/brochyrer-och-videor\/#brochyrer\">Se fler brochurer<\/a><\/p>\n<h2>\n\t\tHur fungerar allting fr\u00e5n planering till installation av bryggan? Se videon! (P\u00e5 finska)\n\t<\/h2>\n\t<iframe width=\"570\" height=\"380\" src=\"https:\/\/www.youtube.com\/embed\/5fuBZDSh5Fo\" frameborder=\"0\" allow=\"autoplay; encrypted-media\" allowfullscreen><\/iframe>\n\t<p><a href=\"\/sv\/brochyrer-och-videor\/#videor\">Se fler videon<\/a><\/p>\n","protected":false},"excerpt":{"rendered":"<p>Bryggan \u00e4r den b\u00e4sta platsen p\u00e5 sommaren Kontakt Vi s\u00e4tter en heder i att alltid st\u00e5 f\u00f6r p\u00e5litlighet, kvalitet och god kundbetj\u00e4ning, och det h\u00e4r \u00e4r n\u00e5got vi \u00e4r k\u00e4nda f\u00f6r! Vi p\u00e5 A-Laiturit planerar och f\u00f6rverkligar en h\u00e5llbar brygga som passar just Dina behov och just Din strand. Med tiotals \u00e5rs erfarenhet kan vi [&hellip;]<\/p>\n","protected":false},"author":1,"featured_media":0,"parent":0,"menu_order":0,"comment_status":"closed","ping_status":"closed","template":"","meta":{"_acf_changed":false,"footnotes":""},"class_list":["post-5243","page","type-page","status-publish","hentry"],"acf":[],"yoast_head":"<title>Bryggan \u00e4r den b\u00e4sta platsen p\u00e5 sommaren - A-Laiturit<\/title>\n<meta name=\"description\" content=\"Vi p\u00e5 A-Laiturit planerar och f\u00f6rverkligar en h\u00e5llbar brygga som passar just Dina behov och just Din strand.\" \/>\n<meta name=\"robots\" content=\"index, follow, max-snippet:-1, max-image-preview:large, max-video-preview:-1\" \/>\n<link rel=\"canonical\" href=\"https:\/\/www.a-laiturit.fi\/sv\/\" \/>\n<meta property=\"og:locale\" content=\"sv_SE\" \/>\n<meta property=\"og:type\" content=\"article\" \/>\n<meta property=\"og:title\" content=\"Laituri on kes\u00e4n paras paikka - A-Laiturit\" \/>\n<meta property=\"og:description\" content=\"Vuosikymmenten kokemuksella suunnittelemme ja toteutamme juuri Sinun tarpeisiisi ja rantaasi sopivan laiturin, joka kest\u00e4\u00e4.\" \/>\n<meta property=\"og:url\" content=\"https:\/\/www.a-laiturit.fi\/sv\/\" \/>\n<meta property=\"og:site_name\" content=\"A-Laiturit\" \/>\n<meta property=\"article:publisher\" content=\"https:\/\/www.facebook.com\/alaiturit\/\" \/>\n<meta property=\"article:modified_time\" content=\"2019-09-18T12:49:49+00:00\" \/>\n<meta property=\"og:image\" content=\"https:\/\/www.a-laiturit.fi\/wp-content\/uploads\/2019\/02\/facebook-og.png\" \/>\n\t<meta property=\"og:image:width\" content=\"1200\" \/>\n\t<meta property=\"og:image:height\" content=\"630\" \/>\n\t<meta property=\"og:image:type\" content=\"image\/png\" \/>\n<meta name=\"twitter:label1\" content=\"Ber\u00e4knad l\u00e4stid\" \/>\n\t<meta name=\"twitter:data1\" content=\"1 minut\" \/>\n<script type=\"application\/ld+json\" class=\"yoast-schema-graph\">{\"@context\":\"https:\\\/\\\/schema.org\",\"@graph\":[{\"@type\":\"WebPage\",\"@id\":\"https:\\\/\\\/www.a-laiturit.fi\\\/sv\\\/\",\"url\":\"https:\\\/\\\/www.a-laiturit.fi\\\/sv\\\/\",\"name\":\"Bryggan \u00e4r den b\u00e4sta platsen p\u00e5 sommaren - A-Laiturit\",\"isPartOf\":{\"@id\":\"https:\\\/\\\/www.a-laiturit.fi\\\/sv\\\/#website\"},\"primaryImageOfPage\":{\"@id\":\"https:\\\/\\\/www.a-laiturit.fi\\\/sv\\\/#primaryimage\"},\"image\":{\"@id\":\"https:\\\/\\\/www.a-laiturit.fi\\\/sv\\\/#primaryimage\"},\"thumbnailUrl\":\"https:\\\/\\\/www.a-laiturit.fi\\\/wp-content\\\/uploads\\\/2018\\\/10\\\/mokkirannan_laituri.jpg\",\"datePublished\":\"2017-01-01T07:42:36+00:00\",\"dateModified\":\"2019-09-18T12:49:49+00:00\",\"description\":\"Vi p\u00e5 A-Laiturit planerar och f\u00f6rverkligar en h\u00e5llbar brygga som passar just Dina behov och just Din strand.\",\"breadcrumb\":{\"@id\":\"https:\\\/\\\/www.a-laiturit.fi\\\/sv\\\/#breadcrumb\"},\"inLanguage\":\"sv-SE\",\"potentialAction\":[{\"@type\":\"ReadAction\",\"target\":[\"https:\\\/\\\/www.a-laiturit.fi\\\/sv\\\/\"]}]},{\"@type\":\"ImageObject\",\"inLanguage\":\"sv-SE\",\"@id\":\"https:\\\/\\\/www.a-laiturit.fi\\\/sv\\\/#primaryimage\",\"url\":\"https:\\\/\\\/www.a-laiturit.fi\\\/wp-content\\\/uploads\\\/2018\\\/10\\\/mokkirannan_laituri.jpg\",\"contentUrl\":\"https:\\\/\\\/www.a-laiturit.fi\\\/wp-content\\\/uploads\\\/2018\\\/10\\\/mokkirannan_laituri.jpg\"},{\"@type\":\"BreadcrumbList\",\"@id\":\"https:\\\/\\\/www.a-laiturit.fi\\\/sv\\\/#breadcrumb\",\"itemListElement\":[{\"@type\":\"ListItem\",\"position\":1,\"name\":\"Home\",\"item\":\"https:\\\/\\\/www.a-laiturit.fi\\\/sv\\\/\"},{\"@type\":\"ListItem\",\"position\":2,\"name\":\"Framsida\"}]},{\"@type\":\"WebSite\",\"@id\":\"https:\\\/\\\/www.a-laiturit.fi\\\/sv\\\/#website\",\"url\":\"https:\\\/\\\/www.a-laiturit.fi\\\/sv\\\/\",\"name\":\"A-Laiturit\",\"description\":\"Me A-Laitureissa suunnittelemme ja toteutamme juuri Sinun tarpeisiisi ja rantaasi sopivan laiturin, joka kest\u00e4\u00e4. Vuosikymmenten kokemuksella voimme sanoa: &quot;Me osaamme laiturit!&quot;\",\"publisher\":{\"@id\":\"https:\\\/\\\/www.a-laiturit.fi\\\/sv\\\/#organization\"},\"potentialAction\":[{\"@type\":\"SearchAction\",\"target\":{\"@type\":\"EntryPoint\",\"urlTemplate\":\"https:\\\/\\\/www.a-laiturit.fi\\\/sv\\\/?s={search_term_string}\"},\"query-input\":{\"@type\":\"PropertyValueSpecification\",\"valueRequired\":true,\"valueName\":\"search_term_string\"}}],\"inLanguage\":\"sv-SE\"},{\"@type\":\"Organization\",\"@id\":\"https:\\\/\\\/www.a-laiturit.fi\\\/sv\\\/#organization\",\"name\":\"A-laiturit Oy\",\"url\":\"https:\\\/\\\/www.a-laiturit.fi\\\/sv\\\/\",\"logo\":{\"@type\":\"ImageObject\",\"inLanguage\":\"sv-SE\",\"@id\":\"https:\\\/\\\/www.a-laiturit.fi\\\/sv\\\/#\\\/schema\\\/logo\\\/image\\\/\",\"url\":\"https:\\\/\\\/www.a-laiturit.fi\\\/wp-content\\\/uploads\\\/2018\\\/10\\\/alaiturit_vari_favicon.png\",\"contentUrl\":\"https:\\\/\\\/www.a-laiturit.fi\\\/wp-content\\\/uploads\\\/2018\\\/10\\\/alaiturit_vari_favicon.png\",\"width\":512,\"height\":512,\"caption\":\"A-laiturit Oy\"},\"image\":{\"@id\":\"https:\\\/\\\/www.a-laiturit.fi\\\/sv\\\/#\\\/schema\\\/logo\\\/image\\\/\"},\"sameAs\":[\"https:\\\/\\\/www.facebook.com\\\/alaiturit\\\/\",\"https:\\\/\\\/www.youtube.com\\\/channel\\\/UCPCnVbx3R7RICl-bGS91dEA\"]}]}<\/script>","yoast_head_json":{"title":"Bryggan \u00e4r den b\u00e4sta platsen p\u00e5 sommaren - A-Laiturit","description":"Vi p\u00e5 A-Laiturit planerar och f\u00f6rverkligar en h\u00e5llbar brygga som passar just Dina behov och just Din strand.","robots":{"index":"index","follow":"follow","max-snippet":"max-snippet:-1","max-image-preview":"max-image-preview:large","max-video-preview":"max-video-preview:-1"},"canonical":"https:\/\/www.a-laiturit.fi\/sv\/","og_locale":"sv_SE","og_type":"article","og_title":"Laituri on kes\u00e4n paras paikka - A-Laiturit","og_description":"Vuosikymmenten kokemuksella suunnittelemme ja toteutamme juuri Sinun tarpeisiisi ja rantaasi sopivan laiturin, joka kest\u00e4\u00e4.","og_url":"https:\/\/www.a-laiturit.fi\/sv\/","og_site_name":"A-Laiturit","article_publisher":"https:\/\/www.facebook.com\/alaiturit\/","article_modified_time":"2019-09-18T12:49:49+00:00","og_image":[{"width":1200,"height":630,"url":"https:\/\/www.a-laiturit.fi\/wp-content\/uploads\/2019\/02\/facebook-og.png","type":"image\/png"}],"twitter_misc":{"Ber\u00e4knad l\u00e4stid":"1 minut"},"schema":{"@context":"https:\/\/schema.org","@graph":[{"@type":"WebPage","@id":"https:\/\/www.a-laiturit.fi\/sv\/","url":"https:\/\/www.a-laiturit.fi\/sv\/","name":"Bryggan \u00e4r den b\u00e4sta platsen p\u00e5 sommaren - A-Laiturit","isPartOf":{"@id":"https:\/\/www.a-laiturit.fi\/sv\/#website"},"primaryImageOfPage":{"@id":"https:\/\/www.a-laiturit.fi\/sv\/#primaryimage"},"image":{"@id":"https:\/\/www.a-laiturit.fi\/sv\/#primaryimage"},"thumbnailUrl":"https:\/\/www.a-laiturit.fi\/wp-content\/uploads\/2018\/10\/mokkirannan_laituri.jpg","datePublished":"2017-01-01T07:42:36+00:00","dateModified":"2019-09-18T12:49:49+00:00","description":"Vi p\u00e5 A-Laiturit planerar och f\u00f6rverkligar en h\u00e5llbar brygga som passar just Dina behov och just Din strand.","breadcrumb":{"@id":"https:\/\/www.a-laiturit.fi\/sv\/#breadcrumb"},"inLanguage":"sv-SE","potentialAction":[{"@type":"ReadAction","target":["https:\/\/www.a-laiturit.fi\/sv\/"]}]},{"@type":"ImageObject","inLanguage":"sv-SE","@id":"https:\/\/www.a-laiturit.fi\/sv\/#primaryimage","url":"https:\/\/www.a-laiturit.fi\/wp-content\/uploads\/2018\/10\/mokkirannan_laituri.jpg","contentUrl":"https:\/\/www.a-laiturit.fi\/wp-content\/uploads\/2018\/10\/mokkirannan_laituri.jpg"},{"@type":"BreadcrumbList","@id":"https:\/\/www.a-laiturit.fi\/sv\/#breadcrumb","itemListElement":[{"@type":"ListItem","position":1,"name":"Home","item":"https:\/\/www.a-laiturit.fi\/sv\/"},{"@type":"ListItem","position":2,"name":"Framsida"}]},{"@type":"WebSite","@id":"https:\/\/www.a-laiturit.fi\/sv\/#website","url":"https:\/\/www.a-laiturit.fi\/sv\/","name":"A-Laiturit","description":"Me A-Laitureissa suunnittelemme ja toteutamme juuri Sinun tarpeisiisi ja rantaasi sopivan laiturin, joka kest\u00e4\u00e4. Vuosikymmenten kokemuksella voimme sanoa: &quot;Me osaamme laiturit!&quot;","publisher":{"@id":"https:\/\/www.a-laiturit.fi\/sv\/#organization"},"potentialAction":[{"@type":"SearchAction","target":{"@type":"EntryPoint","urlTemplate":"https:\/\/www.a-laiturit.fi\/sv\/?s={search_term_string}"},"query-input":{"@type":"PropertyValueSpecification","valueRequired":true,"valueName":"search_term_string"}}],"inLanguage":"sv-SE"},{"@type":"Organization","@id":"https:\/\/www.a-laiturit.fi\/sv\/#organization","name":"A-laiturit Oy","url":"https:\/\/www.a-laiturit.fi\/sv\/","logo":{"@type":"ImageObject","inLanguage":"sv-SE","@id":"https:\/\/www.a-laiturit.fi\/sv\/#\/schema\/logo\/image\/","url":"https:\/\/www.a-laiturit.fi\/wp-content\/uploads\/2018\/10\/alaiturit_vari_favicon.png","contentUrl":"https:\/\/www.a-laiturit.fi\/wp-content\/uploads\/2018\/10\/alaiturit_vari_favicon.png","width":512,"height":512,"caption":"A-laiturit Oy"},"image":{"@id":"https:\/\/www.a-laiturit.fi\/sv\/#\/schema\/logo\/image\/"},"sameAs":["https:\/\/www.facebook.com\/alaiturit\/","https:\/\/www.youtube.com\/channel\/UCPCnVbx3R7RICl-bGS91dEA"]}]}},"_links":{"self":[{"href":"https:\/\/www.a-laiturit.fi\/sv\/wp-json\/wp\/v2\/pages\/5243","targetHints":{"allow":["GET"]}}],"collection":[{"href":"https:\/\/www.a-laiturit.fi\/sv\/wp-json\/wp\/v2\/pages"}],"about":[{"href":"https:\/\/www.a-laiturit.fi\/sv\/wp-json\/wp\/v2\/types\/page"}],"author":[{"embeddable":true,"href":"https:\/\/www.a-laiturit.fi\/sv\/wp-json\/wp\/v2\/users\/1"}],"replies":[{"embeddable":true,"href":"https:\/\/www.a-laiturit.fi\/sv\/wp-json\/wp\/v2\/comments?post=5243"}],"version-history":[{"count":21,"href":"https:\/\/www.a-laiturit.fi\/sv\/wp-json\/wp\/v2\/pages\/5243\/revisions"}],"predecessor-version":[{"id":8764,"href":"https:\/\/www.a-laiturit.fi\/sv\/wp-json\/wp\/v2\/pages\/5243\/revisions\/8764"}],"wp:attachment":[{"href":"https:\/\/www.a-laiturit.fi\/sv\/wp-json\/wp\/v2\/media?parent=5243"}],"curies":[{"name":"wp","href":"https:\/\/api.w.org\/{rel}","templated":true}]}}