{"id":12262,"date":"2026-03-23T14:43:13","date_gmt":"2026-03-23T12:43:13","guid":{"rendered":"https:\/\/www.a-laiturit.fi\/tuote\/compass-rose-110-mm-aisi316\/"},"modified":"2026-03-23T14:43:52","modified_gmt":"2026-03-23T12:43:52","slug":"compass-rose-110-mm-aisi316","status":"publish","type":"product","link":"https:\/\/www.a-laiturit.fi\/en\/products\/compass-rose-110-mm-aisi316\/","title":{"rendered":"Compass rose 110 mm AISI316"},"content":{"rendered":"<p>Compass rose 110mm HST is a plate showing the cardinal directions which can be fastened to the deck of a dock or other surfaces.<\/p>\n<p>The pattern of the compass rose is designed by primary school student Suvi-Tuuli V\u00e4h\u00e4talo and is a variation of the compass on board La Nin\u00e3. La Nin\u00e3 was one of the three ships that Christopher Columbus used to cross the Atlantic in 1492. The other ships were Santa Maria and Pinta.<\/p>\n<p>Installation: Pick a suitable place for compass rose. Check the cardinal directions by aid of a compass or a map. Turn compass rose as to correspond to the cardinal directions. Fasten the compass rose through the installation holes of the frame by four of the nails included in the package.<\/p>\n","protected":false},"excerpt":{"rendered":"<p>Compass rose for the terrace or dock<\/p>\n","protected":false},"featured_media":6243,"template":"","meta":{"_acf_changed":false},"product_brand":[],"product_cat":[343],"product_tag":[],"class_list":{"0":"post-12262","1":"product","2":"type-product","3":"status-publish","4":"has-post-thumbnail","6":"product_cat-rannan-sisustus","7":"product_shipping_class-117","9":"first","10":"instock","11":"purchasable","12":"product-type-simple"},"acf":[],"yoast_head":"<title>Compass rose 110 mm AISI316 - A-Laiturit<\/title>\n<meta name=\"robots\" content=\"index, follow, max-snippet:-1, max-image-preview:large, max-video-preview:-1\" \/>\n<link rel=\"canonical\" href=\"https:\/\/www.a-laiturit.fi\/en\/products\/compass-rose-110-mm-aisi316\/\" \/>\n<meta property=\"og:locale\" content=\"en_US\" \/>\n<meta property=\"og:type\" content=\"article\" \/>\n<meta property=\"og:title\" content=\"Compass rose 110 mm AISI316 - A-Laiturit\" \/>\n<meta property=\"og:description\" content=\"Compass rose for the terrace or dock\" \/>\n<meta property=\"og:url\" content=\"https:\/\/www.a-laiturit.fi\/en\/products\/compass-rose-110-mm-aisi316\/\" \/>\n<meta property=\"og:site_name\" content=\"A-Laiturit\" \/>\n<meta property=\"article:publisher\" content=\"https:\/\/www.facebook.com\/alaiturit\/\" \/>\n<meta property=\"article:modified_time\" content=\"2026-03-23T12:43:52+00:00\" \/>\n<meta property=\"og:image\" content=\"https:\/\/www.a-laiturit.fi\/wp-content\/uploads\/2019\/01\/Kompassiruusu-laiturissa.jpg\" \/>\n\t<meta property=\"og:image:width\" content=\"2981\" \/>\n\t<meta property=\"og:image:height\" content=\"2981\" \/>\n\t<meta property=\"og:image:type\" content=\"image\/jpeg\" \/>\n<meta name=\"twitter:label1\" content=\"Est. reading time\" \/>\n\t<meta name=\"twitter:data1\" content=\"1 minute\" \/>\n<script type=\"application\/ld+json\" class=\"yoast-schema-graph\">{\"@context\":\"https:\\\/\\\/schema.org\",\"@graph\":[{\"@type\":\"WebPage\",\"@id\":\"https:\\\/\\\/www.a-laiturit.fi\\\/en\\\/products\\\/compass-rose-110-mm-aisi316\\\/\",\"url\":\"https:\\\/\\\/www.a-laiturit.fi\\\/en\\\/products\\\/compass-rose-110-mm-aisi316\\\/\",\"name\":\"Compass rose 110 mm AISI316 - A-Laiturit\",\"isPartOf\":{\"@id\":\"https:\\\/\\\/www.a-laiturit.fi\\\/en\\\/#website\"},\"primaryImageOfPage\":{\"@id\":\"https:\\\/\\\/www.a-laiturit.fi\\\/en\\\/products\\\/compass-rose-110-mm-aisi316\\\/#primaryimage\"},\"image\":{\"@id\":\"https:\\\/\\\/www.a-laiturit.fi\\\/en\\\/products\\\/compass-rose-110-mm-aisi316\\\/#primaryimage\"},\"thumbnailUrl\":\"https:\\\/\\\/www.a-laiturit.fi\\\/wp-content\\\/uploads\\\/2019\\\/01\\\/Kompassiruusu-laiturissa.jpg\",\"datePublished\":\"2026-03-23T12:43:13+00:00\",\"dateModified\":\"2026-03-23T12:43:52+00:00\",\"breadcrumb\":{\"@id\":\"https:\\\/\\\/www.a-laiturit.fi\\\/en\\\/products\\\/compass-rose-110-mm-aisi316\\\/#breadcrumb\"},\"inLanguage\":\"en-US\",\"potentialAction\":[{\"@type\":\"ReadAction\",\"target\":[\"https:\\\/\\\/www.a-laiturit.fi\\\/en\\\/products\\\/compass-rose-110-mm-aisi316\\\/\"]}]},{\"@type\":\"ImageObject\",\"inLanguage\":\"en-US\",\"@id\":\"https:\\\/\\\/www.a-laiturit.fi\\\/en\\\/products\\\/compass-rose-110-mm-aisi316\\\/#primaryimage\",\"url\":\"https:\\\/\\\/www.a-laiturit.fi\\\/wp-content\\\/uploads\\\/2019\\\/01\\\/Kompassiruusu-laiturissa.jpg\",\"contentUrl\":\"https:\\\/\\\/www.a-laiturit.fi\\\/wp-content\\\/uploads\\\/2019\\\/01\\\/Kompassiruusu-laiturissa.jpg\",\"width\":2981,\"height\":2981},{\"@type\":\"BreadcrumbList\",\"@id\":\"https:\\\/\\\/www.a-laiturit.fi\\\/en\\\/products\\\/compass-rose-110-mm-aisi316\\\/#breadcrumb\",\"itemListElement\":[{\"@type\":\"ListItem\",\"position\":1,\"name\":\"Home\",\"item\":\"https:\\\/\\\/www.a-laiturit.fi\\\/en\\\/\"},{\"@type\":\"ListItem\",\"position\":2,\"name\":\"Shop\",\"item\":\"https:\\\/\\\/www.a-laiturit.fi\\\/en\\\/shop\\\/\"},{\"@type\":\"ListItem\",\"position\":3,\"name\":\"Compass rose 110 mm AISI316\"}]},{\"@type\":\"WebSite\",\"@id\":\"https:\\\/\\\/www.a-laiturit.fi\\\/en\\\/#website\",\"url\":\"https:\\\/\\\/www.a-laiturit.fi\\\/en\\\/\",\"name\":\"A-Laiturit\",\"description\":\"Me A-Laitureissa suunnittelemme ja toteutamme juuri Sinun tarpeisiisi ja rantaasi sopivan laiturin, joka kest\u00e4\u00e4. Vuosikymmenten kokemuksella voimme sanoa: &quot;Me osaamme laiturit!&quot;\",\"publisher\":{\"@id\":\"https:\\\/\\\/www.a-laiturit.fi\\\/en\\\/#organization\"},\"potentialAction\":[{\"@type\":\"SearchAction\",\"target\":{\"@type\":\"EntryPoint\",\"urlTemplate\":\"https:\\\/\\\/www.a-laiturit.fi\\\/en\\\/?s={search_term_string}\"},\"query-input\":{\"@type\":\"PropertyValueSpecification\",\"valueRequired\":true,\"valueName\":\"search_term_string\"}}],\"inLanguage\":\"en-US\"},{\"@type\":\"Organization\",\"@id\":\"https:\\\/\\\/www.a-laiturit.fi\\\/en\\\/#organization\",\"name\":\"A-laiturit Oy\",\"url\":\"https:\\\/\\\/www.a-laiturit.fi\\\/en\\\/\",\"logo\":{\"@type\":\"ImageObject\",\"inLanguage\":\"en-US\",\"@id\":\"https:\\\/\\\/www.a-laiturit.fi\\\/en\\\/#\\\/schema\\\/logo\\\/image\\\/\",\"url\":\"https:\\\/\\\/www.a-laiturit.fi\\\/wp-content\\\/uploads\\\/2018\\\/10\\\/alaiturit_vari_favicon.png\",\"contentUrl\":\"https:\\\/\\\/www.a-laiturit.fi\\\/wp-content\\\/uploads\\\/2018\\\/10\\\/alaiturit_vari_favicon.png\",\"width\":512,\"height\":512,\"caption\":\"A-laiturit Oy\"},\"image\":{\"@id\":\"https:\\\/\\\/www.a-laiturit.fi\\\/en\\\/#\\\/schema\\\/logo\\\/image\\\/\"},\"sameAs\":[\"https:\\\/\\\/www.facebook.com\\\/alaiturit\\\/\",\"https:\\\/\\\/www.youtube.com\\\/channel\\\/UCPCnVbx3R7RICl-bGS91dEA\"]}]}<\/script>","yoast_head_json":{"title":"Compass rose 110 mm AISI316 - A-Laiturit","robots":{"index":"index","follow":"follow","max-snippet":"max-snippet:-1","max-image-preview":"max-image-preview:large","max-video-preview":"max-video-preview:-1"},"canonical":"https:\/\/www.a-laiturit.fi\/en\/products\/compass-rose-110-mm-aisi316\/","og_locale":"en_US","og_type":"article","og_title":"Compass rose 110 mm AISI316 - A-Laiturit","og_description":"Compass rose for the terrace or dock","og_url":"https:\/\/www.a-laiturit.fi\/en\/products\/compass-rose-110-mm-aisi316\/","og_site_name":"A-Laiturit","article_publisher":"https:\/\/www.facebook.com\/alaiturit\/","article_modified_time":"2026-03-23T12:43:52+00:00","og_image":[{"width":2981,"height":2981,"url":"https:\/\/www.a-laiturit.fi\/wp-content\/uploads\/2019\/01\/Kompassiruusu-laiturissa.jpg","type":"image\/jpeg"}],"twitter_misc":{"Est. reading time":"1 minute"},"schema":{"@context":"https:\/\/schema.org","@graph":[{"@type":"WebPage","@id":"https:\/\/www.a-laiturit.fi\/en\/products\/compass-rose-110-mm-aisi316\/","url":"https:\/\/www.a-laiturit.fi\/en\/products\/compass-rose-110-mm-aisi316\/","name":"Compass rose 110 mm AISI316 - A-Laiturit","isPartOf":{"@id":"https:\/\/www.a-laiturit.fi\/en\/#website"},"primaryImageOfPage":{"@id":"https:\/\/www.a-laiturit.fi\/en\/products\/compass-rose-110-mm-aisi316\/#primaryimage"},"image":{"@id":"https:\/\/www.a-laiturit.fi\/en\/products\/compass-rose-110-mm-aisi316\/#primaryimage"},"thumbnailUrl":"https:\/\/www.a-laiturit.fi\/wp-content\/uploads\/2019\/01\/Kompassiruusu-laiturissa.jpg","datePublished":"2026-03-23T12:43:13+00:00","dateModified":"2026-03-23T12:43:52+00:00","breadcrumb":{"@id":"https:\/\/www.a-laiturit.fi\/en\/products\/compass-rose-110-mm-aisi316\/#breadcrumb"},"inLanguage":"en-US","potentialAction":[{"@type":"ReadAction","target":["https:\/\/www.a-laiturit.fi\/en\/products\/compass-rose-110-mm-aisi316\/"]}]},{"@type":"ImageObject","inLanguage":"en-US","@id":"https:\/\/www.a-laiturit.fi\/en\/products\/compass-rose-110-mm-aisi316\/#primaryimage","url":"https:\/\/www.a-laiturit.fi\/wp-content\/uploads\/2019\/01\/Kompassiruusu-laiturissa.jpg","contentUrl":"https:\/\/www.a-laiturit.fi\/wp-content\/uploads\/2019\/01\/Kompassiruusu-laiturissa.jpg","width":2981,"height":2981},{"@type":"BreadcrumbList","@id":"https:\/\/www.a-laiturit.fi\/en\/products\/compass-rose-110-mm-aisi316\/#breadcrumb","itemListElement":[{"@type":"ListItem","position":1,"name":"Home","item":"https:\/\/www.a-laiturit.fi\/en\/"},{"@type":"ListItem","position":2,"name":"Shop","item":"https:\/\/www.a-laiturit.fi\/en\/shop\/"},{"@type":"ListItem","position":3,"name":"Compass rose 110 mm AISI316"}]},{"@type":"WebSite","@id":"https:\/\/www.a-laiturit.fi\/en\/#website","url":"https:\/\/www.a-laiturit.fi\/en\/","name":"A-Laiturit","description":"Me A-Laitureissa suunnittelemme ja toteutamme juuri Sinun tarpeisiisi ja rantaasi sopivan laiturin, joka kest\u00e4\u00e4. Vuosikymmenten kokemuksella voimme sanoa: &quot;Me osaamme laiturit!&quot;","publisher":{"@id":"https:\/\/www.a-laiturit.fi\/en\/#organization"},"potentialAction":[{"@type":"SearchAction","target":{"@type":"EntryPoint","urlTemplate":"https:\/\/www.a-laiturit.fi\/en\/?s={search_term_string}"},"query-input":{"@type":"PropertyValueSpecification","valueRequired":true,"valueName":"search_term_string"}}],"inLanguage":"en-US"},{"@type":"Organization","@id":"https:\/\/www.a-laiturit.fi\/en\/#organization","name":"A-laiturit Oy","url":"https:\/\/www.a-laiturit.fi\/en\/","logo":{"@type":"ImageObject","inLanguage":"en-US","@id":"https:\/\/www.a-laiturit.fi\/en\/#\/schema\/logo\/image\/","url":"https:\/\/www.a-laiturit.fi\/wp-content\/uploads\/2018\/10\/alaiturit_vari_favicon.png","contentUrl":"https:\/\/www.a-laiturit.fi\/wp-content\/uploads\/2018\/10\/alaiturit_vari_favicon.png","width":512,"height":512,"caption":"A-laiturit Oy"},"image":{"@id":"https:\/\/www.a-laiturit.fi\/en\/#\/schema\/logo\/image\/"},"sameAs":["https:\/\/www.facebook.com\/alaiturit\/","https:\/\/www.youtube.com\/channel\/UCPCnVbx3R7RICl-bGS91dEA"]}]}},"_links":{"self":[{"href":"https:\/\/www.a-laiturit.fi\/en\/wp-json\/wp\/v2\/product\/12262","targetHints":{"allow":["GET"]}}],"collection":[{"href":"https:\/\/www.a-laiturit.fi\/en\/wp-json\/wp\/v2\/product"}],"about":[{"href":"https:\/\/www.a-laiturit.fi\/en\/wp-json\/wp\/v2\/types\/product"}],"wp:featuredmedia":[{"embeddable":true,"href":"https:\/\/www.a-laiturit.fi\/en\/wp-json\/wp\/v2\/media\/6243"}],"wp:attachment":[{"href":"https:\/\/www.a-laiturit.fi\/en\/wp-json\/wp\/v2\/media?parent=12262"}],"wp:term":[{"taxonomy":"product_brand","embeddable":true,"href":"https:\/\/www.a-laiturit.fi\/en\/wp-json\/wp\/v2\/product_brand?post=12262"},{"taxonomy":"product_cat","embeddable":true,"href":"https:\/\/www.a-laiturit.fi\/en\/wp-json\/wp\/v2\/product_cat?post=12262"},{"taxonomy":"product_tag","embeddable":true,"href":"https:\/\/www.a-laiturit.fi\/en\/wp-json\/wp\/v2\/product_tag?post=12262"}],"curies":[{"name":"wp","href":"https:\/\/api.w.org\/{rel}","templated":true}]}}