{"id":8784,"date":"2019-10-02T15:40:10","date_gmt":"2019-10-02T12:40:10","guid":{"rendered":"https:\/\/www.a-laiturit.fi\/?page_id=8784"},"modified":"2019-10-03T14:43:25","modified_gmt":"2019-10-03T11:43:25","slug":"for-professionals","status":"publish","type":"page","link":"https:\/\/www.a-laiturit.fi\/en\/for-professionals\/","title":{"rendered":"For professionals"},"content":{"rendered":"\r\n<p><img decoding=\"async\" title=\"A-laiturit myym\u00e4l\u00e4 sis\u00e4lt\u00e4, myym\u00e4l\u00e4p\u00e4\u00e4likk\u00f6 Olli Kinos\" src=\"https:\/\/www.a-laiturit.fi\/wp-content\/uploads\/2018\/10\/alaiturit_myymala.jpg\" alt=\"A-laiturit myym\u00e4l\u00e4 sis\u00e4lt\u00e4, myym\u00e4l\u00e4p\u00e4\u00e4likk\u00f6 Olli Kinos\" width=\"1920\" height=\"500\" \/><\/p>\r\n<h1>A-Laiturit Pro online service for professionals<\/h1>\r\n\r\n<p><img decoding=\"async\" src=\"https:\/\/www.a-laiturit.fi\/wp-content\/uploads\/2019\/02\/a-laituritpro-betoni-laatta.jpg\" alt=\"A-Laiturit Pro\" width=\"700\" height=\"393\" \/><\/p>\r\n<p>We at A-Laiturit not only know the docks, but also the ports. Our port expertise has been combined into a unique A-Laiturit Pro online service that helps professionals design, construct, and maintain ports.<\/p>\r\n<p>The objective of A-Laiturit Pro is to extend the service life of ports and minimize the structural risks involved. The objective can be achieved in three steps:<\/p>\r\n<ol>\r\n<li>Professional design<\/li>\r\n<li>Quality construction<\/li>\r\n<li>Knowledgeable maintenance<\/li>\r\n<\/ol>\r\n<p>The online service is divided into three main sections according to these three steps, i.e. assistance and support is available for port design, construction and maintenance.<\/p>\r\n<p>The online service also presents a wide variety of port references, including boat and boarding craft ports, swimming facilities, floating buildings, fuel and waste docks, bridges and ramps, and sheet pile construction. The references communicate the expertise and professional skills of A-Laiturit, but above all they provide good ideas for your port projects.<\/p>\r\n<p>A-Laiturit Pro online service in Finnish can be found at\u00a0<a href=\"http:\/\/www.a-laituritpro.fi\/\" target=\"_blank\" rel=\"noopener noreferrer\">www.a-laituritpro.fi<\/a>. It is primarily meant for port designers in the city and municipal sector and architect offices.\u00a0The use of the service is free of charge but requires registration.<\/p>\r\n<p><\/p>\r\n","protected":false},"excerpt":{"rendered":"<p>A-Laiturit Pro online service for professionals We at A-Laiturit not only know the docks, but also the ports. Our port expertise has been combined into a unique A-Laiturit Pro online service that helps professionals design, construct, and maintain ports. The objective of A-Laiturit Pro is to extend the service life of ports and minimize the [&hellip;]<\/p>\n","protected":false},"author":1,"featured_media":0,"parent":0,"menu_order":0,"comment_status":"closed","ping_status":"closed","template":"","meta":{"_acf_changed":false,"footnotes":""},"class_list":["post-8784","page","type-page","status-publish","hentry"],"acf":[],"yoast_head":"<title>For professionals - A-Laiturit<\/title>\n<meta name=\"description\" content=\"Our port expertise has been combined into a unique A-Laiturit Pro online service that helps professionals design, construct, and maintain ports.\" \/>\n<meta name=\"robots\" content=\"index, follow, max-snippet:-1, max-image-preview:large, max-video-preview:-1\" \/>\n<link rel=\"canonical\" href=\"https:\/\/www.a-laiturit.fi\/en\/for-professionals\/\" \/>\n<meta property=\"og:locale\" content=\"en_US\" \/>\n<meta property=\"og:type\" content=\"article\" \/>\n<meta property=\"og:title\" content=\"For professionals - A-Laiturit\" \/>\n<meta property=\"og:description\" content=\"Our port expertise has been combined into a unique A-Laiturit Pro online service that helps professionals design, construct, and maintain ports.\" \/>\n<meta property=\"og:url\" content=\"https:\/\/www.a-laiturit.fi\/en\/for-professionals\/\" \/>\n<meta property=\"og:site_name\" content=\"A-Laiturit\" \/>\n<meta property=\"article:publisher\" content=\"https:\/\/www.facebook.com\/alaiturit\/\" \/>\n<meta property=\"article:modified_time\" content=\"2019-10-03T11:43:25+00:00\" \/>\n<meta property=\"og:image\" content=\"https:\/\/www.a-laiturit.fi\/wp-content\/uploads\/2018\/10\/alaiturit_myymala.jpg\" \/>\n<meta name=\"twitter:label1\" content=\"Est. reading time\" \/>\n\t<meta name=\"twitter:data1\" content=\"1 minute\" \/>\n<script type=\"application\/ld+json\" class=\"yoast-schema-graph\">{\"@context\":\"https:\\\/\\\/schema.org\",\"@graph\":[{\"@type\":\"WebPage\",\"@id\":\"https:\\\/\\\/www.a-laiturit.fi\\\/en\\\/for-professionals\\\/\",\"url\":\"https:\\\/\\\/www.a-laiturit.fi\\\/en\\\/for-professionals\\\/\",\"name\":\"For professionals - A-Laiturit\",\"isPartOf\":{\"@id\":\"https:\\\/\\\/www.a-laiturit.fi\\\/en\\\/#website\"},\"primaryImageOfPage\":{\"@id\":\"https:\\\/\\\/www.a-laiturit.fi\\\/en\\\/for-professionals\\\/#primaryimage\"},\"image\":{\"@id\":\"https:\\\/\\\/www.a-laiturit.fi\\\/en\\\/for-professionals\\\/#primaryimage\"},\"thumbnailUrl\":\"https:\\\/\\\/www.a-laiturit.fi\\\/wp-content\\\/uploads\\\/2018\\\/10\\\/alaiturit_myymala.jpg\",\"datePublished\":\"2019-10-02T12:40:10+00:00\",\"dateModified\":\"2019-10-03T11:43:25+00:00\",\"description\":\"Our port expertise has been combined into a unique A-Laiturit Pro online service that helps professionals design, construct, and maintain ports.\",\"breadcrumb\":{\"@id\":\"https:\\\/\\\/www.a-laiturit.fi\\\/en\\\/for-professionals\\\/#breadcrumb\"},\"inLanguage\":\"en-US\",\"potentialAction\":[{\"@type\":\"ReadAction\",\"target\":[\"https:\\\/\\\/www.a-laiturit.fi\\\/en\\\/for-professionals\\\/\"]}]},{\"@type\":\"ImageObject\",\"inLanguage\":\"en-US\",\"@id\":\"https:\\\/\\\/www.a-laiturit.fi\\\/en\\\/for-professionals\\\/#primaryimage\",\"url\":\"https:\\\/\\\/www.a-laiturit.fi\\\/wp-content\\\/uploads\\\/2018\\\/10\\\/alaiturit_myymala.jpg\",\"contentUrl\":\"https:\\\/\\\/www.a-laiturit.fi\\\/wp-content\\\/uploads\\\/2018\\\/10\\\/alaiturit_myymala.jpg\"},{\"@type\":\"BreadcrumbList\",\"@id\":\"https:\\\/\\\/www.a-laiturit.fi\\\/en\\\/for-professionals\\\/#breadcrumb\",\"itemListElement\":[{\"@type\":\"ListItem\",\"position\":1,\"name\":\"Home\",\"item\":\"https:\\\/\\\/www.a-laiturit.fi\\\/en\\\/\"},{\"@type\":\"ListItem\",\"position\":2,\"name\":\"For professionals\"}]},{\"@type\":\"WebSite\",\"@id\":\"https:\\\/\\\/www.a-laiturit.fi\\\/en\\\/#website\",\"url\":\"https:\\\/\\\/www.a-laiturit.fi\\\/en\\\/\",\"name\":\"A-Laiturit\",\"description\":\"Me A-Laitureissa suunnittelemme ja toteutamme juuri Sinun tarpeisiisi ja rantaasi sopivan laiturin, joka kest\u00e4\u00e4. Vuosikymmenten kokemuksella voimme sanoa: &quot;Me osaamme laiturit!&quot;\",\"publisher\":{\"@id\":\"https:\\\/\\\/www.a-laiturit.fi\\\/en\\\/#organization\"},\"potentialAction\":[{\"@type\":\"SearchAction\",\"target\":{\"@type\":\"EntryPoint\",\"urlTemplate\":\"https:\\\/\\\/www.a-laiturit.fi\\\/en\\\/?s={search_term_string}\"},\"query-input\":{\"@type\":\"PropertyValueSpecification\",\"valueRequired\":true,\"valueName\":\"search_term_string\"}}],\"inLanguage\":\"en-US\"},{\"@type\":\"Organization\",\"@id\":\"https:\\\/\\\/www.a-laiturit.fi\\\/en\\\/#organization\",\"name\":\"A-laiturit Oy\",\"url\":\"https:\\\/\\\/www.a-laiturit.fi\\\/en\\\/\",\"logo\":{\"@type\":\"ImageObject\",\"inLanguage\":\"en-US\",\"@id\":\"https:\\\/\\\/www.a-laiturit.fi\\\/en\\\/#\\\/schema\\\/logo\\\/image\\\/\",\"url\":\"https:\\\/\\\/www.a-laiturit.fi\\\/wp-content\\\/uploads\\\/2018\\\/10\\\/alaiturit_vari_favicon.png\",\"contentUrl\":\"https:\\\/\\\/www.a-laiturit.fi\\\/wp-content\\\/uploads\\\/2018\\\/10\\\/alaiturit_vari_favicon.png\",\"width\":512,\"height\":512,\"caption\":\"A-laiturit Oy\"},\"image\":{\"@id\":\"https:\\\/\\\/www.a-laiturit.fi\\\/en\\\/#\\\/schema\\\/logo\\\/image\\\/\"},\"sameAs\":[\"https:\\\/\\\/www.facebook.com\\\/alaiturit\\\/\",\"https:\\\/\\\/www.youtube.com\\\/channel\\\/UCPCnVbx3R7RICl-bGS91dEA\"]}]}<\/script>","yoast_head_json":{"title":"For professionals - A-Laiturit","description":"Our port expertise has been combined into a unique A-Laiturit Pro online service that helps professionals design, construct, and maintain ports.","robots":{"index":"index","follow":"follow","max-snippet":"max-snippet:-1","max-image-preview":"max-image-preview:large","max-video-preview":"max-video-preview:-1"},"canonical":"https:\/\/www.a-laiturit.fi\/en\/for-professionals\/","og_locale":"en_US","og_type":"article","og_title":"For professionals - A-Laiturit","og_description":"Our port expertise has been combined into a unique A-Laiturit Pro online service that helps professionals design, construct, and maintain ports.","og_url":"https:\/\/www.a-laiturit.fi\/en\/for-professionals\/","og_site_name":"A-Laiturit","article_publisher":"https:\/\/www.facebook.com\/alaiturit\/","article_modified_time":"2019-10-03T11:43:25+00:00","og_image":[{"url":"https:\/\/www.a-laiturit.fi\/wp-content\/uploads\/2018\/10\/alaiturit_myymala.jpg","type":"","width":"","height":""}],"twitter_misc":{"Est. reading time":"1 minute"},"schema":{"@context":"https:\/\/schema.org","@graph":[{"@type":"WebPage","@id":"https:\/\/www.a-laiturit.fi\/en\/for-professionals\/","url":"https:\/\/www.a-laiturit.fi\/en\/for-professionals\/","name":"For professionals - A-Laiturit","isPartOf":{"@id":"https:\/\/www.a-laiturit.fi\/en\/#website"},"primaryImageOfPage":{"@id":"https:\/\/www.a-laiturit.fi\/en\/for-professionals\/#primaryimage"},"image":{"@id":"https:\/\/www.a-laiturit.fi\/en\/for-professionals\/#primaryimage"},"thumbnailUrl":"https:\/\/www.a-laiturit.fi\/wp-content\/uploads\/2018\/10\/alaiturit_myymala.jpg","datePublished":"2019-10-02T12:40:10+00:00","dateModified":"2019-10-03T11:43:25+00:00","description":"Our port expertise has been combined into a unique A-Laiturit Pro online service that helps professionals design, construct, and maintain ports.","breadcrumb":{"@id":"https:\/\/www.a-laiturit.fi\/en\/for-professionals\/#breadcrumb"},"inLanguage":"en-US","potentialAction":[{"@type":"ReadAction","target":["https:\/\/www.a-laiturit.fi\/en\/for-professionals\/"]}]},{"@type":"ImageObject","inLanguage":"en-US","@id":"https:\/\/www.a-laiturit.fi\/en\/for-professionals\/#primaryimage","url":"https:\/\/www.a-laiturit.fi\/wp-content\/uploads\/2018\/10\/alaiturit_myymala.jpg","contentUrl":"https:\/\/www.a-laiturit.fi\/wp-content\/uploads\/2018\/10\/alaiturit_myymala.jpg"},{"@type":"BreadcrumbList","@id":"https:\/\/www.a-laiturit.fi\/en\/for-professionals\/#breadcrumb","itemListElement":[{"@type":"ListItem","position":1,"name":"Home","item":"https:\/\/www.a-laiturit.fi\/en\/"},{"@type":"ListItem","position":2,"name":"For professionals"}]},{"@type":"WebSite","@id":"https:\/\/www.a-laiturit.fi\/en\/#website","url":"https:\/\/www.a-laiturit.fi\/en\/","name":"A-Laiturit","description":"Me A-Laitureissa suunnittelemme ja toteutamme juuri Sinun tarpeisiisi ja rantaasi sopivan laiturin, joka kest\u00e4\u00e4. Vuosikymmenten kokemuksella voimme sanoa: &quot;Me osaamme laiturit!&quot;","publisher":{"@id":"https:\/\/www.a-laiturit.fi\/en\/#organization"},"potentialAction":[{"@type":"SearchAction","target":{"@type":"EntryPoint","urlTemplate":"https:\/\/www.a-laiturit.fi\/en\/?s={search_term_string}"},"query-input":{"@type":"PropertyValueSpecification","valueRequired":true,"valueName":"search_term_string"}}],"inLanguage":"en-US"},{"@type":"Organization","@id":"https:\/\/www.a-laiturit.fi\/en\/#organization","name":"A-laiturit Oy","url":"https:\/\/www.a-laiturit.fi\/en\/","logo":{"@type":"ImageObject","inLanguage":"en-US","@id":"https:\/\/www.a-laiturit.fi\/en\/#\/schema\/logo\/image\/","url":"https:\/\/www.a-laiturit.fi\/wp-content\/uploads\/2018\/10\/alaiturit_vari_favicon.png","contentUrl":"https:\/\/www.a-laiturit.fi\/wp-content\/uploads\/2018\/10\/alaiturit_vari_favicon.png","width":512,"height":512,"caption":"A-laiturit Oy"},"image":{"@id":"https:\/\/www.a-laiturit.fi\/en\/#\/schema\/logo\/image\/"},"sameAs":["https:\/\/www.facebook.com\/alaiturit\/","https:\/\/www.youtube.com\/channel\/UCPCnVbx3R7RICl-bGS91dEA"]}]}},"_links":{"self":[{"href":"https:\/\/www.a-laiturit.fi\/en\/wp-json\/wp\/v2\/pages\/8784","targetHints":{"allow":["GET"]}}],"collection":[{"href":"https:\/\/www.a-laiturit.fi\/en\/wp-json\/wp\/v2\/pages"}],"about":[{"href":"https:\/\/www.a-laiturit.fi\/en\/wp-json\/wp\/v2\/types\/page"}],"author":[{"embeddable":true,"href":"https:\/\/www.a-laiturit.fi\/en\/wp-json\/wp\/v2\/users\/1"}],"replies":[{"embeddable":true,"href":"https:\/\/www.a-laiturit.fi\/en\/wp-json\/wp\/v2\/comments?post=8784"}],"version-history":[{"count":7,"href":"https:\/\/www.a-laiturit.fi\/en\/wp-json\/wp\/v2\/pages\/8784\/revisions"}],"predecessor-version":[{"id":8799,"href":"https:\/\/www.a-laiturit.fi\/en\/wp-json\/wp\/v2\/pages\/8784\/revisions\/8799"}],"wp:attachment":[{"href":"https:\/\/www.a-laiturit.fi\/en\/wp-json\/wp\/v2\/media?parent=8784"}],"curies":[{"name":"wp","href":"https:\/\/api.w.org\/{rel}","templated":true}]}}