{"id":8736,"date":"2019-09-18T14:44:21","date_gmt":"2019-09-18T11:44:21","guid":{"rendered":"https:\/\/www.a-laiturit.fi\/yrkesverksamma\/"},"modified":"2019-09-18T14:45:40","modified_gmt":"2019-09-18T11:45:40","slug":"professionals","status":"publish","type":"page","link":"https:\/\/www.a-laiturit.fi\/en\/professionals\/","title":{"rendered":"Professionals"},"content":{"rendered":"\n\t\t\t\t<img decoding=\"async\" src=\"https:\/\/www.a-laiturit.fi\/wp-content\/uploads\/2018\/10\/veneet_laiturissa.jpg\" alt=\"Veneet laiturissa A-laiturit\" itemprop=\"image\" height=\"500\" width=\"1920\" title=\"Veneet laiturissa A-laiturit\" onerror=\"this.style.display='none'\"  \/>\n<h1>\n\t\tProfessionals\n\t<\/h1>\n\t\n\t<p>A-Laituri on kest\u00e4v\u00e4 ja pitk\u00e4ik\u00e4inen. Vuosien saatossa laiturin osissa voi kuitenkin tapahtua kulumista ja silloin on hyv\u00e4 kutsua paikalle A-Laitureiden osaava ja kokenut huoltoryhm\u00e4!<\/p>\n<h2>Laiturin kettinkien huolto ja vaihto<\/h2>\n<p>Tyypillisin laiturien huoltoty\u00f6 liittyy ankkurikettinkeihin: kettinki on poikki tai irti laiturista. Oman laiturin kiinnitykset kannattaakin aina tarkastaa kev\u00e4isin ja syksyisin. Jos laituri on vinossa tai jos se on alkanut liikkua aiempaa enemm\u00e4n, on kettingeiss\u00e4 luultavasti huoltotarvetta.<\/p>\n<p>Tyypillisimm\u00e4t laiturien huoltoty\u00f6t:<\/p>\n<ul>\n<li>Laiturin kettingin huolto: tarkastus, kirist\u00e4minen, kiinnitt\u00e4minen ja vaihto<\/li>\n<li>Laiturin oikaisu<\/li>\n<li>Laiturin kulkusillan korjaaminen<\/li>\n<li>Poijukettingin vaihto<\/li>\n<li>Poijun siirto<\/li>\n<li>Pollareiden uudelleenkiinnitys<\/li>\n<li>Ankkuripainojen lis\u00e4\u00e4minen<\/li>\n<li>Yleinen laiturin kuntotarkastus<\/li>\n<\/ul>\n\t\t\t\t<img decoding=\"async\" src=\"https:\/\/www.a-laiturit.fi\/wp-content\/uploads\/2019\/09\/laiturin-huolto.jpg\" alt=\"A-Laitureiden huolto\" itemprop=\"image\" height=\"430\" width=\"770\" title=\"laiturin-huolto\" onerror=\"this.style.display='none'\"  \/>\n\t<h2>Huollon tilaus helposti kuvien avulla<\/h2>\n<p>Huoltot\u00f6iden tilaaminen k\u00e4y k\u00e4tevimmin, kun otat laituristasi muutaman valokuvan ja l\u00e4het\u00e4t ne meille osoitteeseen <a href=\"mailto:info@a-laiturit.fi\">info@a-laiturit.fi<\/a>. Kuvien perusteella arvioimme tarvittavat huoltoty\u00f6t ja teemme tarjouksen.<\/p>\n<p>Huoltoryhm\u00e4mme voi hoitaa korjausty\u00f6t itsen\u00e4isesti eli sinun ei tarvitse v\u00e4ltt\u00e4m\u00e4tt\u00e4 olla korjaushetkell\u00e4 paikan p\u00e4\u00e4ll\u00e4.<\/p>\n<p>A-Laitureiden huoltoryhm\u00e4 palvelee noin 100 kilometrin s\u00e4teelle Raision tehtaaltamme. Huoltot\u00f6it\u00e4 teemme sulan veden aikana eli l\u00e4hes ymp\u00e4ri vuoden.<\/p>\n\t\t\t\t<img decoding=\"async\" src=\"https:\/\/www.a-laiturit.fi\/wp-content\/uploads\/2019\/09\/venesataman-huolto.jpg\" alt=\"A-Laiturit huoltaa laiturit ja kokonaiset venesatamat\" itemprop=\"image\" height=\"430\" width=\"770\" title=\"venesataman-huolto\" onerror=\"this.style.display='none'\"  \/>\n\t<h2>Satamahuolto<\/h2>\n<p>A-Laitureiden osaava huoltoryhm\u00e4 hoitaa puolestasi my\u00f6s kokonaisen venesataman huollon: kuntokartoituksen, raportoinnin ja korjausty\u00f6t. Kun annat ammattilaisten hoitaa homman, s\u00e4\u00e4st\u00e4t sek\u00e4 ajassa ett\u00e4 kustannuksissa. Samalla korjaus- ja huoltot\u00f6ihin liittyv\u00e4t riskit pienev\u00e4t ja omat huoltomiehesi voivat keskitty\u00e4 muihin t\u00f6ihin.<\/p>\n<p>Lue lis\u00e4\u00e4 satamahuollosta ammattilaisten omasta <a href=\"http:\/\/a-laituritpro.fi\" target=\"_blank\" rel=\"noopener noreferrer\">a-laituritpro.fi<\/a>-verkkopalvelusta. Palvelun k\u00e4ytt\u00f6 edellytt\u00e4\u00e4 rekister\u00f6itymist\u00e4. Voit my\u00f6s kysell\u00e4 lis\u00e4\u00e4 myyntiassistentti Maarit Haapam\u00e4elt\u00e4 (p. <a href=\"tel:+358449885887\">+358 44 988 5887<\/a> tai <a href=\"mailto:maarit.haapamaki@a-laiturit.fi\">maarit.haapamaki@a-laiturit.fi<\/a>)<\/p>\n\t<h2>Tilaa huolto tai kysy lis\u00e4\u00e4!<\/h2>\n","protected":false},"excerpt":{"rendered":"<p>Professionals A-Laituri on kest\u00e4v\u00e4 ja pitk\u00e4ik\u00e4inen. Vuosien saatossa laiturin osissa voi kuitenkin tapahtua kulumista ja silloin on hyv\u00e4 kutsua paikalle A-Laitureiden osaava ja kokenut huoltoryhm\u00e4! Laiturin kettinkien huolto ja vaihto Tyypillisin laiturien huoltoty\u00f6 liittyy ankkurikettinkeihin: kettinki on poikki tai irti laiturista. Oman laiturin kiinnitykset kannattaakin aina tarkastaa kev\u00e4isin ja syksyisin. Jos laituri on vinossa tai [&hellip;]<\/p>\n","protected":false},"author":1,"featured_media":0,"parent":0,"menu_order":0,"comment_status":"closed","ping_status":"closed","template":"","meta":{"_acf_changed":false,"footnotes":""},"class_list":["post-8736","page","type-page","status-publish","hentry"],"acf":[],"yoast_head":"<title>Professionals - A-Laiturit<\/title>\n<meta name=\"robots\" content=\"index, follow, max-snippet:-1, max-image-preview:large, max-video-preview:-1\" \/>\n<link rel=\"canonical\" href=\"https:\/\/www.a-laiturit.fi\/en\/professionals\/\" \/>\n<meta property=\"og:locale\" content=\"en_US\" \/>\n<meta property=\"og:type\" content=\"article\" \/>\n<meta property=\"og:title\" content=\"Professionals - A-Laiturit\" \/>\n<meta property=\"og:description\" content=\"Professionals A-Laituri on kest\u00e4v\u00e4 ja pitk\u00e4ik\u00e4inen. Vuosien saatossa laiturin osissa voi kuitenkin tapahtua kulumista ja silloin on hyv\u00e4 kutsua paikalle A-Laitureiden osaava ja kokenut huoltoryhm\u00e4! Laiturin kettinkien huolto ja vaihto Tyypillisin laiturien huoltoty\u00f6 liittyy ankkurikettinkeihin: kettinki on poikki tai irti laiturista. Oman laiturin kiinnitykset kannattaakin aina tarkastaa kev\u00e4isin ja syksyisin. Jos laituri on vinossa tai [&hellip;]\" \/>\n<meta property=\"og:url\" content=\"https:\/\/www.a-laiturit.fi\/en\/professionals\/\" \/>\n<meta property=\"og:site_name\" content=\"A-Laiturit\" \/>\n<meta property=\"article:publisher\" content=\"https:\/\/www.facebook.com\/alaiturit\/\" \/>\n<meta property=\"article:modified_time\" content=\"2019-09-18T11:45:40+00:00\" \/>\n<meta property=\"og:image\" content=\"https:\/\/www.a-laiturit.fi\/wp-content\/uploads\/2018\/10\/veneet_laiturissa.jpg\" \/>\n<meta name=\"twitter:label1\" content=\"Est. reading time\" \/>\n\t<meta name=\"twitter:data1\" content=\"1 minute\" \/>\n<script type=\"application\/ld+json\" class=\"yoast-schema-graph\">{\"@context\":\"https:\\\/\\\/schema.org\",\"@graph\":[{\"@type\":\"WebPage\",\"@id\":\"https:\\\/\\\/www.a-laiturit.fi\\\/en\\\/professionals\\\/\",\"url\":\"https:\\\/\\\/www.a-laiturit.fi\\\/en\\\/professionals\\\/\",\"name\":\"Professionals - A-Laiturit\",\"isPartOf\":{\"@id\":\"https:\\\/\\\/www.a-laiturit.fi\\\/en\\\/#website\"},\"primaryImageOfPage\":{\"@id\":\"https:\\\/\\\/www.a-laiturit.fi\\\/en\\\/professionals\\\/#primaryimage\"},\"image\":{\"@id\":\"https:\\\/\\\/www.a-laiturit.fi\\\/en\\\/professionals\\\/#primaryimage\"},\"thumbnailUrl\":\"https:\\\/\\\/www.a-laiturit.fi\\\/wp-content\\\/uploads\\\/2018\\\/10\\\/veneet_laiturissa.jpg\",\"datePublished\":\"2019-09-18T11:44:21+00:00\",\"dateModified\":\"2019-09-18T11:45:40+00:00\",\"breadcrumb\":{\"@id\":\"https:\\\/\\\/www.a-laiturit.fi\\\/en\\\/professionals\\\/#breadcrumb\"},\"inLanguage\":\"en-US\",\"potentialAction\":[{\"@type\":\"ReadAction\",\"target\":[\"https:\\\/\\\/www.a-laiturit.fi\\\/en\\\/professionals\\\/\"]}]},{\"@type\":\"ImageObject\",\"inLanguage\":\"en-US\",\"@id\":\"https:\\\/\\\/www.a-laiturit.fi\\\/en\\\/professionals\\\/#primaryimage\",\"url\":\"https:\\\/\\\/www.a-laiturit.fi\\\/wp-content\\\/uploads\\\/2018\\\/10\\\/veneet_laiturissa.jpg\",\"contentUrl\":\"https:\\\/\\\/www.a-laiturit.fi\\\/wp-content\\\/uploads\\\/2018\\\/10\\\/veneet_laiturissa.jpg\"},{\"@type\":\"BreadcrumbList\",\"@id\":\"https:\\\/\\\/www.a-laiturit.fi\\\/en\\\/professionals\\\/#breadcrumb\",\"itemListElement\":[{\"@type\":\"ListItem\",\"position\":1,\"name\":\"Home\",\"item\":\"https:\\\/\\\/www.a-laiturit.fi\\\/en\\\/\"},{\"@type\":\"ListItem\",\"position\":2,\"name\":\"Professionals\"}]},{\"@type\":\"WebSite\",\"@id\":\"https:\\\/\\\/www.a-laiturit.fi\\\/en\\\/#website\",\"url\":\"https:\\\/\\\/www.a-laiturit.fi\\\/en\\\/\",\"name\":\"A-Laiturit\",\"description\":\"Me A-Laitureissa suunnittelemme ja toteutamme juuri Sinun tarpeisiisi ja rantaasi sopivan laiturin, joka kest\u00e4\u00e4. Vuosikymmenten kokemuksella voimme sanoa: &quot;Me osaamme laiturit!&quot;\",\"publisher\":{\"@id\":\"https:\\\/\\\/www.a-laiturit.fi\\\/en\\\/#organization\"},\"potentialAction\":[{\"@type\":\"SearchAction\",\"target\":{\"@type\":\"EntryPoint\",\"urlTemplate\":\"https:\\\/\\\/www.a-laiturit.fi\\\/en\\\/?s={search_term_string}\"},\"query-input\":{\"@type\":\"PropertyValueSpecification\",\"valueRequired\":true,\"valueName\":\"search_term_string\"}}],\"inLanguage\":\"en-US\"},{\"@type\":\"Organization\",\"@id\":\"https:\\\/\\\/www.a-laiturit.fi\\\/en\\\/#organization\",\"name\":\"A-laiturit Oy\",\"url\":\"https:\\\/\\\/www.a-laiturit.fi\\\/en\\\/\",\"logo\":{\"@type\":\"ImageObject\",\"inLanguage\":\"en-US\",\"@id\":\"https:\\\/\\\/www.a-laiturit.fi\\\/en\\\/#\\\/schema\\\/logo\\\/image\\\/\",\"url\":\"https:\\\/\\\/www.a-laiturit.fi\\\/wp-content\\\/uploads\\\/2018\\\/10\\\/alaiturit_vari_favicon.png\",\"contentUrl\":\"https:\\\/\\\/www.a-laiturit.fi\\\/wp-content\\\/uploads\\\/2018\\\/10\\\/alaiturit_vari_favicon.png\",\"width\":512,\"height\":512,\"caption\":\"A-laiturit Oy\"},\"image\":{\"@id\":\"https:\\\/\\\/www.a-laiturit.fi\\\/en\\\/#\\\/schema\\\/logo\\\/image\\\/\"},\"sameAs\":[\"https:\\\/\\\/www.facebook.com\\\/alaiturit\\\/\",\"https:\\\/\\\/www.youtube.com\\\/channel\\\/UCPCnVbx3R7RICl-bGS91dEA\"]}]}<\/script>","yoast_head_json":{"title":"Professionals - A-Laiturit","robots":{"index":"index","follow":"follow","max-snippet":"max-snippet:-1","max-image-preview":"max-image-preview:large","max-video-preview":"max-video-preview:-1"},"canonical":"https:\/\/www.a-laiturit.fi\/en\/professionals\/","og_locale":"en_US","og_type":"article","og_title":"Professionals - A-Laiturit","og_description":"Professionals A-Laituri on kest\u00e4v\u00e4 ja pitk\u00e4ik\u00e4inen. Vuosien saatossa laiturin osissa voi kuitenkin tapahtua kulumista ja silloin on hyv\u00e4 kutsua paikalle A-Laitureiden osaava ja kokenut huoltoryhm\u00e4! Laiturin kettinkien huolto ja vaihto Tyypillisin laiturien huoltoty\u00f6 liittyy ankkurikettinkeihin: kettinki on poikki tai irti laiturista. Oman laiturin kiinnitykset kannattaakin aina tarkastaa kev\u00e4isin ja syksyisin. Jos laituri on vinossa tai [&hellip;]","og_url":"https:\/\/www.a-laiturit.fi\/en\/professionals\/","og_site_name":"A-Laiturit","article_publisher":"https:\/\/www.facebook.com\/alaiturit\/","article_modified_time":"2019-09-18T11:45:40+00:00","og_image":[{"url":"https:\/\/www.a-laiturit.fi\/wp-content\/uploads\/2018\/10\/veneet_laiturissa.jpg","type":"","width":"","height":""}],"twitter_misc":{"Est. reading time":"1 minute"},"schema":{"@context":"https:\/\/schema.org","@graph":[{"@type":"WebPage","@id":"https:\/\/www.a-laiturit.fi\/en\/professionals\/","url":"https:\/\/www.a-laiturit.fi\/en\/professionals\/","name":"Professionals - A-Laiturit","isPartOf":{"@id":"https:\/\/www.a-laiturit.fi\/en\/#website"},"primaryImageOfPage":{"@id":"https:\/\/www.a-laiturit.fi\/en\/professionals\/#primaryimage"},"image":{"@id":"https:\/\/www.a-laiturit.fi\/en\/professionals\/#primaryimage"},"thumbnailUrl":"https:\/\/www.a-laiturit.fi\/wp-content\/uploads\/2018\/10\/veneet_laiturissa.jpg","datePublished":"2019-09-18T11:44:21+00:00","dateModified":"2019-09-18T11:45:40+00:00","breadcrumb":{"@id":"https:\/\/www.a-laiturit.fi\/en\/professionals\/#breadcrumb"},"inLanguage":"en-US","potentialAction":[{"@type":"ReadAction","target":["https:\/\/www.a-laiturit.fi\/en\/professionals\/"]}]},{"@type":"ImageObject","inLanguage":"en-US","@id":"https:\/\/www.a-laiturit.fi\/en\/professionals\/#primaryimage","url":"https:\/\/www.a-laiturit.fi\/wp-content\/uploads\/2018\/10\/veneet_laiturissa.jpg","contentUrl":"https:\/\/www.a-laiturit.fi\/wp-content\/uploads\/2018\/10\/veneet_laiturissa.jpg"},{"@type":"BreadcrumbList","@id":"https:\/\/www.a-laiturit.fi\/en\/professionals\/#breadcrumb","itemListElement":[{"@type":"ListItem","position":1,"name":"Home","item":"https:\/\/www.a-laiturit.fi\/en\/"},{"@type":"ListItem","position":2,"name":"Professionals"}]},{"@type":"WebSite","@id":"https:\/\/www.a-laiturit.fi\/en\/#website","url":"https:\/\/www.a-laiturit.fi\/en\/","name":"A-Laiturit","description":"Me A-Laitureissa suunnittelemme ja toteutamme juuri Sinun tarpeisiisi ja rantaasi sopivan laiturin, joka kest\u00e4\u00e4. Vuosikymmenten kokemuksella voimme sanoa: &quot;Me osaamme laiturit!&quot;","publisher":{"@id":"https:\/\/www.a-laiturit.fi\/en\/#organization"},"potentialAction":[{"@type":"SearchAction","target":{"@type":"EntryPoint","urlTemplate":"https:\/\/www.a-laiturit.fi\/en\/?s={search_term_string}"},"query-input":{"@type":"PropertyValueSpecification","valueRequired":true,"valueName":"search_term_string"}}],"inLanguage":"en-US"},{"@type":"Organization","@id":"https:\/\/www.a-laiturit.fi\/en\/#organization","name":"A-laiturit Oy","url":"https:\/\/www.a-laiturit.fi\/en\/","logo":{"@type":"ImageObject","inLanguage":"en-US","@id":"https:\/\/www.a-laiturit.fi\/en\/#\/schema\/logo\/image\/","url":"https:\/\/www.a-laiturit.fi\/wp-content\/uploads\/2018\/10\/alaiturit_vari_favicon.png","contentUrl":"https:\/\/www.a-laiturit.fi\/wp-content\/uploads\/2018\/10\/alaiturit_vari_favicon.png","width":512,"height":512,"caption":"A-laiturit Oy"},"image":{"@id":"https:\/\/www.a-laiturit.fi\/en\/#\/schema\/logo\/image\/"},"sameAs":["https:\/\/www.facebook.com\/alaiturit\/","https:\/\/www.youtube.com\/channel\/UCPCnVbx3R7RICl-bGS91dEA"]}]}},"_links":{"self":[{"href":"https:\/\/www.a-laiturit.fi\/en\/wp-json\/wp\/v2\/pages\/8736","targetHints":{"allow":["GET"]}}],"collection":[{"href":"https:\/\/www.a-laiturit.fi\/en\/wp-json\/wp\/v2\/pages"}],"about":[{"href":"https:\/\/www.a-laiturit.fi\/en\/wp-json\/wp\/v2\/types\/page"}],"author":[{"embeddable":true,"href":"https:\/\/www.a-laiturit.fi\/en\/wp-json\/wp\/v2\/users\/1"}],"replies":[{"embeddable":true,"href":"https:\/\/www.a-laiturit.fi\/en\/wp-json\/wp\/v2\/comments?post=8736"}],"version-history":[{"count":2,"href":"https:\/\/www.a-laiturit.fi\/en\/wp-json\/wp\/v2\/pages\/8736\/revisions"}],"predecessor-version":[{"id":8739,"href":"https:\/\/www.a-laiturit.fi\/en\/wp-json\/wp\/v2\/pages\/8736\/revisions\/8739"}],"wp:attachment":[{"href":"https:\/\/www.a-laiturit.fi\/en\/wp-json\/wp\/v2\/media?parent=8736"}],"curies":[{"name":"wp","href":"https:\/\/api.w.org\/{rel}","templated":true}]}}