{"id":5701,"date":"2018-12-02T11:16:20","date_gmt":"2018-12-02T09:16:20","guid":{"rendered":"https:\/\/www.a-laiturit.fi\/poiju\/"},"modified":"2020-07-28T15:53:17","modified_gmt":"2020-07-28T12:53:17","slug":"buoy","status":"publish","type":"page","link":"https:\/\/www.a-laiturit.fi\/en\/do-it-yourself\/buoy\/","title":{"rendered":"Buoy"},"content":{"rendered":"\r\n<p><img decoding=\"async\" title=\"Tee-se-itse laituri A-laiturit\" src=\"https:\/\/www.a-laiturit.fi\/wp-content\/uploads\/2018\/10\/tee_se_itse_laituri.jpg\" alt=\"Tee-se-itse laituri A-laiturit\" width=\"1920\" height=\"500\" \/><\/p>\r\n<h1>\u00a0<\/h1>\r\n<div class=\"menu-paavalikko-en-container\"><ul id=\"alaiturit-sivulinkit\" class=\"sivupalkinlinkit\"><li id=\"menu-item-5710\" class=\"menu-item menu-item-type-post_type menu-item-object-page menu-item-5710\"><a href=\"https:\/\/www.a-laiturit.fi\/en\/do-it-yourself\/boat-ramp\/\">Boat ramp<\/a><\/li>\n<li id=\"menu-item-5709\" class=\"menu-item menu-item-type-post_type menu-item-object-page menu-item-5709\"><a href=\"https:\/\/www.a-laiturit.fi\/en\/do-it-yourself\/boatlift\/\">Boatlift<\/a><\/li>\n<li id=\"menu-item-5712\" class=\"menu-item menu-item-type-post_type menu-item-object-page menu-item-5712\"><a href=\"https:\/\/www.a-laiturit.fi\/en\/do-it-yourself\/buoy\/\">Buoy<\/a><\/li>\n<li id=\"menu-item-5716\" class=\"menu-item menu-item-type-post_type menu-item-object-page menu-item-5716\"><a href=\"https:\/\/www.a-laiturit.fi\/en\/do-it-yourself\/frame-posts-for-fixed-docks\/\">Frame posts for fixed docks<\/a><\/li>\n<li id=\"menu-item-5739\" class=\"menu-item menu-item-type-post_type menu-item-object-page menu-item-5739\"><a href=\"https:\/\/www.a-laiturit.fi\/en\/do-it-yourself\/lippalaituri-ground-support\/\">Lippalaituri ground support<\/a><\/li>\n<li id=\"menu-item-5719\" class=\"menu-item menu-item-type-post_type menu-item-object-page menu-item-5719\"><a href=\"https:\/\/www.a-laiturit.fi\/en\/do-it-yourself\/pontoon-with-concrete-floats\/\">Pontoon with concrete floats<\/a><\/li>\n<li id=\"menu-item-5718\" class=\"menu-item menu-item-type-post_type menu-item-object-page menu-item-5718\"><a href=\"https:\/\/www.a-laiturit.fi\/en\/do-it-yourself\/repairing-concrete-structures\/\">Repairing concrete structures<\/a><\/li>\n<li id=\"menu-item-5717\" class=\"menu-item menu-item-type-post_type menu-item-object-page menu-item-5717\"><a href=\"https:\/\/www.a-laiturit.fi\/en\/do-it-yourself\/replacing-the-steel-springs\/\">Replacing the steel springs<\/a><\/li>\n<li id=\"menu-item-5713\" class=\"menu-item menu-item-type-post_type menu-item-object-page menu-item-5713\"><a href=\"https:\/\/www.a-laiturit.fi\/en\/do-it-yourself\/screw-pole-dock\/\">Screw pole dock<\/a><\/li>\n<li id=\"menu-item-5715\" class=\"menu-item menu-item-type-post_type menu-item-object-page menu-item-5715\"><a href=\"https:\/\/www.a-laiturit.fi\/en\/do-it-yourself\/sheet-pile-dock\/\">Sheet pile dock<\/a><\/li>\n<\/ul><\/div>\r\n<p>Installing a buoy by oneself can be carried out in the summertime using a boat, or during wintertime from on top of the ice. It is easier to place the buoy from the ice, as long as you have ensured the durability of the ice.<\/p>\r\n<p>Concrete weights can be attached to the chain either all at once or by sinking them one by along the chain to the bottom of the sea. Attach the chain to the weights using two shackles and secure the shackles with wire.<\/p>\r\n<p>Before purchasing a buoy and anchoring supplies it is important to investigate the water depth and the quality of the seabed. The measurements of the buoy, anchor and chain can be found in the table on the left.<\/p>\r\n<p>In normal circumstances the correct length of the chain is twice the depth of the water. In addition enough length of chain needs to be reserved in order to tie in the anchor weights.<\/p>\r\n<p>The buoy anchor can consist of concrete weights or a steel anchor. The steel anchor is mainly intended for temporary mooring of small boats. A buoy intended for mooring larger boats should always be anchored with anchor weights.<\/p>\r\n<p>Thanks to the 25 kg concrete weights of A-Laiturit, the weight can always be expanded to meet your needs. For example if the boat weighs 500 kg, we recommend the anchor to weigh at least 440 kg.<\/p>\r\n<p>Before installing the buoy we recommend that you research the seabed at the specific location. For example in a very steep cliff shore there is a risk that the anchor weight glides away along the sea bottom, taking the buoy with it.<\/p>\r\n<h4>Poijun asentaminen j\u00e4\u00e4lt\u00e4<\/h4>\r\n<p><iframe src=\"https:\/\/www.youtube.com\/embed\/8LsOsY1d5p0\" width=\"640\" height=\"360\" frameborder=\"0\" allowfullscreen=\"allowfullscreen\"><\/iframe><\/p>\r\n<h4>Poijun asentaminen veneest\u00e4 (betoniankkuri)<\/h4>\r\n<p><iframe src=\"https:\/\/www.youtube.com\/embed\/-qSCOBx5OFY\" width=\"640\" height=\"360\" frameborder=\"0\" allowfullscreen=\"allowfullscreen\"><\/iframe><\/p>\r\n<h4>Poiujun asentaminen<\/h4>\r\n<p><iframe src=\"https:\/\/www.youtube.com\/embed\/PTWeco4Lg4o\" width=\"640\" height=\"360\" frameborder=\"0\" allowfullscreen=\"allowfullscreen\"><\/iframe><\/p>\r\n<h4>Poijun asentaminen veneest\u00e4 (rengasankkuri)<\/h4>\r\n<p><iframe src=\"https:\/\/www.youtube.com\/embed\/wap-STvxAoA\" width=\"640\" height=\"360\" frameborder=\"0\" allowfullscreen=\"allowfullscreen\"><\/iframe><\/p>\r\n<h4>Poijun ankkurointi (betoniankkuri)<\/h4>\r\n<p><iframe src=\"https:\/\/www.youtube.com\/embed\/adaD0qfc66I\" width=\"640\" height=\"360\" frameborder=\"0\" allowfullscreen=\"allowfullscreen\"><\/iframe> <a href=\"\/en\/dock-equipment\/\">Order the supplies you need<\/a> <a href=\"\/en\/company\/brochures-and-videos\/#dockschool\">See all Dock school -videos<\/a><\/p>\r\n<h2>Do you need support from a professional? Get in touch!<\/h2>\r\n<p><div class=\"myyjalaatikko\"><div class=\"myyjalaatikko-kuva\"><img decoding=\"async\" src=\"https:\/\/www.a-laiturit.fi\/wp-content\/uploads\/2023\/10\/raimo-koskinen.jpg\" alt=\"Raimo Koskinen\"><\/div>\r\n<div class=\"myyjalaatikko-teksti\"><h4>Raimo Koskinen<\/h4>\r\n<p>Sales<\/p>\r\n<br>\r\n<p><a href=\"tel:+358 45 6703 601\">+358 45 6703 601<\/a><br>\r\n<a href=\"mailto:raimo.koskinen@a-laiturit.fi\">raimo.koskinen@a-laiturit.fi<\/a><\/p>\r\n<\/div><\/div><div class=\"myyjalaatikko\"><div class=\"myyjalaatikko-kuva\"><img decoding=\"async\" src=\"https:\/\/www.a-laiturit.fi\/wp-content\/uploads\/2023\/10\/mika-murto.jpg\" alt=\"Mika Murto\"><\/div>\r\n<div class=\"myyjalaatikko-teksti\"><h4>Mika Murto<\/h4>\r\n<p>Sales<\/p>\r\n<br>\r\n<p><a href=\"tel:+358 45 6703 602\">+358 45 6703 602<\/a><br>\r\n<a href=\"mailto:mika.murto@a-laiturit.fi\">mika.murto@a-laiturit.fi<\/a><\/p>\r\n<\/div><\/div><\/p>\r\n","protected":false},"excerpt":{"rendered":"<p>\u00a0 Installing a buoy by oneself can be carried out in the summertime using a boat, or during wintertime from on top of the ice. It is easier to place the buoy from the ice, as long as you have ensured the durability of the ice. Concrete weights can be attached to the chain either [&hellip;]<\/p>\n","protected":false},"author":1,"featured_media":0,"parent":5425,"menu_order":0,"comment_status":"closed","ping_status":"closed","template":"","meta":{"_acf_changed":false,"footnotes":""},"class_list":["post-5701","page","type-page","status-publish","hentry"],"acf":[],"yoast_head":"<title>Do-It-Yourself: Buyo - A-Laiturit<\/title>\n<meta name=\"description\" content=\"A-Laiturit are easy to install or even build. We provide you with clear instructons and all the supplies you need.\" \/>\n<meta name=\"robots\" content=\"index, follow, max-snippet:-1, max-image-preview:large, max-video-preview:-1\" \/>\n<link rel=\"canonical\" href=\"https:\/\/www.a-laiturit.fi\/en\/do-it-yourself\/buoy\/\" \/>\n<meta property=\"og:locale\" content=\"en_US\" \/>\n<meta property=\"og:type\" content=\"article\" \/>\n<meta property=\"og:title\" content=\"Do-It-Yourself: Buyo - A-Laiturit\" \/>\n<meta property=\"og:description\" content=\"A-Laiturit are easy to install or even build. We provide you with clear instructons and all the supplies you need.\" \/>\n<meta property=\"og:url\" content=\"https:\/\/www.a-laiturit.fi\/en\/do-it-yourself\/buoy\/\" \/>\n<meta property=\"og:site_name\" content=\"A-Laiturit\" \/>\n<meta property=\"article:publisher\" content=\"https:\/\/www.facebook.com\/alaiturit\/\" \/>\n<meta property=\"article:modified_time\" content=\"2020-07-28T12:53:17+00:00\" \/>\n<meta property=\"og:image\" content=\"https:\/\/www.a-laiturit.fi\/wp-content\/uploads\/2018\/10\/tee_se_itse_laituri.jpg\" \/>\n<meta name=\"twitter:label1\" content=\"Est. reading time\" \/>\n\t<meta name=\"twitter:data1\" content=\"2 minutes\" \/>\n<script type=\"application\/ld+json\" class=\"yoast-schema-graph\">{\"@context\":\"https:\/\/schema.org\",\"@graph\":[{\"@type\":\"WebPage\",\"@id\":\"https:\/\/www.a-laiturit.fi\/en\/do-it-yourself\/buoy\/\",\"url\":\"https:\/\/www.a-laiturit.fi\/en\/do-it-yourself\/buoy\/\",\"name\":\"Do-It-Yourself: Buyo - A-Laiturit\",\"isPartOf\":{\"@id\":\"https:\/\/www.a-laiturit.fi\/en\/#website\"},\"primaryImageOfPage\":{\"@id\":\"https:\/\/www.a-laiturit.fi\/en\/do-it-yourself\/buoy\/#primaryimage\"},\"image\":{\"@id\":\"https:\/\/www.a-laiturit.fi\/en\/do-it-yourself\/buoy\/#primaryimage\"},\"thumbnailUrl\":\"https:\/\/www.a-laiturit.fi\/wp-content\/uploads\/2018\/10\/tee_se_itse_laituri.jpg\",\"datePublished\":\"2018-12-02T09:16:20+00:00\",\"dateModified\":\"2020-07-28T12:53:17+00:00\",\"description\":\"A-Laiturit are easy to install or even build. We provide you with clear instructons and all the supplies you need.\",\"breadcrumb\":{\"@id\":\"https:\/\/www.a-laiturit.fi\/en\/do-it-yourself\/buoy\/#breadcrumb\"},\"inLanguage\":\"en-US\",\"potentialAction\":[{\"@type\":\"ReadAction\",\"target\":[\"https:\/\/www.a-laiturit.fi\/en\/do-it-yourself\/buoy\/\"]}]},{\"@type\":\"ImageObject\",\"inLanguage\":\"en-US\",\"@id\":\"https:\/\/www.a-laiturit.fi\/en\/do-it-yourself\/buoy\/#primaryimage\",\"url\":\"https:\/\/www.a-laiturit.fi\/wp-content\/uploads\/2018\/10\/tee_se_itse_laituri.jpg\",\"contentUrl\":\"https:\/\/www.a-laiturit.fi\/wp-content\/uploads\/2018\/10\/tee_se_itse_laituri.jpg\"},{\"@type\":\"BreadcrumbList\",\"@id\":\"https:\/\/www.a-laiturit.fi\/en\/do-it-yourself\/buoy\/#breadcrumb\",\"itemListElement\":[{\"@type\":\"ListItem\",\"position\":1,\"name\":\"Home\",\"item\":\"https:\/\/www.a-laiturit.fi\/en\/\"},{\"@type\":\"ListItem\",\"position\":2,\"name\":\"Do-It-Yourself\",\"item\":\"https:\/\/www.a-laiturit.fi\/en\/do-it-yourself\/\"},{\"@type\":\"ListItem\",\"position\":3,\"name\":\"Buoy\"}]},{\"@type\":\"WebSite\",\"@id\":\"https:\/\/www.a-laiturit.fi\/en\/#website\",\"url\":\"https:\/\/www.a-laiturit.fi\/en\/\",\"name\":\"A-Laiturit\",\"description\":\"Me A-Laitureissa suunnittelemme ja toteutamme juuri Sinun tarpeisiisi ja rantaasi sopivan laiturin, joka kest\u00e4\u00e4. Vuosikymmenten kokemuksella voimme sanoa: &quot;Me osaamme laiturit!&quot;\",\"publisher\":{\"@id\":\"https:\/\/www.a-laiturit.fi\/en\/#organization\"},\"potentialAction\":[{\"@type\":\"SearchAction\",\"target\":{\"@type\":\"EntryPoint\",\"urlTemplate\":\"https:\/\/www.a-laiturit.fi\/en\/?s={search_term_string}\"},\"query-input\":{\"@type\":\"PropertyValueSpecification\",\"valueRequired\":true,\"valueName\":\"search_term_string\"}}],\"inLanguage\":\"en-US\"},{\"@type\":\"Organization\",\"@id\":\"https:\/\/www.a-laiturit.fi\/en\/#organization\",\"name\":\"A-laiturit Oy\",\"url\":\"https:\/\/www.a-laiturit.fi\/en\/\",\"logo\":{\"@type\":\"ImageObject\",\"inLanguage\":\"en-US\",\"@id\":\"https:\/\/www.a-laiturit.fi\/en\/#\/schema\/logo\/image\/\",\"url\":\"https:\/\/www.a-laiturit.fi\/wp-content\/uploads\/2018\/10\/alaiturit_vari_favicon.png\",\"contentUrl\":\"https:\/\/www.a-laiturit.fi\/wp-content\/uploads\/2018\/10\/alaiturit_vari_favicon.png\",\"width\":512,\"height\":512,\"caption\":\"A-laiturit Oy\"},\"image\":{\"@id\":\"https:\/\/www.a-laiturit.fi\/en\/#\/schema\/logo\/image\/\"},\"sameAs\":[\"https:\/\/www.facebook.com\/alaiturit\/\",\"https:\/\/www.youtube.com\/channel\/UCPCnVbx3R7RICl-bGS91dEA\"]}]}<\/script>","yoast_head_json":{"title":"Do-It-Yourself: Buyo - A-Laiturit","description":"A-Laiturit are easy to install or even build. We provide you with clear instructons and all the supplies you need.","robots":{"index":"index","follow":"follow","max-snippet":"max-snippet:-1","max-image-preview":"max-image-preview:large","max-video-preview":"max-video-preview:-1"},"canonical":"https:\/\/www.a-laiturit.fi\/en\/do-it-yourself\/buoy\/","og_locale":"en_US","og_type":"article","og_title":"Do-It-Yourself: Buyo - A-Laiturit","og_description":"A-Laiturit are easy to install or even build. We provide you with clear instructons and all the supplies you need.","og_url":"https:\/\/www.a-laiturit.fi\/en\/do-it-yourself\/buoy\/","og_site_name":"A-Laiturit","article_publisher":"https:\/\/www.facebook.com\/alaiturit\/","article_modified_time":"2020-07-28T12:53:17+00:00","og_image":[{"url":"https:\/\/www.a-laiturit.fi\/wp-content\/uploads\/2018\/10\/tee_se_itse_laituri.jpg","type":"","width":"","height":""}],"twitter_misc":{"Est. reading time":"2 minutes"},"schema":{"@context":"https:\/\/schema.org","@graph":[{"@type":"WebPage","@id":"https:\/\/www.a-laiturit.fi\/en\/do-it-yourself\/buoy\/","url":"https:\/\/www.a-laiturit.fi\/en\/do-it-yourself\/buoy\/","name":"Do-It-Yourself: Buyo - A-Laiturit","isPartOf":{"@id":"https:\/\/www.a-laiturit.fi\/en\/#website"},"primaryImageOfPage":{"@id":"https:\/\/www.a-laiturit.fi\/en\/do-it-yourself\/buoy\/#primaryimage"},"image":{"@id":"https:\/\/www.a-laiturit.fi\/en\/do-it-yourself\/buoy\/#primaryimage"},"thumbnailUrl":"https:\/\/www.a-laiturit.fi\/wp-content\/uploads\/2018\/10\/tee_se_itse_laituri.jpg","datePublished":"2018-12-02T09:16:20+00:00","dateModified":"2020-07-28T12:53:17+00:00","description":"A-Laiturit are easy to install or even build. We provide you with clear instructons and all the supplies you need.","breadcrumb":{"@id":"https:\/\/www.a-laiturit.fi\/en\/do-it-yourself\/buoy\/#breadcrumb"},"inLanguage":"en-US","potentialAction":[{"@type":"ReadAction","target":["https:\/\/www.a-laiturit.fi\/en\/do-it-yourself\/buoy\/"]}]},{"@type":"ImageObject","inLanguage":"en-US","@id":"https:\/\/www.a-laiturit.fi\/en\/do-it-yourself\/buoy\/#primaryimage","url":"https:\/\/www.a-laiturit.fi\/wp-content\/uploads\/2018\/10\/tee_se_itse_laituri.jpg","contentUrl":"https:\/\/www.a-laiturit.fi\/wp-content\/uploads\/2018\/10\/tee_se_itse_laituri.jpg"},{"@type":"BreadcrumbList","@id":"https:\/\/www.a-laiturit.fi\/en\/do-it-yourself\/buoy\/#breadcrumb","itemListElement":[{"@type":"ListItem","position":1,"name":"Home","item":"https:\/\/www.a-laiturit.fi\/en\/"},{"@type":"ListItem","position":2,"name":"Do-It-Yourself","item":"https:\/\/www.a-laiturit.fi\/en\/do-it-yourself\/"},{"@type":"ListItem","position":3,"name":"Buoy"}]},{"@type":"WebSite","@id":"https:\/\/www.a-laiturit.fi\/en\/#website","url":"https:\/\/www.a-laiturit.fi\/en\/","name":"A-Laiturit","description":"Me A-Laitureissa suunnittelemme ja toteutamme juuri Sinun tarpeisiisi ja rantaasi sopivan laiturin, joka kest\u00e4\u00e4. Vuosikymmenten kokemuksella voimme sanoa: &quot;Me osaamme laiturit!&quot;","publisher":{"@id":"https:\/\/www.a-laiturit.fi\/en\/#organization"},"potentialAction":[{"@type":"SearchAction","target":{"@type":"EntryPoint","urlTemplate":"https:\/\/www.a-laiturit.fi\/en\/?s={search_term_string}"},"query-input":{"@type":"PropertyValueSpecification","valueRequired":true,"valueName":"search_term_string"}}],"inLanguage":"en-US"},{"@type":"Organization","@id":"https:\/\/www.a-laiturit.fi\/en\/#organization","name":"A-laiturit Oy","url":"https:\/\/www.a-laiturit.fi\/en\/","logo":{"@type":"ImageObject","inLanguage":"en-US","@id":"https:\/\/www.a-laiturit.fi\/en\/#\/schema\/logo\/image\/","url":"https:\/\/www.a-laiturit.fi\/wp-content\/uploads\/2018\/10\/alaiturit_vari_favicon.png","contentUrl":"https:\/\/www.a-laiturit.fi\/wp-content\/uploads\/2018\/10\/alaiturit_vari_favicon.png","width":512,"height":512,"caption":"A-laiturit Oy"},"image":{"@id":"https:\/\/www.a-laiturit.fi\/en\/#\/schema\/logo\/image\/"},"sameAs":["https:\/\/www.facebook.com\/alaiturit\/","https:\/\/www.youtube.com\/channel\/UCPCnVbx3R7RICl-bGS91dEA"]}]}},"_links":{"self":[{"href":"https:\/\/www.a-laiturit.fi\/en\/wp-json\/wp\/v2\/pages\/5701","targetHints":{"allow":["GET"]}}],"collection":[{"href":"https:\/\/www.a-laiturit.fi\/en\/wp-json\/wp\/v2\/pages"}],"about":[{"href":"https:\/\/www.a-laiturit.fi\/en\/wp-json\/wp\/v2\/types\/page"}],"author":[{"embeddable":true,"href":"https:\/\/www.a-laiturit.fi\/en\/wp-json\/wp\/v2\/users\/1"}],"replies":[{"embeddable":true,"href":"https:\/\/www.a-laiturit.fi\/en\/wp-json\/wp\/v2\/comments?post=5701"}],"version-history":[{"count":7,"href":"https:\/\/www.a-laiturit.fi\/en\/wp-json\/wp\/v2\/pages\/5701\/revisions"}],"predecessor-version":[{"id":9928,"href":"https:\/\/www.a-laiturit.fi\/en\/wp-json\/wp\/v2\/pages\/5701\/revisions\/9928"}],"up":[{"embeddable":true,"href":"https:\/\/www.a-laiturit.fi\/en\/wp-json\/wp\/v2\/pages\/5425"}],"wp:attachment":[{"href":"https:\/\/www.a-laiturit.fi\/en\/wp-json\/wp\/v2\/media?parent=5701"}],"curies":[{"name":"wp","href":"https:\/\/api.w.org\/{rel}","templated":true}]}}