{"id":5438,"date":"2018-10-15T18:00:30","date_gmt":"2018-10-15T15:00:30","guid":{"rendered":"https:\/\/www.a-laiturit.fi\/yhteystiedot\/jalleenmyyjat\/"},"modified":"2026-01-21T12:19:50","modified_gmt":"2026-01-21T10:19:50","slug":"retailers","status":"publish","type":"page","link":"https:\/\/www.a-laiturit.fi\/en\/contact\/retailers\/","title":{"rendered":"Retailers"},"content":{"rendered":"\n<figure itemscope itemtype=\"https:\/\/schema.org\/ImageObject\">\n\t\t\t\t<img decoding=\"async\" src=\"https:\/\/www.a-laiturit.fi\/wp-content\/uploads\/2018\/10\/kuluttajasivujen-kuva-scaled.jpg\" alt=\"Kuluttajasivujen kuva\" height=\"1440\" width=\"2560\" title=\"Kuluttajasivujen kuva\" onerror=\"this.style.display='none'\" loading=\"lazy\" \/>\n\t<\/figure>\n<h1>\n\t\t\tRetailers\t<\/h1>\n\t<div class=\"menu-paavalikko-en-container\"><ul id=\"alaiturit-sivulinkit\" class=\"sivupalkinlinkit\"><li id=\"menu-item-5604\" class=\"menu-item menu-item-type-post_type menu-item-object-page menu-item-5604\"><a href=\"https:\/\/www.a-laiturit.fi\/en\/contact\/retailers\/\">Retailers<\/a><\/li>\n<li id=\"menu-item-5997\" class=\"menu-item menu-item-type-post_type menu-item-object-page menu-item-5997\"><a href=\"https:\/\/www.a-laiturit.fi\/en\/contact\/contact-form\/\">Contact form<\/a><\/li>\n<\/ul><\/div>\n<h3>AHVENANMAA (docks and installation)<\/h3>\nJustFixIt, Bostr\u00f6msgr\u00e4nd 8, 22410 Godby, \u00c5land<br \/>\npuh. 0457-344 3444<br \/>\n<a href=\"http:\/\/justfixit.ax\/\" target=\"_blank\" rel=\"noopener\">www.justfixit.ax<\/a>\n<h3>FORSSA (accessories)<\/h3>\nRautia K-Maatalous Forssa, Lepist\u00f6nkatu 1, Forssa<br \/>\npuh. 03 424 0500<br \/>\n<a href=\"http:\/\/www.rautia.fi\/kaupat\/forssa\" target=\"_blank\" rel=\"noopener\">www.rautia.fi\/kaupat\/forssa<\/a>\n<h3>HANKO (docks and installation)<\/h3>\nFiskarsin laituri<br \/>\npuh. 0400 304 924, 040 125 3141<br \/>\n<a href=\"http:\/\/www.fiskarsinlaituri.fi\/\" target=\"_blank\" rel=\"noopener\">www.fiskarsinlaituri.fi<\/a>\n<h3>HELSINKI, UUSIMAA (accessories, docks and installation)<\/h3>\nA-Laiturit Oy, Veneentekij\u00e4ntie 7, Helsinki<br \/>\npuh. 041 730 4036\n<h3>H\u00c4MEENLINNA\u00a0(docks)<\/h3>\nH\u00e4rk\u00e4l\u00e4n Konekauppa Oy, H\u00e4meensaarentie 4, 13100 H\u00e4meenlinna<br \/>\npuh. 010 201 2910<br \/>\n<a href=\"http:\/\/www.harkala.fi\/\" target=\"_blank\" rel=\"noopener\">www.harkala.fi<\/a>\n<h3>IMATRA (accessories)<\/h3>\nVene-Hietsu, Veneveist\u00e4j\u00e4nkuja 6, 55420 Imatra<br \/>\npuh. 0207 433 050<br \/>\n<a href=\"http:\/\/www.vene-hietsu.fi\/\" target=\"_blank\" rel=\"noopener\">www.vene-hietsu.fi<\/a>\n<h3>KARJAA (docks and installation)<\/h3>\nFiskarsin laituri<br \/>\npuh. 0400 304 924, 040 125 3141<br \/>\n<a href=\"http:\/\/fiskarsinlaituri.fi\/\" target=\"_blank\" rel=\"noopener\">www.fiskarsinlaituri.fi<\/a>\n<h3>KARJAA (accessories)<\/h3>\nAD-Center<br \/>\nUikkukuja 2, 10320 Karjaa<br \/>\n019 212 7400<br \/>\n<a href=\"http:\/\/www.adcenter.fi\/\" target=\"_blank\" rel=\"noopener\">www.adcenter.fi<\/a>\n<h3>KEITELE\u00a0(accessories)<\/h3>\nK-Rauta Keitele<br \/>\nAsematie 1, 72600 Keitele<br \/>\n040 3000 840<br \/>\n<a href=\"https:\/\/www.k-rauta.fi\/kaupat\/keitele\/\" target=\"_blank\" rel=\"noopener\">www.k-rauta.fi\/kaupat\/keitele\/<\/a>\n<h3>KEURUU (accessories)<\/h3>\nRautia K-maatalous Keuruu<br \/>\nTeollisuustie 3, 42700 Keuruu<br \/>\npuh. 0207 893 600<br \/>\n<a href=\"http:\/\/www.rautia.fi\/kaupat\/keuruu\/\" target=\"_blank\" rel=\"noopener\">www.rautia.fi\/kaupat\/keuruu\/<\/a>\n<h3>KITEE\u00a0(docks and installation)<\/h3>\nJohannes Laukkanen<br \/>\npuh. 040 550 3978<br \/>\nkuokkajakivi@suomi24.fi\n<h3>KOKKOLA (docks and installation)<\/h3>\nOcean Dealers Oy, Kuusitie 6, Bosund<br \/>\npuh. 050 591 7261<br \/>\n<a href=\"http:\/\/www.oceandealers.fi\/\" target=\"_blank\" rel=\"noopener\">www.oceandealers.fi<\/a>\n<h3>KOUVOLA (laiturit ja asennukset)<\/h3>\nKaakon Rantavaruste Oy, Kaupinkatu 23, Kouvola<br \/>\npuh. 0400 954 356<br \/>\npuh. 045 7834 1484<br \/>\n<a href=\"https:\/\/www.rantavaruste.fi\/\">https:\/\/www.rantavaruste.fi\/<\/a>\n<h3>KORPPOO (accessories)<\/h3>\nBMA MIlj\u00f6 Ob, Kauppiaantie 6, 21710 Korppoo<br \/>\npuh. 02 463 1033<br \/>\n<a href=\"http:\/\/bmamiljo.fi\/Suomi\/Tervetuloa.html\" target=\"_blank\" rel=\"noopener\">http:\/\/bmamiljo.fi\/Suomi\/Tervetuloa.html<br \/>\n<\/a>\n<h3>KOTKA-LOVIISA (docks and installation)<\/h3>\nJM Laiturit Ay<br \/>\nJarmo Lindholm<br \/>\npuh. 0400 754 290\n<h3>KOUVOLA (laiturit ja asennukset)<\/h3>\nKaakon Rantavaruste Oy, Kaupinkatu 23, Kouvola<br \/>\npuh. 0400 954 356<br \/>\npuh. 045 7834 1484<br \/>\n<a href=\"https:\/\/www.rantavaruste.fi\/\">https:\/\/www.rantavaruste.fi\/<\/a>\n<h3>KRISTIINANKAUPUNKI\u00a0(docks and installation)<\/h3>\nK-Rauta Rosenback Lappfj\u00e4rd<br \/>\nHallitie 1, 64300 Lapv\u00e4\u00e4rtti<br \/>\npuh. 040 711 2060<br \/>\n<a href=\"https:\/\/www.k-rauta.fi\/kaupat\/lappfjard\/\" target=\"_blank\" rel=\"noopener\">www.k-rauta.fi\/kaupat\/lappfjard\/<\/a>\n<h3>KUOPIO (docks and installation)<\/h3>\nSukellus Wihuri Oy<br \/>\nKarmo Wihuri<br \/>\npuh. 0440 668 377<br \/>\nkarmo.wihuri@sukelluswihuri.fi<br \/>\n<a href=\"http:\/\/www.sukelluswihuri.fi\/\" target=\"_blank\" rel=\"noopener\">www.sukelluswihuri.fi<\/a>\n<h3>LAPPEENRANTA (docks, installation and accessories)<\/h3>\nMarina Saimaan Portti Oy<br \/>\nJyrki Maaranen<br \/>\nTelakantie 8, 53300 Lappeenranta<br \/>\npuh. 040 704 6976<br \/>\n<a href=\"http:\/\/www.marinasaimaanportti.fi\/\" target=\"_blank\" rel=\"noopener\">www.marinasaimaanportti.fi<br \/>\n<\/a>\n<h3>MAARIANHAMINA (accessories)<\/h3>\nDax-agenturer, L\u00f6vdalsv\u00e4gen 6, 22150 Jomala<br \/>\npuh. 040 503 2265<br \/>\n<a href=\"http:\/\/www.dax.ax\/\" target=\"_blank\" rel=\"noopener\">www.dax.ax<\/a>\n<h3>MAARIANHAMINA\u00a0(accessories)<\/h3>\nKea-Center,\u00a0Varvsv\u00e4gen 2, 22100 Mariehamn<br \/>\npuh. 018 224 24<br \/>\n<a href=\"http:\/\/www.kea.fi\/sv.htm\" target=\"_blank\" rel=\"noopener\">www.kea-center.com<\/a><a href=\"http:\/\/www.dax.ax\/\" target=\"_blank\" rel=\"noopener\"><br \/>\n<\/a>\n<h3>MERIKARVIA (docks, installation and accessories)<\/h3>\nTepe Paino Oy, V\u00e4litie 4, 29900 Merikarvia<br \/>\npuh. 050 569 7453<br \/>\n<a href=\"mailto:teuvo.uusimaki@tepepaino.fi\">teuvo.uusimaki@tepepaino.fi<\/a><br \/>\n<a href=\"https:\/\/www.tepepaino.fi\/\" target=\"_blank\" rel=\"noopener\">https:\/\/www.tepepaino.fi<\/a>\n<h3>MIKKELI (docks, installation and accessories)<\/h3>\nJohannes Laukkanen<br \/>\npuh. 040 550 3978<br \/>\nkuokkajakivi@suomi24.fi\n<h3>NAUVO (docks and accessories)<\/h3>\nMicks tr\u00e4 &amp; j\u00e4rn, Vikomv\u00e4gen 128, 21650 Lillandet<br \/>\npuh. 020 7199 270<br \/>\n<a href=\"http:\/\/www.micksshop.fi\/\" target=\"_blank\" rel=\"noopener\">www.micksshop.fi<br \/>\n<\/a>\n<h3>OUTOKUMPU\u00a0(docks and accessories)<\/h3>\nPuukeidas Outokumpu, Kuopiontie 97 B, 83500 Outokumpu<br \/>\npuh. 010 820 1340<br \/>\n<a href=\"http:\/\/puukeidasoutokumpu.fi\/\" target=\"_blank\" rel=\"noopener\">http:\/\/puukeidasoutokumpu.fi\/<\/a>\n<h3>PARAINEN (accessories)<\/h3>\nOy Pract Ab, Runeberginkatu 1, Parainen<br \/>\npuh. 02 4589 366<br \/>\n<a href=\"https:\/\/www.rautanet.fi\/myymalat\/oy-pract-ab\" target=\"_blank\" rel=\"noopener\">www.rautanet.fi\/myymalat\/oy-pract-ab<\/a>\n<h3>PIETARSAARI\u00a0(docks and installation)<\/h3>\nOcean Dealers Oy, Kuusitie 6, Bosund<br \/>\npuh. 050 591 7261<br \/>\n<a href=\"http:\/\/www.oceandealers.fi\/\" target=\"_blank\" rel=\"noopener\">www.oceandealers.fi<\/a>\n<h3>PIELAVESI (accessories)<\/h3>\nK-Rauta Pielavesi, Puustellintie 26, 72400 Pielavesi<br \/>\npuh. 040 3000 830<br \/>\n<a href=\"https:\/\/www.k-rauta.fi\/kaupat\/pielavesi\/\" target=\"_blank\" rel=\"noopener\">www.k-rauta.fi\/kaupat\/pielavesi\/<\/a>\n<h3>PORVOO (docks, installation and accessories)<\/h3>\nSund\u00f6 Service Ab<br \/>\nSund\u00f6npolku, 07370 PELLINKI<br \/>\npuh. 0400 710 833<br \/>\n<a href=\"http:\/\/www.sundoservice.fi\/\" target=\"_blank\" rel=\"noopener\">www.sundoservice.fi<\/a>\n<h3>PORVOO (accessories)<\/h3>\nE3 Marin<br \/>\nRatsumestarinkatu 6, 06100 Porvoo<br \/>\npuh. 019 633 206<br \/>\n<a href=\"http:\/\/www.e3-marin.fi\/\" target=\"_blank\" rel=\"noopener\">www.e3-marin.fi<\/a>\n<h3>TAALINTEHDAS, KEMI\u00d6 (docks and installation)<\/h3>\nKajs bogser och sj\u00f6trans<br \/>\npuh. 0400 611 951<br \/>\nkaj.brunstrom@hotmail.com\n<h3>TAMMISAARI ja HANKO (docks and installation)<\/h3>\nErilava Oy<br \/>\npuh. 0400 304 924, 040 125 3141<br \/>\n<a href=\"http:\/\/fiskarsinlaituri.fi\/\" target=\"_blank\" rel=\"noopener\">http:\/\/fiskarsinlaituri.fi\/<\/a>\n<h3>TAMMISAARI (accessories)<\/h3>\nAD-Center<br \/>\nTeknikontie 11, 10600 Tammisaari<br \/>\npuh. 019 212 7500<br \/>\n<a href=\"http:\/\/www.adcenter.fi\/\" target=\"_blank\" rel=\"noopener\">www.adcenter.fi<\/a>\n<h3>TURKU, TURUN SAARISTO, MUU SUOMI (accessories, docks and installation)<\/h3>\nA-Laiturit Oy, Voudinkatu 39, Raisio<br \/>\npuh. puh. 020 7433 100\n<h3>UUSIKAUPUNKI (accessories)<\/h3>\nK-Rauta Uusikaupunki, Ketunkalliontie 6, 23500 Uusikaupunki<br \/>\npuh. 02 842 7100<br \/>\n<a href=\"http:\/\/www.rautia.fi\/kaupat\/uusikaupunki\" target=\"_blank\" rel=\"noopener\">www.rautia.fi\/kaupat\/uusikaupunki<\/a>\n<h3>UUSIKAUPUNKI (accessories)<\/h3>\nVenetelakka Salmeri<br \/>\nVeneranta 10, 23500 Uusikaupunki<br \/>\npuh. 02 842 3353<br \/>\n<a href=\"http:\/\/www.salmeri.fi\/\" target=\"_blank\" rel=\"noopener\">www.salmeri.fi<\/a>\n<h3>UUSIKAUPUNKI (docks and installation)<\/h3>\nLevoton Satama<br \/>\npuh. 0500 223 570\n<h3>VAASA (accessories)<\/h3>\nFantoy Oy, Opistokatu 11 65100 Vaasa<br \/>\npuh. 06 362 0888<br \/>\n<a href=\"http:\/\/www.fantoy.fi\/\" target=\"_blank\" rel=\"noopener\">www.fantoy.fi<\/a>\n<h3>VAASA (docks and installation)<\/h3>\nSukellusty\u00f6 Takala<br \/>\nTeollisuuskatu 10, 65170 Vaasa<br \/>\npuh. 050 36 88 539<br \/>\nmarcus@sukellustakala.fi\n<h3>VIITASAARI (accessories)<\/h3>\nK-Rauta Viitasaari, Kauppakaari 3, 44500 Viitasaari<br \/>\npuh. 040 3000 850<br \/>\n<a href=\"https:\/\/www.k-rauta.fi\/kaupat\/viitasaari\/\" target=\"_blank\" rel=\"noopener\">https:\/\/www.k-rauta.fi\/kaupat\/viitasaari\/<\/a>\n<h3>\u00c4HT\u00c4RI (accessories)<\/h3>\nRautia \u00c4ht\u00e4ri, Jokelankuja 4, 63700 \u00c4ht\u00e4ri<br \/>\npuh. 042 410 501<br \/>\n<a href=\"http:\/\/www.rautia.fi\/kaupat\/ahtari\" target=\"_blank\" rel=\"noopener\">www.rautia.fi\/kaupat\/ahtari<\/a>\n<p>&nbsp;<\/p>\n\n","protected":false},"excerpt":{"rendered":"<p>Retailers AHVENANMAA (docks and installation) JustFixIt, Bostr\u00f6msgr\u00e4nd 8, 22410 Godby, \u00c5land puh. 0457-344 3444 www.justfixit.ax FORSSA (accessories) Rautia K-Maatalous Forssa, Lepist\u00f6nkatu 1, Forssa puh. 03 424 0500 www.rautia.fi\/kaupat\/forssa HANKO (docks and installation) Fiskarsin laituri puh. 0400 304 924, 040 125 3141 www.fiskarsinlaituri.fi HELSINKI, UUSIMAA (accessories, docks and installation) A-Laiturit Oy, Veneentekij\u00e4ntie 7, Helsinki puh. 041 [&hellip;]<\/p>\n","protected":false},"author":1,"featured_media":0,"parent":5431,"menu_order":0,"comment_status":"closed","ping_status":"closed","template":"","meta":{"_acf_changed":false,"footnotes":""},"class_list":["post-5438","page","type-page","status-publish","hentry"],"acf":[],"yoast_head":"<title>A-Laiturit retailers in Finland - A-Laiturit<\/title>\n<meta name=\"description\" content=\"We have retailers around Finland. Find them in the map or from the contact list.\" \/>\n<meta name=\"robots\" content=\"index, follow, max-snippet:-1, max-image-preview:large, max-video-preview:-1\" \/>\n<link rel=\"canonical\" href=\"https:\/\/www.a-laiturit.fi\/en\/contact\/retailers\/\" \/>\n<meta property=\"og:locale\" content=\"en_US\" \/>\n<meta property=\"og:type\" content=\"article\" \/>\n<meta property=\"og:title\" content=\"A-Laiturit retailers in Finland - A-Laiturit\" \/>\n<meta property=\"og:description\" content=\"We have retailers around Finland. Find them in the map or from the contact list.\" \/>\n<meta property=\"og:url\" content=\"https:\/\/www.a-laiturit.fi\/en\/contact\/retailers\/\" \/>\n<meta property=\"og:site_name\" content=\"A-Laiturit\" \/>\n<meta property=\"article:publisher\" content=\"https:\/\/www.facebook.com\/alaiturit\/\" \/>\n<meta property=\"article:modified_time\" content=\"2026-01-21T10:19:50+00:00\" \/>\n<meta property=\"og:image\" content=\"https:\/\/www.a-laiturit.fi\/wp-content\/uploads\/2018\/10\/kuluttajasivujen-kuva-scaled.jpg\" \/>\n<meta name=\"twitter:label1\" content=\"Est. reading time\" \/>\n\t<meta name=\"twitter:data1\" content=\"3 minutes\" \/>\n<script type=\"application\/ld+json\" class=\"yoast-schema-graph\">{\"@context\":\"https:\\\/\\\/schema.org\",\"@graph\":[{\"@type\":\"WebPage\",\"@id\":\"https:\\\/\\\/www.a-laiturit.fi\\\/en\\\/contact\\\/retailers\\\/\",\"url\":\"https:\\\/\\\/www.a-laiturit.fi\\\/en\\\/contact\\\/retailers\\\/\",\"name\":\"A-Laiturit retailers in Finland - A-Laiturit\",\"isPartOf\":{\"@id\":\"https:\\\/\\\/www.a-laiturit.fi\\\/en\\\/#website\"},\"primaryImageOfPage\":{\"@id\":\"https:\\\/\\\/www.a-laiturit.fi\\\/en\\\/contact\\\/retailers\\\/#primaryimage\"},\"image\":{\"@id\":\"https:\\\/\\\/www.a-laiturit.fi\\\/en\\\/contact\\\/retailers\\\/#primaryimage\"},\"thumbnailUrl\":\"https:\\\/\\\/www.a-laiturit.fi\\\/wp-content\\\/uploads\\\/2018\\\/10\\\/kuluttajasivujen-kuva-scaled.jpg\",\"datePublished\":\"2018-10-15T15:00:30+00:00\",\"dateModified\":\"2026-01-21T10:19:50+00:00\",\"description\":\"We have retailers around Finland. Find them in the map or from the contact list.\",\"breadcrumb\":{\"@id\":\"https:\\\/\\\/www.a-laiturit.fi\\\/en\\\/contact\\\/retailers\\\/#breadcrumb\"},\"inLanguage\":\"en-US\",\"potentialAction\":[{\"@type\":\"ReadAction\",\"target\":[\"https:\\\/\\\/www.a-laiturit.fi\\\/en\\\/contact\\\/retailers\\\/\"]}]},{\"@type\":\"ImageObject\",\"inLanguage\":\"en-US\",\"@id\":\"https:\\\/\\\/www.a-laiturit.fi\\\/en\\\/contact\\\/retailers\\\/#primaryimage\",\"url\":\"https:\\\/\\\/www.a-laiturit.fi\\\/wp-content\\\/uploads\\\/2018\\\/10\\\/kuluttajasivujen-kuva-scaled.jpg\",\"contentUrl\":\"https:\\\/\\\/www.a-laiturit.fi\\\/wp-content\\\/uploads\\\/2018\\\/10\\\/kuluttajasivujen-kuva-scaled.jpg\"},{\"@type\":\"BreadcrumbList\",\"@id\":\"https:\\\/\\\/www.a-laiturit.fi\\\/en\\\/contact\\\/retailers\\\/#breadcrumb\",\"itemListElement\":[{\"@type\":\"ListItem\",\"position\":1,\"name\":\"Home\",\"item\":\"https:\\\/\\\/www.a-laiturit.fi\\\/en\\\/\"},{\"@type\":\"ListItem\",\"position\":2,\"name\":\"Contact\",\"item\":\"https:\\\/\\\/www.a-laiturit.fi\\\/en\\\/contact\\\/\"},{\"@type\":\"ListItem\",\"position\":3,\"name\":\"Retailers\"}]},{\"@type\":\"WebSite\",\"@id\":\"https:\\\/\\\/www.a-laiturit.fi\\\/en\\\/#website\",\"url\":\"https:\\\/\\\/www.a-laiturit.fi\\\/en\\\/\",\"name\":\"A-Laiturit\",\"description\":\"Me A-Laitureissa suunnittelemme ja toteutamme juuri Sinun tarpeisiisi ja rantaasi sopivan laiturin, joka kest\u00e4\u00e4. Vuosikymmenten kokemuksella voimme sanoa: &quot;Me osaamme laiturit!&quot;\",\"publisher\":{\"@id\":\"https:\\\/\\\/www.a-laiturit.fi\\\/en\\\/#organization\"},\"potentialAction\":[{\"@type\":\"SearchAction\",\"target\":{\"@type\":\"EntryPoint\",\"urlTemplate\":\"https:\\\/\\\/www.a-laiturit.fi\\\/en\\\/?s={search_term_string}\"},\"query-input\":{\"@type\":\"PropertyValueSpecification\",\"valueRequired\":true,\"valueName\":\"search_term_string\"}}],\"inLanguage\":\"en-US\"},{\"@type\":\"Organization\",\"@id\":\"https:\\\/\\\/www.a-laiturit.fi\\\/en\\\/#organization\",\"name\":\"A-laiturit Oy\",\"url\":\"https:\\\/\\\/www.a-laiturit.fi\\\/en\\\/\",\"logo\":{\"@type\":\"ImageObject\",\"inLanguage\":\"en-US\",\"@id\":\"https:\\\/\\\/www.a-laiturit.fi\\\/en\\\/#\\\/schema\\\/logo\\\/image\\\/\",\"url\":\"https:\\\/\\\/www.a-laiturit.fi\\\/wp-content\\\/uploads\\\/2018\\\/10\\\/alaiturit_vari_favicon.png\",\"contentUrl\":\"https:\\\/\\\/www.a-laiturit.fi\\\/wp-content\\\/uploads\\\/2018\\\/10\\\/alaiturit_vari_favicon.png\",\"width\":512,\"height\":512,\"caption\":\"A-laiturit Oy\"},\"image\":{\"@id\":\"https:\\\/\\\/www.a-laiturit.fi\\\/en\\\/#\\\/schema\\\/logo\\\/image\\\/\"},\"sameAs\":[\"https:\\\/\\\/www.facebook.com\\\/alaiturit\\\/\",\"https:\\\/\\\/www.youtube.com\\\/channel\\\/UCPCnVbx3R7RICl-bGS91dEA\"]}]}<\/script>","yoast_head_json":{"title":"A-Laiturit retailers in Finland - A-Laiturit","description":"We have retailers around Finland. Find them in the map or from the contact list.","robots":{"index":"index","follow":"follow","max-snippet":"max-snippet:-1","max-image-preview":"max-image-preview:large","max-video-preview":"max-video-preview:-1"},"canonical":"https:\/\/www.a-laiturit.fi\/en\/contact\/retailers\/","og_locale":"en_US","og_type":"article","og_title":"A-Laiturit retailers in Finland - A-Laiturit","og_description":"We have retailers around Finland. Find them in the map or from the contact list.","og_url":"https:\/\/www.a-laiturit.fi\/en\/contact\/retailers\/","og_site_name":"A-Laiturit","article_publisher":"https:\/\/www.facebook.com\/alaiturit\/","article_modified_time":"2026-01-21T10:19:50+00:00","og_image":[{"url":"https:\/\/www.a-laiturit.fi\/wp-content\/uploads\/2018\/10\/kuluttajasivujen-kuva-scaled.jpg","type":"","width":"","height":""}],"twitter_misc":{"Est. reading time":"3 minutes"},"schema":{"@context":"https:\/\/schema.org","@graph":[{"@type":"WebPage","@id":"https:\/\/www.a-laiturit.fi\/en\/contact\/retailers\/","url":"https:\/\/www.a-laiturit.fi\/en\/contact\/retailers\/","name":"A-Laiturit retailers in Finland - A-Laiturit","isPartOf":{"@id":"https:\/\/www.a-laiturit.fi\/en\/#website"},"primaryImageOfPage":{"@id":"https:\/\/www.a-laiturit.fi\/en\/contact\/retailers\/#primaryimage"},"image":{"@id":"https:\/\/www.a-laiturit.fi\/en\/contact\/retailers\/#primaryimage"},"thumbnailUrl":"https:\/\/www.a-laiturit.fi\/wp-content\/uploads\/2018\/10\/kuluttajasivujen-kuva-scaled.jpg","datePublished":"2018-10-15T15:00:30+00:00","dateModified":"2026-01-21T10:19:50+00:00","description":"We have retailers around Finland. Find them in the map or from the contact list.","breadcrumb":{"@id":"https:\/\/www.a-laiturit.fi\/en\/contact\/retailers\/#breadcrumb"},"inLanguage":"en-US","potentialAction":[{"@type":"ReadAction","target":["https:\/\/www.a-laiturit.fi\/en\/contact\/retailers\/"]}]},{"@type":"ImageObject","inLanguage":"en-US","@id":"https:\/\/www.a-laiturit.fi\/en\/contact\/retailers\/#primaryimage","url":"https:\/\/www.a-laiturit.fi\/wp-content\/uploads\/2018\/10\/kuluttajasivujen-kuva-scaled.jpg","contentUrl":"https:\/\/www.a-laiturit.fi\/wp-content\/uploads\/2018\/10\/kuluttajasivujen-kuva-scaled.jpg"},{"@type":"BreadcrumbList","@id":"https:\/\/www.a-laiturit.fi\/en\/contact\/retailers\/#breadcrumb","itemListElement":[{"@type":"ListItem","position":1,"name":"Home","item":"https:\/\/www.a-laiturit.fi\/en\/"},{"@type":"ListItem","position":2,"name":"Contact","item":"https:\/\/www.a-laiturit.fi\/en\/contact\/"},{"@type":"ListItem","position":3,"name":"Retailers"}]},{"@type":"WebSite","@id":"https:\/\/www.a-laiturit.fi\/en\/#website","url":"https:\/\/www.a-laiturit.fi\/en\/","name":"A-Laiturit","description":"Me A-Laitureissa suunnittelemme ja toteutamme juuri Sinun tarpeisiisi ja rantaasi sopivan laiturin, joka kest\u00e4\u00e4. Vuosikymmenten kokemuksella voimme sanoa: &quot;Me osaamme laiturit!&quot;","publisher":{"@id":"https:\/\/www.a-laiturit.fi\/en\/#organization"},"potentialAction":[{"@type":"SearchAction","target":{"@type":"EntryPoint","urlTemplate":"https:\/\/www.a-laiturit.fi\/en\/?s={search_term_string}"},"query-input":{"@type":"PropertyValueSpecification","valueRequired":true,"valueName":"search_term_string"}}],"inLanguage":"en-US"},{"@type":"Organization","@id":"https:\/\/www.a-laiturit.fi\/en\/#organization","name":"A-laiturit Oy","url":"https:\/\/www.a-laiturit.fi\/en\/","logo":{"@type":"ImageObject","inLanguage":"en-US","@id":"https:\/\/www.a-laiturit.fi\/en\/#\/schema\/logo\/image\/","url":"https:\/\/www.a-laiturit.fi\/wp-content\/uploads\/2018\/10\/alaiturit_vari_favicon.png","contentUrl":"https:\/\/www.a-laiturit.fi\/wp-content\/uploads\/2018\/10\/alaiturit_vari_favicon.png","width":512,"height":512,"caption":"A-laiturit Oy"},"image":{"@id":"https:\/\/www.a-laiturit.fi\/en\/#\/schema\/logo\/image\/"},"sameAs":["https:\/\/www.facebook.com\/alaiturit\/","https:\/\/www.youtube.com\/channel\/UCPCnVbx3R7RICl-bGS91dEA"]}]}},"_links":{"self":[{"href":"https:\/\/www.a-laiturit.fi\/en\/wp-json\/wp\/v2\/pages\/5438","targetHints":{"allow":["GET"]}}],"collection":[{"href":"https:\/\/www.a-laiturit.fi\/en\/wp-json\/wp\/v2\/pages"}],"about":[{"href":"https:\/\/www.a-laiturit.fi\/en\/wp-json\/wp\/v2\/types\/page"}],"author":[{"embeddable":true,"href":"https:\/\/www.a-laiturit.fi\/en\/wp-json\/wp\/v2\/users\/1"}],"replies":[{"embeddable":true,"href":"https:\/\/www.a-laiturit.fi\/en\/wp-json\/wp\/v2\/comments?post=5438"}],"version-history":[{"count":11,"href":"https:\/\/www.a-laiturit.fi\/en\/wp-json\/wp\/v2\/pages\/5438\/revisions"}],"predecessor-version":[{"id":13366,"href":"https:\/\/www.a-laiturit.fi\/en\/wp-json\/wp\/v2\/pages\/5438\/revisions\/13366"}],"up":[{"embeddable":true,"href":"https:\/\/www.a-laiturit.fi\/en\/wp-json\/wp\/v2\/pages\/5431"}],"wp:attachment":[{"href":"https:\/\/www.a-laiturit.fi\/en\/wp-json\/wp\/v2\/media?parent=5438"}],"curies":[{"name":"wp","href":"https:\/\/api.w.org\/{rel}","templated":true}]}}