{"id":5418,"date":"2018-09-19T17:54:07","date_gmt":"2018-09-19T14:54:07","guid":{"rendered":"https:\/\/www.a-laiturit.fi\/myymala\/"},"modified":"2024-05-02T09:02:13","modified_gmt":"2024-05-02T06:02:13","slug":"store","status":"publish","type":"page","link":"https:\/\/www.a-laiturit.fi\/en\/store\/","title":{"rendered":"Store"},"content":{"rendered":"\n\n\t\t\t\t<img decoding=\"async\" src=\"https:\/\/www.a-laiturit.fi\/wp-content\/uploads\/2018\/10\/alaiturit_myymala.jpg\" alt=\"A-laiturit myym\u00e4l\u00e4 sis\u00e4lt\u00e4, myym\u00e4l\u00e4p\u00e4\u00e4likk\u00f6 Olli Kinos\" itemprop=\"image\" height=\"500\" width=\"1920\" title=\"A-laiturit myym\u00e4l\u00e4 sis\u00e4lt\u00e4, myym\u00e4l\u00e4p\u00e4\u00e4likk\u00f6 Olli Kinos\" onerror=\"this.style.display='none'\"  \/>\n<h1>\n\t\tThe largest department store for floating docks and marinas in Finland\n\t<\/h1>\n\t\n\t<iframe src=\"https:\/\/www.google.com\/maps\/embed\/v1\/place?q=Voudinkatu+39%2C+21200+Raisio&#038;key=AIzaSyD09zQ9PNDNNy9TadMuzRV_UsPUoWKntt8\" aria-hidden=\"true\"><\/iframe>\n\t<h4>Store open:<\/h4>\n<p>Mon-Fri 8-17<\/p>\n<p>Item pick-ups can be scheduled for other hours as well<\/p>\n\t<h4>Address:<\/h4>\n<p>Voudinkatu 39, 21200 Raisio<\/p>\n\t\t\t\t<img decoding=\"async\" src=\"https:\/\/www.a-laiturit.fi\/wp-content\/uploads\/2018\/10\/myymala.png\" alt=\"myymala\" itemprop=\"image\" height=\"365\" width=\"770\" title=\"myymala\" onerror=\"this.style.display='none'\"  \/>\n\t<p>The new, over 2000 square metre A-Laituri business premises located in Raisio contain the largest in-door exhibition hall in Finland.<\/p>\n<p>Various models and sizes of pontoons and dock solutions are shown in the bright and capacious exhibition space. In our well-equipped department store a variety of supplies for the repair- and DIY-builder can also be found.<\/p>\n<p>We offer a full-range service from planning to manufacture and marina-solutions ranging from small swimming docks for your summer cottage to large boat marinas.<\/p>\n<h2>A-Laiturit emphasizes good service<\/h2>\n<p>For us reliability, quality, and good service are questions of principle and honour that we have always been renowned for. With our new factory we can provide an ever-increasing standard of service while our new exhibition facilities demonstrate even more ready-made dock solutions.<\/p>\n<p>Out of our versatile and comprehensive assortment of products, you can freely choose the items that best increase the comfort and safety for yourself and the members of your family.<\/p>\n<h2>A-Laiturit cares about the environment<\/h2>\n<p>In the construction and continuing operations of our new factory, we take great consideration of the environment and issues such as sustainability. We heat the spaces of our factory that need to be heated and solidify our dock concrete with ground heat. We drilled almost a kilometre into the rock in order to extract geothermal heat! Storage and assembly spaces are so-called cold space. Energy is also saved by the use of LED-lights and heat isolation that exceeds the norms.<\/p>\n<p><strong>Welcome to our new exhibition premises and factory store is Raisio &#8211; let&#8217;s design the best place to be in summer together!<\/strong><\/p>\n\t\n\n","protected":false},"excerpt":{"rendered":"<p>The largest department store for floating docks and marinas in Finland Store open: Mon-Fri 8-17 Item pick-ups can be scheduled for other hours as well Address: Voudinkatu 39, 21200 Raisio The new, over 2000 square metre A-Laituri business premises located in Raisio contain the largest in-door exhibition hall in Finland. Various models and sizes of [&hellip;]<\/p>\n","protected":false},"author":1,"featured_media":0,"parent":0,"menu_order":0,"comment_status":"closed","ping_status":"closed","template":"","meta":{"_acf_changed":false,"footnotes":""},"class_list":["post-5418","page","type-page","status-publish","hentry"],"acf":[],"yoast_head":"<title>The largest department store for floating docks and marinas in Finland - A-Laiturit<\/title>\n<meta name=\"description\" content=\"Various models and sizes of pontoons and dock solutions are shown in out exhibition space. You can also find a variety of dock equipment.\" \/>\n<meta name=\"robots\" content=\"index, follow, max-snippet:-1, max-image-preview:large, max-video-preview:-1\" \/>\n<link rel=\"canonical\" href=\"https:\/\/www.a-laiturit.fi\/en\/store\/\" \/>\n<meta property=\"og:locale\" content=\"en_US\" \/>\n<meta property=\"og:type\" content=\"article\" \/>\n<meta property=\"og:title\" content=\"The largest department store for floating docks and marinas in Finland - A-Laiturit\" \/>\n<meta property=\"og:description\" content=\"Various models and sizes of pontoons and dock solutions are shown in out exhibition space. You can also find a variety of dock equipment.\" \/>\n<meta property=\"og:url\" content=\"https:\/\/www.a-laiturit.fi\/en\/store\/\" \/>\n<meta property=\"og:site_name\" content=\"A-Laiturit\" \/>\n<meta property=\"article:publisher\" content=\"https:\/\/www.facebook.com\/alaiturit\/\" \/>\n<meta property=\"article:modified_time\" content=\"2024-05-02T06:02:13+00:00\" \/>\n<meta property=\"og:image\" content=\"https:\/\/www.a-laiturit.fi\/wp-content\/uploads\/2018\/10\/alaiturit_myymala.jpg\" \/>\n<meta name=\"twitter:label1\" content=\"Est. reading time\" \/>\n\t<meta name=\"twitter:data1\" content=\"2 minutes\" \/>\n<script type=\"application\/ld+json\" class=\"yoast-schema-graph\">{\"@context\":\"https:\\\/\\\/schema.org\",\"@graph\":[{\"@type\":\"WebPage\",\"@id\":\"https:\\\/\\\/www.a-laiturit.fi\\\/en\\\/store\\\/\",\"url\":\"https:\\\/\\\/www.a-laiturit.fi\\\/en\\\/store\\\/\",\"name\":\"The largest department store for floating docks and marinas in Finland - A-Laiturit\",\"isPartOf\":{\"@id\":\"https:\\\/\\\/www.a-laiturit.fi\\\/en\\\/#website\"},\"primaryImageOfPage\":{\"@id\":\"https:\\\/\\\/www.a-laiturit.fi\\\/en\\\/store\\\/#primaryimage\"},\"image\":{\"@id\":\"https:\\\/\\\/www.a-laiturit.fi\\\/en\\\/store\\\/#primaryimage\"},\"thumbnailUrl\":\"https:\\\/\\\/www.a-laiturit.fi\\\/wp-content\\\/uploads\\\/2018\\\/10\\\/alaiturit_myymala.jpg\",\"datePublished\":\"2018-09-19T14:54:07+00:00\",\"dateModified\":\"2024-05-02T06:02:13+00:00\",\"description\":\"Various models and sizes of pontoons and dock solutions are shown in out exhibition space. You can also find a variety of dock equipment.\",\"breadcrumb\":{\"@id\":\"https:\\\/\\\/www.a-laiturit.fi\\\/en\\\/store\\\/#breadcrumb\"},\"inLanguage\":\"en-US\",\"potentialAction\":[{\"@type\":\"ReadAction\",\"target\":[\"https:\\\/\\\/www.a-laiturit.fi\\\/en\\\/store\\\/\"]}]},{\"@type\":\"ImageObject\",\"inLanguage\":\"en-US\",\"@id\":\"https:\\\/\\\/www.a-laiturit.fi\\\/en\\\/store\\\/#primaryimage\",\"url\":\"https:\\\/\\\/www.a-laiturit.fi\\\/wp-content\\\/uploads\\\/2018\\\/10\\\/alaiturit_myymala.jpg\",\"contentUrl\":\"https:\\\/\\\/www.a-laiturit.fi\\\/wp-content\\\/uploads\\\/2018\\\/10\\\/alaiturit_myymala.jpg\"},{\"@type\":\"BreadcrumbList\",\"@id\":\"https:\\\/\\\/www.a-laiturit.fi\\\/en\\\/store\\\/#breadcrumb\",\"itemListElement\":[{\"@type\":\"ListItem\",\"position\":1,\"name\":\"Home\",\"item\":\"https:\\\/\\\/www.a-laiturit.fi\\\/en\\\/\"},{\"@type\":\"ListItem\",\"position\":2,\"name\":\"Store\"}]},{\"@type\":\"WebSite\",\"@id\":\"https:\\\/\\\/www.a-laiturit.fi\\\/en\\\/#website\",\"url\":\"https:\\\/\\\/www.a-laiturit.fi\\\/en\\\/\",\"name\":\"A-Laiturit\",\"description\":\"Me A-Laitureissa suunnittelemme ja toteutamme juuri Sinun tarpeisiisi ja rantaasi sopivan laiturin, joka kest\u00e4\u00e4. Vuosikymmenten kokemuksella voimme sanoa: &quot;Me osaamme laiturit!&quot;\",\"publisher\":{\"@id\":\"https:\\\/\\\/www.a-laiturit.fi\\\/en\\\/#organization\"},\"potentialAction\":[{\"@type\":\"SearchAction\",\"target\":{\"@type\":\"EntryPoint\",\"urlTemplate\":\"https:\\\/\\\/www.a-laiturit.fi\\\/en\\\/?s={search_term_string}\"},\"query-input\":{\"@type\":\"PropertyValueSpecification\",\"valueRequired\":true,\"valueName\":\"search_term_string\"}}],\"inLanguage\":\"en-US\"},{\"@type\":\"Organization\",\"@id\":\"https:\\\/\\\/www.a-laiturit.fi\\\/en\\\/#organization\",\"name\":\"A-laiturit Oy\",\"url\":\"https:\\\/\\\/www.a-laiturit.fi\\\/en\\\/\",\"logo\":{\"@type\":\"ImageObject\",\"inLanguage\":\"en-US\",\"@id\":\"https:\\\/\\\/www.a-laiturit.fi\\\/en\\\/#\\\/schema\\\/logo\\\/image\\\/\",\"url\":\"https:\\\/\\\/www.a-laiturit.fi\\\/wp-content\\\/uploads\\\/2018\\\/10\\\/alaiturit_vari_favicon.png\",\"contentUrl\":\"https:\\\/\\\/www.a-laiturit.fi\\\/wp-content\\\/uploads\\\/2018\\\/10\\\/alaiturit_vari_favicon.png\",\"width\":512,\"height\":512,\"caption\":\"A-laiturit Oy\"},\"image\":{\"@id\":\"https:\\\/\\\/www.a-laiturit.fi\\\/en\\\/#\\\/schema\\\/logo\\\/image\\\/\"},\"sameAs\":[\"https:\\\/\\\/www.facebook.com\\\/alaiturit\\\/\",\"https:\\\/\\\/www.youtube.com\\\/channel\\\/UCPCnVbx3R7RICl-bGS91dEA\"]}]}<\/script>","yoast_head_json":{"title":"The largest department store for floating docks and marinas in Finland - A-Laiturit","description":"Various models and sizes of pontoons and dock solutions are shown in out exhibition space. You can also find a variety of dock equipment.","robots":{"index":"index","follow":"follow","max-snippet":"max-snippet:-1","max-image-preview":"max-image-preview:large","max-video-preview":"max-video-preview:-1"},"canonical":"https:\/\/www.a-laiturit.fi\/en\/store\/","og_locale":"en_US","og_type":"article","og_title":"The largest department store for floating docks and marinas in Finland - A-Laiturit","og_description":"Various models and sizes of pontoons and dock solutions are shown in out exhibition space. You can also find a variety of dock equipment.","og_url":"https:\/\/www.a-laiturit.fi\/en\/store\/","og_site_name":"A-Laiturit","article_publisher":"https:\/\/www.facebook.com\/alaiturit\/","article_modified_time":"2024-05-02T06:02:13+00:00","og_image":[{"url":"https:\/\/www.a-laiturit.fi\/wp-content\/uploads\/2018\/10\/alaiturit_myymala.jpg","type":"","width":"","height":""}],"twitter_misc":{"Est. reading time":"2 minutes"},"schema":{"@context":"https:\/\/schema.org","@graph":[{"@type":"WebPage","@id":"https:\/\/www.a-laiturit.fi\/en\/store\/","url":"https:\/\/www.a-laiturit.fi\/en\/store\/","name":"The largest department store for floating docks and marinas in Finland - A-Laiturit","isPartOf":{"@id":"https:\/\/www.a-laiturit.fi\/en\/#website"},"primaryImageOfPage":{"@id":"https:\/\/www.a-laiturit.fi\/en\/store\/#primaryimage"},"image":{"@id":"https:\/\/www.a-laiturit.fi\/en\/store\/#primaryimage"},"thumbnailUrl":"https:\/\/www.a-laiturit.fi\/wp-content\/uploads\/2018\/10\/alaiturit_myymala.jpg","datePublished":"2018-09-19T14:54:07+00:00","dateModified":"2024-05-02T06:02:13+00:00","description":"Various models and sizes of pontoons and dock solutions are shown in out exhibition space. You can also find a variety of dock equipment.","breadcrumb":{"@id":"https:\/\/www.a-laiturit.fi\/en\/store\/#breadcrumb"},"inLanguage":"en-US","potentialAction":[{"@type":"ReadAction","target":["https:\/\/www.a-laiturit.fi\/en\/store\/"]}]},{"@type":"ImageObject","inLanguage":"en-US","@id":"https:\/\/www.a-laiturit.fi\/en\/store\/#primaryimage","url":"https:\/\/www.a-laiturit.fi\/wp-content\/uploads\/2018\/10\/alaiturit_myymala.jpg","contentUrl":"https:\/\/www.a-laiturit.fi\/wp-content\/uploads\/2018\/10\/alaiturit_myymala.jpg"},{"@type":"BreadcrumbList","@id":"https:\/\/www.a-laiturit.fi\/en\/store\/#breadcrumb","itemListElement":[{"@type":"ListItem","position":1,"name":"Home","item":"https:\/\/www.a-laiturit.fi\/en\/"},{"@type":"ListItem","position":2,"name":"Store"}]},{"@type":"WebSite","@id":"https:\/\/www.a-laiturit.fi\/en\/#website","url":"https:\/\/www.a-laiturit.fi\/en\/","name":"A-Laiturit","description":"Me A-Laitureissa suunnittelemme ja toteutamme juuri Sinun tarpeisiisi ja rantaasi sopivan laiturin, joka kest\u00e4\u00e4. Vuosikymmenten kokemuksella voimme sanoa: &quot;Me osaamme laiturit!&quot;","publisher":{"@id":"https:\/\/www.a-laiturit.fi\/en\/#organization"},"potentialAction":[{"@type":"SearchAction","target":{"@type":"EntryPoint","urlTemplate":"https:\/\/www.a-laiturit.fi\/en\/?s={search_term_string}"},"query-input":{"@type":"PropertyValueSpecification","valueRequired":true,"valueName":"search_term_string"}}],"inLanguage":"en-US"},{"@type":"Organization","@id":"https:\/\/www.a-laiturit.fi\/en\/#organization","name":"A-laiturit Oy","url":"https:\/\/www.a-laiturit.fi\/en\/","logo":{"@type":"ImageObject","inLanguage":"en-US","@id":"https:\/\/www.a-laiturit.fi\/en\/#\/schema\/logo\/image\/","url":"https:\/\/www.a-laiturit.fi\/wp-content\/uploads\/2018\/10\/alaiturit_vari_favicon.png","contentUrl":"https:\/\/www.a-laiturit.fi\/wp-content\/uploads\/2018\/10\/alaiturit_vari_favicon.png","width":512,"height":512,"caption":"A-laiturit Oy"},"image":{"@id":"https:\/\/www.a-laiturit.fi\/en\/#\/schema\/logo\/image\/"},"sameAs":["https:\/\/www.facebook.com\/alaiturit\/","https:\/\/www.youtube.com\/channel\/UCPCnVbx3R7RICl-bGS91dEA"]}]}},"_links":{"self":[{"href":"https:\/\/www.a-laiturit.fi\/en\/wp-json\/wp\/v2\/pages\/5418","targetHints":{"allow":["GET"]}}],"collection":[{"href":"https:\/\/www.a-laiturit.fi\/en\/wp-json\/wp\/v2\/pages"}],"about":[{"href":"https:\/\/www.a-laiturit.fi\/en\/wp-json\/wp\/v2\/types\/page"}],"author":[{"embeddable":true,"href":"https:\/\/www.a-laiturit.fi\/en\/wp-json\/wp\/v2\/users\/1"}],"replies":[{"embeddable":true,"href":"https:\/\/www.a-laiturit.fi\/en\/wp-json\/wp\/v2\/comments?post=5418"}],"version-history":[{"count":13,"href":"https:\/\/www.a-laiturit.fi\/en\/wp-json\/wp\/v2\/pages\/5418\/revisions"}],"predecessor-version":[{"id":12674,"href":"https:\/\/www.a-laiturit.fi\/en\/wp-json\/wp\/v2\/pages\/5418\/revisions\/12674"}],"wp:attachment":[{"href":"https:\/\/www.a-laiturit.fi\/en\/wp-json\/wp\/v2\/media?parent=5418"}],"curies":[{"name":"wp","href":"https:\/\/api.w.org\/{rel}","templated":true}]}}